{"id":835,"date":"2014-08-05T22:39:54","date_gmt":"2014-08-05T20:39:54","guid":{"rendered":"http:\/\/orl-chu-caen.fr\/?page_id=835"},"modified":"2023-11-03T13:01:04","modified_gmt":"2023-11-03T11:01:04","slug":"medecins","status":"publish","type":"page","link":"https:\/\/orl-chu-caen.fr\/?page_id=835","title":{"rendered":"LES MEDECINS"},"content":{"rendered":"<p>[heading style=\u00a0\u00bb1&Prime; size=\u00a0\u00bbMedium\u00a0\u00bb align=\u00a0\u00bbleft\u00a0\u00bb]PRATICIENS HOSPITALIERS[\/heading]<\/p>\n<h4><a href=\"https:\/\/orl-chu-caen.fr\/?staff=pr-emmanuel-babin\">Pr. Emmanuel BABIN<\/a><\/h4>\n<h4><a href=\"https:\/\/orl-chu-caen.fr\/?staff=dr-martin-hitier\">Pr. Martin HITIER<\/a><\/h4>\n<h4><a href=\"https:\/\/orl-chu-caen.fr\/?staff=pr-sylvain-moreau\">Pr. Sylvain MOREAU<\/a><\/h4>\n<h4><a href=\"https:\/\/orl-chu-caen.fr\/?staff=dr-vianney-bastit\">Dr. Vianney BASTIT<\/a><\/h4>\n<h4><a href=\"https:\/\/orl-chu-caen.fr\/?staff=dr-stephane-besnard\">Dr. St\u00e9phane BESNARD<\/a><\/h4>\n<h4><a href=\"https:\/\/orl-chu-caen.fr\/?staff=dr-jerome-bois\">Dr. J\u00e9r\u00f4me BOIS<\/a><\/h4>\n<h4><a href=\"https:\/\/orl-chu-caen.fr\/?staff=dr-maxime-humbert\">Dr. Maxime HUMBERT<\/a><\/h4>\n<h4><a href=\"https:\/\/orl-chu-caen.fr\/?staff=dr-emmanuel-micault\">Dr. Emmanuel MICAULT<\/a><\/h4>\n<h4><a href=\"https:\/\/orl-chu-caen.fr\/?staff=dr-marjorie-loaec\">Dr. Marjorie LOAEC<\/a><\/h4>\n<h4><a href=\"https:\/\/orl-chu-caen.fr\/?staff=dr-vincent-patron\">Dr. Vincent PATRON<\/a><\/h4>\n<h4><a href=\"https:\/\/orl-chu-caen.fr\/?staff=dr-laetitia-plisson\">Dr. Laetitia PLISSON<\/a><\/h4>\n<p>&nbsp;<\/p>\n<p>[heading style=\u00a0\u00bb1&Prime; size=\u00a0\u00bbMedium\u00a0\u00bb align=\u00a0\u00bbleft\u00a0\u00bb]CHEFS DE CLINIQUE-ASSISTANTS[\/heading]<\/p>\n<p>&nbsp;<\/p>\n<h4><a href=\"https:\/\/orl-chu-caen.fr\/?staff=dr-justin-dugue\">Dr. Justin DUGUE<\/a><\/h4>\n<h4><a href=\"https:\/\/orl-chu-caen.fr\/?staff=dr-agnes-oliviero\">Dr. Agn\u00e8s OLIVIERO<\/a><\/h4>\n<h4><a href=\"https:\/\/orl-chu-caen.fr\/?staff=dr-marion-perreard\">Dr. Marion PERREARD<\/a><\/h4>\n<p>&nbsp;<\/p>\n<p>[heading style=\u00a0\u00bb1&Prime; size=\u00a0\u00bbMedium\u00a0\u00bb align=\u00a0\u00bbleft\u00a0\u00bb]DOCTEUR JUNIOR[\/heading]<\/p>\n<h4><a href=\"https:\/\/orl-chu-caen.fr\/?staff=dr-marion-soubeyre\">Dr. Marion GANDON<\/a><\/h4>\n<h4><a href=\"https:\/\/orl-chu-caen.fr\/?staff=dr-baptiste-lamirand\">Dr. Baptiste LAMIRAND<\/a><\/h4>\n<p><span style=\"color: #ffffff;\">&nbsp;<\/span><\/p>\n<p>[heading style=\u00a0\u00bb1&Prime; size=\u00a0\u00bbMedium\u00a0\u00bb align=\u00a0\u00bbleft\u00a0\u00bb]PRATICIENS ATTACHES[\/heading]<\/p>\n<h4>Dr Carole PAQUOT-LEBRUN<\/h4>\n<h4>Dr Mich\u00e8le PERHIRIN<\/h4>\n<p>&nbsp;<\/p>\n<p>[heading style=\u00a0\u00bb1&Prime; size=\u00a0\u00bbMedium\u00a0\u00bb align=\u00a0\u00bbleft\u00a0\u00bb]INTERNES DE SPECIALITE[\/heading]<\/p>\n<h4><a href=\"https:\/\/orl-chu-caen.fr\/?staff=dr-nicolas-esnouf\">Dr. Nicolas ESNOUF<\/a><\/h4>\n<h4><a href=\"https:\/\/orl-chu-caen.fr\/?staff=dr-pierre-alexandre-moriot\">Dr. Pierre-Alexandre MORIO<\/a><\/h4>\n<h4><a href=\"https:\/\/orl-chu-caen.fr\/?staff=dr-muratcan-senol\">Dr. Murat-Can SENOL<\/a><\/h4>\n<h4><a href=\"https:\/\/orl-chu-caen.fr\/?staff=dr-benjamin-blanchard\">Dr. Benjamin BLANCHARD<\/a><\/h4>\n<h4><a href=\"https:\/\/orl-chu-caen.fr\/?staff=dr-lisa-baluta\">Dr. Lisa BALUTA<\/a><\/h4>\n<h4><a href=\"https:\/\/orl-chu-caen.fr\/?staff=dr-adrien-chenneviere\">Dr. Adrien CHENNEVIERE<\/a><\/h4>\n<h4>Dr. Louis VINCENT<\/h4>\n<h4>Dr. F\u00e9licie PERRIN<\/h4>\n<h4><a href=\"https:\/\/orl-chu-caen.fr\/?staff=dr-alexandre-boulay\">Dr. Alexandre BOULAY<\/a><\/h4>\n<h4>&nbsp;<\/h4>\n<h4>&nbsp;<\/h4>\n<p>&nbsp;<\/p>\n<h4>&nbsp;<\/h4>\n<h4>&nbsp;<\/h4>\n","protected":false},"excerpt":{"rendered":"<p>[heading style=\u00a0\u00bb1&Prime; size=\u00a0\u00bbMedium\u00a0\u00bb align=\u00a0\u00bbleft\u00a0\u00bb]PRATICIENS HOSPITALIERS[\/heading] Pr. Emmanuel BABIN Pr. Martin HITIER Pr. Sylvain MOREAU Dr. Vianney BASTIT Dr. St\u00e9phane BESNARD Dr. J\u00e9r\u00f4me BOIS Dr. Maxime HUMBERT Dr. Emmanuel MICAULT Dr. Marjorie LOAEC Dr. Vincent PATRON Dr. Laetitia PLISSON &nbsp; [heading style=\u00a0\u00bb1&Prime; size=\u00a0\u00bbMedium\u00a0\u00bb align=\u00a0\u00bbleft\u00a0\u00bb]CHEFS DE CLINIQUE-ASSISTANTS[\/heading] &nbsp; Dr. Justin DUGUE Dr. Agn\u00e8s OLIVIERO Dr. Marion PERREARD [&hellip;]<\/p>\n","protected":false},"author":1,"featured_media":0,"parent":245,"menu_order":0,"comment_status":"closed","ping_status":"open","template":"","meta":{"_et_pb_use_builder":"","_et_pb_old_content":"","_et_gb_content_width":"","ngg_post_thumbnail":0,"footnotes":""},"aioseo_notices":[],"_links":{"self":[{"href":"https:\/\/orl-chu-caen.fr\/index.php?rest_route=\/wp\/v2\/pages\/835"}],"collection":[{"href":"https:\/\/orl-chu-caen.fr\/index.php?rest_route=\/wp\/v2\/pages"}],"about":[{"href":"https:\/\/orl-chu-caen.fr\/index.php?rest_route=\/wp\/v2\/types\/page"}],"author":[{"embeddable":true,"href":"https:\/\/orl-chu-caen.fr\/index.php?rest_route=\/wp\/v2\/users\/1"}],"replies":[{"embeddable":true,"href":"https:\/\/orl-chu-caen.fr\/index.php?rest_route=%2Fwp%2Fv2%2Fcomments&post=835"}],"version-history":[{"count":89,"href":"https:\/\/orl-chu-caen.fr\/index.php?rest_route=\/wp\/v2\/pages\/835\/revisions"}],"predecessor-version":[{"id":4303,"href":"https:\/\/orl-chu-caen.fr\/index.php?rest_route=\/wp\/v2\/pages\/835\/revisions\/4303"}],"up":[{"embeddable":true,"href":"https:\/\/orl-chu-caen.fr\/index.php?rest_route=\/wp\/v2\/pages\/245"}],"wp:attachment":[{"href":"https:\/\/orl-chu-caen.fr\/index.php?rest_route=%2Fwp%2Fv2%2Fmedia&parent=835"}],"curies":[{"name":"wp","href":"https:\/\/api.w.org\/{rel}","templated":true}]}}