{"id":775,"date":"2014-08-03T21:09:15","date_gmt":"2014-08-03T19:09:15","guid":{"rendered":"http:\/\/orl-chu-caen.fr\/?page_id=775"},"modified":"2024-08-18T21:33:14","modified_gmt":"2024-08-18T19:33:14","slug":"cancers-cutanes-et-chirurgie-reparatrice-des-cancers","status":"publish","type":"page","link":"https:\/\/orl-chu-caen.fr\/?page_id=775","title":{"rendered":"Cancers Cutan\u00e9s et Chirurgie R\u00e9paratrice des Cancers"},"content":{"rendered":"<p>[et_pb_section fb_built=\u00a0\u00bb1&Prime; fullwidth=\u00a0\u00bbon\u00a0\u00bb _builder_version=\u00a0\u00bb4.24.2&Prime; _module_preset=\u00a0\u00bbdefault\u00a0\u00bb global_colors_info=\u00a0\u00bb{}\u00a0\u00bb][et_pb_fullwidth_header title=\u00a0\u00bbCancers Cutan\u00e9s et Chirurgie R\u00e9paratrice de la Face\u00a0\u00bb text_orientation=\u00a0\u00bbcenter\u00a0\u00bb _builder_version=\u00a0\u00bb4.24.2&Prime; _module_preset=\u00a0\u00bbdefault\u00a0\u00bb title_font=\u00a0\u00bbAbel||||||||\u00a0\u00bb title_font_size=\u00a0\u00bb45px\u00a0\u00bb background_color=\u00a0\u00bb#17547a\u00a0\u00bb global_colors_info=\u00a0\u00bb{}\u00a0\u00bb]<\/p>\n<h2 style=\"text-align: center;\">Chirurgie Cervico-Faciale et Canc\u00e9rologique<\/h2>\n<p>[\/et_pb_fullwidth_header][\/et_pb_section][et_pb_section fb_built=\u00a0\u00bb1&Prime; fullwidth=\u00a0\u00bbon\u00a0\u00bb _builder_version=\u00a0\u00bb4.24.2&Prime; _module_preset=\u00a0\u00bbdefault\u00a0\u00bb global_colors_info=\u00a0\u00bb{}\u00a0\u00bb][et_pb_fullwidth_image src=\u00a0\u00bbhttps:\/\/orl-chu-caen.fr\/wp-content\/uploads\/2024\/04\/IMG_1629A.jpg\u00a0\u00bb title_text=\u00a0\u00bbIMG_1629A\u00a0\u00bb _builder_version=\u00a0\u00bb4.24.2&Prime; _module_preset=\u00a0\u00bbdefault\u00a0\u00bb global_colors_info=\u00a0\u00bb{}\u00a0\u00bb][\/et_pb_fullwidth_image][\/et_pb_section][et_pb_section fb_built=\u00a0\u00bb1&Prime; admin_label=\u00a0\u00bbsection\u00a0\u00bb _builder_version=\u00a0\u00bb4.16&Prime; global_colors_info=\u00a0\u00bb{}\u00a0\u00bb][et_pb_row admin_label=\u00a0\u00bbrow\u00a0\u00bb _builder_version=\u00a0\u00bb4.16&Prime; background_size=\u00a0\u00bbinitial\u00a0\u00bb background_position=\u00a0\u00bbtop_left\u00a0\u00bb background_repeat=\u00a0\u00bbrepeat\u00a0\u00bb global_colors_info=\u00a0\u00bb{}\u00a0\u00bb][et_pb_column type=\u00a0\u00bb4_4&Prime; _builder_version=\u00a0\u00bb4.16&Prime; custom_padding=\u00a0\u00bb|||\u00a0\u00bb global_colors_info=\u00a0\u00bb{}\u00a0\u00bb custom_padding__hover=\u00a0\u00bb|||\u00a0\u00bb][et_pb_text admin_label=\u00a0\u00bbText\u00a0\u00bb _builder_version=\u00a0\u00bb4.16&Prime; background_size=\u00a0\u00bbinitial\u00a0\u00bb background_position=\u00a0\u00bbtop_left\u00a0\u00bb background_repeat=\u00a0\u00bbrepeat\u00a0\u00bb global_colors_info=\u00a0\u00bb{}\u00a0\u00bb]<\/p>\n<p style=\"text-align: justify;\">Toutes les tumeurs cutan\u00e9es de la face et du cou, quel que soit leur stade et leur type histologique, peuvent \u00eatre prises en charge au sein du Service ORL. Certaines formes plus particuli\u00e8rement agressives selon le type histologique, le stade ou la localisation sont pr\u00e9f\u00e9rentiellement prisent en charge :<\/p>\n<p style=\"text-align: justify;\"><span style=\"color: #ffffff;\">.<\/span><\/p>\n<p style=\"text-align: justify;\">\u2022 Carcinomes basocellulaires (CBC) scl\u00e9rodermiformes ou r\u00e9cidivants et\/ou en terrain irradi\u00e9<br \/>\u2022 Carcinomes \u00e9pidermo\u00efdes cutan\u00e9s (CEC) \u00e0 potentiel m\u00e9tastatique ganglionnaire identifi\u00e9<br \/>\u2022 Carcinomes annexiels<br \/>\u2022 M\u00e9lanomes malins cutan\u00e9s (MMC)<br \/>\u2022 Les carcinomes neuroendocrines cutan\u00e9s (tumeurs de Merkel)<br \/>\u2022 Les sarcomes cutan\u00e9s<br \/>\u2022 Les dermato fibrosarcomes de Darier-Ferrand<br \/>\u2022 Localisations p\u00e9riorificielles (l\u00e8vres, bouche, narines, conduit auditif externe\u2026)<br \/>\u2022 Localisations \u00e0 risque ganglionnaire \u00e9lev\u00e9 (front, scalp, oreille externe\u2026)<br \/>\u2022 Toutes les formes qui vont n\u00e9cessiter une r\u00e9paration complexe, soit de par leur localisation p\u00e9riorificielle (oreille, nez, l\u00e8vres\u2026), soit pour les formes avanc\u00e9es o\u00f9 une ex\u00e9r\u00e8se cutan\u00e9e \u00e9tendue va \u00eatre n\u00e9cessaire ou bien encore dans les cas de r\u00e9cidive tumorale apr\u00e8s chirurgie ou radioth\u00e9rapie.<\/p>\n<p style=\"text-align: justify;\"><span style=\"color: #ffffff;\">.<\/span><\/p>\n<p>La grande majorit\u00e9 des cancers cutan\u00e9s de la Face et du Cou \u00e0 tous les stades de la maladie peut \u00eatre trait\u00e9e par la chirurgie:<\/p>\n<p style=\"text-align: justify;\"><span style=\"color: #ffffff;\">.<\/span><br \/>\u2022 Chirurgie de la tumeur cutan\u00e9e initiale, en premi\u00e8re intention ou en cas de r\u00e9cidive.<br \/>\u2022 R\u00e9alisation d\u2019un examen histopathologique pendant l\u2019intervention (extemporan\u00e9) et apr\u00e8s l\u2019intervention (d\u00e9finitif)<br \/>\u2022 Chirurgie compl\u00e9mentaire ganglionnaire sp\u00e9cifique selon les cas, gr\u00e2ce \u00e0 la technique de recherche du ganglion sentinelle ou la r\u00e9alisation de curages ganglionnaires adapt\u00e9s.<br \/>\u2022 Chirurgie r\u00e9paratrice simple et complexe par l\u2019utilisation de greffe tissulaire (peau, cartilage) ou d\u2019une grande vari\u00e9t\u00e9 de lambeaux cutan\u00e9s locaux (\u00e0 proximit\u00e9 de la perte de substance) ou de lambeaux \u00e0 distance (lambeau p\u00e9dicul\u00e9) ou enfin pr\u00e9lev\u00e9 \u00e0 distance et revascularis\u00e9 par des micro-anastomoses vasculaires (lambeaux libres).<\/p>\n<p><span style=\"color: #ffffff;\">.<\/span><\/p>\n<p>Dans certains cas, des traitements non chirurgicaux peuvent \u00eatre indiqu\u00e9s :<\/p>\n<p style=\"text-align: justify;\"><span style=\"color: #ffffff;\">.<\/span><br \/>\u2022 La radioth\u00e9rapie externe, le plus souvent compl\u00e9mentaire apr\u00e8s la chirurgie pour certaines tumeurs agressives.<br \/>\u2022 La curieth\u00e9rapie interstitielle de haut d\u00e9bit, exclusive, pour certaines localisations anatomiques comme les l\u00e8vres.<br \/>\u2022 La contacth\u00e9rapie ou radioth\u00e9rapie localis\u00e9e au contact de petites tumeurs, propos\u00e9e en traitement exclusif de certains carcinomes basocellulaires superficiels (paupi\u00e8res).<br \/>\u2022 Un traitement m\u00e9dicamenteux g\u00e9n\u00e9ral (chimioth\u00e9rapie, immunoth\u00e9rapie) dans certains cas de tumeurs plus agressives.<\/p>\n<p><span style=\"color: #ffffff;\">.<\/span><\/p>\n<p style=\"text-align: justify;\">Une \u00e9quipe multidisciplinaire prend en charge le diagnostic et le traitement. Cette \u00e9quipe participe de mani\u00e8re hebdomadaire au Comit\u00e9 de Concertation Pluridisciplinaire r\u00e9gional d\u2019Oncologie Dermatologique regroupant les sp\u00e9cialistes du CHU de CAEN et du CLCC Fran\u00e7ois Baclesse.<\/p>\n<h2><span style=\"color: #ffffff;\">.<\/span><br \/>Chirurgiens du Service ORL<\/h2>\n<p>&nbsp;<\/p>\n<p><a href=\"https:\/\/orl-chu-caen.fr\/?page_id=4580\">Dr Vincent PATRON<\/a><\/p>\n<p><a href=\"https:\/\/orl-chu-caen.fr\/?page_id=4614\">Dr Vianney BASTIT<\/a><\/p>\n<p><a href=\"https:\/\/orl-chu-caen.fr\/?page_id=4596\">Dr Emmanuel MICAULT<\/a><\/p>\n<p><a href=\"https:\/\/orl-chu-caen.fr\/?page_id=4588\">Dr Maxime HUMBERT<\/a><\/p>\n<p><a href=\"https:\/\/orl-chu-caen.fr\/?page_id=4584\">Dr Marjorie LOAEC<\/a><\/p>\n<p><a href=\"https:\/\/orl-chu-caen.fr\/?staff=dr-jerome-bois\"><\/a><\/p>\n<p><span style=\"color: #ffffff;\">.<\/span><br \/>L\u2019\u00e9quipe M\u00e9dicale du Service de Dermatologie du Pr DOMPMARTIN, de M\u00e9decine Nucl\u00e9aire du Pr AGOSTINI, et de Radioth\u00e9rapie du CLCC Fran\u00e7ois BACLESSE (Pr THARIAT), l\u2019\u00e9quipe d\u2019anatomo-pathologie du Pr BAZILLE.<\/p>\n<p>&nbsp;<\/p>\n<p>&nbsp;<\/p>\n<p>&nbsp;<\/p>\n<p>[\/et_pb_text][\/et_pb_column][\/et_pb_row][\/et_pb_section][et_pb_section fb_built=\u00a0\u00bb1&Prime; fullwidth=\u00a0\u00bbon\u00a0\u00bb _builder_version=\u00a0\u00bb4.24.2&Prime; _module_preset=\u00a0\u00bbdefault\u00a0\u00bb global_colors_info=\u00a0\u00bb{}\u00a0\u00bb][et_pb_fullwidth_menu _builder_version=\u00a0\u00bb4.24.2&Prime; _module_preset=\u00a0\u00bbdefault\u00a0\u00bb global_colors_info=\u00a0\u00bb{}\u00a0\u00bb][\/et_pb_fullwidth_menu][\/et_pb_section]<\/p>\n","protected":false},"excerpt":{"rendered":"<p>Chirurgie Cervico-Faciale et Canc\u00e9rologiqueToutes les tumeurs cutan\u00e9es de la face et du cou, quel que soit leur stade et leur type histologique, peuvent \u00eatre prises en charge au sein du Service ORL. Certaines formes plus particuli\u00e8rement agressives selon le type histologique, le stade ou la localisation sont pr\u00e9f\u00e9rentiellement prisent en charge : . \u2022 Carcinomes [&hellip;]<\/p>\n","protected":false},"author":1,"featured_media":0,"parent":729,"menu_order":0,"comment_status":"closed","ping_status":"open","template":"","meta":{"_et_pb_use_builder":"on","_et_pb_old_content":"[ngg_images source=\"galleries\" container_ids=\"11\" display_type=\"photocrati-nextgen_basic_slideshow\" gallery_width=\"1400\" gallery_height=\"400\" cycle_effect=\"fade\" cycle_interval=\"10\" show_thumbnail_link=\"0\" thumbnail_link_text=\"[Montrer sous forme de vignettes]\" order_by=\"sortorder\" order_direction=\"ASC\" returns=\"included\" maximum_entity_count=\"500\"]&nbsp;\r\n\r\n<span style=\"color: #ffffff;\">;\r\n<\/span>\r\n\r\n[heading style=\"1\" size=\"Medium\" align=\"left\"]Pr\u00e9sentation[\/heading]\r\n<p style=\"text-align: justify;\">Toutes les tumeurs cutan\u00e9es de la face et du cou, quel que soit leur stade et leur type histologique, peuvent \u00eatre prises en charge au sein du Service ORL. Certaines formes plus particuli\u00e8rement agressives selon le type histologique, le stade ou la localisation sont pr\u00e9f\u00e9rentiellement prisent en charge :<\/p>\r\n<p style=\"text-align: justify;\"><span style=\"color: #ffffff;\">.<\/span><\/p>\r\n<p style=\"text-align: justify;\">\u2022 Carcinomes basocellulaires (CBC) scl\u00e9rodermiformes ou r\u00e9cidivants et\/ou en terrain irradi\u00e9\r\n\u2022 Carcinomes \u00e9pidermo\u00efdes cutan\u00e9s (CEC) \u00e0 potentiel m\u00e9tastatique ganglionnaire identifi\u00e9\r\n\u2022 Carcinomes annexiels\r\n\u2022 M\u00e9lanomes malins cutan\u00e9s (MMC)\r\n\u2022 Les carcinomes neuroendocrines cutan\u00e9s (tumeurs de Merkel)\r\n\u2022 Les sarcomes cutan\u00e9s\r\n\u2022 Les dermato fibrosarcomes de Darier-Ferrand\r\n\u2022 Localisations p\u00e9riorificielles (l\u00e8vres, bouche, narines, conduit auditif externe\u2026)\r\n\u2022 Localisations \u00e0 risque ganglionnaire \u00e9lev\u00e9 (front, scalp, oreille externe\u2026)\r\n\u2022 Toutes les formes qui vont n\u00e9cessiter une r\u00e9paration complexe, soit de par leur localisation p\u00e9riorificielle (oreille, nez, l\u00e8vres\u2026), soit pour les formes avanc\u00e9es o\u00f9 une ex\u00e9r\u00e8se cutan\u00e9e \u00e9tendue va \u00eatre n\u00e9cessaire ou bien encore dans les cas de r\u00e9cidive tumorale apr\u00e8s chirurgie ou radioth\u00e9rapie.<\/p>\r\n<p style=\"text-align: justify;\"><span style=\"color: #ffffff;\">.<\/span><\/p>\r\nLa grande majorit\u00e9 des cancers cutan\u00e9s de la Face et du Cou \u00e0 tous les stades de la maladie peut \u00eatre trait\u00e9e par la chirurgie:\r\n<p style=\"text-align: justify;\"><span style=\"color: #ffffff;\">.<\/span>\r\n\u2022 Chirurgie de la tumeur cutan\u00e9e initiale, en premi\u00e8re intention ou en cas de r\u00e9cidive.\r\n\u2022 R\u00e9alisation d\u2019un examen histopathologique pendant l\u2019intervention (extemporan\u00e9) et apr\u00e8s l\u2019intervention (d\u00e9finitif)\r\n\u2022 Chirurgie compl\u00e9mentaire ganglionnaire sp\u00e9cifique selon les cas, gr\u00e2ce \u00e0 la technique de recherche du ganglion sentinelle ou la r\u00e9alisation de curages ganglionnaires adapt\u00e9s.\r\n\u2022 Chirurgie r\u00e9paratrice simple et complexe par l\u2019utilisation de greffe tissulaire (peau, cartilage) ou d\u2019une grande vari\u00e9t\u00e9 de lambeaux cutan\u00e9s locaux (\u00e0 proximit\u00e9 de la perte de substance) ou de lambeaux \u00e0 distance (lambeau p\u00e9dicul\u00e9) ou enfin pr\u00e9lev\u00e9 \u00e0 distance et revascularis\u00e9 par des micro-anastomoses vasculaires (lambeaux libres).<\/p>\r\n<span style=\"color: #ffffff;\">.<\/span>\r\n\r\nDans certains cas, des traitements non chirurgicaux peuvent \u00eatre indiqu\u00e9s :\r\n<p style=\"text-align: justify;\"><span style=\"color: #ffffff;\">.<\/span>\r\n\u2022 La radioth\u00e9rapie externe, le plus souvent compl\u00e9mentaire apr\u00e8s la chirurgie pour certaines tumeurs agressives.\r\n\u2022 La curieth\u00e9rapie interstitielle de haut d\u00e9bit, exclusive, pour certaines localisations anatomiques comme les l\u00e8vres.\r\n\u2022 La contacth\u00e9rapie ou radioth\u00e9rapie localis\u00e9e au contact de petites tumeurs, propos\u00e9e en traitement exclusif de certains carcinomes basocellulaires superficiels (paupi\u00e8res).\r\n\u2022 Un traitement m\u00e9dicamenteux g\u00e9n\u00e9ral (chimioth\u00e9rapie, immunoth\u00e9rapie) dans certains cas de tumeurs plus agressives.<\/p>\r\n<span style=\"color: #ffffff;\">.<\/span>\r\n\r\n[heading style=\"1\" size=\"Medium\" align=\"left\"]L'\u00e9quipe m\u00e9dicale[\/heading]\r\n<p style=\"text-align: justify;\">Une \u00e9quipe multidisciplinaire prend en charge le diagnostic et le traitement. Cette \u00e9quipe participe de mani\u00e8re hebdomadaire au Comit\u00e9 de Concertation Pluridisciplinaire r\u00e9gional d\u2019Oncologie Dermatologique regroupant les sp\u00e9cialistes du CHU de CAEN et du CLCC Fran\u00e7ois Baclesse.<\/p>\r\n\r\n<h2><span style=\"color: #ffffff;\">.<\/span>\r\nChirurgiens du Service ORL<\/h2>\r\n<a href=\"http:\/\/orl-chu-caen.fr\/?staff=dr-vincent-patron\">Dr Vincent PATRON<\/a>\r\n<a href=\"http:\/\/orl-chu-caen.fr\/?staff=dr-marjorie-loaec\">Dr Marjorie LOAEC<\/a>\r\n\r\n<a href=\"http:\/\/orl-chu-caen.fr\/?staff=dr-jerome-bois\">Dr. J\u00e9rome BOIS<\/a>\r\n\r\n<span style=\"color: #ffffff;\">.<\/span>\r\nL\u2019\u00e9quipe M\u00e9dicale du Service de Dermatologie du Pr DOMPMARTIN, de M\u00e9decine Nucl\u00e9aire du Pr AGOSTINI, et de Radioth\u00e9rapie du CLCC Fran\u00e7ois BACLESSE (Pr THARIAT), l\u2019\u00e9quipe d\u2019anatomo-pathologie du Pr BIBEAU.\r\n\r\n&nbsp;\r\n\r\n&nbsp;\r\n\r\n&nbsp;","_et_gb_content_width":"","ngg_post_thumbnail":0,"footnotes":""},"aioseo_notices":[],"_links":{"self":[{"href":"https:\/\/orl-chu-caen.fr\/index.php?rest_route=\/wp\/v2\/pages\/775"}],"collection":[{"href":"https:\/\/orl-chu-caen.fr\/index.php?rest_route=\/wp\/v2\/pages"}],"about":[{"href":"https:\/\/orl-chu-caen.fr\/index.php?rest_route=\/wp\/v2\/types\/page"}],"author":[{"embeddable":true,"href":"https:\/\/orl-chu-caen.fr\/index.php?rest_route=\/wp\/v2\/users\/1"}],"replies":[{"embeddable":true,"href":"https:\/\/orl-chu-caen.fr\/index.php?rest_route=%2Fwp%2Fv2%2Fcomments&post=775"}],"version-history":[{"count":23,"href":"https:\/\/orl-chu-caen.fr\/index.php?rest_route=\/wp\/v2\/pages\/775\/revisions"}],"predecessor-version":[{"id":6212,"href":"https:\/\/orl-chu-caen.fr\/index.php?rest_route=\/wp\/v2\/pages\/775\/revisions\/6212"}],"up":[{"embeddable":true,"href":"https:\/\/orl-chu-caen.fr\/index.php?rest_route=\/wp\/v2\/pages\/729"}],"wp:attachment":[{"href":"https:\/\/orl-chu-caen.fr\/index.php?rest_route=%2Fwp%2Fv2%2Fmedia&parent=775"}],"curies":[{"name":"wp","href":"https:\/\/api.w.org\/{rel}","templated":true}]}}