{"id":769,"date":"2014-08-03T21:03:35","date_gmt":"2014-08-03T19:03:35","guid":{"rendered":"http:\/\/orl-chu-caen.fr\/?page_id=769"},"modified":"2024-08-21T14:56:43","modified_gmt":"2024-08-21T12:56:43","slug":"otologie-et-oto-neurochirurgie","status":"publish","type":"page","link":"https:\/\/orl-chu-caen.fr\/?page_id=769","title":{"rendered":"Otologie, Nerf Facial et Implantation Cochl\u00e9aire"},"content":{"rendered":"<p>[et_pb_section fb_built=\u00a0\u00bb1&Prime; fullwidth=\u00a0\u00bbon\u00a0\u00bb _builder_version=\u00a0\u00bb4.24.2&Prime; _module_preset=\u00a0\u00bbdefault\u00a0\u00bb global_colors_info=\u00a0\u00bb{}\u00a0\u00bb][et_pb_fullwidth_header title=\u00a0\u00bbOtologie, Nerf Facial, Implantation Cochl\u00e9aire\u00a0\u00bb subhead=\u00a0\u00bbOtologie et Chirurgie Microscopique de la Base du Cr\u00e2ne\u00a0\u00bb _builder_version=\u00a0\u00bb4.24.2&Prime; _module_preset=\u00a0\u00bbdefault\u00a0\u00bb title_font=\u00a0\u00bbAbel||||||||\u00a0\u00bb title_text_align=\u00a0\u00bbcenter\u00a0\u00bb title_font_size=\u00a0\u00bb46px\u00a0\u00bb subhead_font=\u00a0\u00bbAbel||||||||\u00a0\u00bb subhead_text_align=\u00a0\u00bbcenter\u00a0\u00bb subhead_font_size=\u00a0\u00bb24px\u00a0\u00bb background_color=\u00a0\u00bb#8c1515&Prime; custom_margin=\u00a0\u00bb||-3px|||\u00a0\u00bb global_colors_info=\u00a0\u00bb{}\u00a0\u00bb][\/et_pb_fullwidth_header][\/et_pb_section][et_pb_section fb_built=\u00a0\u00bb1&Prime; fullwidth=\u00a0\u00bbon\u00a0\u00bb _builder_version=\u00a0\u00bb4.24.2&Prime; _module_preset=\u00a0\u00bbdefault\u00a0\u00bb global_colors_info=\u00a0\u00bb{}\u00a0\u00bb][et_pb_fullwidth_image src=\u00a0\u00bbhttps:\/\/orl-chu-caen.fr\/wp-content\/uploads\/2024\/08\/SLIDE-OTO-1.png\u00a0\u00bb title_text=\u00a0\u00bbSLIDE OTO\u00a0\u00bb _builder_version=\u00a0\u00bb4.24.2&Prime; _module_preset=\u00a0\u00bbdefault\u00a0\u00bb global_colors_info=\u00a0\u00bb{}\u00a0\u00bb][\/et_pb_fullwidth_image][\/et_pb_section][et_pb_section fb_built=\u00a0\u00bb1&Prime; admin_label=\u00a0\u00bbsection\u00a0\u00bb _builder_version=\u00a0\u00bb4.16&Prime; global_colors_info=\u00a0\u00bb{}\u00a0\u00bb][et_pb_row admin_label=\u00a0\u00bbrow\u00a0\u00bb _builder_version=\u00a0\u00bb4.16&Prime; background_size=\u00a0\u00bbinitial\u00a0\u00bb background_position=\u00a0\u00bbtop_left\u00a0\u00bb background_repeat=\u00a0\u00bbrepeat\u00a0\u00bb global_colors_info=\u00a0\u00bb{}\u00a0\u00bb][et_pb_column type=\u00a0\u00bb4_4&Prime; _builder_version=\u00a0\u00bb4.16&Prime; custom_padding=\u00a0\u00bb|||\u00a0\u00bb global_colors_info=\u00a0\u00bb{}\u00a0\u00bb custom_padding__hover=\u00a0\u00bb|||\u00a0\u00bb][et_pb_text admin_label=\u00a0\u00bbText\u00a0\u00bb _builder_version=\u00a0\u00bb4.24.2&Prime; background_size=\u00a0\u00bbinitial\u00a0\u00bb background_position=\u00a0\u00bbtop_left\u00a0\u00bb background_repeat=\u00a0\u00bbrepeat\u00a0\u00bb inline_fonts=\u00a0\u00bbAbel\u00a0\u00bb global_colors_info=\u00a0\u00bb{}\u00a0\u00bb]<\/p>\n<p>Responsables: <a href=\"https:\/\/orl-chu-caen.fr\/?page_id=4582\">Pr Sylvain MOREAU<\/a> \u2013<a href=\"https:\/\/orl-chu-caen.fr\/?page_id=4578\"> Pr Martin HITIER<\/a><\/p>\n<p><span style=\"color: #ffffff;\">.<\/span><\/p>\n<p><span style=\"color: #ffffff;\">.<\/span><\/p>\n<h2><span style=\"font-family: Abel; font-weight: normal; font-size: xx-large;\">OTOLOGIE (<a href=\"https:\/\/orl-chu-caen.fr\/?staff=dr-martin-hitier\">Pr. HITIER<\/a>, <a href=\"https:\/\/orl-chu-caen.fr\/?staff=pr-sylvain-moreau\">Pr. MOREAU, Dr BOIS<\/a>)<\/span><\/h2>\n<p><span style=\"font-family: Abel; font-weight: normal; font-size: xx-large;\"><\/span><\/p>\n<p><span style=\"color: #ffffff;\">\u00a0<\/span>Principales pathologies:<\/p>\n<p>\u2022 Otite aig\u00fce et chronique, Otite s\u00e9ro-muqueuse, Otite fibro-adh\u00e9sive, Otite at\u00e9lectasique<br \/>\u2022 Masto\u00efdite aig\u00fce et chronique<br \/>\u2022 Perforation tympanique, tympanoscl\u00e9rose<br \/><a href=\"https:\/\/orl-chu-caen.fr\/?page_id=2317\">\u2022 Cholest\u00e9atome, poche de r\u00e9traction tympanique<\/a><br \/>\u2022 Otospongiose, otoscl\u00e9rose<br \/>\u2022 Pathologies ossiculaires &#8211; Malformations (aplasie, syndrome de la t\u00eate du marteau fix\u00e9)<br \/>\u2022 Exostoses, ost\u00e9omes, st\u00e9nose du conduit auditif externe, maladie du surfer<br \/>\u2022 Tumeurs de l\u2019oreille moyenne, tumeurs du conduit auditif externe<br \/>\u2022 Surdit\u00e9 de transmission, surdit\u00e9 neurosensorielle, cophose (surdit\u00e9 s\u00e9v\u00e8re profonde), presbyacousie, surdit\u00e9 brusque<br \/>\u2022 Fracture du rocher, paralysie faciale<br \/>\u2022 Acouph\u00e8ne<br \/>\u2022 Vertiges, troubles de l\u2019\u00e9quilibre<br \/>\u2022 <a href=\"https:\/\/orl-chu-caen.fr\/?page_id=2271\">Maladie de Meni\u00e8re<\/a><\/p>\n<p><span style=\"color: #ffffff;\">.<\/span><\/p>\n<h2><span style=\"font-family: Abel; font-weight: normal; font-size: xx-large;\">IMPLANTATION COCHL\u00c9AIRE (<a href=\"https:\/\/orl-chu-caen.fr\/?page_id=4590\">Pr. MOREAU, Pr HITIER, Dr BOIS<\/a>)<\/span><\/h2>\n<p><span style=\"font-family: Abel; font-weight: normal; font-size: xx-large;\"><\/span><\/p>\n<p>L\u2019implantation cochl\u00e9aire consiste en la mise en place chirurgicale d\u2019une \u00e9lectrode dans l\u2019oreille interne pour permettre la r\u00e9habilitation de l\u2019audition chez les enfants et les adultes pr\u00e9sentant une surdit\u00e9 profonde bilat\u00e9rale.<br \/>Elle est suivie d\u2019une r\u00e9\u00e9ducation orthophonique et n\u00e9cessite une prise en charge globale par l\u2019\u00e9quipe d\u2019implantation cochl\u00e9aire et du Centre Audition-Langage du CHU de CAEN:<\/p>\n<p><span style=\"color: #ffffff;\">.<\/span><br \/>\u2022<a href=\"https:\/\/orl-chu-caen.fr\/?page_id=4582\"> Pr Sylvain MOREAU<\/a>, ORL<br \/>\u2022 <a href=\"https:\/\/orl-chu-caen.fr\/?page_id=4578\">Pr Martin HITIER,<\/a> ORL<br \/>\u2022<a href=\"https:\/\/orl-chu-caen.fr\/?page_id=4590\"> Dr J\u00e9r\u00f4me BOIS<\/a>, ORL<br \/>\u2022 <a href=\"https:\/\/orl-chu-caen.fr\/?page_id=696\">Mme Christel BLAISON<\/a>, orthophoniste<br \/>\u2022<a href=\"https:\/\/orl-chu-caen.fr\/?page_id=696\"> M. Christophe BLAISON<\/a>, orthphoniste<br \/>\u2022 Mme Delphine POTIER, psychologue<\/p>\n<p><span style=\"color: #ffffff;\">.<\/span><\/p>\n<a href='https:\/\/orl-chu-caen.fr\/?page_id=1533' class='small-button small#193f54'>En savoir plus sur l&rsquo;implantation cochl\u00e9aire<\/a>\n<p>&nbsp;<\/p>\n<h2><span style=\"font-family: Abel; font-weight: normal; font-size: xx-large;\">PRISE EN CHARGE DES PARALYSIES FACIALES (<a href=\"https:\/\/orl-chu-caen.fr\/?page_id=4578\">Pr. HITIER<\/a>)<\/span><\/h2>\n<p><span style=\"font-family: Abel; font-weight: normal; font-size: xx-large;\"><\/span><\/p>\n<p>Principales interventions r\u00e9alis\u00e9es:<\/p>\n<ul>\n<li>Greffe du nerf facial<\/li>\n<li>Anastomose hypoglossofaciale (XII-XII)Anastomose masseterofaciale (V-VII)<\/li>\n<li>Transpositions musculaires<\/li>\n<li>Chirurgie plastique des paupi\u00e8res paralys\u00e9es<\/li>\n<li>Injection de toxine botulique<\/li>\n<li>R\u00e9\u00e9ducation orthophonique<\/li>\n<\/ul>\n<p><span style=\"color: #ffffff;\">.<\/span><\/p>\n<p><span style=\"color: #ffffff;\">.<\/span><\/p>\n<h2><span style=\"font-family: Abel; font-weight: normal; font-size: xx-large;\">\u00c9QUIPE M\u00c9DICALE<\/span><\/h2>\n<p><span style=\"font-family: Abel; font-weight: normal; font-size: xx-large;\"><\/span><\/p>\n<h3>Chirurgie otologie et implantation cochl\u00e9aire<\/h3>\n<p>&nbsp;<\/p>\n<p><a href=\"https:\/\/orl-chu-caen.fr\/?page_id=4582\">Pr Sylvain MOREAU<\/a><\/p>\n<p><a href=\"https:\/\/orl-chu-caen.fr\/?page_id=4578\">Pr Martin HITIER<\/a><a href=\"https:\/\/orl-chu-caen.fr\/?page_id=4590\"><\/a><\/p>\n<p><a href=\"https:\/\/orl-chu-caen.fr\/?page_id=4590\">Dr J\u00e9rome BOIS<\/a><\/p>\n<p><span style=\"color: #ffffff;\">.<\/span><\/p>\n<h3>Explorations des Vertiges<\/h3>\n<p>&nbsp;<\/p>\n<p><a href=\"https:\/\/orl-chu-caen.fr\/?page_id=4586\">Dr Laetitia PLISSON<\/a><\/p>\n<p><a href=\"https:\/\/orl-chu-caen.fr\/?page_id=4578\">Pr Martin HITIER<\/a><\/p>\n<p><span style=\"color: #ffffff;\">.<\/span><\/p>\n<h3>Nerf facial<\/h3>\n<p>&nbsp;<\/p>\n<p><a href=\"https:\/\/orl-chu-caen.fr\/?page_id=4578\">Pr Martin HITIER<\/a><\/p>\n<p><a href=\"https:\/\/orl-chu-caen.fr\/?page_id=696\">Mme C\u00e9cile Legrais<\/a><\/p>\n<p>[\/et_pb_text][\/et_pb_column][\/et_pb_row][\/et_pb_section]<\/p>\n","protected":false},"excerpt":{"rendered":"<p>Responsables: Pr Sylvain MOREAU \u2013 Pr Martin HITIER . . OTOLOGIE (Pr. HITIER, Pr. MOREAU, Dr BOIS) \u00a0Principales pathologies: \u2022 Otite aig\u00fce et chronique, Otite s\u00e9ro-muqueuse, Otite fibro-adh\u00e9sive, Otite at\u00e9lectasique\u2022 Masto\u00efdite aig\u00fce et chronique\u2022 Perforation tympanique, tympanoscl\u00e9rose\u2022 Cholest\u00e9atome, poche de r\u00e9traction tympanique\u2022 Otospongiose, otoscl\u00e9rose\u2022 Pathologies ossiculaires &#8211; Malformations (aplasie, syndrome de la t\u00eate du marteau [&hellip;]<\/p>\n","protected":false},"author":1,"featured_media":0,"parent":729,"menu_order":0,"comment_status":"closed","ping_status":"open","template":"","meta":{"_et_pb_use_builder":"on","_et_pb_old_content":"<h2>Otologie, Nerf Facial et Implantation Cochl\u00e9aire<\/h2>\nResponsables: <a href=\"http:\/\/orl-chu-caen.fr\/?staff=pr-sylvain-moreau\">Pr Sylvain MOREAU<\/a> \u2013 <a href=\"http:\/\/orl-chu-caen.fr\/?staff=dr-martin-hitier\">Pr Martin HITIER<\/a>\n\n<span style=\"color: #ffffff;\">.<\/span>\n\n<span style=\"color: #ffffff;\">.<\/span>\n<h2>OTOLOGIE (<a href=\"http:\/\/orl-chu-caen.fr\/?staff=dr-martin-hitier\">Pr. HITIER<\/a>, <a href=\"http:\/\/orl-chu-caen.fr\/?staff=pr-sylvain-moreau\">Pr. MOREAU<\/a>)<\/h2>\n<span style=\"color: #ffffff;\">&nbsp;<\/span>Principales pathologies:\n\u2022 Otite aig\u00fce et chronique, Otite s\u00e9ro-muqueuse, Otite fibro-adh\u00e9sive, Otite at\u00e9lectasique\n\u2022 Masto\u00efdite aig\u00fce et chronique\n\u2022 Perforation tympanique, tympanoscl\u00e9rose\n\u2022 <a href=\"http:\/\/orl-chu-caen.fr\/?page_id=2317\">Cholest\u00e9atome, poche de r\u00e9traction tympanique<\/a>\n\u2022 Otospongiose, otoscl\u00e9rose\n\u2022 Pathologies ossiculaires - Malformations (aplasie, syndrome de la t\u00eate du marteau fix\u00e9)\n\u2022 Exostoses, ost\u00e9omes, st\u00e9nose du conduit auditif externe, maladie du surfer\n\u2022 Tumeurs de l\u2019oreille moyenne, tumeurs du conduit auditif externe\n\u2022 Surdit\u00e9 de transmission, surdit\u00e9 neurosensorielle, cophose (surdit\u00e9 s\u00e9v\u00e8re profonde), presbyacousie, surdit\u00e9 brusque\n\u2022 Fracture du rocher, paralysie faciale\n\u2022 Acouph\u00e8ne\n\u2022 Vertiges, troubles de l\u2019\u00e9quilibre\n\u2022 <a href=\"http:\/\/orl-chu-caen.fr\/?page_id=2271\">Maladie de Meni\u00e8re<\/a>\n\n<span style=\"color: #ffffff;\">.<\/span>\n<h2>IMPLANTATION COCHL\u00c9AIRE (<a href=\"http:\/\/orl-chu-caen.fr\/?staff=pr-sylvain-moreau\">Pr. MOREAU<\/a>)<\/h2>\nL\u2019implantation cochl\u00e9aire consiste en la mise en place chirurgicale d\u2019une \u00e9lectrode dans l\u2019oreille interne pour permettre la r\u00e9habilitation de l\u2019audition chez les enfants et les adultes pr\u00e9sentant une surdit\u00e9 profonde bilat\u00e9rale.\nElle est suivie d\u2019une r\u00e9\u00e9ducation orthophonique et n\u00e9cessite une prise en charge globale par l\u2019\u00e9quipe d\u2019implantation cochl\u00e9aire et du Centre Audition-Langage du CHU de CAEN:\n\n<span style=\"color: #ffffff;\">.<\/span>\n\u2022 <a href=\"http:\/\/orl-chu-caen.fr\/?staff=pr-sylvain-moreau\">Pr Sylvain MOREAU<\/a>, ORL\n\u2022 <a href=\"http:\/\/orl-chu-caen.fr\/?staff=dr-martin-hitier\">Pr Martin HITIER<\/a>, ORL\n\u2022 Dr MJ PENIELLO-VALETTE, p\u00e9diatre\n\u2022 Dr V\u00e9ronique ENEE-DELIVET, ORL\n\u2022 <a href=\"http:\/\/orl-chu-caen.fr\/?page_id=696\">Mme Christel BLAISON<\/a>, orthophoniste\n\u2022<a href=\"http:\/\/orl-chu-caen.fr\/?page_id=696\"> M. Christophe BLAISON<\/a>, orthphoniste\n\u2022 Mme Isabelle FUNTEN, psychologue\n\n<span style=\"color: #ffffff;\">.<\/span>\n\n[button link=\"http:\/\/orl-chu-caen.fr\/?page_id=1533\" color=\"#193f54\" size=\"4\" style=\"1\" radius=\"5\" target=\"self\"]En savoir plus sur l'implantation cochl\u00e9aire[\/button]\n\n&nbsp;\n<h2>PRISE EN CHARGE DES PARALYSIES FACIALES (<a href=\"http:\/\/orl-chu-caen.fr\/?staff=dr-martin-hitier\">Pr. HITIER<\/a>)<\/h2>\nPrincipales interventions r\u00e9alis\u00e9es:\n\u2022 Greffe du nerf facial\n\u2022 Anastomose hypoglossofaciale (XII-XII)\n\n\u2022 Anastomose masseterofaciale (V-VII)\n\u2022 Transpositions musculaires\n\u2022 Chirurgie plastique des paupi\u00e8res paralys\u00e9es\n\u2022 Injection de toxine botulique\n\u2022 R\u00e9\u00e9ducation orthophonique\n\n<span style=\"color: #ffffff;\">.<\/span>\n\n<span style=\"color: #ffffff;\">.<\/span>\n<h2>\u00c9QUIPE M\u00c9DICALE<\/h2>\n<h3>Chirurgie otologie et implantation cochl\u00e9aire<\/h3>\n<a href=\"http:\/\/orl-chu-caen.fr\/?staff=pr-sylvain-moreau\">Pr Sylvain MOREAU<\/a>\n<a href=\"http:\/\/orl-chu-caen.fr\/?staff=dr-martin-hitier\">Pr Martin HITIER<\/a>\n\n<span style=\"color: #ffffff;\">.<\/span>\n<h3>Explorations des Vertiges<\/h3>\n<a href=\"http:\/\/orl-chu-caen.fr\/?staff=dr-laetitia-plisson\">Dr Laetitia PLISSON<\/a>\n<a href=\"http:\/\/orl-chu-caen.fr\/?staff=dr-martin-hitier\">Pr Martin HITIER<\/a>\n\n<span style=\"color: #ffffff;\">.<\/span>\n<h3>Nerf facial<\/h3>\n<a href=\"http:\/\/orl-chu-caen.fr\/?staff=dr-martin-hitier\">Pr Martin HITIER<\/a>\n\n<a href=\"http:\/\/orl-chu-caen.fr\/?page_id=696\">Mme C\u00e9cile Legrais<\/a>","_et_gb_content_width":"","ngg_post_thumbnail":0,"footnotes":""},"aioseo_notices":[],"_links":{"self":[{"href":"https:\/\/orl-chu-caen.fr\/index.php?rest_route=\/wp\/v2\/pages\/769"}],"collection":[{"href":"https:\/\/orl-chu-caen.fr\/index.php?rest_route=\/wp\/v2\/pages"}],"about":[{"href":"https:\/\/orl-chu-caen.fr\/index.php?rest_route=\/wp\/v2\/types\/page"}],"author":[{"embeddable":true,"href":"https:\/\/orl-chu-caen.fr\/index.php?rest_route=\/wp\/v2\/users\/1"}],"replies":[{"embeddable":true,"href":"https:\/\/orl-chu-caen.fr\/index.php?rest_route=%2Fwp%2Fv2%2Fcomments&post=769"}],"version-history":[{"count":47,"href":"https:\/\/orl-chu-caen.fr\/index.php?rest_route=\/wp\/v2\/pages\/769\/revisions"}],"predecessor-version":[{"id":6328,"href":"https:\/\/orl-chu-caen.fr\/index.php?rest_route=\/wp\/v2\/pages\/769\/revisions\/6328"}],"up":[{"embeddable":true,"href":"https:\/\/orl-chu-caen.fr\/index.php?rest_route=\/wp\/v2\/pages\/729"}],"wp:attachment":[{"href":"https:\/\/orl-chu-caen.fr\/index.php?rest_route=%2Fwp%2Fv2%2Fmedia&parent=769"}],"curies":[{"name":"wp","href":"https:\/\/api.w.org\/{rel}","templated":true}]}}