{"id":738,"date":"2014-08-03T19:12:51","date_gmt":"2014-08-03T17:12:51","guid":{"rendered":"http:\/\/orl-chu-caen.fr\/?page_id=738"},"modified":"2024-08-18T21:34:24","modified_gmt":"2024-08-18T19:34:24","slug":"cancerologie-orl-et-glandes-salivaires","status":"publish","type":"page","link":"https:\/\/orl-chu-caen.fr\/?page_id=738","title":{"rendered":"Canc\u00e9rologie ORL et Glandes Salivaires"},"content":{"rendered":"<p>[et_pb_section fb_built=\u00a0\u00bb1&Prime; fullwidth=\u00a0\u00bbon\u00a0\u00bb _builder_version=\u00a0\u00bb4.24.2&Prime; _module_preset=\u00a0\u00bbdefault\u00a0\u00bb global_colors_info=\u00a0\u00bb{}\u00a0\u00bb][et_pb_fullwidth_header title=\u00a0\u00bbCanc\u00e9rologie et glandes salivaires\u00a0\u00bb subhead=\u00a0\u00bbChirurgie Cervico-Faciale et Canc\u00e9rologique\u00a0\u00bb text_orientation=\u00a0\u00bbcenter\u00a0\u00bb _builder_version=\u00a0\u00bb4.24.2&Prime; _module_preset=\u00a0\u00bbdefault\u00a0\u00bb title_font=\u00a0\u00bbAbel||||||||\u00a0\u00bb title_font_size=\u00a0\u00bb45px\u00a0\u00bb subhead_font_size=\u00a0\u00bb23px\u00a0\u00bb background_color=\u00a0\u00bb#17547a\u00a0\u00bb global_colors_info=\u00a0\u00bb{}\u00a0\u00bb][\/et_pb_fullwidth_header][et_pb_fullwidth_image src=\u00a0\u00bbhttps:\/\/orl-chu-caen.fr\/wp-content\/uploads\/2024\/08\/cancero-scaled.jpg\u00a0\u00bb title_text=\u00a0\u00bbcancero\u00a0\u00bb _builder_version=\u00a0\u00bb4.24.2&Prime; _module_preset=\u00a0\u00bbdefault\u00a0\u00bb min_height=\u00a0\u00bb580px\u00a0\u00bb height=\u00a0\u00bb579px\u00a0\u00bb max_height=\u00a0\u00bb647px\u00a0\u00bb custom_margin=\u00a0\u00bb-3px||-94px|||\u00a0\u00bb custom_padding=\u00a0\u00bb0px|||||\u00a0\u00bb global_colors_info=\u00a0\u00bb{}\u00a0\u00bb][\/et_pb_fullwidth_image][\/et_pb_section][et_pb_section fb_built=\u00a0\u00bb1&Prime; admin_label=\u00a0\u00bbsection\u00a0\u00bb _builder_version=\u00a0\u00bb4.16&Prime; custom_margin=\u00a0\u00bb164px|||||\u00a0\u00bb global_colors_info=\u00a0\u00bb{}\u00a0\u00bb][et_pb_row _builder_version=\u00a0\u00bb4.24.2&Prime; _module_preset=\u00a0\u00bbdefault\u00a0\u00bb global_colors_info=\u00a0\u00bb{}\u00a0\u00bb][et_pb_column type=\u00a0\u00bb4_4&Prime; _builder_version=\u00a0\u00bb4.24.2&Prime; _module_preset=\u00a0\u00bbdefault\u00a0\u00bb global_colors_info=\u00a0\u00bb{}\u00a0\u00bb][et_pb_text _builder_version=\u00a0\u00bb4.24.2&Prime; _module_preset=\u00a0\u00bbdefault\u00a0\u00bb global_colors_info=\u00a0\u00bb{}\u00a0\u00bb]<\/p>\n<p style=\"text-align: justify;\"><span style=\"color: #013d34;\">Ce p\u00f4le int\u00e8gre les activit\u00e9s de soins, de recherche et d\u2019enseignement centr\u00e9es sur les pathologies canc\u00e9reuses des muqueuses ORL et des glandes salivaires.<\/span><br \/><span style=\"color: #013d34;\">Responsable : <a href=\"https:\/\/orl-chu-caen.fr\/?page_id=4592\" style=\"color: #013d34;\">Pr Emmanuel BABIN<\/a><\/span><\/p>\n<p style=\"text-align: justify;\"><span style=\"color: #013d34;\"><\/span><\/p>\n<p style=\"text-align: justify;\"><span style=\"color: #013d34;\"><\/span><\/p>\n<h2 style=\"text-align: justify;\"><span style=\"color: #0f4881;\">PATHOLOGIES PRISES EN CHARGE<\/span><\/h2>\n<p><span style=\"color: #0f4881;\"><\/span><\/p>\n<p>&nbsp;<\/p>\n<p style=\"text-align: justify;\">Le type de pathologie pris en charge correspond \u00e0 l\u2019ensemble des tumeurs rencontr\u00e9es au sein de la sph\u00e8re ORL et des glandes salivaires. <strong>Les cancers des muqueuses<\/strong> (carcinome \u00e9pidermo\u00efde) repr\u00e9sentent la majorit\u00e9 de ces tumeurs. Leurs localisations au niveau de la <strong>cavit\u00e9 buccale, de l\u2019oropharynx, du rhinopharynx, de l\u2019hypopharynx et du larynx<\/strong>, sont prises en charge de fa\u00e7on compl\u00e8te par cette fili\u00e8re.<br \/><strong>Les cancers des cavit\u00e9s nasales et sinusiennes<\/strong> sont pris en charge en collaboration \u00e9troite avec le p\u00f4le Base du Cr\u00e2ne (<a href=\"https:\/\/orl-chu-caen.fr\/?page_id=4580\">Dr Vincent PATRON<\/a>).<br \/>La pathologie tumorale du cou est \u00e9galement assum\u00e9e par cette fili\u00e8re, qu\u2019il s\u2019agisse des tumeurs d\u2019origine cong\u00e9nitale (kystes branchiaux), d\u2019origine vasculaire ou nerveuse (schwannomes, paragangliomes) ou ganglionnaire (m\u00e9tastases d\u2019origine inconnue, lymphomes).<\/p>\n<p style=\"text-align: justify;\"><strong>Les pathologies des glandes salivaires<\/strong> comprennent les pathologies tumorales, le plus souvent b\u00e9nignes (ad\u00e9nome pleiomorphe, cystad\u00e9nome) et les pathologies lithiasiques (calculs) qu\u2019elles soient de nature parotidienne ou sous-mandibulaire. <strong>La sialendoscopie<\/strong> est la derni\u00e8re technologie utilis\u00e9e dans le service pour trait\u00e9 ces pathologies lithiasiques.<\/p>\n<p style=\"text-align: justify;\"><span style=\"color: #ffffff;\">.<\/span><\/p>\n<h2 style=\"text-align: justify;\"><span style=\"color: #0f4881;\">LES INTERVENANTS<\/span><\/h2>\n<p><span style=\"color: #0f4881;\"><\/span><\/p>\n<p style=\"text-align: justify;\">Six chirurgiens ORL ,\u00a0 contribuent \u00e0 ce p\u00f4le canc\u00e9rologie:<\/p>\n<p style=\"text-align: justify;\"><a href=\"https:\/\/orl-chu-caen.fr\/?page_id=4592\">Pr Emmanuel BABIN<\/a><\/p>\n<p><a href=\"https:\/\/orl-chu-caen.fr\/?page_id=4614\">Dr Vianney BASTIT<\/a><\/p>\n<p style=\"text-align: justify;\"><a href=\"https:\/\/orl-chu-caen.fr\/?page_id=4588\">Dr Maxime HUMBERT<\/a><\/p>\n<p style=\"text-align: justify;\"><a href=\"https:\/\/orl-chu-caen.fr\/?page_id=4596\">Dr Emmanuel MICAULT<\/a><\/p>\n<p style=\"text-align: justify;\"><a href=\"https:\/\/orl-chu-caen.fr\/?page_id=4584\">Dr Marjorie LOAEC<\/a><\/p>\n<p style=\"text-align: justify;\"><a href=\"https:\/\/orl-chu-caen.fr\/?page_id=4580\">Dr Vincent PATRON<\/a><\/p>\n<p style=\"text-align: justify;\">Leur responsabilit\u00e9, outre la prise en charge de leurs propres patients, est d\u2019encadrer et de soutenir l\u2019activit\u00e9 de leurs confr\u00e8res des autres p\u00f4les au sein du Service ORL; chirurgiens s\u00e9niors, chefs de clinique et internes de sp\u00e9cialit\u00e9, quand celle-ci concerne la canc\u00e9rologie ORL et des glandes salivaires.<\/p>\n<p style=\"text-align: justify;\"><span style=\"color: #ffffff;\">.<\/span><\/p>\n<h2 style=\"text-align: justify;\"><span style=\"color: #0f4881;\">LES SOINS<\/span><\/h2>\n<p><span style=\"color: #0f4881;\"><\/span><\/p>\n<p style=\"text-align: justify;\">La prise en charge diagnostique et th\u00e9rapeutique au sein du Service ORL des cancers ORL et des glandes salivaires est \u00e9minemment multidisciplinaire et multi professionnelle.<br \/>Elle s\u2019associe de fa\u00e7on majeure aux \u00e9quipes d\u2019oncologie ORL et de radioth\u00e9rapie du <a href=\"http:\/\/www.baclesse.fr\/\">CLCC F. Baclesse<\/a>, notamment au sein de la RCP hebdomadaire d\u2019oncologie ORL.<\/p>\n<p style=\"text-align: justify;\">La prise en charge globale des patients atteints d\u2019un cancer des voies a\u00e9rodigestives sup\u00e9rieures est organis\u00e9e par une \u00e9quipe m\u00e9dicale et param\u00e9dicale compl\u00e8te permettant de couvrir l\u2019ensemble des besoins des patients : consultations d\u2019annonce, suivi nutritionnel, r\u00e9\u00e9ducation orthophonique, nutrition, soutien psychologique\u2026<\/p>\n<p style=\"text-align: justify;\">L\u2019ensemble du plateau technique n\u00e9cessaire \u00e0 la prise en charge des patients atteints d\u2019un cancer des voies a\u00e9rodigestives sup\u00e9rieures est disponible sur le site du CHU et du CLCC F. Baclesse. Les examens d\u2019imagerie (\u00e9chographie, scanner, IRM, TEP-TDM\u2026) peuvent \u00eatre r\u00e9alis\u00e9s sur place sous l\u2019expertise d\u2019une \u00e9quipe de radiologues sp\u00e9cialis\u00e9s. Les examens anatomo-pathologiques des pr\u00e9l\u00e8vements biopsiques et des pi\u00e8ces op\u00e9ratoires sont effectu\u00e9s sur place dans le laboratoire d\u2019anatomo-pathologie du CHU de Caen.<\/p>\n<p style=\"text-align: justify;\">Le traitement des cancers des VADS fait appel principalement \u00e0 3 modalit\u00e9s th\u00e9rapeutiques, qui peuvent \u00eatre utilis\u00e9es seules ou de fa\u00e7on combin\u00e9e:<\/p>\n<p style=\"text-align: justify;\"><span style=\"color: #ffffff;\">.<\/span><\/p>\n<p style=\"text-align: justify;\"><strong>La chirurgie:<\/strong> elle consiste g\u00e9n\u00e9ralement en l\u2019ablation de la tumeur primitive et des ganglions lymphatiques cervicaux de drainage (curage cervical). La chirurgie d\u2019ex\u00e9r\u00e8se tumorale peut \u00eatre r\u00e9alis\u00e9e par voie externe, par voie endoscopique \u00e0 l\u2019aide du Laser CO2. Cette chirurgie d\u2019ex\u00e9r\u00e8se est g\u00e9n\u00e9ralement accompagn\u00e9e dans le m\u00eame temps op\u00e9ratoire d\u2019une chirurgie de reconstruction plus ou moins complexe (lambeaux p\u00e9dicul\u00e9s, lambeaux libres\u2026). Certains cancers peuvent \u00eatre pris en charge par Laser dans l\u2019unit\u00e9 de Chirurgie Ambulatoire (sans hospitalisation).<\/p>\n<p style=\"text-align: justify;\"><span style=\"color: #ffffff;\">.<\/span><\/p>\n<p style=\"text-align: justify;\"><strong>La radioth\u00e9rapie:<\/strong> elle peut \u00eatre r\u00e9alis\u00e9e d\u2019embl\u00e9e ou en post op\u00e9ratoire apr\u00e8s chirurgie de la tumeur. Elle n\u00e9cessite une d\u00e9finition pr\u00e9cise des volumes trait\u00e9s et \u00e9pargn\u00e9s. Actuellement, elle b\u00e9n\u00e9ficie des nouvelles techniques d\u2019irradiation (<strong>IMRT<\/strong>) qui permettent une meilleure \u00e9pargne des tissus sains et donc une diminution des s\u00e9quelles \u00e0 long terme. Le CyberKnife\u00ae permet l\u2019irradiation premi\u00e8re ou en r\u00e9-irradiation de certaines tumeurs sp\u00e9cifiques ORL. <strong>La protonth\u00e9rapie<\/strong> est une forme de radioth\u00e9rapie ultra pr\u00e9cise qui utilise des faisceaux de protons. Elle limite donc les effets secondaires et elle permet donc de traiter les tumeurs de l\u2019enfant et de l\u2019adulte situ\u00e9es \u00e0 proximit\u00e9 d\u2019organes tr\u00e8s sensibles. <strong>Caen fait partie des 3 centres fran\u00e7ais<\/strong> avec Orsay et Marseille \u00e0 en \u00eatre \u00e9quip\u00e9.<br \/>La radioth\u00e9rapie est g\u00e9n\u00e9ralement r\u00e9alis\u00e9e au <a href=\"http:\/\/www.baclesse.fr\/\">CLCC F. Baclesse<\/a>.<\/p>\n<p style=\"text-align: justify;\"><span style=\"color: #ffffff;\">.<\/span><\/p>\n<p style=\"text-align: justify;\"><strong>La chimioth\u00e9rapie<\/strong>: elle peut \u00eatre propos\u00e9e aux diff\u00e9rentes \u00e9tapes du traitement, que ce soit en induction avant tout traitement, en association \u00e0 la radioth\u00e9rapie en situation post op\u00e9ratoire ou d\u2019embl\u00e9e, ou encore devant une tumeur r\u00e9cidivante ou au stade m\u00e9tastatique. Elle peut comprendre l\u2019association de plusieurs mol\u00e9cules entre elles et b\u00e9n\u00e9ficie actuellement de l\u2019apport de nouveaux agents th\u00e9rapeutiques ayant une action pr\u00e9cise sur une cible biologique bien d\u00e9finie (th\u00e9rapeutique mol\u00e9culaire cibl\u00e9e). Elle est r\u00e9alis\u00e9e habituellement au sein du Service ORL du CHU ou au centre F. Baclesse.<\/p>\n<p style=\"text-align: justify;\"><span style=\"color: #ffffff;\">.<\/span><\/p>\n<p style=\"text-align: justify;\">La particularit\u00e9 du Service ORL dans le domaine des cancers ORL est d\u2019avoir tr\u00e8s t\u00f4t ax\u00e9 sa prise en charge sur la qualit\u00e9 de vie et les soins m\u00e9dicaux aux patients canc\u00e9reux. Dans cette optique le service ORL dispose de plusieurs lits de soin d\u2019accompagnement et de soins palliatifs et le personnel m\u00e9dical et param\u00e9dical est particuli\u00e8rement form\u00e9 \u00e0 la prise en charge de ces patients. L\u2019\u00e9quipe mobile de la douleur et l\u2019\u00e9quipe de nutrition du CHU accompagnent tr\u00e8s activement le personnel soignant du Service ORL dans cette d\u00e9marche.<\/p>\n<p style=\"text-align: justify;\"><span style=\"color: #ffffff;\">.<\/span><\/p>\n<h2 style=\"text-align: justify;\"><span style=\"color: #0f4881;\">ENSEIGNEMENT ET RECHERCHE<\/span><\/h2>\n<p><span style=\"color: #0f4881;\"><\/span><\/p>\n<p style=\"text-align: justify;\">L\u2019activit\u00e9 d\u2019enseignement se fait en collaboration \u00e9troite avec les autres p\u00f4les d\u2019ORL. L\u2019enseignement th\u00e9orique de la canc\u00e9rologie ORL et des glandes salivaires est dispens\u00e9 par les diff\u00e9rents acteurs du p\u00f4le au sein des locaux du Service ORL.<br \/>L\u2019enseignement pratique est d\u00e9livr\u00e9 aux internes d\u2019ORL, aux \u00e9tudiants en m\u00e9decine (externes). Un poste d\u2019interne de sp\u00e9cialit\u00e9 est d\u00e9di\u00e9 \u00e0 ce p\u00f4le.<br \/>Les liens avec l\u2019Unit\u00e9 <a href=\"https:\/\/anticipe.eu\/\">INSERM U1086 ANTICIPE\u00a0 \u00abCancers et Pr\u00e9ventions\u00bb<\/a> sont \u00e9troits, ainsi qu\u2019avec Laboratoire de biologie et de g\u00e9n\u00e9tique du cancer du CLCC F. Baclesse.<\/p>\n<p>[\/et_pb_text][\/et_pb_column][\/et_pb_row][\/et_pb_section][et_pb_section fb_built=\u00a0\u00bb1&Prime; fullwidth=\u00a0\u00bbon\u00a0\u00bb _builder_version=\u00a0\u00bb4.24.2&Prime; _module_preset=\u00a0\u00bbdefault\u00a0\u00bb global_colors_info=\u00a0\u00bb{}\u00a0\u00bb][\/et_pb_section]<\/p>\n","protected":false},"excerpt":{"rendered":"<p>Ce p\u00f4le int\u00e8gre les activit\u00e9s de soins, de recherche et d\u2019enseignement centr\u00e9es sur les pathologies canc\u00e9reuses des muqueuses ORL et des glandes salivaires.Responsable : Pr Emmanuel BABIN PATHOLOGIES PRISES EN CHARGE &nbsp; Le type de pathologie pris en charge correspond \u00e0 l\u2019ensemble des tumeurs rencontr\u00e9es au sein de la sph\u00e8re ORL et des glandes salivaires. [&hellip;]<\/p>\n","protected":false},"author":1,"featured_media":0,"parent":729,"menu_order":0,"comment_status":"closed","ping_status":"open","template":"","meta":{"_et_pb_use_builder":"on","_et_pb_old_content":"<p style=\"text-align: justify;\">Ce p\u00f4le int\u00e8gre les activit\u00e9s de soins, de recherche et d\u2019enseignement centr\u00e9es sur les pathologies canc\u00e9reuses des muqueuses ORL et des glandes salivaires.\nResponsable : <a href=\"https:\/\/orl-chu-caen.fr\/?page_id=4592\">Pr Emmanuel BABIN<\/a><\/p>\n<p style=\"text-align: justify;\"><span style=\"color: #ffffff;\">.<\/span><\/p>\n<p style=\"text-align: justify;\"><span style=\"color: #ffffff;\">.<\/span><\/p>\n\n<h2 style=\"text-align: justify;\">PATHOLOGIES PRISES EN CHARGE<\/h2>\n<p style=\"text-align: justify;\">Le type de pathologie pris en charge correspond \u00e0 l\u2019ensemble des tumeurs rencontr\u00e9es au sein de la sph\u00e8re ORL et des glandes salivaires. <strong>Les cancers des muqueuses<\/strong> (carcinome \u00e9pidermo\u00efde) repr\u00e9sentent la majorit\u00e9 de ces tumeurs. Leurs localisations au niveau de la <strong>cavit\u00e9 buccale, de l\u2019oropharynx, du rhinopharynx, de l\u2019hypopharynx et du larynx<\/strong>, sont prises en charge de fa\u00e7on compl\u00e8te par cette fili\u00e8re.\n<strong>Les cancers des cavit\u00e9s nasales et sinusiennes<\/strong> sont pris en charge en collaboration \u00e9troite avec le p\u00f4le Base du Cr\u00e2ne (<a href=\"https:\/\/orl-chu-caen.fr\/?page_id=4580\">Dr Vincent PATRON<\/a>).\nLa pathologie tumorale du cou est \u00e9galement assum\u00e9e par cette fili\u00e8re, qu\u2019il s\u2019agisse des tumeurs d\u2019origine cong\u00e9nitale (kystes branchiaux), d\u2019origine vasculaire ou nerveuse (schwannomes, paragangliomes) ou ganglionnaire (m\u00e9tastases d\u2019origine inconnue, lymphomes).<\/p>\n<p style=\"text-align: justify;\"><strong>Les pathologies des glandes salivaires<\/strong> comprennent les pathologies tumorales, le plus souvent b\u00e9nignes (ad\u00e9nome pleiomorphe, cystad\u00e9nome) et les pathologies lithiasiques (calculs) qu'elles soient de nature parotidienne ou sous-mandibulaire. <strong>La sialendoscopie<\/strong> est la derni\u00e8re technologie utilis\u00e9e dans le service pour trait\u00e9 ces pathologies lithiasiques.<\/p>\n<p style=\"text-align: justify;\"><span style=\"color: #ffffff;\">.<\/span><\/p>\n\n<h2 style=\"text-align: justify;\">LES INTERVENANTS<\/h2>\n<p style=\"text-align: justify;\">Six chirurgiens ORL ,&nbsp; contribuent \u00e0 ce p\u00f4le canc\u00e9rologie:<\/p>\n<p style=\"text-align: justify;\"><a href=\"https:\/\/orl-chu-caen.fr\/?page_id=4592\">Pr Emmanuel BABIN<\/a><\/p>\n<a href=\"https:\/\/orl-chu-caen.fr\/?page_id=4614\">Dr Vianney BASTIT<\/a>\n<p style=\"text-align: justify;\"><a href=\"https:\/\/orl-chu-caen.fr\/?page_id=4588\">Dr Maxime HUMBERT<\/a><\/p>\n<p style=\"text-align: justify;\"><a href=\"https:\/\/orl-chu-caen.fr\/?page_id=4596\">Dr Emmanuel MICAULT<\/a><\/p>\n<p style=\"text-align: justify;\"><a href=\"https:\/\/orl-chu-caen.fr\/?page_id=4584\">Dr Marjorie LOAEC<\/a><\/p>\n<p style=\"text-align: justify;\"><a href=\"https:\/\/orl-chu-caen.fr\/?page_id=4580\">Dr Vincent PATRON<\/a><\/p>\n<p style=\"text-align: justify;\">&nbsp;<\/p>\n<p style=\"text-align: justify;\">Leur responsabilit\u00e9, outre la prise en charge de leurs propres patients, est d\u2019encadrer et de soutenir l\u2019activit\u00e9 de leurs confr\u00e8res des autres p\u00f4les au sein du Service ORL; chirurgiens s\u00e9niors, chefs de clinique et internes de sp\u00e9cialit\u00e9, quand celle-ci concerne la canc\u00e9rologie ORL et des glandes salivaires.<\/p>\n<p style=\"text-align: justify;\"><span style=\"color: #ffffff;\">.<\/span><\/p>\n\n<h2 style=\"text-align: justify;\">LES SOINS<\/h2>\n<p style=\"text-align: justify;\">La prise en charge diagnostique et th\u00e9rapeutique au sein du Service ORL des cancers ORL et des glandes salivaires est \u00e9minemment multidisciplinaire et multi professionnelle.\nElle s\u2019associe de fa\u00e7on majeure aux \u00e9quipes d\u2019oncologie ORL et de radioth\u00e9rapie du <a href=\"http:\/\/www.baclesse.fr\/\">CLCC F. Baclesse<\/a>, notamment au sein de la RCP hebdomadaire d\u2019oncologie ORL.<\/p>\n<p style=\"text-align: justify;\">La prise en charge globale des patients atteints d\u2019un cancer des voies a\u00e9rodigestives sup\u00e9rieures est organis\u00e9e par une \u00e9quipe m\u00e9dicale et param\u00e9dicale compl\u00e8te permettant de couvrir l\u2019ensemble des besoins des patients : consultations d\u2019annonce, suivi nutritionnel, r\u00e9\u00e9ducation orthophonique, nutrition, soutien psychologique\u2026<\/p>\n<p style=\"text-align: justify;\">L\u2019ensemble du plateau technique n\u00e9cessaire \u00e0 la prise en charge des patients atteints d\u2019un cancer des voies a\u00e9rodigestives sup\u00e9rieures est disponible sur le site du CHU et du CLCC F. Baclesse. Les examens d\u2019imagerie (\u00e9chographie, scanner, IRM, TEP-TDM\u2026) peuvent \u00eatre r\u00e9alis\u00e9s sur place sous l\u2019expertise d\u2019une \u00e9quipe de radiologues sp\u00e9cialis\u00e9s. Les examens anatomo-pathologiques des pr\u00e9l\u00e8vements biopsiques et des pi\u00e8ces op\u00e9ratoires sont effectu\u00e9s sur place dans le laboratoire d\u2019anatomo-pathologie du CHU de Caen.<\/p>\n<p style=\"text-align: justify;\">Le traitement des cancers des VADS fait appel principalement \u00e0 3 modalit\u00e9s th\u00e9rapeutiques, qui peuvent \u00eatre utilis\u00e9es seules ou de fa\u00e7on combin\u00e9e:<\/p>\n<p style=\"text-align: justify;\"><span style=\"color: #ffffff;\">.<\/span><\/p>\n<p style=\"text-align: justify;\"><strong>La chirurgie:<\/strong> elle consiste g\u00e9n\u00e9ralement en l\u2019ablation de la tumeur primitive et des ganglions lymphatiques cervicaux de drainage (curage cervical). La chirurgie d\u2019ex\u00e9r\u00e8se tumorale peut \u00eatre r\u00e9alis\u00e9e par voie externe, par voie endoscopique \u00e0 l\u2019aide du Laser CO2. Cette chirurgie d\u2019ex\u00e9r\u00e8se est g\u00e9n\u00e9ralement accompagn\u00e9e dans le m\u00eame temps op\u00e9ratoire d\u2019une chirurgie de reconstruction plus ou moins complexe (lambeaux p\u00e9dicul\u00e9s, lambeaux libres...). Certains cancers peuvent \u00eatre pris en charge par Laser dans l'unit\u00e9 de Chirurgie Ambulatoire (sans hospitalisation).<\/p>\n<p style=\"text-align: justify;\"><span style=\"color: #ffffff;\">.<\/span><\/p>\n<p style=\"text-align: justify;\"><strong>La radioth\u00e9rapie:<\/strong> elle peut \u00eatre r\u00e9alis\u00e9e d\u2019embl\u00e9e ou en post op\u00e9ratoire apr\u00e8s chirurgie de la tumeur. Elle n\u00e9cessite une d\u00e9finition pr\u00e9cise des volumes trait\u00e9s et \u00e9pargn\u00e9s. Actuellement, elle b\u00e9n\u00e9ficie des nouvelles techniques d\u2019irradiation (<strong>IMRT<\/strong>) qui permettent une meilleure \u00e9pargne des tissus sains et donc une diminution des s\u00e9quelles \u00e0 long terme. Le CyberKnife\u00ae permet l\u2019irradiation premi\u00e8re ou en r\u00e9-irradiation de certaines tumeurs sp\u00e9cifiques ORL. <strong>La protonth\u00e9rapie<\/strong> est une forme de radioth\u00e9rapie ultra pr\u00e9cise qui utilise des faisceaux de protons. Elle limite donc les effets secondaires et elle permet donc de traiter les tumeurs de l\u2019enfant et de l\u2019adulte situ\u00e9es \u00e0 proximit\u00e9 d\u2019organes tr\u00e8s sensibles. <strong>Caen fait partie des 3 centres fran\u00e7ais<\/strong> avec Orsay et Marseille \u00e0 en \u00eatre \u00e9quip\u00e9.\nLa radioth\u00e9rapie est g\u00e9n\u00e9ralement r\u00e9alis\u00e9e au <a href=\"http:\/\/www.baclesse.fr\/\">CLCC F. Baclesse<\/a>.<\/p>\n<p style=\"text-align: justify;\"><span style=\"color: #ffffff;\">.<\/span><\/p>\n<p style=\"text-align: justify;\"><strong>La chimioth\u00e9rapie<\/strong>: elle peut \u00eatre propos\u00e9e aux diff\u00e9rentes \u00e9tapes du traitement, que ce soit en induction avant tout traitement, en association \u00e0 la radioth\u00e9rapie en situation post op\u00e9ratoire ou d\u2019embl\u00e9e, ou encore devant une tumeur r\u00e9cidivante ou au stade m\u00e9tastatique. Elle peut comprendre l\u2019association de plusieurs mol\u00e9cules entre elles et b\u00e9n\u00e9ficie actuellement de l\u2019apport de nouveaux agents th\u00e9rapeutiques ayant une action pr\u00e9cise sur une cible biologique bien d\u00e9finie (th\u00e9rapeutique mol\u00e9culaire cibl\u00e9e). Elle est r\u00e9alis\u00e9e habituellement au sein du Service ORL du CHU ou au centre F. Baclesse.<\/p>\n<p style=\"text-align: justify;\"><span style=\"color: #ffffff;\">.<\/span><\/p>\n<p style=\"text-align: justify;\">La particularit\u00e9 du Service ORL dans le domaine des cancers ORL est d\u2019avoir tr\u00e8s t\u00f4t ax\u00e9 sa prise en charge sur la qualit\u00e9 de vie et les soins m\u00e9dicaux aux patients canc\u00e9reux. Dans cette optique le service ORL dispose de plusieurs lits de soin d\u2019accompagnement et de soins palliatifs et le personnel m\u00e9dical et param\u00e9dical est particuli\u00e8rement form\u00e9 \u00e0 la prise en charge de ces patients. L\u2019\u00e9quipe mobile de la douleur et l\u2019\u00e9quipe de nutrition du CHU accompagnent tr\u00e8s activement le personnel soignant du Service ORL dans cette d\u00e9marche.<\/p>\n<p style=\"text-align: justify;\"><span style=\"color: #ffffff;\">.<\/span><\/p>\n\n<h2 style=\"text-align: justify;\">ENSEIGNEMENT ET RECHERCHE<\/h2>\n<p style=\"text-align: justify;\">L\u2019activit\u00e9 d\u2019enseignement se fait en collaboration \u00e9troite avec les autres p\u00f4les d\u2019ORL. L\u2019enseignement th\u00e9orique de la canc\u00e9rologie ORL et des glandes salivaires est dispens\u00e9 par les diff\u00e9rents acteurs du p\u00f4le au sein des locaux du Service ORL.\nL\u2019enseignement pratique est d\u00e9livr\u00e9 aux internes d\u2019ORL, aux \u00e9tudiants en m\u00e9decine (externes). Un poste d\u2019interne de sp\u00e9cialit\u00e9 est d\u00e9di\u00e9 \u00e0 ce p\u00f4le.\nLes liens avec l\u2019Unit\u00e9 <a href=\"https:\/\/anticipe.eu\/\">INSERM U1086 ANTICIPE&nbsp; \u00abCancers et Pr\u00e9ventions\u00bb<\/a> sont \u00e9troits, ainsi qu\u2019avec <a href=\"http:\/\/www.baclesse.fr\/la_recherche.do?id=85\">Laboratoire de biologie et de g\u00e9n\u00e9tique du cancer<\/a> du CLCC F. Baclesse.<\/p>","_et_gb_content_width":"","ngg_post_thumbnail":0,"footnotes":""},"aioseo_notices":[],"_links":{"self":[{"href":"https:\/\/orl-chu-caen.fr\/index.php?rest_route=\/wp\/v2\/pages\/738"}],"collection":[{"href":"https:\/\/orl-chu-caen.fr\/index.php?rest_route=\/wp\/v2\/pages"}],"about":[{"href":"https:\/\/orl-chu-caen.fr\/index.php?rest_route=\/wp\/v2\/types\/page"}],"author":[{"embeddable":true,"href":"https:\/\/orl-chu-caen.fr\/index.php?rest_route=\/wp\/v2\/users\/1"}],"replies":[{"embeddable":true,"href":"https:\/\/orl-chu-caen.fr\/index.php?rest_route=%2Fwp%2Fv2%2Fcomments&post=738"}],"version-history":[{"count":47,"href":"https:\/\/orl-chu-caen.fr\/index.php?rest_route=\/wp\/v2\/pages\/738\/revisions"}],"predecessor-version":[{"id":6213,"href":"https:\/\/orl-chu-caen.fr\/index.php?rest_route=\/wp\/v2\/pages\/738\/revisions\/6213"}],"up":[{"embeddable":true,"href":"https:\/\/orl-chu-caen.fr\/index.php?rest_route=\/wp\/v2\/pages\/729"}],"wp:attachment":[{"href":"https:\/\/orl-chu-caen.fr\/index.php?rest_route=%2Fwp%2Fv2%2Fmedia&parent=738"}],"curies":[{"name":"wp","href":"https:\/\/api.w.org\/{rel}","templated":true}]}}