{"id":729,"date":"2014-08-03T18:07:10","date_gmt":"2014-08-03T16:07:10","guid":{"rendered":"http:\/\/orl-chu-caen.fr\/?page_id=729"},"modified":"2024-08-16T10:52:39","modified_gmt":"2024-08-16T08:52:39","slug":"les-poles-dexpertise","status":"publish","type":"page","link":"https:\/\/orl-chu-caen.fr\/?page_id=729","title":{"rendered":"LES POLES D&rsquo;EXPERTISE"},"content":{"rendered":"<p>[et_pb_section fb_built=\u00a0\u00bb1&Prime; fullwidth=\u00a0\u00bbon\u00a0\u00bb _builder_version=\u00a0\u00bb4.24.2&Prime; _module_preset=\u00a0\u00bbdefault\u00a0\u00bb background_color=\u00a0\u00bb#025e58&Prime; global_colors_info=\u00a0\u00bb{}\u00a0\u00bb][et_pb_fullwidth_header title=\u00a0\u00bbLes P\u00f4les d&rsquo;Expertise\u00a0\u00bb subhead=\u00a0\u00bbService d&rsquo;ORL et de Chirurgie Cervico-Faciale\u00a0\u00bb text_orientation=\u00a0\u00bbcenter\u00a0\u00bb _builder_version=\u00a0\u00bb4.24.2&Prime; _module_preset=\u00a0\u00bbdefault\u00a0\u00bb title_font=\u00a0\u00bbAbel||||||||\u00a0\u00bb title_font_size=\u00a0\u00bb45px\u00a0\u00bb subhead_font_size=\u00a0\u00bb26px\u00a0\u00bb background_color=\u00a0\u00bb#17547a\u00a0\u00bb global_colors_info=\u00a0\u00bb{}\u00a0\u00bb][\/et_pb_fullwidth_header][\/et_pb_section][et_pb_section fb_built=\u00a0\u00bb1&Prime; _builder_version=\u00a0\u00bb4.24.2&Prime; _module_preset=\u00a0\u00bbdefault\u00a0\u00bb background_color=\u00a0\u00bb#6d8097&Prime; custom_padding=\u00a0\u00bb0px|||||\u00a0\u00bb global_colors_info=\u00a0\u00bb{}\u00a0\u00bb][et_pb_row _builder_version=\u00a0\u00bb4.24.2&Prime; _module_preset=\u00a0\u00bbdefault\u00a0\u00bb custom_padding=\u00a0\u00bb0px|||||\u00a0\u00bb global_colors_info=\u00a0\u00bb{}\u00a0\u00bb][et_pb_column type=\u00a0\u00bb4_4&Prime; _builder_version=\u00a0\u00bb4.24.2&Prime; _module_preset=\u00a0\u00bbdefault\u00a0\u00bb global_colors_info=\u00a0\u00bb{}\u00a0\u00bb][et_pb_slider _builder_version=\u00a0\u00bb4.24.2&Prime; _module_preset=\u00a0\u00bbdefault\u00a0\u00bb min_height=\u00a0\u00bb371.5px\u00a0\u00bb custom_margin=\u00a0\u00bb|-168px|-93px|-170px||\u00a0\u00bb custom_padding=\u00a0\u00bb|1293px|219px|||\u00a0\u00bb global_colors_info=\u00a0\u00bb{}\u00a0\u00bb][et_pb_slide _builder_version=\u00a0\u00bb4.24.2&Prime; _module_preset=\u00a0\u00bbdefault\u00a0\u00bb background_image=\u00a0\u00bbhttps:\/\/orl-chu-caen.fr\/wp-content\/uploads\/2024\/04\/IMG_7590-scaled.jpg\u00a0\u00bb background_enable_image=\u00a0\u00bbon\u00a0\u00bb global_colors_info=\u00a0\u00bb{}\u00a0\u00bb sticky_transition=\u00a0\u00bbon\u00a0\u00bb][\/et_pb_slide][\/et_pb_slider][\/et_pb_column][\/et_pb_row][et_pb_row _builder_version=\u00a0\u00bb4.24.2&Prime; _module_preset=\u00a0\u00bbdefault\u00a0\u00bb global_colors_info=\u00a0\u00bb{}\u00a0\u00bb][et_pb_column type=\u00a0\u00bb4_4&Prime; _builder_version=\u00a0\u00bb4.24.2&Prime; _module_preset=\u00a0\u00bbdefault\u00a0\u00bb global_colors_info=\u00a0\u00bb{}\u00a0\u00bb][et_pb_text _builder_version=\u00a0\u00bb4.24.2&Prime; _module_preset=\u00a0\u00bbdefault\u00a0\u00bb global_colors_info=\u00a0\u00bb{}\u00a0\u00bb][\/et_pb_text][et_pb_text _builder_version=\u00a0\u00bb4.24.2&Prime; _module_preset=\u00a0\u00bbdefault\u00a0\u00bb text_text_color=\u00a0\u00bb#ffffff\u00a0\u00bb background_color=\u00a0\u00bb#6d8097&Prime; global_colors_info=\u00a0\u00bb{}\u00a0\u00bb]<\/p>\n<p style=\"text-align: center;\">\n<p style=\"text-align: center;\">\n<p style=\"text-align: center;\">\n<p style=\"text-align: center;\">\n<p style=\"text-align: center;\">\n<p style=\"text-align: center;\">Le Service d\u2019ORL et de Chirurgie Cervico-Faciale a d\u00e9velopp\u00e9 depuis plusieurs ann\u00e9es un environnement unique ou les p\u00f4les d\u2019expertise fleurissent.<\/p>\n<p style=\"text-align: center;\">Dans ce mod\u00e8le, nos \u00ab\u00a0sur-sp\u00e9cialistes\u00a0\u00bb ORL consacrent beaucoup de temps \u00e0 la recherche et aux soins des patients dans leur domaine de sur-sp\u00e9cialisation.<\/p>\n<p style=\"text-align: center;\">La cr\u00e9ation de ces p\u00f4les d\u2019expertise a renforc\u00e9 l\u2019Oto-Rhino-Laryngologie au sein du CHU de Caen et a facilit\u00e9 la r\u00e9ussite de nos missions.<\/p>\n<p>&nbsp;<\/p>\n<p>[\/et_pb_text][\/et_pb_column][\/et_pb_row][et_pb_row column_structure=\u00a0\u00bb1_3,1_3,1_3&Prime; _builder_version=\u00a0\u00bb4.24.2&Prime; _module_preset=\u00a0\u00bbdefault\u00a0\u00bb global_colors_info=\u00a0\u00bb{}\u00a0\u00bb][et_pb_column type=\u00a0\u00bb1_3&Prime; _builder_version=\u00a0\u00bb4.24.2&Prime; _module_preset=\u00a0\u00bbdefault\u00a0\u00bb global_colors_info=\u00a0\u00bb{}\u00a0\u00bb][et_pb_text _builder_version=\u00a0\u00bb4.24.2&Prime; _module_preset=\u00a0\u00bbdefault\u00a0\u00bb text_font=\u00a0\u00bbAbel||||||||\u00a0\u00bb text_text_color=\u00a0\u00bb#d2d0bb\u00a0\u00bb text_font_size=\u00a0\u00bb28px\u00a0\u00bb background_color=\u00a0\u00bbRGBA(255,255,255,0)\u00a0\u00bb custom_margin=\u00a0\u00bb0px|10px|||false|false\u00a0\u00bb custom_padding=\u00a0\u00bb10px|10px|10px|10px|false|false\u00a0\u00bb link_option_url=\u00a0\u00bbhttps:\/\/orl-chu-caen.fr\/?page_id=471&Prime; border_radii=\u00a0\u00bboff|10px|10px|10px|10px\u00a0\u00bb border_width_all=\u00a0\u00bb1px\u00a0\u00bb border_color_all=\u00a0\u00bb#d2d0bb\u00a0\u00bb global_colors_info=\u00a0\u00bb{}\u00a0\u00bb]<\/p>\n<p style=\"text-align: center;\">Pathologie ORL\/Chirurgie Face et Cou<\/p>\n<p>[\/et_pb_text][\/et_pb_column][et_pb_column type=\u00a0\u00bb1_3&Prime; _builder_version=\u00a0\u00bb4.24.2&Prime; _module_preset=\u00a0\u00bbdefault\u00a0\u00bb global_colors_info=\u00a0\u00bb{}\u00a0\u00bb][et_pb_text _builder_version=\u00a0\u00bb4.24.2&Prime; _module_preset=\u00a0\u00bbdefault\u00a0\u00bb text_font=\u00a0\u00bbAbel||||||||\u00a0\u00bb text_text_color=\u00a0\u00bb#d2d0bb\u00a0\u00bb text_font_size=\u00a0\u00bb28px\u00a0\u00bb background_color=\u00a0\u00bbRGBA(255,255,255,0)\u00a0\u00bb custom_margin=\u00a0\u00bb0px|10px|||false|false\u00a0\u00bb custom_padding=\u00a0\u00bb10px|10px|10px|10px|false|false\u00a0\u00bb link_option_url=\u00a0\u00bbhttps:\/\/orl-chu-caen.fr\/?page_id=769&Prime; border_radii=\u00a0\u00bboff|10px|10px|10px|10px\u00a0\u00bb border_width_all=\u00a0\u00bb1px\u00a0\u00bb border_color_all=\u00a0\u00bb#d2d0bb\u00a0\u00bb global_colors_info=\u00a0\u00bb{}\u00a0\u00bb]<\/p>\n<p style=\"text-align: center;\">Otologie et Implantation Cochl\u00e9aire<\/p>\n<p>[\/et_pb_text][\/et_pb_column][et_pb_column type=\u00a0\u00bb1_3&Prime; _builder_version=\u00a0\u00bb4.24.2&Prime; _module_preset=\u00a0\u00bbdefault\u00a0\u00bb global_colors_info=\u00a0\u00bb{}\u00a0\u00bb][et_pb_text _builder_version=\u00a0\u00bb4.24.2&Prime; _module_preset=\u00a0\u00bbdefault\u00a0\u00bb text_font=\u00a0\u00bbAbel||||||||\u00a0\u00bb text_text_color=\u00a0\u00bb#d2d0bb\u00a0\u00bb text_font_size=\u00a0\u00bb28px\u00a0\u00bb background_color=\u00a0\u00bbRGBA(255,255,255,0)\u00a0\u00bb custom_margin=\u00a0\u00bb0px||||false|false\u00a0\u00bb custom_padding=\u00a0\u00bb10px|10px|10px|10px|false|false\u00a0\u00bb link_option_url=\u00a0\u00bbhttps:\/\/orl-chu-caen.fr\/?page_id=738&Prime; border_radii=\u00a0\u00bboff|10px|10px|10px|10px\u00a0\u00bb border_width_all=\u00a0\u00bb1px\u00a0\u00bb border_color_all=\u00a0\u00bb#d2d0bb\u00a0\u00bb global_colors_info=\u00a0\u00bb{}\u00a0\u00bb]<\/p>\n<p style=\"text-align: center;\">Canc\u00e9rologie et Glandes Salivaires<\/p>\n<p>[\/et_pb_text][\/et_pb_column][\/et_pb_row][et_pb_row column_structure=\u00a0\u00bb1_3,1_3,1_3&Prime; _builder_version=\u00a0\u00bb4.24.2&Prime; _module_preset=\u00a0\u00bbdefault\u00a0\u00bb global_colors_info=\u00a0\u00bb{}\u00a0\u00bb][et_pb_column type=\u00a0\u00bb1_3&Prime; _builder_version=\u00a0\u00bb4.24.2&Prime; _module_preset=\u00a0\u00bbdefault\u00a0\u00bb global_colors_info=\u00a0\u00bb{}\u00a0\u00bb][et_pb_text _builder_version=\u00a0\u00bb4.24.2&Prime; _module_preset=\u00a0\u00bbdefault\u00a0\u00bb text_font=\u00a0\u00bbAbel||||||||\u00a0\u00bb text_text_color=\u00a0\u00bb#d2d0bb\u00a0\u00bb text_font_size=\u00a0\u00bb28px\u00a0\u00bb background_color=\u00a0\u00bbRGBA(255,255,255,0)\u00a0\u00bb custom_margin=\u00a0\u00bb0px|10px|||false|false\u00a0\u00bb custom_padding=\u00a0\u00bb10px|10px|10px|10px|false|false\u00a0\u00bb link_option_url=\u00a0\u00bbhttps:\/\/orl-chu-caen.fr\/?page_id=750&Prime; border_radii=\u00a0\u00bboff|10px|10px|10px|10px\u00a0\u00bb border_width_all=\u00a0\u00bb1px\u00a0\u00bb border_color_all=\u00a0\u00bb#d2d0bb\u00a0\u00bb global_colors_info=\u00a0\u00bb{}\u00a0\u00bb]<\/p>\n<p style=\"text-align: center;\">Thyro\u00efdes et Parathyro\u00efdes<\/p>\n<p>[\/et_pb_text][\/et_pb_column][et_pb_column type=\u00a0\u00bb1_3&Prime; _builder_version=\u00a0\u00bb4.24.2&Prime; _module_preset=\u00a0\u00bbdefault\u00a0\u00bb global_colors_info=\u00a0\u00bb{}\u00a0\u00bb][et_pb_text _builder_version=\u00a0\u00bb4.24.2&Prime; _module_preset=\u00a0\u00bbdefault\u00a0\u00bb text_font=\u00a0\u00bbAbel||||||||\u00a0\u00bb text_text_color=\u00a0\u00bb#d2d0bb\u00a0\u00bb text_font_size=\u00a0\u00bb28px\u00a0\u00bb background_color=\u00a0\u00bbRGBA(255,255,255,0)\u00a0\u00bb custom_margin=\u00a0\u00bb0px|10px|||false|false\u00a0\u00bb custom_padding=\u00a0\u00bb10px|10px|10px|10px|false|false\u00a0\u00bb link_option_url=\u00a0\u00bbhttps:\/\/orl-chu-caen.fr\/?page_id=5976&Prime; hover_enabled=\u00a0\u00bb0&Prime; border_radii=\u00a0\u00bboff|10px|10px|10px|10px\u00a0\u00bb border_width_all=\u00a0\u00bb1px\u00a0\u00bb border_color_all=\u00a0\u00bb#d2d0bb\u00a0\u00bb global_colors_info=\u00a0\u00bb{}\u00a0\u00bb sticky_enabled=\u00a0\u00bb0&Prime;]<\/p>\n<p style=\"text-align: center;\">Chirurgie des Sinus et Fosses Nasales<\/p>\n<p>[\/et_pb_text][\/et_pb_column][et_pb_column type=\u00a0\u00bb1_3&Prime; _builder_version=\u00a0\u00bb4.24.2&Prime; _module_preset=\u00a0\u00bbdefault\u00a0\u00bb global_colors_info=\u00a0\u00bb{}\u00a0\u00bb][et_pb_text _builder_version=\u00a0\u00bb4.24.2&Prime; _module_preset=\u00a0\u00bbdefault\u00a0\u00bb text_font=\u00a0\u00bbAbel||||||||\u00a0\u00bb text_text_color=\u00a0\u00bb#d2d0bb\u00a0\u00bb text_font_size=\u00a0\u00bb28px\u00a0\u00bb background_color=\u00a0\u00bbRGBA(255,255,255,0)\u00a0\u00bb custom_margin=\u00a0\u00bb0px||||false|false\u00a0\u00bb custom_padding=\u00a0\u00bb10px|10px|10px|10px|false|false\u00a0\u00bb link_option_url=\u00a0\u00bbhttps:\/\/orl-chu-caen.fr\/?page_id=5802&Prime; hover_enabled=\u00a0\u00bb0&Prime; border_radii=\u00a0\u00bboff|10px|10px|10px|10px\u00a0\u00bb border_width_all=\u00a0\u00bb1px\u00a0\u00bb border_color_all=\u00a0\u00bb#d2d0bb\u00a0\u00bb global_colors_info=\u00a0\u00bb{}\u00a0\u00bb sticky_enabled=\u00a0\u00bb0&Prime;]<\/p>\n<p style=\"text-align: center;\">Rhinoplasties et Septorhinoplasties<\/p>\n<p>[\/et_pb_text][\/et_pb_column][\/et_pb_row][et_pb_row column_structure=\u00a0\u00bb1_3,1_3,1_3&Prime; _builder_version=\u00a0\u00bb4.24.2&Prime; _module_preset=\u00a0\u00bbdefault\u00a0\u00bb global_colors_info=\u00a0\u00bb{}\u00a0\u00bb][et_pb_column type=\u00a0\u00bb1_3&Prime; _builder_version=\u00a0\u00bb4.24.2&Prime; _module_preset=\u00a0\u00bbdefault\u00a0\u00bb global_colors_info=\u00a0\u00bb{}\u00a0\u00bb][et_pb_text _builder_version=\u00a0\u00bb4.24.2&Prime; _module_preset=\u00a0\u00bbdefault\u00a0\u00bb text_font=\u00a0\u00bbAbel||||||||\u00a0\u00bb text_text_color=\u00a0\u00bb#d2d0bb\u00a0\u00bb text_font_size=\u00a0\u00bb28px\u00a0\u00bb background_color=\u00a0\u00bbRGBA(255,255,255,0)\u00a0\u00bb custom_margin=\u00a0\u00bb0px|10px|||false|false\u00a0\u00bb custom_padding=\u00a0\u00bb10px|10px|10px|10px|false|false\u00a0\u00bb link_option_url=\u00a0\u00bbhttps:\/\/orl-chu-caen.fr\/?page_id=2676&Prime; border_radii=\u00a0\u00bboff|10px|10px|10px|10px\u00a0\u00bb border_width_all=\u00a0\u00bb1px\u00a0\u00bb border_color_all=\u00a0\u00bb#d2d0bb\u00a0\u00bb global_colors_info=\u00a0\u00bb{}\u00a0\u00bb]<\/p>\n<p style=\"text-align: center;\">Chirurgie des Cordes Vocales<\/p>\n<p>[\/et_pb_text][\/et_pb_column][et_pb_column type=\u00a0\u00bb1_3&Prime; _builder_version=\u00a0\u00bb4.24.2&Prime; _module_preset=\u00a0\u00bbdefault\u00a0\u00bb global_colors_info=\u00a0\u00bb{}\u00a0\u00bb][et_pb_text _builder_version=\u00a0\u00bb4.24.2&Prime; _module_preset=\u00a0\u00bbdefault\u00a0\u00bb text_font=\u00a0\u00bbAbel||||||||\u00a0\u00bb text_text_color=\u00a0\u00bb#d2d0bb\u00a0\u00bb text_font_size=\u00a0\u00bb28px\u00a0\u00bb background_color=\u00a0\u00bbRGBA(255,255,255,0)\u00a0\u00bb custom_margin=\u00a0\u00bb0px|10px|||false|false\u00a0\u00bb custom_padding=\u00a0\u00bb10px|10px|10px|10px|false|false\u00a0\u00bb link_option_url=\u00a0\u00bbhttps:\/\/orl-chu-caen.fr\/?page_id=771&Prime; border_radii=\u00a0\u00bboff|10px|10px|10px|10px\u00a0\u00bb border_width_all=\u00a0\u00bb1px\u00a0\u00bb border_color_all=\u00a0\u00bb#d2d0bb\u00a0\u00bb global_colors_info=\u00a0\u00bb{}\u00a0\u00bb]<\/p>\n<p style=\"text-align: center;\">Chirurgie de la Base du Cr\u00e2ne<\/p>\n<p>[\/et_pb_text][\/et_pb_column][et_pb_column type=\u00a0\u00bb1_3&Prime; _builder_version=\u00a0\u00bb4.24.2&Prime; _module_preset=\u00a0\u00bbdefault\u00a0\u00bb global_colors_info=\u00a0\u00bb{}\u00a0\u00bb][et_pb_text _builder_version=\u00a0\u00bb4.24.2&Prime; _module_preset=\u00a0\u00bbdefault\u00a0\u00bb text_font=\u00a0\u00bbAbel||||||||\u00a0\u00bb text_text_color=\u00a0\u00bb#d2d0bb\u00a0\u00bb text_font_size=\u00a0\u00bb28px\u00a0\u00bb background_color=\u00a0\u00bbRGBA(255,255,255,0)\u00a0\u00bb custom_margin=\u00a0\u00bb0px||||false|false\u00a0\u00bb custom_padding=\u00a0\u00bb10px|10px|10px|10px|false|false\u00a0\u00bb link_option_url=\u00a0\u00bbhttps:\/\/orl-chu-caen.fr\/?page_id=775&Prime; border_radii=\u00a0\u00bboff|10px|10px|10px|10px\u00a0\u00bb border_width_all=\u00a0\u00bb1px\u00a0\u00bb border_color_all=\u00a0\u00bb#d2d0bb\u00a0\u00bb global_colors_info=\u00a0\u00bb{}\u00a0\u00bb]<\/p>\n<p style=\"text-align: center;\">Chirurgie des Cancers Cutan\u00e9s<\/p>\n<p>[\/et_pb_text][\/et_pb_column][\/et_pb_row][\/et_pb_section]<\/p>\n","protected":false},"excerpt":{"rendered":"<p>Le Service d\u2019ORL et de Chirurgie Cervico-Faciale a d\u00e9velopp\u00e9 depuis plusieurs ann\u00e9es un environnement unique ou les p\u00f4les d\u2019expertise fleurissent. Dans ce mod\u00e8le, nos \u00ab\u00a0sur-sp\u00e9cialistes\u00a0\u00bb ORL consacrent beaucoup de temps \u00e0 la recherche et aux soins des patients dans leur domaine de sur-sp\u00e9cialisation. La cr\u00e9ation de ces p\u00f4les d\u2019expertise a renforc\u00e9 l\u2019Oto-Rhino-Laryngologie au sein du [&hellip;]<\/p>\n","protected":false},"author":1,"featured_media":0,"parent":0,"menu_order":0,"comment_status":"closed","ping_status":"open","template":"","meta":{"_et_pb_use_builder":"on","_et_pb_old_content":"<div class=\"node-desc\">\n<div class=\"node-desc\">[spacer size=\"20\"][divider top=\"0\"]\n\n[spacer size=\"20\"]\n\n<\/div>\n<div class=\"node-desc\">Les Service d'ORL et de Chirurgie Cervico-Faciale a d\u00e9velopp\u00e9 depuis plusieurs ann\u00e9es un environnement unique ou les p\u00f4les d'expertise fleurissent.<\/div>\n<div class=\"node-desc\">Dans ce mod\u00e8le, nos \"sur-sp\u00e9cialistes\" ORL consacrent beaucoup de temps \u00e0 la recherche et aux soins des patients dans leur domaine de sur-sp\u00e9cialisation.<\/div>\n<div class=\"node-desc\">La cr\u00e9ation de ces p\u00f4les d'expertise a renforc\u00e9 l'Oto-Rhino-Laryngologie au sein du CHU de Caen et a facilit\u00e9 la r\u00e9ussite de nos missions.<\/div>\n<div class=\"node-desc\"><span style=\"color: #ffffff;\">.<\/span><\/div>\n<div class=\"node-desc\"><span style=\"color: #ffffff;\">.<\/span><\/div>\n<div class=\"node-desc\">[heading style=\"1\" size=\"Medium\" align=\"left\"]<a href=\"http:\/\/orl-chu-caen.fr\/?page_id=471%20\">Pathologie ORL g\u00e9n\u00e9rale\/Chirurgie Face et Cou<\/a>[\/heading]<\/div>\n<div class=\"node-desc\">\n<div class=\"node-desc\">&nbsp;<\/div>\n<div class=\"node-desc\">[heading style=\"1\" size=\"Medium\" align=\"left\"]<a href=\"http:\/\/orl-chu-caen.fr\/?page_id=769\">Otologie et Implantation Cochl\u00e9aire<\/a>[\/heading]<\/div>\n<div class=\"node-desc\">&nbsp;<\/div>\n<div class=\"node-desc\">[heading style=\"1\" size=\"Medium\" align=\"left\"]<a href=\"http:\/\/orl-chu-caen.fr\/?page_id=738\">Canc\u00e9rologie et Glandes Salivaires<\/a>[\/heading]<\/div>\n<div class=\"node-desc\">&nbsp;<\/div>\n<div class=\"node-desc\">[heading style=\"1\" size=\"Medium\" align=\"left\"]<a href=\"http:\/\/orl-chu-caen.fr\/?page_id=750\">Thyro\u00efdes et Parathyro\u00efdes<\/a>[\/heading]<\/div>\n<div class=\"node-desc\">&nbsp;<\/div>\n<div class=\"node-desc\">\n<div class=\"node-desc\">[heading style=\"1\" size=\"Medium\" align=\"left\"]<a href=\"http:\/\/orl-chu-caen.fr\/?page_id=2676\">Chirurgie des Cordes Vocales et D\u00e9glutition<\/a>[\/heading]<\/div>\n<\/div>\n<div class=\"node-desc\">&nbsp;<\/div>\n<div class=\"node-desc\">\n<div class=\"node-desc\">[heading style=\"1\" size=\"Medium\" align=\"left\"]<a href=\"http:\/\/orl-chu-caen.fr\/?page_id=773\">Chirurgie des Sinus <\/a>[\/heading]<\/div>\n<div class=\"node-desc\">&nbsp;<\/div>\n<div class=\"node-desc\">\n<div class=\"node-desc\">&nbsp;[heading style=\"1\" size=\"Medium\" align=\"left\"]<a href=\"http:\/\/orl-chu-caen.fr\/?page_id=2391\">Chirurgie&nbsp; de la Pyramide Nasale (Rhinoplastie)<\/a>[\/heading]\n<div class=\"node-desc\">\n<div class=\"node-desc\">&nbsp;<\/div>\n<\/div>\n<\/div>\n<div class=\"node-desc\">[heading style=\"1\" size=\"Medium\" align=\"left\"]<a href=\"http:\/\/orl-chu-caen.fr\/?page_id=771\">Chirurgie de la Base du Cr\u00e2ne<\/a>[\/heading]<\/div>\n<div class=\"node-desc\">&nbsp;<\/div>\n<div class=\"node-desc\">[heading style=\"1\" size=\"Medium\" align=\"left\"]<a href=\"http:\/\/orl-chu-caen.fr\/?page_id=775\">Cancers Cutan\u00e9s et Chirurgie R\u00e9paratrice des Cancers<\/a>[\/heading]<\/div>\n<\/div>\n<\/div>\n<div class=\"node-desc\">&nbsp;<\/div>\n<\/div>\n<\/div>\n<div class=\"node-desc\">&nbsp;<\/div>\n&nbsp;\n<div class=\"node-desc\">&nbsp;<\/div>","_et_gb_content_width":"","ngg_post_thumbnail":0,"footnotes":""},"aioseo_notices":[],"_links":{"self":[{"href":"https:\/\/orl-chu-caen.fr\/index.php?rest_route=\/wp\/v2\/pages\/729"}],"collection":[{"href":"https:\/\/orl-chu-caen.fr\/index.php?rest_route=\/wp\/v2\/pages"}],"about":[{"href":"https:\/\/orl-chu-caen.fr\/index.php?rest_route=\/wp\/v2\/types\/page"}],"author":[{"embeddable":true,"href":"https:\/\/orl-chu-caen.fr\/index.php?rest_route=\/wp\/v2\/users\/1"}],"replies":[{"embeddable":true,"href":"https:\/\/orl-chu-caen.fr\/index.php?rest_route=%2Fwp%2Fv2%2Fcomments&post=729"}],"version-history":[{"count":52,"href":"https:\/\/orl-chu-caen.fr\/index.php?rest_route=\/wp\/v2\/pages\/729\/revisions"}],"predecessor-version":[{"id":6062,"href":"https:\/\/orl-chu-caen.fr\/index.php?rest_route=\/wp\/v2\/pages\/729\/revisions\/6062"}],"wp:attachment":[{"href":"https:\/\/orl-chu-caen.fr\/index.php?rest_route=%2Fwp%2Fv2%2Fmedia&parent=729"}],"curies":[{"name":"wp","href":"https:\/\/api.w.org\/{rel}","templated":true}]}}