{"id":71,"date":"2014-07-20T15:55:53","date_gmt":"2014-07-20T15:55:53","guid":{"rendered":"http:\/\/orl-chu-caen.fr\/?page_id=71"},"modified":"2024-07-27T23:37:58","modified_gmt":"2024-07-27T21:37:58","slug":"unite-inserm-u1075-comete","status":"publish","type":"page","link":"https:\/\/orl-chu-caen.fr\/?page_id=71","title":{"rendered":"UNITE INSERM U1075 COMETE"},"content":{"rendered":"<p>[et_pb_section fb_built=\u00a0\u00bb1&Prime; fullwidth=\u00a0\u00bbon\u00a0\u00bb theme_builder_area=\u00a0\u00bbpost_content\u00a0\u00bb _builder_version=\u00a0\u00bb4.24.2&Prime; _module_preset=\u00a0\u00bbdefault\u00a0\u00bb][et_pb_fullwidth_header title=\u00a0\u00bbINSERM U1075 COMETE\u00a0\u00bb _builder_version=\u00a0\u00bb4.24.2&Prime; _module_preset=\u00a0\u00bbdefault\u00a0\u00bb theme_builder_area=\u00a0\u00bbpost_content\u00a0\u00bb subhead=\u00a0\u00bbMobilit\u00e9s: Vieillissement, Pathologie, Sant\u00e9\u00a0\u00bb background_color=\u00a0\u00bb#17547a\u00a0\u00bb hover_enabled=\u00a0\u00bb0&Prime; sticky_enabled=\u00a0\u00bb0&Prime; title_font=\u00a0\u00bbAbel||||||||\u00a0\u00bb title_text_align=\u00a0\u00bbcenter\u00a0\u00bb title_font_size=\u00a0\u00bb38px\u00a0\u00bb content_font=\u00a0\u00bbAbel||||||||\u00a0\u00bb content_text_align=\u00a0\u00bbcenter\u00a0\u00bb content_font_size=\u00a0\u00bb25px\u00a0\u00bb subhead_text_align=\u00a0\u00bbcenter\u00a0\u00bb subhead_font=\u00a0\u00bbAbel||||||||\u00a0\u00bb subhead_font_size=\u00a0\u00bb29px\u00a0\u00bb custom_padding=\u00a0\u00bb||45px|||\u00a0\u00bb]<\/p>\n<p>&nbsp;<\/p>\n<p>&nbsp;<\/p>\n<p>[\/et_pb_fullwidth_header][\/et_pb_section][et_pb_section fb_built=\u00a0\u00bb1&Prime; admin_label=\u00a0\u00bbsection\u00a0\u00bb _builder_version=\u00a0\u00bb4.16&Prime; global_colors_info=\u00a0\u00bb{}\u00a0\u00bb min_height=\u00a0\u00bb814.2px\u00a0\u00bb][et_pb_row admin_label=\u00a0\u00bbrow\u00a0\u00bb _builder_version=\u00a0\u00bb4.16&Prime; background_size=\u00a0\u00bbinitial\u00a0\u00bb background_position=\u00a0\u00bbtop_left\u00a0\u00bb background_repeat=\u00a0\u00bbrepeat\u00a0\u00bb global_colors_info=\u00a0\u00bb{}\u00a0\u00bb][et_pb_column type=\u00a0\u00bb4_4&Prime; _builder_version=\u00a0\u00bb4.16&Prime; custom_padding=\u00a0\u00bb|||\u00a0\u00bb global_colors_info=\u00a0\u00bb{}\u00a0\u00bb custom_padding__hover=\u00a0\u00bb|||\u00a0\u00bb][et_pb_text admin_label=\u00a0\u00bbText\u00a0\u00bb _builder_version=\u00a0\u00bb4.16&Prime; background_size=\u00a0\u00bbinitial\u00a0\u00bb background_position=\u00a0\u00bbtop_left\u00a0\u00bb background_repeat=\u00a0\u00bbrepeat\u00a0\u00bb global_colors_info=\u00a0\u00bb{}\u00a0\u00bb]<\/p>\n<h2>Pr\u00e9sentation<\/h2>\n<p>L&rsquo;objectif de l&rsquo;unit\u00e9 <a href=\"https:\/\/comete.unicaen.fr\/\">INSERM U1075 COMETE <\/a>est l&rsquo;\u00e9tude des processus cognitifs intervenant dans les mobilit\u00e9s (et tout particuli\u00e8rement l&rsquo;attention et l&rsquo;orientation dont les dysfonctionnements sont impliqu\u00e9s dans la majorit\u00e9 des accidents li\u00e9s aux d\u00e9placements) ainsi que leurs facteurs de variation temporelle. Le programme de cette unit\u00e9 est organis\u00e9 en 3 axes\u00a0compl\u00e9mentaires. Deux\u00a0concernent chacun un type de mobilit\u00e9\u00a0&#8211; les d\u00e9placements routiers et la d\u00e9ambulation (en pratique, les chutes) &#8211; et le troisi\u00e8me, un mod\u00e8le de mobilit\u00e9, l&rsquo;oculomotricit\u00e9.<\/p>\n<p>Ainsi dans le domaine de la conduite automobile, les recherches \u00e9valuent le r\u00f4le accidentog\u00e8ne de certains m\u00e9dicaments ou d&rsquo;alt\u00e9rations du sommeil pour expliquer leurs effets en termes d&rsquo;alt\u00e9ration de composantes attentionnelles ou de processus d\u00e9cisionnels. L&rsquo;effet du vieillissement et de facteurs chronobiologiques sur la conduite automobile fait \u00e9galement l&rsquo;objet de plusieurs \u00e9tudes\u00a0; dans ce cadre,\u00a0 les recherches de l&rsquo;unit\u00e9 on montr\u00e9es l&rsquo;int\u00e9r\u00eat de l&rsquo;activit\u00e9 physique r\u00e9guli\u00e8re dans l&rsquo;am\u00e9lioration des rythmes circadiens, de la qualit\u00e9 du sommeil et des performances en conduite automobile. Les \u00e9tudes portant sur l&rsquo;oculomotricit\u00e9 se sont surtout attach\u00e9es \u00e0 \u00e9valuer l&rsquo;attention et l&rsquo;orientation spatiales ainsi que les m\u00e9canismes pr\u00e9dictifs.<\/p>\n<p>Ces recherches visent \u00e9galement \u00e0 d\u00e9velopper des techniques et des outils (mat\u00e9riels et logiciels) sp\u00e9cifiquement adapt\u00e9s \u00e0 notre projet scientifique, notamment en simulation de conduite, oculom\u00e9trie, vestibulom\u00e9trie et chronobiologie.<\/p>\n<p>&nbsp;<\/p>\n<h2>Savoir-faire et applications \u00e9conomiques et industrielles<\/h2>\n<p>Utilisation de la r\u00e9alit\u00e9 virtuelle et de la simulation de conduite en neuropsychologie. Analyse des mouvements oculaires, analyse du mouvement. Neuroanatomie fonctionnelle des processus ex\u00e9cutifs et attentionnels (vieillissement, maladie de parkinson, maladie d&rsquo;Alzheimer, scl\u00e9rose en plaques). Neuropharmacologie clinique.<\/p>\n<p>&nbsp;<\/p>\n<h2>\u00c9quipements<\/h2>\n<ul>\n<li>Oculom\u00e8tre 3D et stimulateurs visio-vestibulaires<\/li>\n<li>Syst\u00e8me d&rsquo;analyse du mouvement<\/li>\n<li>Syst\u00e8me de r\u00e9alit\u00e9 virtuelle<\/li>\n<li>Tests neuropsychologiques informatis\u00e9s<\/li>\n<li>Simulateur de conduite automobile<\/li>\n<li>Poste d&rsquo;\u00e9lectrophysiologie animale<\/li>\n<li>Locaux habilit\u00e9s pour la recherche biom\u00e9dicale<\/li>\n<\/ul>\n<h2>Partenariats<\/h2>\n<ul>\n<li>Institut fran\u00e7ais des sciences et technologies des transports, de l&rsquo;am\u00e9nagement et des r\u00e9seaux (IFSTTAR)<\/li>\n<li>Centre National d&rsquo;\u00e9tudes Spatiales (CNES)<\/li>\n<li>Starnav<\/li>\n<\/ul>\n<h4><a href=\"https:\/\/comete.unicaen.fr\/\">Pour acc\u00e9der au site internet de l&rsquo;unit\u00e9 INSERM 1075: cliquez ici<\/a><\/h4>\n<p>[\/et_pb_text][\/et_pb_column][\/et_pb_row][\/et_pb_section]<\/p>\n","protected":false},"excerpt":{"rendered":"<p>&nbsp; &nbsp;Pr\u00e9sentation L&rsquo;objectif de l&rsquo;unit\u00e9 INSERM U1075 COMETE est l&rsquo;\u00e9tude des processus cognitifs intervenant dans les mobilit\u00e9s (et tout particuli\u00e8rement l&rsquo;attention et l&rsquo;orientation dont les dysfonctionnements sont impliqu\u00e9s dans la majorit\u00e9 des accidents li\u00e9s aux d\u00e9placements) ainsi que leurs facteurs de variation temporelle. Le programme de cette unit\u00e9 est organis\u00e9 en 3 axes\u00a0compl\u00e9mentaires. Deux\u00a0concernent chacun [&hellip;]<\/p>\n","protected":false},"author":1,"featured_media":0,"parent":38,"menu_order":1,"comment_status":"closed","ping_status":"open","template":"","meta":{"_et_pb_use_builder":"on","_et_pb_old_content":"<h2>Pr\u00e9sentation<\/h2>\r\nL'objectif de l'unit\u00e9 <a href=\"http:\/\/www.comete-u1075.fr\/fr\/l-unite-en-bref\">INSERM U1075 COMETE <\/a>est l'\u00e9tude des processus cognitifs intervenant dans les mobilit\u00e9s (et tout particuli\u00e8rement l'attention et l'orientation dont les dysfonctionnements sont impliqu\u00e9s dans la majorit\u00e9 des accidents li\u00e9s aux d\u00e9placements) ainsi que leurs facteurs de variation temporelle. Le programme de cette unit\u00e9 est organis\u00e9 en 3 axes\u00a0compl\u00e9mentaires. Deux\u00a0concernent chacun un type de mobilit\u00e9\u00a0- les d\u00e9placements routiers et la d\u00e9ambulation (en pratique, les chutes) - et le troisi\u00e8me, un mod\u00e8le de mobilit\u00e9, l'oculomotricit\u00e9.\r\n\r\nAinsi dans le domaine de la conduite automobile, les recherches \u00e9valuent le r\u00f4le accidentog\u00e8ne de certains m\u00e9dicaments ou d'alt\u00e9rations du sommeil pour expliquer leurs effets en termes d'alt\u00e9ration de composantes attentionnelles ou de processus d\u00e9cisionnels. L'effet du vieillissement et de facteurs chronobiologiques sur la conduite automobile fait \u00e9galement l'objet de plusieurs \u00e9tudes\u00a0; dans ce cadre,\u00a0 les recherches de l'unit\u00e9 on montr\u00e9es l'int\u00e9r\u00eat de l'activit\u00e9 physique r\u00e9guli\u00e8re dans l'am\u00e9lioration des rythmes circadiens, de la qualit\u00e9 du sommeil et des performances en conduite automobile. Les \u00e9tudes portant sur l'oculomotricit\u00e9 se sont surtout attach\u00e9es \u00e0 \u00e9valuer l'attention et l'orientation spatiales ainsi que les m\u00e9canismes pr\u00e9dictifs.\r\n\r\nCes recherches visent \u00e9galement \u00e0 d\u00e9velopper des techniques et des outils (mat\u00e9riels et logiciels) sp\u00e9cifiquement adapt\u00e9s \u00e0 notre projet scientifique, notamment en simulation de conduite, oculom\u00e9trie, vestibulom\u00e9trie et chronobiologie.\r\n\r\n&nbsp;\r\n<h2>Savoir-faire et applications \u00e9conomiques et industrielles<\/h2>\r\nUtilisation de la r\u00e9alit\u00e9 virtuelle et de la simulation de conduite en neuropsychologie. Analyse des mouvements oculaires, analyse du mouvement. Neuroanatomie fonctionnelle des processus ex\u00e9cutifs et attentionnels (vieillissement, maladie de parkinson, maladie d'Alzheimer, scl\u00e9rose en plaques). Neuropharmacologie clinique.\r\n\r\n&nbsp;\r\n<h2>\u00c9quipements<\/h2>\r\n<ul>\r\n\t<li>Oculom\u00e8tre 3D et stimulateurs visio-vestibulaires<\/li>\r\n\t<li>Syst\u00e8me d'analyse du mouvement<\/li>\r\n\t<li>Syst\u00e8me de r\u00e9alit\u00e9 virtuelle<\/li>\r\n\t<li>Tests neuropsychologiques informatis\u00e9s<\/li>\r\n\t<li>Simulateur de conduite automobile<\/li>\r\n\t<li>Poste d'\u00e9lectrophysiologie animale<\/li>\r\n\t<li>Locaux habilit\u00e9s pour la recherche biom\u00e9dicale<\/li>\r\n<\/ul>\r\n<h2>Partenariats<\/h2>\r\n<ul>\r\n\t<li>Institut fran\u00e7ais des sciences et technologies des transports, de l'am\u00e9nagement et des r\u00e9seaux (IFSTTAR)<\/li>\r\n\t<li>Centre National d'\u00e9tudes Spatiales (CNES)<\/li>\r\n\t<li>Starnav<\/li>\r\n<\/ul>\r\n<h4>Pour acc\u00e9der au site internet de l'unit\u00e9 INSERM 1075: <a href=\"http:\/\/www.comete-u1075.fr\/fr\/\">cliquez ici<\/a><\/h4>","_et_gb_content_width":"","ngg_post_thumbnail":0,"footnotes":""},"aioseo_notices":[],"_links":{"self":[{"href":"https:\/\/orl-chu-caen.fr\/index.php?rest_route=\/wp\/v2\/pages\/71"}],"collection":[{"href":"https:\/\/orl-chu-caen.fr\/index.php?rest_route=\/wp\/v2\/pages"}],"about":[{"href":"https:\/\/orl-chu-caen.fr\/index.php?rest_route=\/wp\/v2\/types\/page"}],"author":[{"embeddable":true,"href":"https:\/\/orl-chu-caen.fr\/index.php?rest_route=\/wp\/v2\/users\/1"}],"replies":[{"embeddable":true,"href":"https:\/\/orl-chu-caen.fr\/index.php?rest_route=%2Fwp%2Fv2%2Fcomments&post=71"}],"version-history":[{"count":9,"href":"https:\/\/orl-chu-caen.fr\/index.php?rest_route=\/wp\/v2\/pages\/71\/revisions"}],"predecessor-version":[{"id":5398,"href":"https:\/\/orl-chu-caen.fr\/index.php?rest_route=\/wp\/v2\/pages\/71\/revisions\/5398"}],"up":[{"embeddable":true,"href":"https:\/\/orl-chu-caen.fr\/index.php?rest_route=\/wp\/v2\/pages\/38"}],"wp:attachment":[{"href":"https:\/\/orl-chu-caen.fr\/index.php?rest_route=%2Fwp%2Fv2%2Fmedia&parent=71"}],"curies":[{"name":"wp","href":"https:\/\/api.w.org\/{rel}","templated":true}]}}