{"id":698,"date":"2014-08-03T17:07:27","date_gmt":"2014-08-03T15:07:27","guid":{"rendered":"http:\/\/orl-chu-caen.fr\/?page_id=698"},"modified":"2019-11-13T23:38:26","modified_gmt":"2019-11-13T21:38:26","slug":"les-cadres-de-sante","status":"publish","type":"page","link":"https:\/\/orl-chu-caen.fr\/?page_id=698","title":{"rendered":"LES CADRES DE SANTE"},"content":{"rendered":"<div class=\"orange gras pbas\">[heading style=\u00a0\u00bb1&Prime; size=\u00a0\u00bbMedium\u00a0\u00bb align=\u00a0\u00bbleft\u00a0\u00bb]Cadre sup\u00e9rieur de sant\u00e9[\/heading]<\/div>\n<div class=\"ptexte pbas\"><strong>Zouba KEBAILI<\/strong> &#8211; Cadre de p\u00f4le Chirurgie<br \/>\nT\u00e9l. : 02.31.27.23.17<br \/>\nCourriel : kebaili-z@chu-caen.fr<\/div>\n<div class=\"ptexte pbas\">&nbsp;<\/div>\n<div class=\"ptexte pbas\"><span style=\"color: #ffffff;\">.<\/span><\/div>\n<div class=\"orange gras pbas\">[heading style=\u00a0\u00bb1&Prime; size=\u00a0\u00bbMedium\u00a0\u00bb align=\u00a0\u00bbleft\u00a0\u00bb]Cadres de sant\u00e9[\/heading]<\/div>\n<div class=\"ptexte pbas\"><strong>Sandrine ORTEGA <\/strong>&#8211; Unit\u00e9 14-40 &#8211; consultations externes<br \/>\nT\u00e9l. : 02.31.06.57.59<br \/>\nCourriel : ortega-s@chu-caen.fr<\/div>\n<div class=\"ptexte pbas\">&nbsp;<\/div>\n<div class=\"ptexte pbas\"><span style=\"color: #ffffff;\">.<\/span><\/div>\n<div class=\"ptexte pbas\">\n<div class=\"ptexte pbas\"><strong>St\u00e9phanie THOURON<\/strong> &#8211; Unit\u00e9 15-10 &#8211; hospitalisation conventionnelle<br \/>\nT\u00e9l. : 02.31.06.31.58<br \/>\nCourriel : thouron-s@chu-caen.fr<\/div>\n<div class=\"ptexte pbas\">&nbsp;<\/div>\n<div class=\"ptexte pbas\"><span style=\"color: #ffffff;\">.<\/span><\/div>\n<\/div>\n<div class=\"ptexte pbas\"><strong>Sandrine SAUMON<\/strong> &#8211; Unit\u00e9 15-20 &#8211; hospitalisation de semaine<br \/>\nT\u00e9l. : 02.31.06.30.85<br \/>\nCourriel : saumon-s@chu-caen.fr<\/div>\n<div class=\"ptexte pbas\">&nbsp;<\/div>\n<div class=\"ptexte pbas\"><span style=\"color: #ffffff;\">.<\/span><\/div>\n<div class=\"ptexte pbas\"><strong>V\u00e9ronique LENOIR<\/strong> &#8211; Unit\u00e9 14-30 &#8211; bloc op\u00e9ratoire<br \/>\nT\u00e9l. : 02.31.06.45.18<br \/>\nCourriel : lenoir-v@chu-caen.fr<\/div>\n<div class=\"ptexte pbas\">&nbsp;<\/div>\n","protected":false},"excerpt":{"rendered":"<p>[heading style=\u00a0\u00bb1&Prime; size=\u00a0\u00bbMedium\u00a0\u00bb align=\u00a0\u00bbleft\u00a0\u00bb]Cadre sup\u00e9rieur de sant\u00e9[\/heading] Zouba KEBAILI &#8211; Cadre de p\u00f4le Chirurgie T\u00e9l. : 02.31.27.23.17 Courriel : kebaili-z@chu-caen.fr &nbsp; . [heading style=\u00a0\u00bb1&Prime; size=\u00a0\u00bbMedium\u00a0\u00bb align=\u00a0\u00bbleft\u00a0\u00bb]Cadres de sant\u00e9[\/heading] Sandrine ORTEGA &#8211; Unit\u00e9 14-40 &#8211; consultations externes T\u00e9l. : 02.31.06.57.59 Courriel : ortega-s@chu-caen.fr &nbsp; . St\u00e9phanie THOURON &#8211; Unit\u00e9 15-10 &#8211; hospitalisation conventionnelle T\u00e9l. : 02.31.06.31.58 [&hellip;]<\/p>\n","protected":false},"author":1,"featured_media":0,"parent":245,"menu_order":0,"comment_status":"closed","ping_status":"open","template":"","meta":{"_et_pb_use_builder":"","_et_pb_old_content":"","_et_gb_content_width":"","ngg_post_thumbnail":0,"footnotes":""},"aioseo_notices":[],"_links":{"self":[{"href":"https:\/\/orl-chu-caen.fr\/index.php?rest_route=\/wp\/v2\/pages\/698"}],"collection":[{"href":"https:\/\/orl-chu-caen.fr\/index.php?rest_route=\/wp\/v2\/pages"}],"about":[{"href":"https:\/\/orl-chu-caen.fr\/index.php?rest_route=\/wp\/v2\/types\/page"}],"author":[{"embeddable":true,"href":"https:\/\/orl-chu-caen.fr\/index.php?rest_route=\/wp\/v2\/users\/1"}],"replies":[{"embeddable":true,"href":"https:\/\/orl-chu-caen.fr\/index.php?rest_route=%2Fwp%2Fv2%2Fcomments&post=698"}],"version-history":[{"count":19,"href":"https:\/\/orl-chu-caen.fr\/index.php?rest_route=\/wp\/v2\/pages\/698\/revisions"}],"predecessor-version":[{"id":3081,"href":"https:\/\/orl-chu-caen.fr\/index.php?rest_route=\/wp\/v2\/pages\/698\/revisions\/3081"}],"up":[{"embeddable":true,"href":"https:\/\/orl-chu-caen.fr\/index.php?rest_route=\/wp\/v2\/pages\/245"}],"wp:attachment":[{"href":"https:\/\/orl-chu-caen.fr\/index.php?rest_route=%2Fwp%2Fv2%2Fmedia&parent=698"}],"curies":[{"name":"wp","href":"https:\/\/api.w.org\/{rel}","templated":true}]}}