{"id":69,"date":"2014-07-20T15:55:07","date_gmt":"2014-07-20T15:55:07","guid":{"rendered":"http:\/\/orl-chu-caen.fr\/?page_id=69"},"modified":"2016-05-03T14:07:41","modified_gmt":"2016-05-03T12:07:41","slug":"service-danatomie","status":"publish","type":"page","link":"https:\/\/orl-chu-caen.fr\/?page_id=69","title":{"rendered":"LABORATOIRE D&rsquo;ANATOMIE"},"content":{"rendered":"<h2 style=\"text-align: justify;\">Pr\u00e9sentation<\/h2>\n<p style=\"text-align: justify;\">Le <a href=\"http:\/\/ecole-de-chirurgie.fr\/?page_id=32\">Laboratoire d&rsquo;Anatomie de l&rsquo;Universit\u00e9 de Caen<\/a>, dirig\u00e9 par le Pr MOREAU, a pour vocation l&rsquo;enseignement de l&rsquo;Anatomie Humaine aux \u00e9tudiants en m\u00e9decine de la Facult\u00e9 de M\u00e9decine de Caen. Il permet aussi la formation des internes et m\u00e9decins du CHU de Caen \u00e0 travers la dissection de sp\u00e9cimens anatomiques.<\/p>\n<p style=\"text-align: justify;\">Le Laboratoire organise le <a href=\"http:\/\/www.unicaen.fr\/formations\/diplome-d-universite-micro-chirurgie-388587.kjsp?RH=1272442702973\">Dipl\u00f4me Universitaire de Microchirurgie<\/a>, enseignant les techniques de micro-anastomoses nerveuses et vasculaires sous microscopie optique.<\/p>\n<p style=\"text-align: justify;\"><span style=\"color: #ffffff;\">.<\/span><\/p>\n<h2 style=\"text-align: justify;\">Installations<\/h2>\n<p style=\"text-align: justify;\">Le laboratoire comprend:<\/p>\n<p style=\"text-align: justify;\">Une salle de dissection permet le travail sur sp\u00e9cimens anatomiques lors de s\u00e9ances de travaux dirig\u00e9s (TD) des \u00e9tudiants en m\u00e9decine.<\/p>\n<p style=\"text-align: justify;\">Une Unit\u00e9 de Microscopie pour la Microchirurgie, l&rsquo;otologie et la chirurgie de l&rsquo;os temporal et de la base du cr\u00e2ne.<\/p>\n<p style=\"text-align: justify;\">Une Unit\u00e9 d\u2019endoscopie pour la chirurgie endonasale et endoscopique de la base du cr\u00e2ne.<\/p>\n<p>&nbsp;<\/p>\n<p>Pour\u00a0plus d&rsquo;informations <a href=\"http:\/\/ecole-de-chirurgie.fr\/?page_id=109\">cliquez sur ce lien\u00a0<\/a><\/p>\n<h2>Contact<\/h2>\n<p>Laboratoire d&rsquo;Anatomie<\/p>\n<p>Facult\u00e9 de M\u00e9decine<\/p>\n<p>Avenue de la c\u00f4te de nacre<\/p>\n<p>14033 Caen Cedex 9<\/p>\n<p>02.31.06.82.09<\/p>\n<p><a href=\"http:\/\/www.ecole-de-chirurgie.fr\">www.ecole-de-chirurgie.fr<\/a><\/p>\n<p>medecine.anatomie@unicaen.fr<\/p>\n<p>&nbsp;<\/p>\n","protected":false},"excerpt":{"rendered":"<p>Pr\u00e9sentation Le Laboratoire d&rsquo;Anatomie de l&rsquo;Universit\u00e9 de Caen, dirig\u00e9 par le Pr MOREAU, a pour vocation l&rsquo;enseignement de l&rsquo;Anatomie Humaine aux \u00e9tudiants en m\u00e9decine de la Facult\u00e9 de M\u00e9decine de Caen. Il permet aussi la formation des internes et m\u00e9decins du CHU de Caen \u00e0 travers la dissection de sp\u00e9cimens anatomiques. Le Laboratoire organise le [&hellip;]<\/p>\n","protected":false},"author":1,"featured_media":0,"parent":38,"menu_order":0,"comment_status":"closed","ping_status":"open","template":"","meta":{"_et_pb_use_builder":"","_et_pb_old_content":"","_et_gb_content_width":"","ngg_post_thumbnail":0,"footnotes":""},"aioseo_notices":[],"_links":{"self":[{"href":"https:\/\/orl-chu-caen.fr\/index.php?rest_route=\/wp\/v2\/pages\/69"}],"collection":[{"href":"https:\/\/orl-chu-caen.fr\/index.php?rest_route=\/wp\/v2\/pages"}],"about":[{"href":"https:\/\/orl-chu-caen.fr\/index.php?rest_route=\/wp\/v2\/types\/page"}],"author":[{"embeddable":true,"href":"https:\/\/orl-chu-caen.fr\/index.php?rest_route=\/wp\/v2\/users\/1"}],"replies":[{"embeddable":true,"href":"https:\/\/orl-chu-caen.fr\/index.php?rest_route=%2Fwp%2Fv2%2Fcomments&post=69"}],"version-history":[{"count":14,"href":"https:\/\/orl-chu-caen.fr\/index.php?rest_route=\/wp\/v2\/pages\/69\/revisions"}],"predecessor-version":[{"id":1785,"href":"https:\/\/orl-chu-caen.fr\/index.php?rest_route=\/wp\/v2\/pages\/69\/revisions\/1785"}],"up":[{"embeddable":true,"href":"https:\/\/orl-chu-caen.fr\/index.php?rest_route=\/wp\/v2\/pages\/38"}],"wp:attachment":[{"href":"https:\/\/orl-chu-caen.fr\/index.php?rest_route=%2Fwp%2Fv2%2Fmedia&parent=69"}],"curies":[{"name":"wp","href":"https:\/\/api.w.org\/{rel}","templated":true}]}}