{"id":649,"date":"2014-08-03T13:55:14","date_gmt":"2014-08-03T11:55:14","guid":{"rendered":"http:\/\/orl-chu-caen.fr\/?page_id=649"},"modified":"2019-01-31T23:39:14","modified_gmt":"2019-01-31T21:39:14","slug":"mentions-legales","status":"publish","type":"page","link":"https:\/\/orl-chu-caen.fr\/?page_id=649","title":{"rendered":"MENTIONS LEGALES"},"content":{"rendered":"<p>Vous \u00eates actuellement connect\u00e9 au site internet du Service ORL du CHU de Caen<\/p>\n<p>&nbsp;<\/p>\n<h2>Editeur du Site<\/h2>\n<p>GROUPE DE RECHERCHE ORL 14<br \/>\nService ORL \u2013 CHU de Caen<br \/>\nAv. de la c\u00f4te de nacre<br \/>\n14033 Caen Cedex 9<br \/>\nwww.orl-chu-caen.fr<\/p>\n<p>&nbsp;<\/p>\n<h2>H\u00e9bergement du Site<\/h2>\n<p>SAS OVH &#8211; http:\/\/www.ovh.com<br \/>\n2 rue Kellermann<br \/>\nBP 80157<br \/>\n59100 Roubaix<\/p>\n<p>&nbsp;<\/p>\n<h2>R\u00e9alisation<\/h2>\n<p>GROUPE DE RECHERCHE ORL 14<br \/>\nService ORL \u2013 CHU de Caen<br \/>\nAv. de la c\u00f4te de nacre<br \/>\n14033 Caen Cedex 9<br \/>\nwww.orl-chu-caen.fr<\/p>\n<p>&nbsp;<\/p>\n<p>&nbsp;<\/p>\n<h2>Responsables de la r\u00e9daction<\/h2>\n<p>Dr Vincent PATRON, Dr Martin HITIER, Pr Sylvain MOREAU<\/p>\n<p>&nbsp;<\/p>\n<h2>R\u00e9dacteurs<\/h2>\n<p>Dr Vincent PATRON, Dr Martin HITIER, Pr Sylvain MOREAU<\/p>\n<p>&nbsp;<\/p>\n<h2>R\u00e9dacteur associ\u00e9<\/h2>\n<p>Dr Laetitia ROBARD, Dr Marjorie LOAEC, Dr Laetitia PLISSON<\/p>\n<p><span style=\"color: #ffffff;\">.<\/span><\/p>\n<h2>Cr\u00e9dits photos<\/h2>\n<p>Service ORL du CHU de CAEN, CHU de Caen.<\/p>\n<p>&nbsp;<\/p>\n<h2>Cible vis\u00e9e<\/h2>\n<p>Grand public<br \/>\nProfessionnel de sant\u00e9<br \/>\nEtudiants<br \/>\nPersonnel de l\u2019\u00e9tablissement<\/p>\n<p>&nbsp;<\/p>\n<h2>Financement du site<\/h2>\n<p>Le site internet est financ\u00e9 enti\u00e8rement par le GROUPE DE RECHERCHE ORL 14.<br \/>\nLe site n\u2019accepte pas les publicit\u00e9s.<\/p>\n<p>&nbsp;<\/p>\n<h2>Utilisation des informations<\/h2>\n<p>Les informations figurant sur le site Service ORL du CHU de Caen sont destin\u00e9es \u00e0 compl\u00e9ter et \u00e0 encourager les relations entre patient et m\u00e9decin, et non \u00e0 les remplacer.<br \/>\nLes informations m\u00e9dicales et scientifiques donn\u00e9es ici ne sauraient constituer en aucun cas un diagnostic ou une indication th\u00e9rapeutique, que seul le m\u00e9decin peut \u00e9tablir, apr\u00e8s examen de votre cas particulier, lors d\u2019une consultation.<br \/>\nLe Service ORL du CHU de Caen rappelle que le contenu de son site Internet peut comporter des erreurs ou des oublis, et qu\u2019il est susceptible d\u2019\u00eatre modifi\u00e9 ou faire l\u2019objet d\u2019une mise \u00e0 jour. Les informations mises \u00e0 disposition n\u2019ont qu\u2019une valeur indicative et ne sauraient engager la responsabilit\u00e9 du Service ORL du CHU de Caen.<\/p>\n<p>&nbsp;<\/p>\n<h2>Utilisation du site<\/h2>\n<p>L\u2019utilisateur reconna\u00eet avoir \u00e9t\u00e9 inform\u00e9 que le site est accessible 7 jours\/7, 24 heures\/24, \u00e0 l\u2019exception des cas de force majeure, difficult\u00e9s techniques et\/ou de difficult\u00e9s informatiques.<br \/>\nService ORL du CHU de Caen pourra toutefois interrompre l\u2019acc\u00e8s au site \u00e0 sa discr\u00e9tion. Il ne saurait \u00eatre tenu pour responsable des dommages directs ou indirects, y compris l\u2019inaccessibilit\u00e9, les pertes de donn\u00e9es, d\u00e9t\u00e9rioration, destruction ou virus qui pourraient affecter l\u2019\u00e9quipement informatique de l\u2019utilisateur, et\/ou la pr\u00e9sence de virus sur son site.<\/p>\n<p>&nbsp;<\/p>\n<h2>Liens vers des sites ext\u00e9rieurs<\/h2>\n<p>Le site web du Service d\u2019ORL du CHU de Caen contient des liens vers des sites web g\u00e9r\u00e9s par des tiers. Ces liens vous sont propos\u00e9s pour \u00e9largir l\u2019offre informationnelle. Le Service d\u2019ORL du CHU de Caen n\u2019\u00e9tant pas l\u2019\u00e9diteur de ces sites, sa responsabilit\u00e9 ne saurait \u00eatre engag\u00e9e par le contenu de ces sites.<\/p>\n<p>&nbsp;<\/p>\n<h2>Conformit\u00e9 du site avec la recommandation de la CNIL<\/h2>\n<p>Les lois des 6 janvier 1978 et du 1er juillet 94 veillent \u00e0 ce que l\u2019informatique soit au service de chacun et ne porte atteinte ni \u00e0 l\u2019identit\u00e9 humaine, ni \u00e0 la vie priv\u00e9e, ni aux libert\u00e9s publiques ou individuelles. Le Service d\u2019ORL du CHU de Caen s\u2019engage \u00e0 respecter la recommandation du 8 mars 2001 de la Commission Nationale Informatique et Libert\u00e9 (CNIL), notamment en mati\u00e8re de protection des libert\u00e9s individuelles des internautes amen\u00e9s (e)s \u00e0 nous communiquer des informations personnelles.<br \/>\nPour en savoir plus, www.cnil.fr<\/p>\n<p>&nbsp;<\/p>\n","protected":false},"excerpt":{"rendered":"<p>Vous \u00eates actuellement connect\u00e9 au site internet du Service ORL du CHU de Caen &nbsp; Editeur du Site GROUPE DE RECHERCHE ORL 14 Service ORL \u2013 CHU de Caen Av. de la c\u00f4te de nacre 14033 Caen Cedex 9 www.orl-chu-caen.fr &nbsp; H\u00e9bergement du Site SAS OVH &#8211; http:\/\/www.ovh.com 2 rue Kellermann BP 80157 59100 Roubaix [&hellip;]<\/p>\n","protected":false},"author":1,"featured_media":0,"parent":0,"menu_order":0,"comment_status":"closed","ping_status":"open","template":"","meta":{"_et_pb_use_builder":"","_et_pb_old_content":"","_et_gb_content_width":"","ngg_post_thumbnail":0,"footnotes":""},"aioseo_notices":[],"_links":{"self":[{"href":"https:\/\/orl-chu-caen.fr\/index.php?rest_route=\/wp\/v2\/pages\/649"}],"collection":[{"href":"https:\/\/orl-chu-caen.fr\/index.php?rest_route=\/wp\/v2\/pages"}],"about":[{"href":"https:\/\/orl-chu-caen.fr\/index.php?rest_route=\/wp\/v2\/types\/page"}],"author":[{"embeddable":true,"href":"https:\/\/orl-chu-caen.fr\/index.php?rest_route=\/wp\/v2\/users\/1"}],"replies":[{"embeddable":true,"href":"https:\/\/orl-chu-caen.fr\/index.php?rest_route=%2Fwp%2Fv2%2Fcomments&post=649"}],"version-history":[{"count":8,"href":"https:\/\/orl-chu-caen.fr\/index.php?rest_route=\/wp\/v2\/pages\/649\/revisions"}],"predecessor-version":[{"id":3034,"href":"https:\/\/orl-chu-caen.fr\/index.php?rest_route=\/wp\/v2\/pages\/649\/revisions\/3034"}],"wp:attachment":[{"href":"https:\/\/orl-chu-caen.fr\/index.php?rest_route=%2Fwp%2Fv2%2Fmedia&parent=649"}],"curies":[{"name":"wp","href":"https:\/\/api.w.org\/{rel}","templated":true}]}}