{"id":6063,"date":"2024-08-17T08:58:24","date_gmt":"2024-08-17T06:58:24","guid":{"rendered":"https:\/\/orl-chu-caen.fr\/?page_id=6063"},"modified":"2025-11-20T22:33:58","modified_gmt":"2025-11-20T20:33:58","slug":"6063-2","status":"publish","type":"page","link":"https:\/\/orl-chu-caen.fr\/?page_id=6063","title":{"rendered":"Livre Chirurgie Endoscopique Endonasale new"},"content":{"rendered":"<p>[et_pb_section fb_built=\u00a0\u00bb1&Prime; fullwidth=\u00a0\u00bbon\u00a0\u00bb _builder_version=\u00a0\u00bb4.24.2&Prime; _module_preset=\u00a0\u00bbdefault\u00a0\u00bb global_colors_info=\u00a0\u00bb{}\u00a0\u00bb][et_pb_fullwidth_header _builder_version=\u00a0\u00bb4.24.2&Prime; _module_preset=\u00a0\u00bbdefault\u00a0\u00bb title_font=\u00a0\u00bbAdamina||||||||\u00a0\u00bb title_text_align=\u00a0\u00bbcenter\u00a0\u00bb title_text_color=\u00a0\u00bb#d2d0bb\u00a0\u00bb title_font_size=\u00a0\u00bb64px\u00a0\u00bb background_color=\u00a0\u00bb#6d8097&Prime; custom_padding=\u00a0\u00bb0px|||||\u00a0\u00bb global_colors_info=\u00a0\u00bb{}\u00a0\u00bb][\/et_pb_fullwidth_header][et_pb_fullwidth_header title=\u00a0\u00bbCours de Chirurgie Intensif ORL\u00a0\u00bb _builder_version=\u00a0\u00bb4.24.2&Prime; _module_preset=\u00a0\u00bbdefault\u00a0\u00bb title_font=\u00a0\u00bbAdamina||||||||\u00a0\u00bb title_text_align=\u00a0\u00bbcenter\u00a0\u00bb title_text_color=\u00a0\u00bb#d2d0bb\u00a0\u00bb title_font_size=\u00a0\u00bb64px\u00a0\u00bb background_color=\u00a0\u00bb#6d8097&Prime; global_colors_info=\u00a0\u00bb{}\u00a0\u00bb][\/et_pb_fullwidth_header][et_pb_fullwidth_header _builder_version=\u00a0\u00bb4.24.2&Prime; _module_preset=\u00a0\u00bbdefault\u00a0\u00bb title_font=\u00a0\u00bbAdamina||||||||\u00a0\u00bb title_text_align=\u00a0\u00bbcenter\u00a0\u00bb title_text_color=\u00a0\u00bb#d2d0bb\u00a0\u00bb title_font_size=\u00a0\u00bb64px\u00a0\u00bb background_color=\u00a0\u00bb#6d8097&Prime; custom_margin=\u00a0\u00bb||-77px|||\u00a0\u00bb global_colors_info=\u00a0\u00bb{}\u00a0\u00bb][\/et_pb_fullwidth_header][\/et_pb_section][et_pb_section fb_built=\u00a0\u00bb1&Prime; admin_label=\u00a0\u00bbAbout\u00a0\u00bb _builder_version=\u00a0\u00bb4.19.5&Prime; _module_preset=\u00a0\u00bbdefault\u00a0\u00bb background_color=\u00a0\u00bbgcid-9464c34f-f9ff-43eb-9668-c958662e33fc\u00a0\u00bb custom_padding=\u00a0\u00bb84px|||||\u00a0\u00bb locked=\u00a0\u00bboff\u00a0\u00bb collapsed=\u00a0\u00bbon\u00a0\u00bb global_colors_info=\u00a0\u00bb{%22gcid-9464c34f-f9ff-43eb-9668-c958662e33fc%22:%91%22background_color%22%93}\u00a0\u00bb][et_pb_row column_structure=\u00a0\u00bb1_2,1_2&Prime; make_equal=\u00a0\u00bbon\u00a0\u00bb _builder_version=\u00a0\u00bb4.19.5&Prime; _module_preset=\u00a0\u00bbdefault\u00a0\u00bb global_colors_info=\u00a0\u00bb{}\u00a0\u00bb][et_pb_column type=\u00a0\u00bb1_2&Prime; _builder_version=\u00a0\u00bb4.19.5&Prime; _module_preset=\u00a0\u00bbdefault\u00a0\u00bb global_colors_info=\u00a0\u00bb{}\u00a0\u00bb][et_pb_image src=\u00a0\u00bbhttps:\/\/orl-chu-caen.fr\/wp-content\/uploads\/2024\/02\/health-clinic-1.png\u00a0\u00bb title_text=\u00a0\u00bbhealth-clinic-1&Prime; _builder_version=\u00a0\u00bb4.19.5&Prime; _module_preset=\u00a0\u00bbdefault\u00a0\u00bb max_height=\u00a0\u00bb12px\u00a0\u00bb locked=\u00a0\u00bboff\u00a0\u00bb global_colors_info=\u00a0\u00bb{}\u00a0\u00bb][\/et_pb_image][et_pb_text _builder_version=\u00a0\u00bb4.19.5&Prime; _module_preset=\u00a0\u00bbd954f2a4-228d-497b-ba49-b6c5f47deb11&Prime; custom_margin=\u00a0\u00bb||10px||false|false\u00a0\u00bb global_colors_info=\u00a0\u00bb{}\u00a0\u00bb]<\/p>\n<h2>\u00a0\u00ab\u00a0Seul cours fran\u00e7ais de Chirurgie ORL 3 en 1 \u00ab\u00a0<\/h2>\n<p>[\/et_pb_text][et_pb_text _builder_version=\u00a0\u00bb4.24.2&Prime; _module_preset=\u00a0\u00bbdab7b382-b231-4189-94f0-fbf0b189a612&Prime; hover_enabled=\u00a0\u00bb0&Prime; border_width_all=\u00a0\u00bb18px\u00a0\u00bb border_color_all=\u00a0\u00bbRGBA(255,255,255,0)\u00a0\u00bb global_colors_info=\u00a0\u00bb{}\u00a0\u00bb sticky_enabled=\u00a0\u00bb0&Prime;]<\/p>\n<p data-start=\"229\" data-end=\"306\"><strong data-start=\"229\" data-end=\"306\">3 jours. 3 modules. 1 objectif : faire progresser votre geste op\u00e9ratoire.<\/strong><\/p>\n<p data-start=\"308\" data-end=\"504\">Venez travailler <strong data-start=\"325\" data-end=\"359\">au bloc\u2026 sans pression du bloc<\/strong> : sur pi\u00e8ces anatomiques, encadr\u00e9 par une \u00e9quipe ORL exp\u00e9riment\u00e9e, avec un focus concret sur les gestes que vous faites (ou ferez) au quotidien.<\/p>\n<p>[\/et_pb_text][\/et_pb_column][et_pb_column type=\u00a0\u00bb1_2&Prime; _builder_version=\u00a0\u00bb4.19.5&Prime; _module_preset=\u00a0\u00bbdefault\u00a0\u00bb global_colors_info=\u00a0\u00bb{}\u00a0\u00bb][et_pb_image src=\u00a0\u00bbhttps:\/\/orl-chu-caen.fr\/wp-content\/uploads\/2021\/08\/Image-LIVRE-3D-e1723802183665.png\u00a0\u00bb title_text=\u00a0\u00bbImage LIVRE 3D\u00a0\u00bb _builder_version=\u00a0\u00bb4.24.2&Prime; _module_preset=\u00a0\u00bbdefault\u00a0\u00bb min_height=\u00a0\u00bb885.8px\u00a0\u00bb custom_margin=\u00a0\u00bb||-1px|||\u00a0\u00bb custom_padding=\u00a0\u00bb|154px|0px|||\u00a0\u00bb border_radii=\u00a0\u00bbon|10px|10px|10px|10px\u00a0\u00bb border_width_all=\u00a0\u00bb20px\u00a0\u00bb border_color_all=\u00a0\u00bbRGBA(255,255,255,0)\u00a0\u00bb global_colors_info=\u00a0\u00bb{}\u00a0\u00bb][\/et_pb_image][et_pb_image src=\u00a0\u00bbhttps:\/\/orl-chu-caen.fr\/wp-content\/uploads\/2024\/04\/health-clinic-2.png\u00a0\u00bb title_text=\u00a0\u00bbhealth-clinic-2&Prime; _builder_version=\u00a0\u00bb4.19.5&Prime; _module_preset=\u00a0\u00bbdefault\u00a0\u00bb positioning=\u00a0\u00bbabsolute\u00a0\u00bb position_origin_a=\u00a0\u00bbtop_right\u00a0\u00bb vertical_offset=\u00a0\u00bb-8%\u00a0\u00bb horizontal_offset=\u00a0\u00bb-8%\u00a0\u00bb width=\u00a0\u00bb30%\u00a0\u00bb global_colors_info=\u00a0\u00bb{}\u00a0\u00bb][\/et_pb_image][\/et_pb_column][\/et_pb_row][et_pb_row column_structure=\u00a0\u00bb1_2,1_2&Prime; make_equal=\u00a0\u00bbon\u00a0\u00bb _builder_version=\u00a0\u00bb4.19.5&Prime; _module_preset=\u00a0\u00bbdefault\u00a0\u00bb global_colors_info=\u00a0\u00bb{}\u00a0\u00bb][et_pb_column type=\u00a0\u00bb1_2&Prime; _builder_version=\u00a0\u00bb4.19.5&Prime; _module_preset=\u00a0\u00bbdefault\u00a0\u00bb global_colors_info=\u00a0\u00bb{}\u00a0\u00bb][et_pb_image src=\u00a0\u00bbhttps:\/\/orl-chu-caen.fr\/wp-content\/uploads\/2021\/08\/Image.jpg\u00a0\u00bb title_text=\u00a0\u00bbImage\u00a0\u00bb _builder_version=\u00a0\u00bb4.24.2&Prime; _module_preset=\u00a0\u00bbdefault\u00a0\u00bb border_radii=\u00a0\u00bbon|10px|10px|10px|10px\u00a0\u00bb global_colors_info=\u00a0\u00bb{}\u00a0\u00bb][\/et_pb_image][\/et_pb_column][et_pb_column type=\u00a0\u00bb1_2&Prime; _builder_version=\u00a0\u00bb4.19.5&Prime; _module_preset=\u00a0\u00bbdefault\u00a0\u00bb global_colors_info=\u00a0\u00bb{}\u00a0\u00bb][et_pb_text _builder_version=\u00a0\u00bb4.24.2&Prime; _module_preset=\u00a0\u00bbdab7b382-b231-4189-94f0-fbf0b189a612&Prime; hover_enabled=\u00a0\u00bb0&Prime; locked=\u00a0\u00bboff\u00a0\u00bb global_colors_info=\u00a0\u00bb{}\u00a0\u00bb sticky_enabled=\u00a0\u00bb0&Prime;]<\/p>\n<h2 data-start=\"511\" data-end=\"538\">incnePourquoi participer ?<\/h2>\n<ul data-start=\"540\" data-end=\"907\">\n<li data-start=\"540\" data-end=\"631\">\n<p data-start=\"542\" data-end=\"631\"><strong data-start=\"545\" data-end=\"567\">Revoir l\u2019essentiel<\/strong> : sinus, cou, oreille &amp; base du cr\u00e2ne, en mode 100% pratique.<\/p>\n<\/li>\n<li data-start=\"540\" data-end=\"631\">\n<p data-start=\"542\" data-end=\"631\"><strong data-start=\"637\" data-end=\"669\">Standardiser votre technique<\/strong> : trucs &amp; astuces, limites de r\u00e9section, s\u00e9curit\u00e9.<\/p>\n<\/li>\n<li data-start=\"632\" data-end=\"722\">\n<p data-start=\"725\" data-end=\"811\"><strong data-start=\"728\" data-end=\"751\">Gagner en autonomie<\/strong> au bloc en revenant aux rep\u00e8res anatomiques fondamentaux.<\/p>\n<\/li>\n<li data-start=\"812\" data-end=\"907\">\n<p data-start=\"814\" data-end=\"907\"><strong data-start=\"817\" data-end=\"846\">\u00c9changer avec des experts<\/strong> et des coll\u00e8gues qui partagent les m\u00eames enjeux de pratique.<\/p>\n<\/li>\n<\/ul>\n<h2 data-start=\"914\" data-end=\"941\"><\/h2>\n<h2 data-start=\"914\" data-end=\"941\"><\/h2>\n<h2 data-start=\"914\" data-end=\"941\"><\/h2>\n<h2 data-start=\"914\" data-end=\"941\">Qui sont les experts?<\/h2>\n<p>&nbsp;<\/p>\n<p data-start=\"943\" data-end=\"1073\"><strong data-start=\"943\" data-end=\"1073\">Pr Martin HITIER, Chirurgie Otologique et Base du cr\u00e2ne lat\u00e9rale<\/strong><\/p>\n<p data-start=\"943\" data-end=\"1073\"><strong data-start=\"943\" data-end=\"1073\"> Pr Emmanuel BABIN, Chirurgie Cervicale, Thyro\u00efdienne et Canc\u00e9rologique<\/strong><\/p>\n<p data-start=\"943\" data-end=\"1073\"><strong data-start=\"943\" data-end=\"1073\">Pr Sylvain MOREAU, Chirurgie Otologique et Base du cr\u00e2ne lat\u00e9rale<\/strong><\/p>\n<p data-start=\"943\" data-end=\"1073\"><strong data-start=\"943\" data-end=\"1073\">Dr Vianney BASTIT, Chirurgie Canc\u00e9rologique et reconstructrice<\/strong><\/p>\n<p data-start=\"943\" data-end=\"1073\"><strong data-start=\"943\" data-end=\"1073\">Dr J\u00e9rome BOIS, Chirurgie Otologique\u00a0 et ORL p\u00e9diatrique<\/strong><\/p>\n<p data-start=\"943\" data-end=\"1073\"><strong data-start=\"943\" data-end=\"1073\">Dr Maxime HUMBERT, Chirurgie Canc\u00e9rologique Cervico-faciale et Rhinosinusienne<\/strong><\/p>\n<p data-start=\"943\" data-end=\"1073\"><strong data-start=\"943\" data-end=\"1073\">Dr Marjorie LOAEC, Chirurgie Cervicale, Thyro\u00efdienne et Canc\u00e9rologique<\/strong><\/p>\n<p data-start=\"943\" data-end=\"1073\"><strong data-start=\"943\" data-end=\"1073\">Dr Emmanuel MICAULT, Chirurgie Canc\u00e9rologique et reconstructrice<\/strong><\/p>\n<p data-start=\"943\" data-end=\"1073\"><strong data-start=\"943\" data-end=\"1073\">Dr Vincent PATRON, Chirurgie ses Sinus et de la Pyramide Nasale<\/strong><\/p>\n<p>&nbsp;<\/p>\n<p>&nbsp;<\/p>\n<p>&nbsp;<\/p>\n<p>&nbsp;<\/p>\n<p>&nbsp;<\/p>\n<p>[\/et_pb_text][\/et_pb_column][\/et_pb_row][et_pb_row column_structure=\u00a0\u00bb1_2,1_2&Prime; make_equal=\u00a0\u00bbon\u00a0\u00bb _builder_version=\u00a0\u00bb4.19.5&Prime; _module_preset=\u00a0\u00bbdefault\u00a0\u00bb global_colors_info=\u00a0\u00bb{}\u00a0\u00bb][et_pb_column type=\u00a0\u00bb1_2&Prime; _builder_version=\u00a0\u00bb4.19.5&Prime; _module_preset=\u00a0\u00bbdefault\u00a0\u00bb global_colors_info=\u00a0\u00bb{}\u00a0\u00bb][et_pb_text _builder_version=\u00a0\u00bb4.24.2&Prime; _module_preset=\u00a0\u00bbdab7b382-b231-4189-94f0-fbf0b189a612&Prime; locked=\u00a0\u00bboff\u00a0\u00bb global_colors_info=\u00a0\u00bb{}\u00a0\u00bb]<\/p>\n<p>45 vid\u00e9os op\u00e9ratoires originales et comment\u00e9es par les auteurs compl\u00e8tent l\u2019ouvrage et permettent au lecteur de visualiser l\u2019ensemble des interventions d\u00e9crites dans celui-ci.<\/p>\n<p>[\/et_pb_text][\/et_pb_column][et_pb_column type=\u00a0\u00bb1_2&Prime; _builder_version=\u00a0\u00bb4.19.5&Prime; _module_preset=\u00a0\u00bbdefault\u00a0\u00bb global_colors_info=\u00a0\u00bb{}\u00a0\u00bb][et_pb_image src=\u00a0\u00bbhttps:\/\/orl-chu-caen.fr\/wp-content\/uploads\/2024\/08\/livre-2.jpg\u00a0\u00bb title_text=\u00a0\u00bblivre 2&Prime; _builder_version=\u00a0\u00bb4.24.2&Prime; _module_preset=\u00a0\u00bbdefault\u00a0\u00bb global_colors_info=\u00a0\u00bb{}\u00a0\u00bb][\/et_pb_image][\/et_pb_column][\/et_pb_row][\/et_pb_section][et_pb_section fb_built=\u00a0\u00bb1&Prime; admin_label=\u00a0\u00bbCall to Action\u00a0\u00bb _builder_version=\u00a0\u00bb4.19.5&Prime; _module_preset=\u00a0\u00bbdefault\u00a0\u00bb background_color=\u00a0\u00bbgcid-4dccef5c-a04c-4e7c-abbe-b1e880c58010&Prime; background_image=\u00a0\u00bbhttps:\/\/orl-chu-caen.fr\/wp-content\/uploads\/2024\/02\/health-clinic-25.jpg\u00a0\u00bb background_blend=\u00a0\u00bboverlay\u00a0\u00bb custom_padding=\u00a0\u00bb10vw||10vw||true|false\u00a0\u00bb saved_tabs=\u00a0\u00bball\u00a0\u00bb collapsed=\u00a0\u00bbon\u00a0\u00bb global_colors_info=\u00a0\u00bb{%22gcid-4dccef5c-a04c-4e7c-abbe-b1e880c58010%22:%91%22background_color%22%93}\u00a0\u00bb][et_pb_row _builder_version=\u00a0\u00bb4.19.5&Prime; _module_preset=\u00a0\u00bbdefault\u00a0\u00bb max_width=\u00a0\u00bb800px\u00a0\u00bb global_colors_info=\u00a0\u00bb{}\u00a0\u00bb][et_pb_column type=\u00a0\u00bb4_4&Prime; _builder_version=\u00a0\u00bb4.19.5&Prime; _module_preset=\u00a0\u00bbdefault\u00a0\u00bb global_colors_info=\u00a0\u00bb{}\u00a0\u00bb][et_pb_icon font_icon=\u00a0\u00bb&#xf21e;||fa||900&Prime; icon_color=\u00a0\u00bb#CA5500&Prime; icon_width=\u00a0\u00bb24px\u00a0\u00bb _builder_version=\u00a0\u00bb4.19.5&Prime; _module_preset=\u00a0\u00bbdefault\u00a0\u00bb global_colors_info=\u00a0\u00bb{}\u00a0\u00bb][\/et_pb_icon][et_pb_divider color=\u00a0\u00bbgcid-0b738e94-8a5e-4e5c-8969-81d151b757fa\u00a0\u00bb _builder_version=\u00a0\u00bb4.19.5&Prime; _module_preset=\u00a0\u00bbdefault\u00a0\u00bb max_width=\u00a0\u00bb165px\u00a0\u00bb module_alignment=\u00a0\u00bbcenter\u00a0\u00bb global_colors_info=\u00a0\u00bb{%22gcid-0b738e94-8a5e-4e5c-8969-81d151b757fa%22:%91%22color%22%93}\u00a0\u00bb][\/et_pb_divider][et_pb_text _builder_version=\u00a0\u00bb4.24.2&Prime; _module_preset=\u00a0\u00bbd954f2a4-228d-497b-ba49-b6c5f47deb11&Prime; text_text_color=\u00a0\u00bb#6d8097&Prime; header_text_color=\u00a0\u00bb#6d8097&Prime; header_2_text_color=\u00a0\u00bbgcid-f743be1f-46bf-4685-bc55-7e8b347eb98d\u00a0\u00bb text_orientation=\u00a0\u00bbcenter\u00a0\u00bb global_colors_info=\u00a0\u00bb{%22gcid-f743be1f-46bf-4685-bc55-7e8b347eb98d%22:%91%22header_2_text_color%22%93}\u00a0\u00bb]<\/p>\n<h2><span style=\"color: #6d8097;\">D\u00e9couvrir le Livre<\/span><\/h2>\n<p>[\/et_pb_text][et_pb_button button_url=\u00a0\u00bbhttps:\/\/www.elsevier.com\/fr-fr\/connect\/chirurgie-endoscopique-endonasale\u00a0\u00bb button_text=\u00a0\u00bbSite d&rsquo;Elsevier Masson\u00a0\u00bb button_alignment=\u00a0\u00bbcenter\u00a0\u00bb _builder_version=\u00a0\u00bb4.24.2&Prime; _module_preset=\u00a0\u00bb1dd1bcd3-c99d-4f47-8a68-2e9df366e71a\u00a0\u00bb global_colors_info=\u00a0\u00bb{}\u00a0\u00bb][\/et_pb_button][\/et_pb_column][\/et_pb_row][\/et_pb_section][et_pb_section fb_built=\u00a0\u00bb1&Prime; admin_label=\u00a0\u00bbFeatures\u00a0\u00bb _builder_version=\u00a0\u00bb4.19.5&Prime; _module_preset=\u00a0\u00bbdefault\u00a0\u00bb background_color=\u00a0\u00bbgcid-9464c34f-f9ff-43eb-9668-c958662e33fc\u00a0\u00bb collapsed=\u00a0\u00bbon\u00a0\u00bb global_colors_info=\u00a0\u00bb{%22gcid-9464c34f-f9ff-43eb-9668-c958662e33fc%22:%91%22background_color%22%93}\u00a0\u00bb][et_pb_row _builder_version=\u00a0\u00bb4.19.5&Prime; _module_preset=\u00a0\u00bbdefault\u00a0\u00bb max_width=\u00a0\u00bb700px\u00a0\u00bb locked=\u00a0\u00bboff\u00a0\u00bb global_colors_info=\u00a0\u00bb{}\u00a0\u00bb][et_pb_column type=\u00a0\u00bb4_4&Prime; _builder_version=\u00a0\u00bb4.19.5&Prime; _module_preset=\u00a0\u00bbdefault\u00a0\u00bb global_colors_info=\u00a0\u00bb{}\u00a0\u00bb][et_pb_image src=\u00a0\u00bbhttps:\/\/orl-chu-caen.fr\/wp-content\/uploads\/2024\/02\/health-clinic-1.png\u00a0\u00bb title_text=\u00a0\u00bbhealth-clinic-1&Prime; align=\u00a0\u00bbcenter\u00a0\u00bb _builder_version=\u00a0\u00bb4.19.5&Prime; _module_preset=\u00a0\u00bbdefault\u00a0\u00bb max_height=\u00a0\u00bb12px\u00a0\u00bb global_colors_info=\u00a0\u00bb{}\u00a0\u00bb][\/et_pb_image][et_pb_text _builder_version=\u00a0\u00bb4.19.5&Prime; _module_preset=\u00a0\u00bbd954f2a4-228d-497b-ba49-b6c5f47deb11&Prime; text_orientation=\u00a0\u00bbcenter\u00a0\u00bb custom_margin=\u00a0\u00bb||10px||false|false\u00a0\u00bb global_colors_info=\u00a0\u00bb{}\u00a0\u00bb]<\/p>\n<h2>Pr\u00e9sentation du livre par les Auteurs<\/h2>\n<p>[\/et_pb_text][\/et_pb_column][\/et_pb_row][et_pb_row column_structure=\u00a0\u00bb1_2,1_2&Prime; _builder_version=\u00a0\u00bb4.19.5&Prime; _module_preset=\u00a0\u00bbdefault\u00a0\u00bb global_colors_info=\u00a0\u00bb{}\u00a0\u00bb][et_pb_column type=\u00a0\u00bb1_2&Prime; _builder_version=\u00a0\u00bb4.19.5&Prime; _module_preset=\u00a0\u00bbdefault\u00a0\u00bb global_colors_info=\u00a0\u00bb{}\u00a0\u00bb][et_pb_video src=\u00a0\u00bbhttps:\/\/orl-chu-caen.fr\/wp-content\/uploads\/2021\/07\/Teaser-Livre-Chirurgie-Endoscopique-Endonasale.mp4&Prime; _builder_version=\u00a0\u00bb4.24.2&Prime; _module_preset=\u00a0\u00bbdefault\u00a0\u00bb global_colors_info=\u00a0\u00bb{}\u00a0\u00bb][\/et_pb_video][\/et_pb_column][et_pb_column type=\u00a0\u00bb1_2&Prime; _builder_version=\u00a0\u00bb4.19.5&Prime; _module_preset=\u00a0\u00bbdefault\u00a0\u00bb global_colors_info=\u00a0\u00bb{}\u00a0\u00bb][et_pb_blurb title=\u00a0\u00bb13 chapitres didactiques\u00a0\u00bb use_icon=\u00a0\u00bbon\u00a0\u00bb font_icon=\u00a0\u00bb&#x4e;||divi||400&Prime; _builder_version=\u00a0\u00bb4.19.5&Prime; _module_preset=\u00a0\u00bbf8ad3baa-f672-4da1-9689-bc6d19ec6d92&Prime; locked=\u00a0\u00bboff\u00a0\u00bb global_colors_info=\u00a0\u00bb{}\u00a0\u00bb][\/et_pb_blurb][et_pb_blurb title=\u00a0\u00bbPr\u00e8s de 1000 photographies op\u00e9ratoires\u00a0\u00bb use_icon=\u00a0\u00bbon\u00a0\u00bb font_icon=\u00a0\u00bb&#x4e;||divi||400&Prime; _builder_version=\u00a0\u00bb4.24.2&Prime; _module_preset=\u00a0\u00bbf8ad3baa-f672-4da1-9689-bc6d19ec6d92&Prime; locked=\u00a0\u00bboff\u00a0\u00bb global_colors_info=\u00a0\u00bb{}\u00a0\u00bb][\/et_pb_blurb][et_pb_blurb title=\u00a0\u00bb45 Vid\u00e9os op\u00e9ratoires comment\u00e9es\u00a0\u00bb use_icon=\u00a0\u00bbon\u00a0\u00bb font_icon=\u00a0\u00bb&#x4e;||divi||400&Prime; _builder_version=\u00a0\u00bb4.24.2&Prime; _module_preset=\u00a0\u00bbf8ad3baa-f672-4da1-9689-bc6d19ec6d92&Prime; locked=\u00a0\u00bboff\u00a0\u00bb global_colors_info=\u00a0\u00bb{}\u00a0\u00bb][\/et_pb_blurb][\/et_pb_column][\/et_pb_row][\/et_pb_section][et_pb_section fb_built=\u00a0\u00bb1&Prime; fullwidth=\u00a0\u00bbon\u00a0\u00bb _builder_version=\u00a0\u00bb4.24.2&Prime; _module_preset=\u00a0\u00bbdefault\u00a0\u00bb global_colors_info=\u00a0\u00bb{}\u00a0\u00bb][et_pb_fullwidth_header title=\u00a0\u00bbVoir la biographie des auteurs\u00a0\u00bb _builder_version=\u00a0\u00bb4.24.2&Prime; _module_preset=\u00a0\u00bbdefault\u00a0\u00bb title_text_color=\u00a0\u00bb#000000&Prime; background_color=\u00a0\u00bb#f5ede7&Prime; global_colors_info=\u00a0\u00bb{}\u00a0\u00bb]<\/p>\n<p>&nbsp;<\/p>\n<p><a href=\"https:\/\/orl-chu-caen.fr\/?page_id=4578\">Pr. Martin HITIER<\/a><\/p>\n<p><a href=\"https:\/\/orl-chu-caen.fr\/?page_id=4580\">Dr. Vincent PATRON<\/a><\/p>\n<p><a href=\"https:\/\/orl-chu-caen.fr\/?page_id=4590\">Dr. J\u00e9rome BOIS<\/a><\/p>\n<p><a href=\"https:\/\/orl-chu-caen.fr\/?page_id=4588\">Dr. Maxime HUMBERT<\/a><\/p>\n<p><a href=\"https:\/\/orl-chu-caen.fr\/?page_id=4596\">Dr. Emmanuel MICAULT<\/a><\/p>\n<p>[\/et_pb_fullwidth_header][\/et_pb_section]<\/p>\n","protected":false},"excerpt":{"rendered":"<p>\u00a0\u00ab\u00a0Seul cours fran\u00e7ais de Chirurgie ORL 3 en 1 \u00ab\u00a03 jours. 3 modules. 1 objectif : faire progresser votre geste op\u00e9ratoire. Venez travailler au bloc\u2026 sans pression du bloc : sur pi\u00e8ces anatomiques, encadr\u00e9 par une \u00e9quipe ORL exp\u00e9riment\u00e9e, avec un focus concret sur les gestes que vous faites (ou ferez) au quotidien.incnePourquoi participer ? [&hellip;]<\/p>\n","protected":false},"author":1,"featured_media":0,"parent":0,"menu_order":0,"comment_status":"closed","ping_status":"closed","template":"","meta":{"_et_pb_use_builder":"on","_et_pb_old_content":"","_et_gb_content_width":"","ngg_post_thumbnail":0,"footnotes":""},"aioseo_notices":[],"_links":{"self":[{"href":"https:\/\/orl-chu-caen.fr\/index.php?rest_route=\/wp\/v2\/pages\/6063"}],"collection":[{"href":"https:\/\/orl-chu-caen.fr\/index.php?rest_route=\/wp\/v2\/pages"}],"about":[{"href":"https:\/\/orl-chu-caen.fr\/index.php?rest_route=\/wp\/v2\/types\/page"}],"author":[{"embeddable":true,"href":"https:\/\/orl-chu-caen.fr\/index.php?rest_route=\/wp\/v2\/users\/1"}],"replies":[{"embeddable":true,"href":"https:\/\/orl-chu-caen.fr\/index.php?rest_route=%2Fwp%2Fv2%2Fcomments&post=6063"}],"version-history":[{"count":21,"href":"https:\/\/orl-chu-caen.fr\/index.php?rest_route=\/wp\/v2\/pages\/6063\/revisions"}],"predecessor-version":[{"id":6405,"href":"https:\/\/orl-chu-caen.fr\/index.php?rest_route=\/wp\/v2\/pages\/6063\/revisions\/6405"}],"wp:attachment":[{"href":"https:\/\/orl-chu-caen.fr\/index.php?rest_route=%2Fwp%2Fv2%2Fmedia&parent=6063"}],"curies":[{"name":"wp","href":"https:\/\/api.w.org\/{rel}","templated":true}]}}