{"id":6037,"date":"2024-08-16T08:25:50","date_gmt":"2024-08-16T06:25:50","guid":{"rendered":"https:\/\/orl-chu-caen.fr\/?page_id=6037"},"modified":"2024-08-16T08:31:11","modified_gmt":"2024-08-16T06:31:11","slug":"livres-et-articles-rhinoplastie","status":"publish","type":"page","link":"https:\/\/orl-chu-caen.fr\/?page_id=6037","title":{"rendered":"LIVRES ET ARTICLES RHINOPLASTIE"},"content":{"rendered":"<p>[et_pb_section fb_built=\u00a0\u00bb1&Prime; admin_label=\u00a0\u00bbHeader\u00a0\u00bb _builder_version=\u00a0\u00bb4.19.5&Prime; _module_preset=\u00a0\u00bbdefault\u00a0\u00bb background_color=\u00a0\u00bbgcid-4dccef5c-a04c-4e7c-abbe-b1e880c58010&Prime; collapsed=\u00a0\u00bbon\u00a0\u00bb global_colors_info=\u00a0\u00bb{%22gcid-4dccef5c-a04c-4e7c-abbe-b1e880c58010%22:%91%22background_color%22%93}\u00a0\u00bb][et_pb_row _builder_version=\u00a0\u00bb4.19.5&Prime; _module_preset=\u00a0\u00bbdefault\u00a0\u00bb max_width=\u00a0\u00bb700px\u00a0\u00bb global_colors_info=\u00a0\u00bb{}\u00a0\u00bb][et_pb_column type=\u00a0\u00bb4_4&Prime; _builder_version=\u00a0\u00bb4.19.5&Prime; _module_preset=\u00a0\u00bbdefault\u00a0\u00bb global_colors_info=\u00a0\u00bb{}\u00a0\u00bb][et_pb_text _builder_version=\u00a0\u00bb4.19.5&Prime; _module_preset=\u00a0\u00bb95963b99-c3a0-4c30-a701-b405ec496df8&Prime; header_text_color=\u00a0\u00bbgcid-f743be1f-46bf-4685-bc55-7e8b347eb98d\u00a0\u00bb text_orientation=\u00a0\u00bbcenter\u00a0\u00bb custom_margin=\u00a0\u00bb||10px||false|false\u00a0\u00bb global_colors_info=\u00a0\u00bb{%22gcid-f743be1f-46bf-4685-bc55-7e8b347eb98d%22:%91%22header_text_color%22%93}\u00a0\u00bb]<\/p>\n<h1>Livres et Articles<\/h1>\n<p>[\/et_pb_text][\/et_pb_column][\/et_pb_row][\/et_pb_section][et_pb_section fb_built=\u00a0\u00bb1&Prime; admin_label=\u00a0\u00bbAbout\u00a0\u00bb _builder_version=\u00a0\u00bb4.19.5&Prime; _module_preset=\u00a0\u00bbdefault\u00a0\u00bb background_color=\u00a0\u00bbgcid-9464c34f-f9ff-43eb-9668-c958662e33fc\u00a0\u00bb locked=\u00a0\u00bboff\u00a0\u00bb collapsed=\u00a0\u00bbon\u00a0\u00bb global_colors_info=\u00a0\u00bb{%22gcid-9464c34f-f9ff-43eb-9668-c958662e33fc%22:%91%22background_color%22%93}\u00a0\u00bb][et_pb_row column_structure=\u00a0\u00bb1_2,1_2&Prime; make_equal=\u00a0\u00bbon\u00a0\u00bb _builder_version=\u00a0\u00bb4.19.5&Prime; _module_preset=\u00a0\u00bbdefault\u00a0\u00bb global_colors_info=\u00a0\u00bb{}\u00a0\u00bb][et_pb_column type=\u00a0\u00bb1_2&Prime; _builder_version=\u00a0\u00bb4.19.5&Prime; _module_preset=\u00a0\u00bbdefault\u00a0\u00bb global_colors_info=\u00a0\u00bb{}\u00a0\u00bb][et_pb_image src=\u00a0\u00bbhttps:\/\/orl-chu-caen.fr\/wp-content\/uploads\/2024\/02\/health-clinic-1.png\u00a0\u00bb title_text=\u00a0\u00bbhealth-clinic-1&Prime; _builder_version=\u00a0\u00bb4.19.5&Prime; _module_preset=\u00a0\u00bbdefault\u00a0\u00bb max_height=\u00a0\u00bb12px\u00a0\u00bb locked=\u00a0\u00bboff\u00a0\u00bb global_colors_info=\u00a0\u00bb{}\u00a0\u00bb][\/et_pb_image][et_pb_text _builder_version=\u00a0\u00bb4.19.5&Prime; _module_preset=\u00a0\u00bb242c1f0e-d530-4d93-9802-63739aec8555&Prime; custom_margin=\u00a0\u00bb||10px||false|false\u00a0\u00bb global_colors_info=\u00a0\u00bb{}\u00a0\u00bb]<\/p>\n<h2>Preservation Rhinoplasty<\/h2>\n<p>[\/et_pb_text][et_pb_text _builder_version=\u00a0\u00bb4.24.2&Prime; _module_preset=\u00a0\u00bbc13925fa-1989-436a-93b7-023b7b8fef18&Prime; border_width_all=\u00a0\u00bb13px\u00a0\u00bb border_color_all=\u00a0\u00bbRGBA(255,255,255,0)\u00a0\u00bb global_colors_info=\u00a0\u00bb{}\u00a0\u00bb]<\/p>\n<p>Comme l\u2019ont confirm\u00e9 ces derni\u00e8res ann\u00e9es, la rhinoplastie de pr\u00e9servation repr\u00e9sente un changement r\u00e9volutionnaire dans la fa\u00e7on dont nous abordons la chirurgie de la rhinoplastie. L&rsquo;objectif est de remplacer la r\u00e9section par la pr\u00e9servation, l&rsquo;excision par la manipulation et la reconstruction costale secondaire avec un minimum de r\u00e9visions. Les trois principes de base sont la pr\u00e9servation de l&rsquo;enveloppe cutan\u00e9e, du dorsum nasal et des cartilages alaires autant que possible. Les contributeurs dont fait partie le <a href=\"https:\/\/orl-chu-caen.fr\/?page_id=4580\">Dr Vincent PATRON<\/a> esp\u00e8rent que ce livre raccourcira la courbe d&rsquo;apprentissage des autres chirurgiens et minimisera les probl\u00e8mes postop\u00e9ratoires. Les nouvelles contributions \u00e0 ce livre incluent l&rsquo;analyse CBCT, la chirurgie de la pointe avec pr\u00e9servation compl\u00e8te des alaires, les techniques de modification dorsale, les mises \u00e0 jour sur les techniques de Cottle modifi\u00e9es et se terminent par\u00a0 un chapitre revoyant en profondeur les causes de r\u00e9visions ainsi que les complications.<\/p>\n<p>[\/et_pb_text][\/et_pb_column][et_pb_column type=\u00a0\u00bb1_2&Prime; _builder_version=\u00a0\u00bb4.19.5&Prime; _module_preset=\u00a0\u00bbdefault\u00a0\u00bb global_colors_info=\u00a0\u00bb{}\u00a0\u00bb][et_pb_image src=\u00a0\u00bbhttps:\/\/orl-chu-caen.fr\/wp-content\/uploads\/2024\/08\/preservation_rhinoplasty_textbook.jpg\u00a0\u00bb title_text=\u00a0\u00bbpreservation_rhinoplasty_textbook\u00a0\u00bb url=\u00a0\u00bbhttps:\/\/book.preservationrhinoplasty.com\/product\/preservation-rhinoplasty-book-3rd-edition\/\u00a0\u00bb _builder_version=\u00a0\u00bb4.24.2&Prime; _module_preset=\u00a0\u00bbdefault\u00a0\u00bb border_radii=\u00a0\u00bbon|10px|10px|10px|10px\u00a0\u00bb global_colors_info=\u00a0\u00bb{}\u00a0\u00bb][\/et_pb_image][et_pb_image src=\u00a0\u00bbhttps:\/\/orl-chu-caen.fr\/wp-content\/uploads\/2018\/11\/2020-11-preservation-rhinoplasty-book-02.jpg\u00a0\u00bb title_text=\u00a0\u00bb2020-11-preservation-rhinoplasty-book-02&Prime; _builder_version=\u00a0\u00bb4.24.2&Prime; _module_preset=\u00a0\u00bbdefault\u00a0\u00bb global_colors_info=\u00a0\u00bb{}\u00a0\u00bb][\/et_pb_image][et_pb_image src=\u00a0\u00bbhttps:\/\/orl-chu-caen.fr\/wp-content\/uploads\/2024\/04\/health-clinic-2.png\u00a0\u00bb title_text=\u00a0\u00bbhealth-clinic-2&Prime; _builder_version=\u00a0\u00bb4.19.5&Prime; _module_preset=\u00a0\u00bbdefault\u00a0\u00bb positioning=\u00a0\u00bbabsolute\u00a0\u00bb position_origin_a=\u00a0\u00bbtop_right\u00a0\u00bb vertical_offset=\u00a0\u00bb-8%\u00a0\u00bb horizontal_offset=\u00a0\u00bb-8%\u00a0\u00bb width=\u00a0\u00bb30%\u00a0\u00bb global_colors_info=\u00a0\u00bb{}\u00a0\u00bb][\/et_pb_image][\/et_pb_column][\/et_pb_row][et_pb_row column_structure=\u00a0\u00bb1_2,1_2&Prime; make_equal=\u00a0\u00bbon\u00a0\u00bb _builder_version=\u00a0\u00bb4.19.5&Prime; _module_preset=\u00a0\u00bbdefault\u00a0\u00bb global_colors_info=\u00a0\u00bb{}\u00a0\u00bb][et_pb_column type=\u00a0\u00bb1_2&Prime; _builder_version=\u00a0\u00bb4.19.5&Prime; _module_preset=\u00a0\u00bbdefault\u00a0\u00bb global_colors_info=\u00a0\u00bb{}\u00a0\u00bb][et_pb_image src=\u00a0\u00bbhttps:\/\/orl-chu-caen.fr\/wp-content\/uploads\/2024\/04\/health-clinic-2.png\u00a0\u00bb title_text=\u00a0\u00bbhealth-clinic-2&Prime; admin_label=\u00a0\u00bbImage\u00a0\u00bb _builder_version=\u00a0\u00bb4.19.5&Prime; _module_preset=\u00a0\u00bbdefault\u00a0\u00bb positioning=\u00a0\u00bbabsolute\u00a0\u00bb position_origin_a=\u00a0\u00bbbottom_left\u00a0\u00bb vertical_offset=\u00a0\u00bb-36%\u00a0\u00bb horizontal_offset=\u00a0\u00bb-8%\u00a0\u00bb width=\u00a0\u00bb30%\u00a0\u00bb scroll_vertical_motion_enable=\u00a0\u00bbon\u00a0\u00bb scroll_vertical_motion=\u00a0\u00bb0|50|50|100|1|0|-1&Prime; locked=\u00a0\u00bboff\u00a0\u00bb global_colors_info=\u00a0\u00bb{}\u00a0\u00bb][\/et_pb_image][et_pb_image src=\u00a0\u00bbhttps:\/\/orl-chu-caen.fr\/wp-content\/uploads\/2024\/08\/51usbOhawjL._AC_UF10001000_QL80_.jpg\u00a0\u00bb title_text=\u00a0\u00bb51usbOhawjL._AC_UF1000,1000_QL80_\u00a0\u00bb url=\u00a0\u00bbhttps:\/\/www.amazon.fr\/Clinical-Atlas-Preservation-Rhinoplasty-Surgeons\/dp\/3031299760&Prime; _builder_version=\u00a0\u00bb4.24.2&Prime; _module_preset=\u00a0\u00bbdefault\u00a0\u00bb border_radii=\u00a0\u00bbon|10px|10px|10px|10px\u00a0\u00bb global_colors_info=\u00a0\u00bb{}\u00a0\u00bb][\/et_pb_image][\/et_pb_column][et_pb_column type=\u00a0\u00bb1_2&Prime; _builder_version=\u00a0\u00bb4.19.5&Prime; _module_preset=\u00a0\u00bbdefault\u00a0\u00bb global_colors_info=\u00a0\u00bb{}\u00a0\u00bb][et_pb_text _builder_version=\u00a0\u00bb4.24.2&Prime; _module_preset=\u00a0\u00bb242c1f0e-d530-4d93-9802-63739aec8555&Prime; custom_margin=\u00a0\u00bb||10px||false|false\u00a0\u00bb hover_enabled=\u00a0\u00bb0&Prime; global_colors_info=\u00a0\u00bb{}\u00a0\u00bb border_width_all=\u00a0\u00bb8px\u00a0\u00bb border_color_all=\u00a0\u00bbRGBA(255,255,255,0)\u00a0\u00bb sticky_enabled=\u00a0\u00bb0&Prime;]<\/p>\n<h2>Clinical Atlas of Preservation Rhinoplasty<\/h2>\n<p>[\/et_pb_text][et_pb_text _builder_version=\u00a0\u00bb4.24.2&Prime; _module_preset=\u00a0\u00bbc13925fa-1989-436a-93b7-023b7b8fef18&Prime; border_width_all=\u00a0\u00bb18px\u00a0\u00bb border_color_all=\u00a0\u00bbRGBA(255,255,255,0)\u00a0\u00bb locked=\u00a0\u00bboff\u00a0\u00bb global_colors_info=\u00a0\u00bb{}\u00a0\u00bb]<\/p>\n<p>La rhinoplastie est l&rsquo;une des proc\u00e9dures les plus difficiles en chirurgie plastique du visage, car le traitement doit \u00eatre soigneusement adapt\u00e9 \u00e0 chaque patient ; de nos jours le concept de rhinoplastie de conservation est particuli\u00e8rement recherch\u00e9, permettant de conserver la structure osseuse du cartilage, et d&rsquo;\u00e9viter une chirurgie secondaire avec greffes costales. Pens\u00e9 pour le jeune chirurgien en formation, cet atlas de cas cliniques en rhinoplastie, richement illustr\u00e9, r\u00e9dig\u00e9 par les chirurgiens les plus reconnus, offre tous les outils n\u00e9cessaires pour classer correctement la malformation et choisir le traitement le plus reproductible. Les chapitres illustrent clairement l&rsquo;approche principale en technique ferm\u00e9e, \u00e0 laquelle s&rsquo;ajoutent des parties sp\u00e9cifiques sur les approches transcolumellaires, en commen\u00e7ant par les cas les plus simples et en progressant progressivement vers les cas plus complexes. Chaque partie est soutenue par l&rsquo;ajout d&rsquo;illustrations et de vid\u00e9os chirurgicales de haute qualit\u00e9 pour favoriser la compr\u00e9hension et la pr\u00e9paration du lecteur aux \u00e9tapes pratiques et aux meilleurs choix, offrant ainsi un soutien direct en salle d&rsquo;op\u00e9ration. Les chapitres vont de l&rsquo;examen clinique \u00e0 la photographie, en passant par la topographie et la mesure de d\u00e9formation (TDM) en 3D, les simulations informatiques et la construction d&rsquo;une liste de contr\u00f4le pr\u00e9op\u00e9ratoire d\u00e9di\u00e9e pour supporter une approche prudente du patient et garantir les meilleurs r\u00e9sultats pour les cas de rhinoplastie les plus fr\u00e9quents. Les chirurgiens plasticiens en formation et les m\u00e9decins ORL trouveront dans cet Atlas Clinique de Rhinoplastie Primaire un guide pratique auquel recourir lorsqu&rsquo;ils souhaitent am\u00e9liorer leur pratique quotidienne.<\/p>\n<p>Le <a href=\"https:\/\/orl-chu-caen.fr\/?page_id=4580\">Docteur Vincent PATRON<\/a> a particip\u00e9 \u00e0 la r\u00e9daction de cet ouvrage.<\/p>\n<p>[\/et_pb_text][\/et_pb_column][\/et_pb_row][et_pb_row column_structure=\u00a0\u00bb1_2,1_2&Prime; make_equal=\u00a0\u00bbon\u00a0\u00bb _builder_version=\u00a0\u00bb4.19.5&Prime; _module_preset=\u00a0\u00bbdefault\u00a0\u00bb global_colors_info=\u00a0\u00bb{}\u00a0\u00bb][et_pb_column type=\u00a0\u00bb1_2&Prime; _builder_version=\u00a0\u00bb4.19.5&Prime; _module_preset=\u00a0\u00bbdefault\u00a0\u00bb global_colors_info=\u00a0\u00bb{}\u00a0\u00bb][et_pb_image src=\u00a0\u00bbhttps:\/\/orl-chu-caen.fr\/wp-content\/uploads\/2024\/02\/health-clinic-1.png\u00a0\u00bb title_text=\u00a0\u00bbhealth-clinic-1&Prime; _builder_version=\u00a0\u00bb4.19.5&Prime; _module_preset=\u00a0\u00bbdefault\u00a0\u00bb max_height=\u00a0\u00bb12px\u00a0\u00bb locked=\u00a0\u00bboff\u00a0\u00bb global_colors_info=\u00a0\u00bb{}\u00a0\u00bb][\/et_pb_image][et_pb_text _builder_version=\u00a0\u00bb4.19.5&Prime; _module_preset=\u00a0\u00bb242c1f0e-d530-4d93-9802-63739aec8555&Prime; custom_margin=\u00a0\u00bb||10px||false|false\u00a0\u00bb global_colors_info=\u00a0\u00bb{}\u00a0\u00bb]<\/p>\n<h2>Note Techniques sur la Dissection sous p\u00e9richondrale et sous-p\u00e9riost\u00e9e<\/h2>\n<p>[\/et_pb_text][et_pb_text _builder_version=\u00a0\u00bb4.24.2&Prime; _module_preset=\u00a0\u00bbc13925fa-1989-436a-93b7-023b7b8fef18&Prime; global_colors_info=\u00a0\u00bb{}\u00a0\u00bb]<\/p>\n<p>La rhinoplastie, qu\u2019elle soit par voie externe ou dissimul\u00e9e se r\u00e9alise classiquement dans le plan sus-p\u00e9richondral c\u2019est-\u00e0-dire sous le SMAS. Depuis quelques ann\u00e9es ont \u00e9t\u00e9 d\u00e9crites des voies d\u2019abord sous-p\u00e9richondrales totales et sous p\u00e9riost\u00e9es permettant une large exposition de l\u2019ensemble de la charpente ost\u00e9o-cartilagineuse du nez. Cette dissection plus profonde n\u00e9cessite une adaptation de l\u2019instrumentation pour \u00e0 la fois r\u00e9aliser la dissection sous-p\u00e9richondrale et sous-p\u00e9riost\u00e9e, mais aussi pour la r\u00e9alisation des ost\u00e9otomies. De nouveaux outils tels que les moteurs de rhinosculpture ou pi\u00e9zo\u00e9lectriques trouvent alors tout leur int\u00e9r\u00eat. L\u2019acquisition de cette technique de dissection, bien que n\u00e9cessitant une courbe d\u2019apprentissage importante, est cependant largement r\u00e9compens\u00e9e par son int\u00e9r\u00eat dans les rhinoplasties primaires ou secondaires. Cette note technique d\u00e9crit en d\u00e9tail la technique op\u00e9ratoire ainsi que l\u2019instrumentation n\u00e9cessaire \u00e0 sa r\u00e9alisation.<\/p>\n<p>[\/et_pb_text][\/et_pb_column][et_pb_column type=\u00a0\u00bb1_2&Prime; _builder_version=\u00a0\u00bb4.19.5&Prime; _module_preset=\u00a0\u00bbdefault\u00a0\u00bb global_colors_info=\u00a0\u00bb{}\u00a0\u00bb][et_pb_image src=\u00a0\u00bbhttps:\/\/orl-chu-caen.fr\/wp-content\/uploads\/2024\/08\/article-rhino.jpg\u00a0\u00bb title_text=\u00a0\u00bbarticle rhino\u00a0\u00bb url=\u00a0\u00bbhttps:\/\/orl-chu-caen.fr\/wp-content\/uploads\/2024\/08\/note-technique-dissection-annales.pdf\u00a0\u00bb _builder_version=\u00a0\u00bb4.24.2&Prime; _module_preset=\u00a0\u00bbdefault\u00a0\u00bb border_radii=\u00a0\u00bbon|10px|10px|10px|10px\u00a0\u00bb global_colors_info=\u00a0\u00bb{}\u00a0\u00bb][\/et_pb_image][et_pb_image src=\u00a0\u00bbhttps:\/\/orl-chu-caen.fr\/wp-content\/uploads\/2024\/08\/image-dissection-article.jpg\u00a0\u00bb title_text=\u00a0\u00bbimage dissection article\u00a0\u00bb _builder_version=\u00a0\u00bb4.24.2&Prime; _module_preset=\u00a0\u00bbdefault\u00a0\u00bb global_colors_info=\u00a0\u00bb{}\u00a0\u00bb][\/et_pb_image][et_pb_image src=\u00a0\u00bbhttps:\/\/orl-chu-caen.fr\/wp-content\/uploads\/2024\/04\/health-clinic-2.png\u00a0\u00bb title_text=\u00a0\u00bbhealth-clinic-2&Prime; _builder_version=\u00a0\u00bb4.19.5&Prime; _module_preset=\u00a0\u00bbdefault\u00a0\u00bb positioning=\u00a0\u00bbabsolute\u00a0\u00bb position_origin_a=\u00a0\u00bbtop_right\u00a0\u00bb vertical_offset=\u00a0\u00bb-8%\u00a0\u00bb horizontal_offset=\u00a0\u00bb-8%\u00a0\u00bb width=\u00a0\u00bb30%\u00a0\u00bb global_colors_info=\u00a0\u00bb{}\u00a0\u00bb][\/et_pb_image][\/et_pb_column][\/et_pb_row][\/et_pb_section]<\/p>\n","protected":false},"excerpt":{"rendered":"<p>Livres et ArticlesPreservation RhinoplastyComme l\u2019ont confirm\u00e9 ces derni\u00e8res ann\u00e9es, la rhinoplastie de pr\u00e9servation repr\u00e9sente un changement r\u00e9volutionnaire dans la fa\u00e7on dont nous abordons la chirurgie de la rhinoplastie. L&rsquo;objectif est de remplacer la r\u00e9section par la pr\u00e9servation, l&rsquo;excision par la manipulation et la reconstruction costale secondaire avec un minimum de r\u00e9visions. Les trois principes de [&hellip;]<\/p>\n","protected":false},"author":1,"featured_media":0,"parent":0,"menu_order":0,"comment_status":"closed","ping_status":"closed","template":"","meta":{"_et_pb_use_builder":"on","_et_pb_old_content":"","_et_gb_content_width":"","ngg_post_thumbnail":0,"footnotes":""},"aioseo_notices":[],"_links":{"self":[{"href":"https:\/\/orl-chu-caen.fr\/index.php?rest_route=\/wp\/v2\/pages\/6037"}],"collection":[{"href":"https:\/\/orl-chu-caen.fr\/index.php?rest_route=\/wp\/v2\/pages"}],"about":[{"href":"https:\/\/orl-chu-caen.fr\/index.php?rest_route=\/wp\/v2\/types\/page"}],"author":[{"embeddable":true,"href":"https:\/\/orl-chu-caen.fr\/index.php?rest_route=\/wp\/v2\/users\/1"}],"replies":[{"embeddable":true,"href":"https:\/\/orl-chu-caen.fr\/index.php?rest_route=%2Fwp%2Fv2%2Fcomments&post=6037"}],"version-history":[{"count":7,"href":"https:\/\/orl-chu-caen.fr\/index.php?rest_route=\/wp\/v2\/pages\/6037\/revisions"}],"predecessor-version":[{"id":6054,"href":"https:\/\/orl-chu-caen.fr\/index.php?rest_route=\/wp\/v2\/pages\/6037\/revisions\/6054"}],"wp:attachment":[{"href":"https:\/\/orl-chu-caen.fr\/index.php?rest_route=%2Fwp%2Fv2%2Fmedia&parent=6037"}],"curies":[{"name":"wp","href":"https:\/\/api.w.org\/{rel}","templated":true}]}}