{"id":5940,"date":"2024-08-22T16:30:25","date_gmt":"2024-08-22T14:30:25","guid":{"rendered":"https:\/\/orl-chu-caen.fr\/?page_id=5940"},"modified":"2024-08-24T20:56:36","modified_gmt":"2024-08-24T18:56:36","slug":"dr-elio-kneid","status":"publish","type":"page","link":"https:\/\/orl-chu-caen.fr\/?page_id=5940","title":{"rendered":"Dr Elio KMEID"},"content":{"rendered":"\n[et_pb_section fb_built=\u00a0\u00bb1&Prime; _builder_version=\u00a0\u00bb4.16&Prime; global_colors_info=\u00a0\u00bb{}\u00a0\u00bb][et_pb_row column_structure=\u00a0\u00bb2_5,3_5&Prime; _builder_version=\u00a0\u00bb4.24.2&Prime; _module_preset=\u00a0\u00bbdefault\u00a0\u00bb custom_padding=\u00a0\u00bb|0px||||\u00a0\u00bb box_shadow_style=\u00a0\u00bbpreset1&Prime; global_colors_info=\u00a0\u00bb{}\u00a0\u00bb][et_pb_column type=\u00a0\u00bb2_5&Prime; _builder_version=\u00a0\u00bb4.24.2&Prime; _module_preset=\u00a0\u00bbdefault\u00a0\u00bb global_colors_info=\u00a0\u00bb{}\u00a0\u00bb][et_pb_team_member name=\u00a0\u00bbDr Elio KMEID\u00a0\u00bb position=\u00a0\u00bbInterne de Sp\u00e9cialit\u00e9\u00a0\u00bb image_url=\u00a0\u00bbhttps:\/\/orl-chu-caen.fr\/wp-content\/uploads\/2024\/08\/DR-KMEID.jpg\u00a0\u00bb _builder_version=\u00a0\u00bb4.24.2&Prime; _module_preset=\u00a0\u00bbdefault\u00a0\u00bb header_font=\u00a0\u00bbAbel||||||||\u00a0\u00bb header_font_size=\u00a0\u00bb34px\u00a0\u00bb position_font=\u00a0\u00bbAbel||||||||\u00a0\u00bb position_font_size=\u00a0\u00bb21px\u00a0\u00bb background_color=\u00a0\u00bb#FFFFFF\u00a0\u00bb custom_padding=\u00a0\u00bb||3px|||\u00a0\u00bb border_width_all=\u00a0\u00bb15px\u00a0\u00bb border_color_all=\u00a0\u00bb#FFFFFF\u00a0\u00bb border_width_all_image=\u00a0\u00bb9px\u00a0\u00bb border_color_all_image=\u00a0\u00bb#d2d0bb\u00a0\u00bb global_colors_info=\u00a0\u00bb{}\u00a0\u00bb]<h3><\/h3>\n<h3>ORL et Chirurgie Cervico-Faciale<\/h3>[\/et_pb_team_member][\/et_pb_column][et_pb_column type=\u00a0\u00bb3_5&Prime; _builder_version=\u00a0\u00bb4.24.2&Prime; _module_preset=\u00a0\u00bbdefault\u00a0\u00bb global_colors_info=\u00a0\u00bb{}\u00a0\u00bb][et_pb_text _builder_version=\u00a0\u00bb4.24.2&Prime; _module_preset=\u00a0\u00bbdefault\u00a0\u00bb text_font=\u00a0\u00bbAbel||||||||\u00a0\u00bb width=\u00a0\u00bb100%\u00a0\u00bb custom_padding=\u00a0\u00bb0px|||||\u00a0\u00bb hover_enabled=\u00a0\u00bb0&Prime; border_width_all=\u00a0\u00bb16px\u00a0\u00bb border_color_all=\u00a0\u00bbRGBA(255,255,255,0)\u00a0\u00bb inline_fonts=\u00a0\u00bbAbel\u00a0\u00bb global_colors_info=\u00a0\u00bb{}\u00a0\u00bb sticky_enabled=\u00a0\u00bb0&Prime;]<h1 class=\"wp-block-heading\"><\/h1>\n<h1 class=\"wp-block-heading\"><!-- divi:heading --><\/h1>\n<h2 class=\"wp-block-heading\"><strong>FORMATION ET TITRES<\/strong><\/h2>\n<h1 class=\"wp-block-heading\"><!-- \/divi:heading --> <!-- divi:paragraph --><\/h1>\n<p>F<span style=\"font-family: Abel;\">FI (DFMS)<\/span><\/p>\n<p><span style=\"font-family: Abel; font-weight: normal;\">Dipl\u00f4me de Docteur en M\u00e9decine d\u00e9livr\u00e9 par l&rsquo;Universit\u00e9 Saint-Esprit de Kaslik (USEK), Kaslik, Liban<\/span><\/p>\n<p><span style=\"font-family: Abel; font-weight: normal;\"><\/span><\/p>\n<h1 class=\"wp-block-heading\"><!-- \/divi:paragraph --> <!-- divi:shortcode --> <!-- \/divi:shortcode --> <!-- divi:heading --><\/h1>\n<h2 class=\"wp-block-heading\"><strong>SOCIETES SAVANTES<\/strong><\/h2>\n<h1 class=\"wp-block-heading\"><!-- \/divi:heading --> <!-- divi:paragraph --><\/h1>\n<p>Me<span style=\"font-family: Abel; font-weight: normal;\">mbre de la Soci\u00e9t\u00e9 d\u2019ORL et de Chirurgie Cervico-Faciale de Basse-Normandie<\/span><\/p>\n<p><span style=\"font-family: Abel; font-weight: normal;\">Membre de l\u2019American Academy of Otolaryngology &#8211; Head and Neck Surgery<\/span><\/p>\n<p><span style=\"font-family: Abel; font-weight: normal;\">Membre de l\u2019Ordre des M\u00e9decins au Liban<\/span><\/p>\n<h1 class=\"wp-block-heading\"><!-- \/divi:paragraph --> <!-- divi:shortcode --> <!-- \/divi:shortcode --> <!-- divi:heading --><\/h1>\n<p>&nbsp;<\/p>\n<h2 class=\"wp-block-heading\"><strong>DISCIPLINES<\/strong><\/h2>\n<h1 class=\"wp-block-heading\"><!-- \/divi:heading --> <!-- divi:paragraph --><\/h1>\n<p>Oto-Rhino-Laryngologie et Chirurgie Cervico-Faciale<\/p>\n<h1 class=\"wp-block-heading\"><!-- \/divi:paragraph --> <!-- divi:shortcode -->\u00a0 <!-- \/divi:shortcode --> <!-- divi:heading --><\/h1>\n<h2 class=\"wp-block-heading\"><strong>COORDONNEES<\/strong><\/h2>\n<h1 class=\"wp-block-heading\"><!-- \/divi:heading --> <!-- divi:paragraph --><\/h1>\n<p>Secr\u00e9tariat Service ORL\u00a0CHU de CAEN: 02.31.06.46.40<\/p>\n<h1 class=\"wp-block-heading\"><!-- \/divi:paragraph --> <!-- divi:paragraph --><\/h1>\n<p>Mail: <a href=\"mailto:chenneviere-a@chu-caen.fr\">kmeid-e@chu-caen.fr<\/a><\/p>\n<h1 class=\"wp-block-heading\"><!-- \/divi:paragraph --> <!-- divi:shortcode --> <!-- \/divi:shortcode --> <!-- divi:heading --><\/h1>\n<h2 class=\"wp-block-heading\"><strong><\/strong><\/h2>\n<h2 class=\"wp-block-heading\"><strong>PUBLICATIONS<\/strong><\/h2>\n<h1 class=\"wp-block-heading\"><!-- \/divi:heading --> <!-- divi:paragraph --><\/h1>\n<p><span style=\"font-family: Abel; font-weight: normal;\">Pulsatile tinnitus relieved by ear pressure case report, Elio Kmeid (premier auteur), Michael Romanos, Sami Faddoul, Otolaryngology Case Reports, Juin 2023<\/span><\/p>\n<p><span style=\"font-family: Abel; font-weight: normal;\">A case of epiphora secondary to a large apical periodontal cyst, Elio Kmeid (premier auteur), Bassam Romanos, 3 pages, Otolaryngology Case Reports, Juillet 2022<\/span><\/p>\n<p><span style=\"font-family: Abel; font-weight: normal;\">Mucoepidermoid carcinoma of the larynx: Case report and review of the literature, Elio Kmeid (premier auteur), Bassam Romanos, Salim Chammas, 4 pages, Otolaryngology Case reports, Juin 202<\/span><\/p>\n<p><span style=\"font-family: Abel; font-weight: normal;\">Prevalence of temporomandibular joint disorder in the Lebanese population, and its association with depression, anxiety, and stress, Elio Kmeid (premier auteur), Mansour Nacouzi, Souheil Hallit, Ziad Rohayem, Head &amp; Face Medicine, Septembre 2020, avec comit\u00e9 de lecture<\/span><\/p>\n<p>&nbsp;<\/p>\n<h1 class=\"wp-block-heading\"><!-- \/divi:paragraph --><\/h1>\n<h3><\/h3>[\/et_pb_text][\/et_pb_column][\/et_pb_row][\/et_pb_section]\n","protected":false},"excerpt":{"rendered":"<p>ORL et Chirurgie Cervico-Faciale FORMATION ET TITRES FFI (DFMS) Dipl\u00f4me de Docteur en M\u00e9decine d\u00e9livr\u00e9 par l&rsquo;Universit\u00e9 Saint-Esprit de Kaslik (USEK), Kaslik, Liban SOCIETES SAVANTES Membre de la Soci\u00e9t\u00e9 d\u2019ORL et de Chirurgie Cervico-Faciale de Basse-Normandie Membre de l\u2019American Academy of Otolaryngology &#8211; Head and Neck Surgery Membre de l\u2019Ordre des M\u00e9decins au Liban &nbsp; [&hellip;]<\/p>\n","protected":false},"author":1,"featured_media":0,"parent":0,"menu_order":0,"comment_status":"closed","ping_status":"closed","template":"","meta":{"_et_pb_use_builder":"on","_et_pb_old_content":"","_et_gb_content_width":"","ngg_post_thumbnail":0,"footnotes":""},"aioseo_notices":[],"_links":{"self":[{"href":"https:\/\/orl-chu-caen.fr\/index.php?rest_route=\/wp\/v2\/pages\/5940"}],"collection":[{"href":"https:\/\/orl-chu-caen.fr\/index.php?rest_route=\/wp\/v2\/pages"}],"about":[{"href":"https:\/\/orl-chu-caen.fr\/index.php?rest_route=\/wp\/v2\/types\/page"}],"author":[{"embeddable":true,"href":"https:\/\/orl-chu-caen.fr\/index.php?rest_route=\/wp\/v2\/users\/1"}],"replies":[{"embeddable":true,"href":"https:\/\/orl-chu-caen.fr\/index.php?rest_route=%2Fwp%2Fv2%2Fcomments&post=5940"}],"version-history":[{"count":10,"href":"https:\/\/orl-chu-caen.fr\/index.php?rest_route=\/wp\/v2\/pages\/5940\/revisions"}],"predecessor-version":[{"id":6310,"href":"https:\/\/orl-chu-caen.fr\/index.php?rest_route=\/wp\/v2\/pages\/5940\/revisions\/6310"}],"wp:attachment":[{"href":"https:\/\/orl-chu-caen.fr\/index.php?rest_route=%2Fwp%2Fv2%2Fmedia&parent=5940"}],"curies":[{"name":"wp","href":"https:\/\/api.w.org\/{rel}","templated":true}]}}