{"id":5919,"date":"2024-08-15T06:51:20","date_gmt":"2024-08-15T04:51:20","guid":{"rendered":"https:\/\/orl-chu-caen.fr\/?page_id=5919"},"modified":"2024-08-15T08:24:07","modified_gmt":"2024-08-15T06:24:07","slug":"photographies-peroperatoires","status":"publish","type":"page","link":"https:\/\/orl-chu-caen.fr\/?page_id=5919","title":{"rendered":"Photographies perop\u00e9ratoires"},"content":{"rendered":"<p>[et_pb_section fb_built=\u00a0\u00bb1&Prime; _builder_version=\u00a0\u00bb4.24.2&Prime; _module_preset=\u00a0\u00bbdefault\u00a0\u00bb global_colors_info=\u00a0\u00bb{}\u00a0\u00bb][et_pb_row _builder_version=\u00a0\u00bb4.24.2&Prime; _module_preset=\u00a0\u00bbdefault\u00a0\u00bb global_colors_info=\u00a0\u00bb{}\u00a0\u00bb][et_pb_column type=\u00a0\u00bb4_4&Prime; _builder_version=\u00a0\u00bb4.24.2&Prime; _module_preset=\u00a0\u00bbdefault\u00a0\u00bb global_colors_info=\u00a0\u00bb{}\u00a0\u00bb][et_pb_gallery gallery_ids=\u00a0\u00bb5912,5913,5911,5910,5909,5906,5907,5929&Prime; gallery_orderby=\u00a0\u00bbrand\u00a0\u00bb posts_number=\u00a0\u00bb8&Prime; show_title_and_caption=\u00a0\u00bboff\u00a0\u00bb show_pagination=\u00a0\u00bboff\u00a0\u00bb _builder_version=\u00a0\u00bb4.24.2&Prime; _module_preset=\u00a0\u00bbdefault\u00a0\u00bb global_colors_info=\u00a0\u00bb{}\u00a0\u00bb][\/et_pb_gallery][\/et_pb_column][\/et_pb_row][\/et_pb_section][et_pb_section fb_built=\u00a0\u00bb1&Prime; fullwidth=\u00a0\u00bbon\u00a0\u00bb theme_builder_area=\u00a0\u00bbpost_content\u00a0\u00bb _builder_version=\u00a0\u00bb4.24.2&Prime; _module_preset=\u00a0\u00bbdefault\u00a0\u00bb][et_pb_fullwidth_header title=\u00a0\u00bbInformation\u00a0\u00bb _builder_version=\u00a0\u00bb4.24.2&Prime; _module_preset=\u00a0\u00bbdefault\u00a0\u00bb theme_builder_area=\u00a0\u00bbpost_content\u00a0\u00bb hover_enabled=\u00a0\u00bb0&Prime; sticky_enabled=\u00a0\u00bb0&Prime; background_color=\u00a0\u00bb#8a8569&Prime;]<\/p>\n<p>Les photos de patients mises en ligne sur notre site web ont pour objectif de fournir des informations et d&rsquo;illustrer les r\u00e9sultats possibles d&rsquo;une rhinoplastie. Elles sont destin\u00e9es \u00e0 aider les futurs patients \u00e0 mieux comprendre les effets des traitements ou des proc\u00e9dures, en offrant une perspective visuelle des r\u00e9sultats potentiels. Ces images sont partag\u00e9es avec le consentement \u00e9clair\u00e9 des patients concern\u00e9s, dans le respect de leur vie priv\u00e9e et de leur anonymat. Il est important de noter que les r\u00e9sultats peuvent varier d&rsquo;une personne \u00e0 l&rsquo;autre, et ces photos ne doivent pas \u00eatre interpr\u00e9t\u00e9es comme une garantie des r\u00e9sultats individuels. Leur utilisation est strictement informative, visant \u00e0 \u00e9duquer et \u00e0 guider les patients dans leur prise de d\u00e9cision.<\/p>\n<p>[\/et_pb_fullwidth_header][\/et_pb_section]<\/p>\n","protected":false},"excerpt":{"rendered":"<p>Les photos de patients mises en ligne sur notre site web ont pour objectif de fournir des informations et d&rsquo;illustrer les r\u00e9sultats possibles d&rsquo;une rhinoplastie. Elles sont destin\u00e9es \u00e0 aider les futurs patients \u00e0 mieux comprendre les effets des traitements ou des proc\u00e9dures, en offrant une perspective visuelle des r\u00e9sultats potentiels. Ces images sont partag\u00e9es [&hellip;]<\/p>\n","protected":false},"author":1,"featured_media":0,"parent":0,"menu_order":0,"comment_status":"closed","ping_status":"closed","template":"","meta":{"_et_pb_use_builder":"on","_et_pb_old_content":"","_et_gb_content_width":"","ngg_post_thumbnail":0,"footnotes":""},"aioseo_notices":[],"_links":{"self":[{"href":"https:\/\/orl-chu-caen.fr\/index.php?rest_route=\/wp\/v2\/pages\/5919"}],"collection":[{"href":"https:\/\/orl-chu-caen.fr\/index.php?rest_route=\/wp\/v2\/pages"}],"about":[{"href":"https:\/\/orl-chu-caen.fr\/index.php?rest_route=\/wp\/v2\/types\/page"}],"author":[{"embeddable":true,"href":"https:\/\/orl-chu-caen.fr\/index.php?rest_route=\/wp\/v2\/users\/1"}],"replies":[{"embeddable":true,"href":"https:\/\/orl-chu-caen.fr\/index.php?rest_route=%2Fwp%2Fv2%2Fcomments&post=5919"}],"version-history":[{"count":6,"href":"https:\/\/orl-chu-caen.fr\/index.php?rest_route=\/wp\/v2\/pages\/5919\/revisions"}],"predecessor-version":[{"id":5937,"href":"https:\/\/orl-chu-caen.fr\/index.php?rest_route=\/wp\/v2\/pages\/5919\/revisions\/5937"}],"wp:attachment":[{"href":"https:\/\/orl-chu-caen.fr\/index.php?rest_route=%2Fwp%2Fv2%2Fmedia&parent=5919"}],"curies":[{"name":"wp","href":"https:\/\/api.w.org\/{rel}","templated":true}]}}