{"id":518,"date":"2014-08-02T22:03:47","date_gmt":"2014-08-02T20:03:47","guid":{"rendered":"http:\/\/orl-chu-caen.fr\/?page_id=518"},"modified":"2020-11-01T00:00:48","modified_gmt":"2020-10-31T22:00:48","slug":"these-et-memoires-des-internes","status":"publish","type":"page","link":"https:\/\/orl-chu-caen.fr\/?page_id=518","title":{"rendered":"THESE ET MEMOIRES"},"content":{"rendered":"<p>Vous pouvez consulter en ligne les Th\u00e8ses de Doctorat en M\u00e9decine et les M\u00e9moires de DES d&rsquo;ORL soutenues dans le services.<\/p>\n<p>[heading style=\u00a0\u00bb1&Prime; size=\u00a0\u00bbMedium\u00a0\u00bb align=\u00a0\u00bbcenter\u00a0\u00bb]2019[\/heading]<\/p>\n<ul>\n<li><a href=\"https:\/\/orl-chu-caen.fr\/?attachment_id=3325\" rel=\"attachment wp-att-3325\">Abord du sinus frontal: bases anatomiques et syst\u00e9matisation des diff\u00e9rentes techniques chirurigcales &#8211; Th\u00e8se &#8211; Amaury Dugas<\/a><\/li>\n<\/ul>\n<p>[heading style=\u00a0\u00bb1&Prime; size=\u00a0\u00bbMedium\u00a0\u00bb align=\u00a0\u00bbcenter\u00a0\u00bb]2018[\/heading]<\/p>\n<ul>\n<li><a href=\"https:\/\/orl-chu-caen.fr\/?attachment_id=3332\" rel=\"attachment wp-att-3332\">Traitement chirurgical des perforations septales: revue de la litt\u00e9rature et m\u00e9ta-analyse &#8211; Th\u00e8se Lara Adeleye <\/a><\/li>\n<li><a href=\"https:\/\/orl-chu-caen.fr\/?attachment_id=3331\" rel=\"attachment wp-att-3331\">Techniques de reconstructions par lambeaux muqueux apr\u00e8s chirurgie endonasale: bases anatomiques et applications cliniques- Th\u00e8se Matthieu De La Losa<\/a><\/li>\n<\/ul>\n<p>[heading style=\u00a0\u00bb1&Prime; size=\u00a0\u00bbMedium\u00a0\u00bb align=\u00a0\u00bbcenter\u00a0\u00bb]2014[\/heading]<\/p>\n<ul>\n<li><a href=\"https:\/\/orl-chu-caen.fr\/wp-content\/uploads\/2014\/10\/Combiner-le-r\u00e9sultat-1-Copy.pdf\">Voix et d\u00e9glutition \u00e0 distance des traitements d&rsquo;un cancer avanc\u00e9 du larynx: comparaison selon la modalit\u00e9 th\u00e9rapeutique, pr\u00e9servation laryng\u00e9e ou chirurgie &#8211; Th\u00e8se &#8211; Laetitia PLISSON<\/a><\/li>\n<\/ul>\n<p>[heading style=\u00a0\u00bb1&Prime; size=\u00a0\u00bbMedium\u00a0\u00bb align=\u00a0\u00bbcenter\u00a0\u00bb]2013[\/heading]<\/p>\n<ul>\n<li><a href=\"https:\/\/orl-chu-caen.fr\/wp-content\/uploads\/2014\/08\/m\u00e9moire-julie-berkaoui.pdf\">Anatomie Descriptive de la Fente Olfactive Ant\u00e9rieure &#8211;&nbsp; M\u00e9moire DES &#8211; Julie BERKAOUI<\/a><\/li>\n<\/ul>\n<p>[heading style=\u00a0\u00bb1&Prime; size=\u00a0\u00bbMedium\u00a0\u00bb align=\u00a0\u00bbcenter\u00a0\u00bb]2012[\/heading]<\/p>\n<ul>\n<li><a href=\"https:\/\/orl-chu-caen.fr\/wp-content\/uploads\/2014\/10\/these-L-ROBARD.pdf\">Bilan Vestibulaire et Implant Cochl\u00e9aire &#8211; Th\u00e8se- Laetitia ROBARD<\/a><\/li>\n<li><a href=\"https:\/\/orl-chu-caen.fr\/wp-content\/uploads\/2014\/10\/Memoire-DES.pdf\">Les Laryngites Chroniques &#8211; M\u00e9moire DES &#8211; La\u00ebtitia PLISSON<\/a><\/li>\n<\/ul>\n<p>[heading style=\u00a0\u00bb1&Prime; size=\u00a0\u00bbMedium\u00a0\u00bb align=\u00a0\u00bbcenter\u00a0\u00bb]2011[\/heading]<\/p>\n<ul>\n<li><a href=\"https:\/\/orl-chu-caen.fr\/wp-content\/uploads\/2014\/09\/THESE-R-CHHUOR.pdf\">Dipl\u00e9gie Laryng\u00e9e dans l\u2019acrom\u00e9galie: revue de la litt\u00e9rature \u00e0 propos d\u2019un cas clinique &#8211; Th\u00e8se &#8211; Robert CHHUOR<\/a><\/li>\n<\/ul>\n<p>&nbsp;<\/p>\n<ul>\n<li><a href=\"https:\/\/orl-chu-caen.fr\/wp-content\/uploads\/2014\/08\/THESE-A-MEUNIER.pdf\">Quid de la pr\u00e9servation laryng\u00e9e en canc\u00e9rologie ORL ? Etude r\u00e9trospective entre 1998 et 2008 sur 246 patients pris en charge au CHU de Caen et au centre Fran\u00e7ois Baclesse &#8211; Th\u00e8se &#8211; Aur\u00e9lien MEUNIER<\/a><\/li>\n<\/ul>\n<p>[heading style=\u00a0\u00bb1&Prime; size=\u00a0\u00bbMedium\u00a0\u00bb align=\u00a0\u00bbcenter\u00a0\u00bb]2010[\/heading]<\/p>\n","protected":false},"excerpt":{"rendered":"<p>Vous pouvez consulter en ligne les Th\u00e8ses de Doctorat en M\u00e9decine et les M\u00e9moires de DES d&rsquo;ORL soutenues dans le services. [heading style=\u00a0\u00bb1&Prime; size=\u00a0\u00bbMedium\u00a0\u00bb align=\u00a0\u00bbcenter\u00a0\u00bb]2019[\/heading] Abord du sinus frontal: bases anatomiques et syst\u00e9matisation des diff\u00e9rentes techniques chirurigcales &#8211; Th\u00e8se &#8211; Amaury Dugas [heading style=\u00a0\u00bb1&Prime; size=\u00a0\u00bbMedium\u00a0\u00bb align=\u00a0\u00bbcenter\u00a0\u00bb]2018[\/heading] Traitement chirurgical des perforations septales: revue de la litt\u00e9rature [&hellip;]<\/p>\n","protected":false},"author":1,"featured_media":0,"parent":0,"menu_order":0,"comment_status":"closed","ping_status":"open","template":"","meta":{"_et_pb_use_builder":"","_et_pb_old_content":"","_et_gb_content_width":"","ngg_post_thumbnail":0,"footnotes":""},"aioseo_notices":[],"_links":{"self":[{"href":"https:\/\/orl-chu-caen.fr\/index.php?rest_route=\/wp\/v2\/pages\/518"}],"collection":[{"href":"https:\/\/orl-chu-caen.fr\/index.php?rest_route=\/wp\/v2\/pages"}],"about":[{"href":"https:\/\/orl-chu-caen.fr\/index.php?rest_route=\/wp\/v2\/types\/page"}],"author":[{"embeddable":true,"href":"https:\/\/orl-chu-caen.fr\/index.php?rest_route=\/wp\/v2\/users\/1"}],"replies":[{"embeddable":true,"href":"https:\/\/orl-chu-caen.fr\/index.php?rest_route=%2Fwp%2Fv2%2Fcomments&post=518"}],"version-history":[{"count":19,"href":"https:\/\/orl-chu-caen.fr\/index.php?rest_route=\/wp\/v2\/pages\/518\/revisions"}],"predecessor-version":[{"id":3334,"href":"https:\/\/orl-chu-caen.fr\/index.php?rest_route=\/wp\/v2\/pages\/518\/revisions\/3334"}],"wp:attachment":[{"href":"https:\/\/orl-chu-caen.fr\/index.php?rest_route=%2Fwp%2Fv2%2Fmedia&parent=518"}],"curies":[{"name":"wp","href":"https:\/\/api.w.org\/{rel}","templated":true}]}}