{"id":509,"date":"2014-08-02T20:49:50","date_gmt":"2014-08-02T18:49:50","guid":{"rendered":"http:\/\/orl-chu-caen.fr\/?page_id=509"},"modified":"2021-10-26T23:01:44","modified_gmt":"2021-10-26T21:01:44","slug":"formation-des-internes","status":"publish","type":"page","link":"https:\/\/orl-chu-caen.fr\/?page_id=509","title":{"rendered":"FORMATION DES INTERNES"},"content":{"rendered":"<p style=\"text-align: justify;\">Le service d&rsquo;ORL du CHU de CAEN assure la formation des internes de sp\u00e9cialit\u00e9 tout au long de leur cursus de 5 ans.<br \/>\nIl offre une <strong>formation m\u00e9dico-chirurgicale compl\u00e8te<\/strong> dans tous les champs de la sp\u00e9cialit\u00e9 : Otologie, Chirurgie Cervico-Faciale et Carcinologique des Voies A\u00e9ro-Digestives Sup\u00e9rieures, Rhinologie et Chirurgie des Sinus.<br \/>\n7 stages d\u2019une dur\u00e9e de 6 mois se d\u00e9roulent au sein du Service d\u2019ORL du CHU de Caen, ou d\u2019un service r\u00e9gional partenaire (CLCC Fran\u00e7ois Baclesse, CH de Flers, CH de Cherbourg, CH de Lisieux). Les internes doivent aussi accomplir 3 stages de 6 mois dans des sp\u00e9cialit\u00e9s telles que la Neurochirurgie, la Chirurgie Maxillo-Faciale, la Chirurgie Vasculaire, la Chirurgie Visc\u00e9rale, etc.<\/p>\n<p style=\"text-align: justify;\">Nos internes sont vivement encourag\u00e9s \u00e0 compl\u00e9ter pour une dur\u00e9e de 6 mois leur formation dans d\u2019autres services ORL nationaux ou europ\u00e9ens de grande renomm\u00e9e.<\/p>\n<p style=\"text-align: justify;\"><span style=\"color: #ffffff;\">.<\/span><\/p>\n<h2 style=\"text-align: justify;\">La formation th\u00e9orique<\/h2>\n<p style=\"text-align: justify;\">Elle comporte de nombreuses \u00e9tapes :<\/p>\n<ul>\n<li><strong>Cours de D.E.S. r\u00e9gionaux<\/strong> tous les 6 mois avec les internes et enseignants de l\u2019inter-r\u00e9gion Nord (Amiens, Lille, Caen, Rouen, Reims), pendant lesquels les internes sont \u00e9valu\u00e9s sur leurs connaissances.<\/li>\n<li>Cours hebdomadaires au sein du Service d\u2019ORL, encadr\u00e9 par les m\u00e9decins du Service, portant \u00e0 la fois sur les pathologies ORL et leurs traitement, et sur l\u2019anatomie de la t\u00eate et du cou.<\/li>\n<li><strong>Participation aux cours de D.E.S. nationaux<\/strong> lors du congr\u00e8s annuel de la <a href=\"http:\/\/www.sforl.org\/?q=article\/Le_congres_annuel\/41\">SFORL<\/a>.<\/li>\n<\/ul>\n<p>Tous ces cours suivent le programme du D.E.S. d\u2019ORL et de Chirurgie Cervico-Faciale tel qu\u2019\u00e9tabli par le <a href=\"http:\/\/www.orlfrance.org\/article.php?id=26\">Coll\u00e8ge Fran\u00e7ais des Enseignants en ORL<\/a>.<\/p>\n<p>Les internes sont encourag\u00e9s \u00e0 passer au cours de leurs 5 ann\u00e9es de formation des Dipl\u00f4mes Universitaires (DU) compl\u00e9mentaires selon le champ d\u2019exercice vers lequel ils s\u2019orientent (otologie, rhinologie, chirurgie oncologique, chirurgie plastique, exploration des vertiges, phoniatrie).<\/p>\n<p style=\"text-align: justify;\"><span style=\"color: #ffffff;\">.<\/span><\/p>\n<h2 style=\"text-align: justify;\">La formation pratique<\/h2>\n<p>Elle comprend :<\/p>\n<ul>\n<li>La formation au bloc op\u00e9ratoire et lors des visites journali\u00e8res du service.<\/li>\n<li>La consultation conjointe avec les m\u00e9decins s\u00e9niors du service et en autonomie.<\/li>\n<li>La pr\u00e9paration des dossiers des patients op\u00e9r\u00e9s et des dossiers des patients soumis aux R\u00e9unions de Concertations Pluridisciplinaires (RCP).<\/li>\n<li>La participation aux RCP hebdomadaires d\u2019Oncologie ORL, Oncologie Dermatologique, Oncologie Thyroidienne, de Neuro-Oncologie, de pathologies du Sommeil.<\/li>\n<li>R\u00e9union hebdomadaire autour des dossiers des patients op\u00e9r\u00e9s dans la semaine.<\/li>\n<li>La formation pratique sur pi\u00e8ces anatomiques \u00e0 l&rsquo;<a href=\"http:\/\/ecole-de-chirurgie.fr\/\">Ecole de Chirurgie\/Laboratoire d&rsquo;Anatomie de la Facult\u00e9 de M\u00e9decine<\/a>.<\/li>\n<\/ul>\n<p style=\"text-align: justify;\"><span style=\"color: #ffffff;\">.<\/span><\/p>\n<h2 style=\"text-align: justify;\">Le travail personnel des internes<\/h2>\n<p style=\"text-align: justify;\">Chaque interne participe \u00e0 la formation hebdomadaire th\u00e9orique des externes du service d\u2019ORL.<br \/>\nDurant sa p\u00e9riode de formation, l\u2019interne doit r\u00e9diger un <a href=\"https:\/\/orl-chu-caen.fr\/?page_id=518\">m\u00e9moire de DES<\/a> ainsi qu\u2019une <a href=\"https:\/\/orl-chu-caen.fr\/?page_id=518\">th\u00e8se de docteur en m\u00e9decine<\/a> lui d\u00e9livrant l\u2019autorisation d\u2019exercice. Ces deux travaux th\u00e9oriques doivent correspondre \u00e0 un champ de la sp\u00e9cialit\u00e9 ORL telle que l\u2019otologie, la rhinologie ou la chirurgie cervico-faciale.<br \/>\nLa <a href=\"https:\/\/orl-chu-caen.fr\/?page_id=520\">production universitaire, d\u2019articles<\/a>, de posters ou de communication au sein du service est tr\u00e8s importante. Ainsi, chaque interne a publi\u00e9 plusieurs articles, posters ou communications nationales ou internationales \u00e0 la fin de sa formation.<\/p>\n<p style=\"text-align: justify;\">Notre service est autoris\u00e9 \u00e0 accueillir de un \u00e0 trois nouveaux internes chaque ann\u00e9e.<\/p>\n<p style=\"text-align: justify;\">&nbsp;<\/p>\n<p style=\"text-align: justify;\">Le service a publi\u00e9 r\u00e9cemment le livre <a href=\"https:\/\/orl-chu-caen.fr\/?page_id=3499\">\u00ab\u00a0Chirurgie endoscopique endonasale\u00a0\u00bb aux editions Elsevier-Masson.<\/a><\/p>\n<p style=\"text-align: justify;\"><span style=\"color: #ffffff;\">.<\/span><\/p>\n<p style=\"text-align: justify;\"><span style=\"color: #ffffff;\">.<\/span><\/p>\n<p style=\"text-align: justify;\">Pour obtenir plus d&rsquo;informations pratiques vous pouvez vous connecter au site de<a href=\"http:\/\/sibn-caen.fr\/\"> l&rsquo;internat de caen<\/a>.<\/p>\n<p style=\"text-align: justify;\">Le<a href=\"http:\/\/www.orlfrance.org\"> site ORL France <\/a><a href=\"http:\/\/campus.cerimes.fr\/orl\/\">et Campus ORL<\/a> vous donneront des indications suppl\u00e9mentaires sur le<a href=\"https:\/\/www.orlfrance.org\/devenir-orl\/\"> parcours pour devenir ORL<\/a><\/p>\n","protected":false},"excerpt":{"rendered":"<p>Le service d&rsquo;ORL du CHU de CAEN assure la formation des internes de sp\u00e9cialit\u00e9 tout au long de leur cursus de 5 ans. Il offre une formation m\u00e9dico-chirurgicale compl\u00e8te dans tous les champs de la sp\u00e9cialit\u00e9 : Otologie, Chirurgie Cervico-Faciale et Carcinologique des Voies A\u00e9ro-Digestives Sup\u00e9rieures, Rhinologie et Chirurgie des Sinus. 7 stages d\u2019une dur\u00e9e [&hellip;]<\/p>\n","protected":false},"author":1,"featured_media":0,"parent":118,"menu_order":0,"comment_status":"closed","ping_status":"open","template":"","meta":{"_et_pb_use_builder":"","_et_pb_old_content":"","_et_gb_content_width":"","ngg_post_thumbnail":0,"footnotes":""},"aioseo_notices":[],"_links":{"self":[{"href":"https:\/\/orl-chu-caen.fr\/index.php?rest_route=\/wp\/v2\/pages\/509"}],"collection":[{"href":"https:\/\/orl-chu-caen.fr\/index.php?rest_route=\/wp\/v2\/pages"}],"about":[{"href":"https:\/\/orl-chu-caen.fr\/index.php?rest_route=\/wp\/v2\/types\/page"}],"author":[{"embeddable":true,"href":"https:\/\/orl-chu-caen.fr\/index.php?rest_route=\/wp\/v2\/users\/1"}],"replies":[{"embeddable":true,"href":"https:\/\/orl-chu-caen.fr\/index.php?rest_route=%2Fwp%2Fv2%2Fcomments&post=509"}],"version-history":[{"count":24,"href":"https:\/\/orl-chu-caen.fr\/index.php?rest_route=\/wp\/v2\/pages\/509\/revisions"}],"predecessor-version":[{"id":3816,"href":"https:\/\/orl-chu-caen.fr\/index.php?rest_route=\/wp\/v2\/pages\/509\/revisions\/3816"}],"up":[{"embeddable":true,"href":"https:\/\/orl-chu-caen.fr\/index.php?rest_route=\/wp\/v2\/pages\/118"}],"wp:attachment":[{"href":"https:\/\/orl-chu-caen.fr\/index.php?rest_route=%2Fwp%2Fv2%2Fmedia&parent=509"}],"curies":[{"name":"wp","href":"https:\/\/api.w.org\/{rel}","templated":true}]}}