{"id":5083,"date":"2024-08-01T16:19:47","date_gmt":"2024-08-01T14:19:47","guid":{"rendered":"https:\/\/orl-chu-caen.fr\/?page_id=5083"},"modified":"2024-08-23T21:39:44","modified_gmt":"2024-08-23T19:39:44","slug":"dr-marion-perreard","status":"publish","type":"page","link":"https:\/\/orl-chu-caen.fr\/?page_id=5083","title":{"rendered":"Dr Marion PERREARD"},"content":{"rendered":"[et_pb_section fb_built=\u00a0\u00bb1&Prime; _builder_version=\u00a0\u00bb4.16&Prime; global_colors_info=\u00a0\u00bb{}\u00a0\u00bb][et_pb_row column_structure=\u00a0\u00bb2_5,3_5&Prime; _builder_version=\u00a0\u00bb4.24.2&Prime; _module_preset=\u00a0\u00bbdefault\u00a0\u00bb custom_padding=\u00a0\u00bb|0px||||\u00a0\u00bb box_shadow_style=\u00a0\u00bbpreset1&Prime; global_colors_info=\u00a0\u00bb{}\u00a0\u00bb][et_pb_column type=\u00a0\u00bb2_5&Prime; _builder_version=\u00a0\u00bb4.24.2&Prime; _module_preset=\u00a0\u00bbdefault\u00a0\u00bb global_colors_info=\u00a0\u00bb{}\u00a0\u00bb][et_pb_team_member name=\u00a0\u00bbDr Marion PERREARD\u00a0\u00bb position=\u00a0\u00bbAsssitante &#8211; Cheffe de Clinique\u00a0\u00bb image_url=\u00a0\u00bbhttps:\/\/orl-chu-caen.fr\/wp-content\/uploads\/2024\/05\/MARION-PERREARD-1-scaled.jpg\u00a0\u00bb _builder_version=\u00a0\u00bb4.24.2&Prime; _module_preset=\u00a0\u00bbdefault\u00a0\u00bb header_font=\u00a0\u00bbAbel||||||||\u00a0\u00bb header_font_size=\u00a0\u00bb34px\u00a0\u00bb position_font=\u00a0\u00bbAbel||||||||\u00a0\u00bb position_font_size=\u00a0\u00bb21px\u00a0\u00bb background_color=\u00a0\u00bb#FFFFFF\u00a0\u00bb custom_padding=\u00a0\u00bb||3px|||\u00a0\u00bb border_width_all=\u00a0\u00bb15px\u00a0\u00bb border_color_all=\u00a0\u00bb#FFFFFF\u00a0\u00bb border_width_all_image=\u00a0\u00bb9px\u00a0\u00bb border_color_all_image=\u00a0\u00bb#d2d0bb\u00a0\u00bb global_colors_info=\u00a0\u00bb{}\u00a0\u00bb]<h3><\/h3>\n<h3>ORL et Chirurgie Cervico-Faciale<\/h3>[\/et_pb_team_member][\/et_pb_column][et_pb_column type=\u00a0\u00bb3_5&Prime; _builder_version=\u00a0\u00bb4.24.2&Prime; _module_preset=\u00a0\u00bbdefault\u00a0\u00bb global_colors_info=\u00a0\u00bb{}\u00a0\u00bb][et_pb_text _builder_version=\u00a0\u00bb4.24.2&Prime; _module_preset=\u00a0\u00bbdefault\u00a0\u00bb text_font=\u00a0\u00bbAbel||||||||\u00a0\u00bb text_font_size=\u00a0\u00bb11px\u00a0\u00bb width=\u00a0\u00bb100%\u00a0\u00bb custom_padding=\u00a0\u00bb0px|||||\u00a0\u00bb hover_enabled=\u00a0\u00bb0&Prime; inline_fonts=\u00a0\u00bbAbel\u00a0\u00bb global_colors_info=\u00a0\u00bb{}\u00a0\u00bb border_width_all=\u00a0\u00bb15px\u00a0\u00bb border_color_all=\u00a0\u00bbRGBA(255,255,255,0)\u00a0\u00bb sticky_enabled=\u00a0\u00bb0&Prime;]<h1 class=\"wp-block-heading\"><span style=\"font-family: Abel; font-weight: normal; font-size: large;\"><strong><span style=\"font-size: x-large;\">FORMATION ET TITRES<\/span><\/strong><\/span><\/h1>\n<p><span style=\"font-size: large; font-family: Abel; font-weight: normal;\"><!-- \/wp:heading --> <!-- wp:paragraph --><\/span><\/p>\n<p><span style=\"font-family: Abel; font-weight: normal; font-size: large;\">Docteur en M\u00e9decine<\/span><\/p>\n<p><span style=\"font-size: large; font-family: Abel; font-weight: normal;\"><!-- \/wp:paragraph --> <!-- wp:paragraph --><\/span><\/p>\n<p><span style=\"font-family: Abel; font-weight: normal; font-size: large;\">D.U.\u00a0 <a href=\"http:\/\/fcsante.univ-angers.fr\/fr\/acces-direct\/formations\/diplome-d-universite-3eme-cycle-DUC3\/sciences-technologies-sante-04\/du-chirurgie-reparatrice-des-cancers-cutanes-de-la-face-MDUCA_1.html\">Chirurgie r\u00e9paratrice des cancers cutan\u00e9s de la face<\/a><\/span><\/p>\n<p><span style=\"font-size: large; font-family: Abel; font-weight: normal;\"><!-- \/wp:paragraph --> <!-- wp:paragraph --><\/span><\/p>\n<p><span style=\"font-family: Abel; font-weight: normal; font-size: large;\">MASTER 2 de Biologie Sant\u00e9 \u2013 Sp\u00e9cialit\u00e9 Canc\u00e9rologie Diff\u00e9renciation G\u00e9n\u00e9tique et Bioth\u00e9rapie (CDG-Biother)<\/span><\/p>\n<p><span style=\"font-size: large; font-family: Abel; font-weight: normal;\"><!-- \/wp:paragraph --> <!-- wp:paragraph --><\/span><\/p>\n<p><span style=\"font-family: Abel; font-weight: normal; font-size: large;\">Formation aux bonnes pratiques de la recherche clinique &#8211; FORMEDEA<\/span><\/p>\n<p><span style=\"font-size: large; font-family: Abel; font-weight: normal;\"><!-- \/wp:paragraph --> <!-- wp:shortcode --> <!-- \/wp:shortcode --> <!-- wp:heading --><\/span><\/p>\n<p><span style=\"font-size: large; font-family: Abel; font-weight: normal;\"><\/span><\/p>\n<p><span style=\"font-family: Abel; font-weight: normal; font-size: x-large;\"><strong>SOCIETES SAVANTES<\/strong><\/span><\/p>\n<p><span style=\"font-size: large; font-family: Abel; font-weight: normal;\"><!-- \/wp:heading --> <!-- wp:paragraph --><\/span><\/p>\n<p><span style=\"font-family: Abel; font-weight: normal; font-size: large;\">Membre de la Soci\u00e9t\u00e9 d\u2019ORL et de Chirurgie Cervico-Faciale de Basse-Normandie<\/span><\/p>\n<p><span style=\"font-size: large; font-family: Abel; font-weight: normal;\"><!-- \/wp:paragraph --> <!-- wp:shortcode --> <!-- \/wp:shortcode --> <!-- wp:heading --><\/span><\/p>\n<p><span style=\"font-size: large; font-family: Abel; font-weight: normal;\"><\/span><\/p>\n<p><span style=\"font-size: large; font-family: Abel; font-weight: normal;\"><\/span><\/p>\n<h2 class=\"wp-block-heading\"><span style=\"font-family: Abel; font-weight: normal; font-size: x-large;\"><strong>DISCIPLINES<\/strong><\/span><\/h2>\n<p><span style=\"font-size: large; font-family: Abel; font-weight: normal;\"><!-- \/wp:heading --> <!-- wp:paragraph --><\/span><\/p>\n<p><span style=\"font-family: Abel; font-weight: normal; font-size: large;\">Oto-Rhino-Laryngologie et Chirurgie Cervico-Faciale<\/span><\/p>\n<p><span style=\"font-size: large; font-family: Abel; font-weight: normal;\"><!-- \/wp:paragraph --> <!-- wp:shortcode -->\u00a0 <!-- \/wp:shortcode --> <!-- wp:heading --><\/span><\/p>\n<h2 class=\"wp-block-heading\"><span style=\"font-family: Abel; font-weight: normal; font-size: x-large;\"><strong>RECHERCHE<\/strong><\/span><\/h2>\n<p><span style=\"font-size: large; font-family: Abel; font-weight: normal;\"><!-- \/wp:heading --> <!-- wp:paragraph --><\/span><\/p>\n<p><span style=\"font-family: Abel; font-weight: normal; font-size: large;\"><strong>Perr\u00e9ard M,<\/strong> Weiswald LB, Poulain L<\/span><\/p>\n<p><span style=\"font-size: large; font-family: Abel; font-weight: normal;\"><!-- \/wp:paragraph --> <!-- wp:paragraph --><\/span><\/p>\n<p><span style=\"font-family: Abel; font-weight: normal; font-size: large;\">Master 2, Unit\u00e9 ANTICIPE Inserm U1086\u00a0: <strong>\u00abEtablissement d\u2019organo\u00efdes de carcinome \u00e9pidermo\u00efde de la t\u00eate et du cou pour \u00e9valuer leur r\u00e9ponse \u00e0 des th\u00e9rapies innovantes \u00bb<\/strong><\/span><\/p>\n<p><span style=\"font-size: large; font-family: Abel; font-weight: normal;\"><!-- \/wp:paragraph --> <!-- wp:paragraph --><\/span><\/p>\n<p><span style=\"font-family: Abel; font-weight: normal; font-size: large;\"><strong>Perr\u00e9ard M,<\/strong> Boutros M, Babin E, Lafosse M, Lasne Cardon A, Al Issa G<\/span><\/p>\n<p><span style=\"font-size: large; font-family: Abel; font-weight: normal;\"><!-- \/wp:paragraph --> <!-- wp:paragraph --><\/span><\/p>\n<p><span style=\"font-family: Abel; font-weight: normal; font-size: large;\">Etude clinique multicentrique prospective, CHU CAEN\u00a0: <strong>Thyrodoul 2\u00a0&#8211; \u00ab\u00a0Effet du bloc cervical sur le monitorage des nerfs r\u00e9currents en chirurgie thyro\u00efdienne\u00a0: Essai randomis\u00e9 de non-inf\u00e9riorit\u00e9\u00a0\u00bb<\/strong><\/span><\/p>\n<p><span style=\"font-size: large; font-family: Abel; font-weight: normal;\"><!-- \/wp:paragraph --> <!-- wp:shortcode -->\u00a0 <!-- \/wp:shortcode --> <!-- wp:heading --><\/span><\/p>\n<h2 class=\"wp-block-heading\"><span style=\"font-family: Abel; font-weight: normal; font-size: x-large;\"><strong>COORDONNEES<\/strong><\/span><\/h2>\n<p><span style=\"font-size: large; font-family: Abel; font-weight: normal;\"><!-- \/wp:heading --> <!-- wp:paragraph --><\/span><\/p>\n<p><span style=\"font-family: Abel; font-weight: normal; font-size: large;\">Secr\u00e9tariat Service ORL\u00a0CHU de CAEN: 02.31.06.46.40<\/span><\/p>\n<p><span style=\"font-size: large; font-family: Abel; font-weight: normal;\"><!-- \/wp:paragraph --> <!-- wp:paragraph --><\/span><\/p>\n<p><span style=\"font-family: Abel; font-weight: normal; font-size: large;\">Mail: <a href=\"mailto:perreard-m@chu-caen.fr\">perreard-m@chu-caen.fr<\/a><\/span><\/p>\n<p><span style=\"font-size: large; font-family: Abel; font-weight: normal;\"><!-- \/wp:paragraph --> <!-- wp:shortcode -->\u00a0 <!-- \/wp:shortcode --> <!-- wp:heading --><\/span><\/p>\n<h2 class=\"wp-block-heading\"><span style=\"font-family: Abel; font-weight: normal; font-size: x-large;\"><strong>PARUTIONS<\/strong><\/span><\/h2>\n<p><span style=\"font-size: large; font-family: Abel; font-weight: normal;\"><!-- \/wp:heading --> <!-- wp:paragraph --><\/span><\/p>\n<p><span style=\"font-family: Abel; font-weight: normal; font-size: large;\"><strong>Perr\u00e9ard M<\/strong>, Bailleul H, Babin E<\/span><\/p>\n<p><span style=\"font-size: large; font-family: Abel; font-weight: normal;\"><!-- \/wp:paragraph --> <!-- wp:paragraph --><\/span><\/p>\n<p><span style=\"font-family: Abel; font-weight: normal; font-size: large;\"><strong>\u00abPost-thyroidectomy Horner&rsquo;s syndrome\u00bb,<\/strong> Eur Ann Otorhinolaryngol Head Neck Dis. , 2019<\/span><\/p>\n<p><span style=\"font-size: large; font-family: Abel; font-weight: normal;\"><!-- \/wp:paragraph --> <!-- wp:shortcode --> <!-- \/wp:shortcode --> <!-- wp:heading --><\/span><\/p>\n<p><span style=\"font-size: large; font-family: Abel; font-weight: normal;\"><\/span><\/p>\n<h2 class=\"wp-block-heading\"><span style=\"font-family: Abel; font-weight: normal; font-size: x-large;\"><strong>POSTERS<\/strong><\/span><\/h2>\n<p><span style=\"font-size: large; font-family: Abel; font-weight: normal;\"><!-- \/wp:heading --> <!-- wp:paragraph --><\/span><\/p>\n<p><span style=\"font-family: Abel; font-weight: normal; font-size: large;\"><strong>Perr\u00e9ard M<\/strong>, Hitier M<\/span><\/p>\n<p><span style=\"font-size: large; font-family: Abel; font-weight: normal;\"><!-- \/wp:paragraph --> <!-- wp:paragraph --><\/span><\/p>\n<p><span style=\"font-family: Abel; font-weight: normal; font-size: large;\">\u00ab<strong>Carotide ectopique de la caisse du tympan : cas clinique et revue de la litt\u00e9rature<\/strong>\u00bb, Poster pr\u00e9sent\u00e9 au 124e congr\u00e8s de la SFORL, Paris 2018<\/span><\/p>\n<p><span style=\"font-size: large; font-family: Abel; font-weight: normal;\"><!-- \/wp:paragraph --> <!-- wp:paragraph --><\/span><\/p>\n<p><span style=\"font-family: Abel; font-weight: normal; font-size: large;\"><strong>\u00a0<\/strong><\/span><\/p>\n<p><span style=\"font-size: x-large; font-family: Abel; font-weight: normal;\"><!-- \/wp:paragraph --> <!-- wp:heading --><\/span><\/p>\n<h2 class=\"wp-block-heading\"><span style=\"font-family: Abel; font-weight: normal; font-size: x-large;\"><strong>COMMUNICATIONS ORALES<\/strong><\/span><\/h2>\n<p><span style=\"font-size: large; font-family: Abel; font-weight: normal;\"><!-- \/wp:heading --> <!-- wp:paragraph --><\/span><\/p>\n<p><span style=\"font-family: Abel; font-weight: normal; font-size: large;\">Bastit V,\u00a0 <strong>Perr\u00e9ard M<\/strong>, Louis MY, Patron V,\u00a0 Lasne-Cardon A, Babin E<\/span><\/p>\n<p><span style=\"font-size: large; font-family: Abel; font-weight: normal;\"><!-- \/wp:paragraph --> <!-- wp:paragraph --><\/span><\/p>\n<p><span style=\"font-family: Abel; font-weight: normal; font-size: large;\">\u00ab<strong>Marge saine apr\u00e8s recoupe en cas de marge initiale atteinte dans les carcinomes \u00e9pidermo\u00efdes de la cavit\u00e9 buccale trait\u00e9s par chirurgie exclusive : quelle valeur pronostique ?<\/strong>\u00bb Communication au 52e congr\u00e8s de la SFCCF, Lyon 2019<\/span><\/p>\n<p><span style=\"font-size: large; font-family: Abel; font-weight: normal;\"><!-- \/wp:paragraph --> <!-- wp:paragraph --><\/span><\/p>\n<p><span style=\"font-family: Abel; font-weight: normal; font-size: large;\">Deneuve S, Dupret Bories A, Majouffre C, Fuchsmann C, <strong>Perr\u00e9ard M<\/strong>, Adnot L, Schultz P, Ransy P, Boyard I, Morini\u00e8re S, De Mones E, C\u00e9ruse P<\/span><\/p>\n<p><span style=\"font-size: large; font-family: Abel; font-weight: normal;\"><!-- \/wp:paragraph --> <!-- wp:paragraph --><\/span><\/p>\n<p><span style=\"font-family: Abel; font-weight: normal; font-size: large;\">\u00ab<strong>Cancers de la langue mobile chez les sujets jeunes. \u00c9tude GETTEC<\/strong>.\u00bb Com<\/span><\/p>\n<p><span style=\"font-size: large; font-family: Abel; font-weight: normal;\"><!-- \/wp:paragraph --><\/span><\/p>\n<p><span style=\"font-family: Abel; font-weight: normal; font-size: large;\">\u00a0<\/span><\/p>\n<p><span style=\"font-size: large; font-family: Abel; font-weight: normal;\">\u00a0<\/span><\/p>\n<p><span style=\"font-size: x-large;\">\u00a0<\/span><\/p>[\/et_pb_text][\/et_pb_column][\/et_pb_row][et_pb_row _builder_version=\u00a0\u00bb4.16&Prime; background_size=\u00a0\u00bbinitial\u00a0\u00bb background_position=\u00a0\u00bbtop_left\u00a0\u00bb background_repeat=\u00a0\u00bbrepeat\u00a0\u00bb global_colors_info=\u00a0\u00bb{}\u00a0\u00bb][et_pb_column type=\u00a0\u00bb4_4&Prime; _builder_version=\u00a0\u00bb4.16&Prime; custom_padding=\u00a0\u00bb|||\u00a0\u00bb global_colors_info=\u00a0\u00bb{}\u00a0\u00bb custom_padding__hover=\u00a0\u00bb|||\u00a0\u00bb][et_pb_text _builder_version=\u00a0\u00bb4.16&Prime; background_size=\u00a0\u00bbinitial\u00a0\u00bb background_position=\u00a0\u00bbtop_left\u00a0\u00bb background_repeat=\u00a0\u00bbrepeat\u00a0\u00bb global_colors_info=\u00a0\u00bb{}\u00a0\u00bb][\/et_pb_text][\/et_pb_column][\/et_pb_row][\/et_pb_section][et_pb_section fb_built=\u00a0\u00bb1&Prime; fullwidth=\u00a0\u00bbon\u00a0\u00bb _builder_version=\u00a0\u00bb4.24.2&Prime; _module_preset=\u00a0\u00bbdefault\u00a0\u00bb global_colors_info=\u00a0\u00bb{}\u00a0\u00bb][\/et_pb_section]","protected":false},"excerpt":{"rendered":"<p>ORL et Chirurgie Cervico-FacialeFORMATION ET TITRES Docteur en M\u00e9decine D.U.\u00a0 Chirurgie r\u00e9paratrice des cancers cutan\u00e9s de la face MASTER 2 de Biologie Sant\u00e9 \u2013 Sp\u00e9cialit\u00e9 Canc\u00e9rologie Diff\u00e9renciation G\u00e9n\u00e9tique et Bioth\u00e9rapie (CDG-Biother) Formation aux bonnes pratiques de la recherche clinique &#8211; FORMEDEA SOCIETES SAVANTES Membre de la Soci\u00e9t\u00e9 d\u2019ORL et de Chirurgie Cervico-Faciale de Basse-Normandie DISCIPLINES [&hellip;]<\/p>\n","protected":false},"author":1,"featured_media":0,"parent":0,"menu_order":0,"comment_status":"closed","ping_status":"closed","template":"","meta":{"_et_pb_use_builder":"on","_et_pb_old_content":"","_et_gb_content_width":"","ngg_post_thumbnail":0,"footnotes":""},"aioseo_notices":[],"_links":{"self":[{"href":"https:\/\/orl-chu-caen.fr\/index.php?rest_route=\/wp\/v2\/pages\/5083"}],"collection":[{"href":"https:\/\/orl-chu-caen.fr\/index.php?rest_route=\/wp\/v2\/pages"}],"about":[{"href":"https:\/\/orl-chu-caen.fr\/index.php?rest_route=\/wp\/v2\/types\/page"}],"author":[{"embeddable":true,"href":"https:\/\/orl-chu-caen.fr\/index.php?rest_route=\/wp\/v2\/users\/1"}],"replies":[{"embeddable":true,"href":"https:\/\/orl-chu-caen.fr\/index.php?rest_route=%2Fwp%2Fv2%2Fcomments&post=5083"}],"version-history":[{"count":6,"href":"https:\/\/orl-chu-caen.fr\/index.php?rest_route=\/wp\/v2\/pages\/5083\/revisions"}],"predecessor-version":[{"id":6276,"href":"https:\/\/orl-chu-caen.fr\/index.php?rest_route=\/wp\/v2\/pages\/5083\/revisions\/6276"}],"wp:attachment":[{"href":"https:\/\/orl-chu-caen.fr\/index.php?rest_route=%2Fwp%2Fv2%2Fmedia&parent=5083"}],"curies":[{"name":"wp","href":"https:\/\/api.w.org\/{rel}","templated":true}]}}