{"id":471,"date":"2014-08-02T17:57:58","date_gmt":"2014-08-02T15:57:58","guid":{"rendered":"http:\/\/orl-chu-caen.fr\/?page_id=471"},"modified":"2024-08-01T07:46:16","modified_gmt":"2024-08-01T05:46:16","slug":"pathologie-orl-generale-et-chirurgie-de-la-face-et-du-cou","status":"publish","type":"page","link":"https:\/\/orl-chu-caen.fr\/?page_id=471","title":{"rendered":"Pathologie ORL g\u00e9n\u00e9rale et Chirurgie de la Face et du Cou"},"content":{"rendered":"<p>[et_pb_section fb_built=\u00a0\u00bb1&Prime; fullwidth=\u00a0\u00bbon\u00a0\u00bb theme_builder_area=\u00a0\u00bbpost_content\u00a0\u00bb _builder_version=\u00a0\u00bb4.24.2&Prime; _module_preset=\u00a0\u00bbdefault\u00a0\u00bb][et_pb_fullwidth_header title=\u00a0\u00bbPathologies ORL g\u00e9n\u00e9rales et Chirurgie de la Face et du Cou\u00a0\u00bb _builder_version=\u00a0\u00bb4.24.2&Prime; _module_preset=\u00a0\u00bbdefault\u00a0\u00bb theme_builder_area=\u00a0\u00bbpost_content\u00a0\u00bb hover_enabled=\u00a0\u00bb0&Prime; sticky_enabled=\u00a0\u00bb0&Prime; title_text_align=\u00a0\u00bbcenter\u00a0\u00bb background_color=\u00a0\u00bb#17547a\u00a0\u00bb][\/et_pb_fullwidth_header][\/et_pb_section][et_pb_section fb_built=\u00a0\u00bb1&Prime; fullwidth=\u00a0\u00bbon\u00a0\u00bb theme_builder_area=\u00a0\u00bbpost_content\u00a0\u00bb _builder_version=\u00a0\u00bb4.24.2&Prime; _module_preset=\u00a0\u00bbdefault\u00a0\u00bb][et_pb_fullwidth_image src=\u00a0\u00bbhttps:\/\/orl-chu-caen.fr\/wp-content\/uploads\/2024\/08\/VIVIEN-BLEU.jpg\u00a0\u00bb _builder_version=\u00a0\u00bb4.24.2&Prime; _module_preset=\u00a0\u00bbdefault\u00a0\u00bb theme_builder_area=\u00a0\u00bbpost_content\u00a0\u00bb title_text=\u00a0\u00bbVIVIEN BLEU\u00a0\u00bb hover_enabled=\u00a0\u00bb0&Prime; sticky_enabled=\u00a0\u00bb0&Prime; min_height=\u00a0\u00bb589.3px\u00a0\u00bb custom_margin=\u00a0\u00bb||-202px|||\u00a0\u00bb][\/et_pb_fullwidth_image][\/et_pb_section][et_pb_section fb_built=\u00a0\u00bb1&Prime; _builder_version=\u00a0\u00bb4.16&Prime; global_colors_info=\u00a0\u00bb{}\u00a0\u00bb min_height=\u00a0\u00bb2837.4px\u00a0\u00bb custom_margin=\u00a0\u00bb-44px|||||\u00a0\u00bb][et_pb_row _builder_version=\u00a0\u00bb4.16&Prime; background_size=\u00a0\u00bbinitial\u00a0\u00bb background_position=\u00a0\u00bbtop_left\u00a0\u00bb background_repeat=\u00a0\u00bbrepeat\u00a0\u00bb global_colors_info=\u00a0\u00bb{}\u00a0\u00bb][et_pb_column type=\u00a0\u00bb4_4&Prime; _builder_version=\u00a0\u00bb4.16&Prime; custom_padding=\u00a0\u00bb|||\u00a0\u00bb global_colors_info=\u00a0\u00bb{}\u00a0\u00bb custom_padding__hover=\u00a0\u00bb|||\u00a0\u00bb][et_pb_text _builder_version=\u00a0\u00bb4.24.2&Prime; background_size=\u00a0\u00bbinitial\u00a0\u00bb background_position=\u00a0\u00bbtop_left\u00a0\u00bb background_repeat=\u00a0\u00bbrepeat\u00a0\u00bb global_colors_info=\u00a0\u00bb{}\u00a0\u00bb]<\/p>\n<h1 style=\"text-align: justify;\"><span style=\"color: #0f4881;\">Pathologies prises en charge<br \/><\/span><\/h1>\n<p style=\"text-align: justify;\"><span style=\"color: #ffffff;\">.<\/span><\/p>\n<h2 style=\"text-align: justify;\">L\u2019otologie et la prise en charge des vertiges (<a href=\"https:\/\/orl-chu-caen.fr\/?page_id=4578\">Pr. HITIER<\/a>, <a href=\"https:\/\/orl-chu-caen.fr\/?page_id=4586\">Dr. PLISSON<\/a>)<\/h2>\n<p style=\"text-align: justify;\">L&rsquo;otologie comprend l&rsquo;exploration diagnostique et le traitement des pathologies de l&rsquo;oreille (infections, surdit\u00e9s et vertiges) et du nerf facial. Les traitements sont m\u00e9dicaux et chirurgicaux avec les explorations d&rsquo;oreille, la<strong> chirurgie du cholest\u00e9atome<\/strong> et des masto\u00efdites chroniques infectieuses, la chirurgie de la surdit\u00e9 et l&rsquo;<strong>oto-neurochirurgie<\/strong> (implant cochl\u00e9aire, bilan et traitement des <a href=\"https:\/\/orl-chu-caen.fr\/?page_id=2199\">neurinomes de l&rsquo;acoustique <\/a>et de leurs s\u00e9quelles, neurectomie pour traitement des vertiges&#8230;) et la <a href=\"https:\/\/orl-chu-caen.fr\/?page_id=771\"><strong>chirurgie de la base du cr\u00e2ne<\/strong><\/a>.<\/p>\n<p style=\"text-align: justify;\">\n<p style=\"text-align: justify;\"><a href='https:\/\/orl-chu-caen.fr\/?page_id=2271' class='small-button small#193f54'>En savoir plus sur la maladie de Meni\u00e8re<\/a><\/p>\n<p style=\"text-align: justify;\"><span style=\"color: #ffffff;\">.<\/span><\/p>\n<h2 style=\"text-align: justify;\">Pathologies rhino-sinusiennes et pharyng\u00e9es (<a href=\"https:\/\/orl-chu-caen.fr\/?page_id=4580\">Dr. PATRON<\/a>)<\/h2>\n<p style=\"text-align: justify;\">Elles constituent une des premi\u00e8res causes de consultations m\u00e9dicales. L\u2019origine multi-factorielle (allergie, pollution, tabac, inflammatoire\u2026) impose des collaborations \u00e9troites d\u00e9j\u00e0 \u00e9tablies avec les services de pneumologie, de maladies infectieuses et de m\u00e9decine interne.<br \/>Les sympt\u00f4mes li\u00e9s aux rhinites et aux rhino-sinusites chroniques vont \u00eatre multiples : obstruction nasale (nez bouch\u00e9), troubles de l\u2019odorat, rhinorrh\u00e9e (\u00e9coulement) post\u00e9rieur ou ant\u00e9rieur, \u00e9ternuements, douleurs et pesanteurs faciale, saignement de nez (\u00e9pistaxis)\u2026.<br \/>La prise en charge de ces pathologies repose surtout sur le traitement m\u00e9dical mais dans certains cas, le recours \u00e0 la chirurgie peut \u00eatre envisag\u00e9. La chirurgie endoscopique des cavit\u00e9s naso-sinusiennes est une des sp\u00e9cialit\u00e9s du service, d\u2019o\u00f9 le nombre important de patients confi\u00e9s par nos confr\u00e8res ORL praticiens lib\u00e9raux (ethmoidectomie, sph\u00e9noidotomie, chirurgie du sinus frontal).<br \/>Elle fait appel \u00e0 un <strong>plateau technique de haute technicit\u00e9<\/strong> (Endoscopie Haute-D\u00e9finition, chirurgie assist\u00e9e par ordinateur et Neuronavigation).<br \/>Cette technicit\u00e9 permet de d\u00e9velopper la chirurgie de la base du cr\u00e2ne en collaboration avec le service de Neurochirurgie et le service de Neuroradiologie et la prise en charge de la pathologie tumorale des cavit\u00e9s sinusiennes et le l\u2019hypophyse.<br \/>Cette collaboration se poursuit au sein de la <strong>R\u00e9union de Concertation Pluridisciplinaire de Neuro-oncologie<\/strong> (RCP Neuro-onco).<br \/>Les pathologies du pharynx, angines \u00e0 r\u00e9p\u00e9tition, pharyngites r\u00e9cidivantes, sont prises en charge avec un recours possible au laser (sous anesth\u00e9sie locale dans le secteur de consultation ou sous anesth\u00e9sie g\u00e9n\u00e9rale au bloc op\u00e9ratoire).<\/p>\n<p style=\"text-align: justify;\"><span style=\"color: #ffffff;\">.<\/span><\/p>\n<h2 style=\"text-align: justify;\">Pathologies de la voix et de la d\u00e9glutition (<a href=\"https:\/\/orl-chu-caen.fr\/?page_id=4586\">Dr. PLISSON<\/a>)<\/h2>\n<p style=\"text-align: justify;\">Ces pathologies sont actuellement prises en charge dans le<strong> cadre d\u2019une consultation pluridisciplinaire avec un ORL phoniatre<\/strong> (<a href=\"https:\/\/orl-chu-caen.fr\/?page_id=4586\">Dr Laetitia PLISSON)<\/a> entre les m\u00e9decins ORL et l\u2019\u00e9quipe d\u2019orthophonistes et d&rsquo;une<strong> Hospitalisation de Jour<\/strong> (HDJ) dans le cadre de pathologies plus complexes.<br \/>Il s\u2019agit du suivi et de l\u2019<strong>exploration des troubles de la d\u00e9glutition et la r\u00e9\u00e9ducation des proth\u00e8ses phonatoires<\/strong> apr\u00e8s intervention carcinologique ou accident vasculaire c\u00e9r\u00e9bral. C\u2019est dans ce cadre que sont \u00e9galement pris en charge, en collaboration avec le service de neurologie, les explorations des troubles de la d\u00e9glutition du sujet \u00e2g\u00e9.<br \/>Le bilan, l\u2019exploration, voire la r\u00e9\u00e9ducation des troubles de la voix parl\u00e9e et chant\u00e9e dans des cas complexes sont \u00e9galement suivis.<\/p>\n<p style=\"text-align: justify;\"><span style=\"color: #ffffff;\">.<\/span><\/p>\n<h2 style=\"text-align: justify;\">Les Pathologies cervico-faciales de l&rsquo;adulte et de l&rsquo;enfant (<a href=\"https:\/\/orl-chu-caen.fr\/?page_id=4592\">Pr. BABIN<\/a> , <a href=\"https:\/\/orl-chu-caen.fr\/?page_id=4590\">Dr BOIS<\/a>)<\/h2>\n<p style=\"text-align: justify;\">Cette activit\u00e9 consiste \u00e0 diagnostiquer et traiter des l\u00e9sions du cou et de la gorge (thyro\u00efde, larynx et pharynx) compl\u00e9t\u00e9e par la chirurgie des glandes salivaires (parotides et glandes sous-maxillaires).<\/p>\n<p style=\"text-align: justify;\"><span style=\"color: #ffffff;\">.<\/span><\/p>\n<h2 style=\"text-align: justify;\">Ronchopathies et apn\u00e9es du sommeil (<a href=\"https:\/\/orl-chu-caen.fr\/?page_id=4596\">Dr. MICAULT, <\/a><a href=\"https:\/\/orl-chu-caen.fr\/?page_id=4590\">Dr BOIS<\/a>)<\/h2>\n<p style=\"text-align: justify;\">Le ronflement int\u00e9resse un nombre tr\u00e8s important de patients. Il est li\u00e9 \u00e0 la mise en vibration du voile du palais.<br \/>Cependant la prise en charge du ronfleur simple (socialement g\u00eanante) peut reposer sur la chirurgie classique (UVPP) mais aussi sur des techniques de laser ou de radiofr\u00e9quence v\u00e9laire.<br \/>Cette pathologie peut \u00eatre associ\u00e9e \u00e0 un <strong>Syndrome d\u2019Apn\u00e9e Obstructive du Sommeil<\/strong> (SAOS), ce qui impose donc une collaboration \u00e9troite avec le Centre d\u2019Exploration du Sommeil du CHU de Caen et le service de Pneumologie. Cette collaboration permet la prise en charge globale du patient apn\u00e9ique. Chez les patients en \u00e9chec ou refusant la ventilations par pression positive des solutions chirurgicales maxillo-mandibulaires peuvent \u00eatre envisag\u00e9es dans certains cas en collaboration avec le service de Chirurgie Maxillo-Faciale (ost\u00e9otomie bimaxillaire, orth\u00e8ses mandibulaires).<br \/>Ces collaborations \u00e9troites ont permis la mise en place d\u2019une <strong>R\u00e9union Pluridisciplinaire du sommeil au sein du CHU de Caen<\/strong>.<\/p>\n<p style=\"text-align: justify;\"><span style=\"color: #ffffff;\">.<\/span><\/p>\n<h2 style=\"text-align: justify;\">L&rsquo;ORL P\u00e9diatrique (<a href=\"https:\/\/orl-chu-caen.fr\/?page_id=4590\">Dr. BOIS<\/a>)<\/h2>\n<p style=\"text-align: justify;\">L\u2019ORL P\u00e9diatrique concerne :<br \/>&#8211; Le <strong>diagnostic et le traitement des maladies infectieuses<\/strong> (otites, rhinopharyngites, etc.) : la chirurgie ORL p\u00e9diatrique consiste principalement en amygdalectomies, otoplasties, ablations des corps \u00e9trangers, chirurgie des malformations cr\u00e2nio-faciales embryonnaires&#8230;,<br \/>&#8211; Le <strong>d\u00e9pistage de la surdit\u00e9 infantile<\/strong> avec prise en charge de celle-ci en collaboration avec le Centre d&rsquo;Action M\u00e9dico-Social Pr\u00e9coce (CAMPS): mise en place d&rsquo;implant cochl\u00e9aire, prise en charge de malformations cervico-faciales.<\/p>\n<p style=\"text-align: justify;\">\n<p style=\"text-align: justify;\"><a href='https:\/\/orl-chu-caen.fr\/wp-content\/uploads\/2019\/01\/alimentation-amygdales-ORL36.pdf' class='small-button small#193f54'>T\u00e9l\u00e9charger la brochure sur le r\u00e9gime alimentaire post-amygdalectomie<\/a><\/p>\n<p style=\"text-align: justify;\">\n<h2 style=\"text-align: justify;\">L\u2019activit\u00e9 d\u2019urgence<\/h2>\n<p style=\"text-align: justify;\">La prise en charge des <strong>urgences ORL de l\u2019adulte et de l\u2019enfant<\/strong> est assur\u00e9e par l&rsquo;\u00e9quipe d&rsquo;ORL et de Chirurgie Cervico- Faciale, au sein du service d&rsquo;accueil des urgences du CHU. Elle comprend la prise en charge des pathologies infectieuses ORL (angines, otites externes et moyennes, phlegmons, ad\u00e9nophlegmons, cellulites cervicales), respiratoires (corps \u00e9trangers laryng\u00e9s et oesophagiens) et traumatiques (fractures du nez, traumatismes laryng\u00e9s, epistaxis).<\/p>\n<p style=\"text-align: justify;\"><span style=\"color: #ffffff;\">.<\/span><\/p>\n<h1><span style=\"color: #0f4881;\">Les intervenants<\/span><\/h1>\n<p>&nbsp;<\/p>\n<p style=\"text-align: justify;\"><a href=\"https:\/\/orl-chu-caen.fr\/?page_id=4582\">Pr S. MOREAU (Implants cochl\u00e9aires, otologie)<\/a><\/p>\n<p style=\"text-align: justify;\"><a href=\"https:\/\/orl-chu-caen.fr\/?page_id=4592\">Pr E. BABIN ( Chirurgie carcinologique, thyro\u00efdienne et parathyro\u00efdienne)<\/a><\/p>\n<p style=\"text-align: justify;\"><a href=\"https:\/\/orl-chu-caen.fr\/?page_id=4578\">Pr M. HITIER ( Chirurgie otologique, otoneurochirurgie,implant cochl\u00e9aire, chirurgie de la Base du Crane)<\/a><\/p>\n<p style=\"text-align: justify;\"><a href=\"https:\/\/orl-chu-caen.fr\/?page_id=4580\">Dr V. PATRON (Chirurgie endoscopique des sinus\u00a0 et de la Base du Cr\u00e2ne, Rhinoplasties)<\/a><\/p>\n<p style=\"text-align: justify;\"><a href=\"https:\/\/orl-chu-caen.fr\/?page_id=4614\">Dr V. BASTIT ( Chirurgie canc\u00e9rologique et reconstructrice, thyro\u00efdienne et parathyro\u00efdienne)<\/a><\/p>\n<p style=\"text-align: justify;\"><a href=\"https:\/\/orl-chu-caen.fr\/?page_id=4584\">Dr M. LOAEC (Chirurgie Cervicale et Canc\u00e9rologique)<\/a><\/p>\n<p style=\"text-align: justify;\"><a href=\"https:\/\/orl-chu-caen.fr\/?page_id=4586\">Dr L. PLISSON (Voix et d\u00e9glutition, Chirurgie Phoniatrique, Explorations Fonctionnelles)<\/a><\/p>\n<p style=\"text-align: justify;\"><a href=\"https:\/\/orl-chu-caen.fr\/?page_id=4590\">Dr J. BOIS ( ORL P\u00e9diatrique et otologie)<\/a><\/p>\n<p style=\"text-align: justify;\"><a href=\"https:\/\/orl-chu-caen.fr\/?staff=dr-amaury-dugas\">Dr. M. HUMBERT (<\/a><a href=\"https:\/\/orl-chu-caen.fr\/?staff=dr-vianney-bastit\">Chirurgie canc\u00e9rologique, thyro\u00efdienne et parathyro\u00efdienne<\/a><a href=\"https:\/\/orl-chu-caen.fr\/?staff=dr-maxime-humbert\">)<\/a><\/p>\n<p style=\"text-align: justify;\"><a href=\"https:\/\/orl-chu-caen.fr\/?page_id=4596\">Dr E. MICAULT (Chirurgie canc\u00e9rologique, thyro\u00efdienne et parathyro\u00efdienne)<\/a><\/p>\n<p style=\"text-align: justify;\"><a href=\"https:\/\/orl-chu-caen.fr\/?page_id=5083\">Dr. M. PERREARD (Chirurgie Cervico-Faciale et Canc\u00e9rologique)<\/a><\/p>\n<p style=\"text-align: justify;\"><a href=\"https:\/\/orl-chu-caen.fr\/?page_id=4604\">Dr. A. OLIVIERO (Chirurgie Cervico-Faciale et Canc\u00e9rologique)<\/a><\/p>\n<p style=\"text-align: justify;\">Dr C. PAQUOT-LEBRUN (Orl et chirurgie cervico-faciale)<\/p>\n<p style=\"text-align: justify;\">Dr M. PERHIRIN (Orl et chirurgie cervico-faciale)<\/p>\n<p style=\"text-align: justify;\">\n<p>[\/et_pb_text][\/et_pb_column][\/et_pb_row][\/et_pb_section]<\/p>\n","protected":false},"excerpt":{"rendered":"<p>Pathologies prises en charge . L\u2019otologie et la prise en charge des vertiges (Pr. HITIER, Dr. PLISSON) L&rsquo;otologie comprend l&rsquo;exploration diagnostique et le traitement des pathologies de l&rsquo;oreille (infections, surdit\u00e9s et vertiges) et du nerf facial. Les traitements sont m\u00e9dicaux et chirurgicaux avec les explorations d&rsquo;oreille, la chirurgie du cholest\u00e9atome et des masto\u00efdites chroniques infectieuses, [&hellip;]<\/p>\n","protected":false},"author":1,"featured_media":0,"parent":729,"menu_order":0,"comment_status":"closed","ping_status":"open","template":"","meta":{"_et_pb_use_builder":"on","_et_pb_old_content":"&nbsp;\n\n&nbsp;\n<h1 style=\"text-align: justify;\">Pathologies prises en charge<\/h1>\n<p style=\"text-align: justify;\"><span style=\"color: #ffffff;\">.<\/span><\/p>\n\n<h2 style=\"text-align: justify;\">L\u2019otologie et la prise en charge des vertiges (<a href=\"https:\/\/orl-chu-caen.fr\/?page_id=4578\">Pr. HITIER<\/a>, <a href=\"https:\/\/orl-chu-caen.fr\/?page_id=4586\">Dr. PLISSON<\/a>)<\/h2>\n<p style=\"text-align: justify;\">L'otologie comprend l'exploration diagnostique et le traitement des pathologies de l'oreille (infections, surdit\u00e9s et vertiges) et du nerf facial. Les traitements sont m\u00e9dicaux et chirurgicaux avec les explorations d'oreille, la<strong> chirurgie du cholest\u00e9atome<\/strong> et des masto\u00efdites chroniques infectieuses, la chirurgie de la surdit\u00e9 et l'<strong>oto-neurochirurgie<\/strong> (implant cochl\u00e9aire, bilan et traitement des <a href=\"http:\/\/orl-chu-caen.fr\/?page_id=2199\">neurinomes de l'acoustique <\/a>et de leurs s\u00e9quelles, neurectomie pour traitement des vertiges...) et la <a href=\"http:\/\/orl-chu-caen.fr\/?page_id=771\"><strong>chirurgie de la base du cr\u00e2ne<\/strong><\/a>.<\/p>\n<p style=\"text-align: justify;\">[spacer size=\"20\"]<\/p>\n<p style=\"text-align: justify;\">[button link=\"http:\/\/orl-chu-caen.fr\/?page_id=2271\" color=\"#193f54\" size=\"4\" style=\"1\" radius=\"5\" target=\"self\"]En savoir plus sur la maladie de Meni\u00e8re [\/button]<\/p>\n<p style=\"text-align: justify;\"><span style=\"color: #ffffff;\">.<\/span><\/p>\n\n<h2 style=\"text-align: justify;\">Pathologies rhino-sinusiennes et pharyng\u00e9es (<a href=\"https:\/\/orl-chu-caen.fr\/?page_id=4580\">Dr. PATRON<\/a>)<\/h2>\n<p style=\"text-align: justify;\">Elles constituent une des premi\u00e8res causes de consultations m\u00e9dicales. L\u2019origine multi-factorielle (allergie, pollution, tabac, inflammatoire\u2026) impose des collaborations \u00e9troites d\u00e9j\u00e0 \u00e9tablies avec les services de pneumologie, de maladies infectieuses et de m\u00e9decine interne.\nLes sympt\u00f4mes li\u00e9s aux rhinites et aux rhino-sinusites chroniques vont \u00eatre multiples : obstruction nasale (nez bouch\u00e9), troubles de l\u2019odorat, rhinorrh\u00e9e (\u00e9coulement) post\u00e9rieur ou ant\u00e9rieur, \u00e9ternuements, douleurs et pesanteurs faciale, saignement de nez (\u00e9pistaxis)\u2026.\nLa prise en charge de ces pathologies repose surtout sur le traitement m\u00e9dical mais dans certains cas, le recours \u00e0 la chirurgie peut \u00eatre envisag\u00e9. La chirurgie endoscopique des cavit\u00e9s naso-sinusiennes est une des sp\u00e9cialit\u00e9s du service, d\u2019o\u00f9 le nombre important de patients confi\u00e9s par nos confr\u00e8res ORL praticiens lib\u00e9raux (ethmoidectomie, sph\u00e9noidotomie, chirurgie du sinus frontal).\nElle fait appel \u00e0 un <strong>plateau technique de haute technicit\u00e9<\/strong> (Endoscopie Haute-D\u00e9finition, chirurgie assist\u00e9e par ordinateur et Neuronavigation).\nCette technicit\u00e9 permet de d\u00e9velopper la chirurgie de la base du cr\u00e2ne en collaboration avec le service de Neurochirurgie et le service de Neuroradiologie et la prise en charge de la pathologie tumorale des cavit\u00e9s sinusiennes et le l\u2019hypophyse.\nCette collaboration se poursuit au sein de la <strong>R\u00e9union de Concertation Pluridisciplinaire de Neuro-oncologie<\/strong> (RCP Neuro-onco).\nLes pathologies du pharynx, angines \u00e0 r\u00e9p\u00e9tition, pharyngites r\u00e9cidivantes, sont prises en charge avec un recours possible au laser (sous anesth\u00e9sie locale dans le secteur de consultation ou sous anesth\u00e9sie g\u00e9n\u00e9rale au bloc op\u00e9ratoire).<\/p>\n<p style=\"text-align: justify;\"><span style=\"color: #ffffff;\">.<\/span><\/p>\n\n<h2 style=\"text-align: justify;\">Pathologies de la voix et de la d\u00e9glutition (<a href=\"https:\/\/orl-chu-caen.fr\/?page_id=4586\">Dr. PLISSON<\/a>)<\/h2>\n<p style=\"text-align: justify;\">Ces pathologies sont actuellement prises en charge dans le<strong> cadre d\u2019une consultation pluridisciplinaire avec un ORL phoniatre<\/strong> (<a href=\"https:\/\/orl-chu-caen.fr\/?page_id=4586\">Dr Laetitia PLISSON)<\/a> entre les m\u00e9decins ORL et l\u2019\u00e9quipe d\u2019orthophonistes et d'une<strong> Hospitalisation de Jour<\/strong> (HDJ) dans le cadre de pathologies plus complexes.\nIl s\u2019agit du suivi et de l\u2019<strong>exploration des troubles de la d\u00e9glutition et la r\u00e9\u00e9ducation des proth\u00e8ses phonatoires<\/strong> apr\u00e8s intervention carcinologique ou accident vasculaire c\u00e9r\u00e9bral. C\u2019est dans ce cadre que sont \u00e9galement pris en charge, en collaboration avec le service de neurologie, les explorations des troubles de la d\u00e9glutition du sujet \u00e2g\u00e9.\nLe bilan, l\u2019exploration, voire la r\u00e9\u00e9ducation des troubles de la voix parl\u00e9e et chant\u00e9e dans des cas complexes sont \u00e9galement suivis.<\/p>\n<p style=\"text-align: justify;\"><span style=\"color: #ffffff;\">.<\/span><\/p>\n\n<h2 style=\"text-align: justify;\">Les Pathologies cervico-faciales de l'adulte et de l'enfant (<a href=\"https:\/\/orl-chu-caen.fr\/?page_id=4592\">Pr. BABIN<\/a> , <a href=\"https:\/\/orl-chu-caen.fr\/?page_id=4590\">Dr BOIS<\/a>)<\/h2>\n<p style=\"text-align: justify;\">Cette activit\u00e9 consiste \u00e0 diagnostiquer et traiter des l\u00e9sions du cou et de la gorge (thyro\u00efde, larynx et pharynx) compl\u00e9t\u00e9e par la chirurgie des glandes salivaires (parotides et glandes sous-maxillaires).<\/p>\n<p style=\"text-align: justify;\"><span style=\"color: #ffffff;\">.<\/span><\/p>\n\n<h2 style=\"text-align: justify;\">Ronchopathies et apn\u00e9es du sommeil (<a href=\"https:\/\/orl-chu-caen.fr\/?page_id=4596\">Dr. MICAULT, <\/a><a href=\"https:\/\/orl-chu-caen.fr\/?page_id=4590\">Dr BOIS<\/a>)<\/h2>\n<p style=\"text-align: justify;\">Le ronflement int\u00e9resse un nombre tr\u00e8s important de patients. Il est li\u00e9 \u00e0 la mise en vibration du voile du palais.\nCependant la prise en charge du ronfleur simple (socialement g\u00eanante) peut reposer sur la chirurgie classique (UVPP) mais aussi sur des techniques de laser ou de radiofr\u00e9quence v\u00e9laire.\nCette pathologie peut \u00eatre associ\u00e9e \u00e0 un <strong>Syndrome d\u2019Apn\u00e9e Obstructive du Sommeil<\/strong> (SAOS), ce qui impose donc une collaboration \u00e9troite avec le Centre d\u2019Exploration du Sommeil du CHU de Caen et le service de Pneumologie. Cette collaboration permet la prise en charge globale du patient apn\u00e9ique. Chez les patients en \u00e9chec ou refusant la ventilations par pression positive des solutions chirurgicales maxillo-mandibulaires peuvent \u00eatre envisag\u00e9es dans certains cas en collaboration avec le service de Chirurgie Maxillo-Faciale (ost\u00e9otomie bimaxillaire, orth\u00e8ses mandibulaires).\nCes collaborations \u00e9troites ont permis la mise en place d\u2019une <strong>R\u00e9union Pluridisciplinaire du sommeil au sein du CHU de Caen<\/strong>.<\/p>\n<p style=\"text-align: justify;\"><span style=\"color: #ffffff;\">.<\/span><\/p>\n\n<h2 style=\"text-align: justify;\">L'ORL P\u00e9diatrique (<a href=\"https:\/\/orl-chu-caen.fr\/?page_id=4590\">Dr. BOIS<\/a>)<\/h2>\n<p style=\"text-align: justify;\">L\u2019ORL P\u00e9diatrique concerne :\n- Le <strong>diagnostic et le traitement des maladies infectieuses<\/strong> (otites, rhinopharyngites, etc.) : la chirurgie ORL p\u00e9diatrique consiste principalement en amygdalectomies, otoplasties, ablations des corps \u00e9trangers, chirurgie des malformations cr\u00e2nio-faciales embryonnaires...,\n- Le <strong>d\u00e9pistage de la surdit\u00e9 infantile<\/strong> avec prise en charge de celle-ci en collaboration avec le Centre d'Action M\u00e9dico-Social Pr\u00e9coce (CAMPS): mise en place d'implant cochl\u00e9aire, prise en charge de malformations cervico-faciales.<\/p>\n<p style=\"text-align: justify;\">[spacer size=\"20\"]<\/p>\n<p style=\"text-align: justify;\">[button link=\"http:\/\/orl-chu-caen.fr\/wp-content\/uploads\/2019\/01\/alimentation-amygdales-ORL36.pdf\" color=\"#193f54\" size=\"4\" style=\"1\" radius=\"5\" target=\"self\"]T\u00e9l\u00e9charger la brochure sur le r\u00e9gime alimentaire post-amygdalectomie[\/button]<\/p>\n<p style=\"text-align: justify;\">[spacer size=\"20\"]<\/p>\n\n<h2 style=\"text-align: justify;\">L\u2019activit\u00e9 d\u2019urgence<\/h2>\n<p style=\"text-align: justify;\">La prise en charge des <strong>urgences ORL de l\u2019adulte et de l\u2019enfant<\/strong> est assur\u00e9e par l'\u00e9quipe d'ORL et de Chirurgie Cervico- Faciale, au sein du service d'accueil des urgences du CHU. Elle comprend la prise en charge des pathologies infectieuses ORL (angines, otites externes et moyennes, phlegmons, ad\u00e9nophlegmons, cellulites cervicales), respiratoires (corps \u00e9trangers laryng\u00e9s et oesophagiens) et traumatiques (fractures du nez, traumatismes laryng\u00e9s, epistaxis).<\/p>\n<p style=\"text-align: justify;\"><span style=\"color: #ffffff;\">.<\/span><\/p>\n\n<h1>Les intervenants<\/h1>\n<p style=\"text-align: justify;\"><a href=\"https:\/\/orl-chu-caen.fr\/?page_id=4582\">Pr S. MOREAU (Implants cochl\u00e9aires, otologie)<\/a><\/p>\n<p style=\"text-align: justify;\"><a href=\"https:\/\/orl-chu-caen.fr\/?page_id=4592\">Pr E. BABIN ( Chirurgie carcinologique, thyro\u00efdienne et parathyro\u00efdienne)<\/a>\n<a href=\"https:\/\/orl-chu-caen.fr\/?page_id=4578\">Pr M. HITIER ( Chirurgie otologique, otoneurochirurgie,implant cochl\u00e9aire, chirurgie de la Base du Crane)<\/a>\n<a href=\"https:\/\/orl-chu-caen.fr\/?page_id=4580\">Dr V. PATRON (Chirurgie endoscopique des sinus&nbsp; et de la Base du Cr\u00e2ne, Rhinoplasties)<\/a><\/p>\n<p style=\"text-align: justify;\"><a href=\"https:\/\/orl-chu-caen.fr\/?page_id=4614\">Dr V. BASTIT ( Chirurgie canc\u00e9rologique et reconstructrice, thyro\u00efdienne et parathyro\u00efdienne)<\/a>\n<a href=\"https:\/\/orl-chu-caen.fr\/?page_id=4584\">Dr M. LOAEC (Chirurgie Cervicale et Canc\u00e9rologique)<\/a>\n<a href=\"https:\/\/orl-chu-caen.fr\/?page_id=4586\">Dr L. PLISSON (Voix et d\u00e9glutition, Chirurgie Phoniatrique, Explorations Fonctionnelles)<\/a><\/p>\n<p style=\"text-align: justify;\"><a href=\"https:\/\/orl-chu-caen.fr\/?page_id=4590\">Dr J. BOIS ( ORL P\u00e9diatrique et otologie)<\/a><\/p>\n<p style=\"text-align: justify;\"><a href=\"http:\/\/orl-chu-caen.fr\/?staff=dr-amaury-dugas\">Dr. A. DUGAS (Chirurgie Cervico-Faciale et Canc\u00e9rologique)<\/a><\/p>\n<p style=\"text-align: justify;\"><a href=\"http:\/\/orl-chu-caen.fr\/?staff=dr-maxime-humbert\">Dr. M. HUMBERT (<\/a><a href=\"http:\/\/orl-chu-caen.fr\/?staff=dr-vianney-bastit\">Chirurgie canc\u00e9rologique, thyro\u00efdienne et parathyro\u00efdienne<\/a><a href=\"http:\/\/orl-chu-caen.fr\/?staff=dr-maxime-humbert\">)<\/a><\/p>\n<p style=\"text-align: justify;\">Dr E. MICAULT (Chirurgie canc\u00e9rologique, thyro\u00efdienne et parathyro\u00efdienne)<\/p>\n<p style=\"text-align: justify;\">Dr C. PAQUOT-LEBRUN (Orl et chirurgie cervico-faciale)\nDr M. PERHIRIN (Orl et chirurgie cervico-faciale)<\/p>","_et_gb_content_width":"","ngg_post_thumbnail":0,"footnotes":""},"aioseo_notices":[],"_links":{"self":[{"href":"https:\/\/orl-chu-caen.fr\/index.php?rest_route=\/wp\/v2\/pages\/471"}],"collection":[{"href":"https:\/\/orl-chu-caen.fr\/index.php?rest_route=\/wp\/v2\/pages"}],"about":[{"href":"https:\/\/orl-chu-caen.fr\/index.php?rest_route=\/wp\/v2\/types\/page"}],"author":[{"embeddable":true,"href":"https:\/\/orl-chu-caen.fr\/index.php?rest_route=\/wp\/v2\/users\/1"}],"replies":[{"embeddable":true,"href":"https:\/\/orl-chu-caen.fr\/index.php?rest_route=%2Fwp%2Fv2%2Fcomments&post=471"}],"version-history":[{"count":53,"href":"https:\/\/orl-chu-caen.fr\/index.php?rest_route=\/wp\/v2\/pages\/471\/revisions"}],"predecessor-version":[{"id":5646,"href":"https:\/\/orl-chu-caen.fr\/index.php?rest_route=\/wp\/v2\/pages\/471\/revisions\/5646"}],"up":[{"embeddable":true,"href":"https:\/\/orl-chu-caen.fr\/index.php?rest_route=\/wp\/v2\/pages\/729"}],"wp:attachment":[{"href":"https:\/\/orl-chu-caen.fr\/index.php?rest_route=%2Fwp%2Fv2%2Fmedia&parent=471"}],"curies":[{"name":"wp","href":"https:\/\/api.w.org\/{rel}","templated":true}]}}