{"id":4612,"date":"2024-11-17T22:59:12","date_gmt":"2024-11-17T20:59:12","guid":{"rendered":"https:\/\/orl-chu-caen.fr\/?page_id=4612"},"modified":"2024-11-17T23:08:29","modified_gmt":"2024-11-17T21:08:29","slug":"dr-nicolas-esnouf","status":"publish","type":"page","link":"https:\/\/orl-chu-caen.fr\/?page_id=4612","title":{"rendered":"Dr. Nicolas ESNOUF"},"content":{"rendered":"<p>[et_pb_section fb_built=\u00a0\u00bb1&Prime; _builder_version=\u00a0\u00bb4.16&Prime; global_colors_info=\u00a0\u00bb{}\u00a0\u00bb theme_builder_area=\u00a0\u00bbpost_content\u00a0\u00bb][et_pb_row column_structure=\u00a0\u00bb2_5,3_5&Prime; _builder_version=\u00a0\u00bb4.24.2&Prime; _module_preset=\u00a0\u00bbdefault\u00a0\u00bb custom_padding=\u00a0\u00bb|0px||||\u00a0\u00bb box_shadow_style=\u00a0\u00bbpreset1&Prime; global_colors_info=\u00a0\u00bb{}\u00a0\u00bb theme_builder_area=\u00a0\u00bbpost_content\u00a0\u00bb][et_pb_column type=\u00a0\u00bb2_5&Prime; _builder_version=\u00a0\u00bb4.24.2&Prime; _module_preset=\u00a0\u00bbdefault\u00a0\u00bb global_colors_info=\u00a0\u00bb{}\u00a0\u00bb theme_builder_area=\u00a0\u00bbpost_content\u00a0\u00bb][et_pb_team_member name=\u00a0\u00bbDr Nicolas ESNOUF\u00a0\u00bb position=\u00a0\u00bbDocteur Junior\u00a0\u00bb image_url=\u00a0\u00bbhttps:\/\/orl-chu-caen.fr\/wp-content\/uploads\/2024\/11\/esnouf.jpg\u00a0\u00bb _builder_version=\u00a0\u00bb4.24.2&Prime; _module_preset=\u00a0\u00bbdefault\u00a0\u00bb header_font=\u00a0\u00bbAbel||||||||\u00a0\u00bb header_font_size=\u00a0\u00bb34px\u00a0\u00bb position_font=\u00a0\u00bbAbel||||||||\u00a0\u00bb position_font_size=\u00a0\u00bb21px\u00a0\u00bb background_color=\u00a0\u00bb#FFFFFF\u00a0\u00bb custom_padding=\u00a0\u00bb||3px|||\u00a0\u00bb hover_enabled=\u00a0\u00bb0&Prime; border_width_all=\u00a0\u00bb15px\u00a0\u00bb border_color_all=\u00a0\u00bb#FFFFFF\u00a0\u00bb border_width_all_image=\u00a0\u00bb9px\u00a0\u00bb border_color_all_image=\u00a0\u00bb#d2d0bb\u00a0\u00bb global_colors_info=\u00a0\u00bb{}\u00a0\u00bb theme_builder_area=\u00a0\u00bbpost_content\u00a0\u00bb title_text=\u00a0\u00bbesnouf\u00a0\u00bb sticky_enabled=\u00a0\u00bb0&Prime;]<\/p>\n<h3><\/h3>\n<h3>ORL et Chirurgie Cervico-Faciale<\/h3>\n<p>[\/et_pb_team_member][\/et_pb_column][et_pb_column type=\u00a0\u00bb3_5&Prime; _builder_version=\u00a0\u00bb4.24.2&Prime; _module_preset=\u00a0\u00bbdefault\u00a0\u00bb global_colors_info=\u00a0\u00bb{}\u00a0\u00bb theme_builder_area=\u00a0\u00bbpost_content\u00a0\u00bb][et_pb_text _builder_version=\u00a0\u00bb4.24.2&Prime; _module_preset=\u00a0\u00bbdefault\u00a0\u00bb text_font=\u00a0\u00bbAbel||||||||\u00a0\u00bb width=\u00a0\u00bb100%\u00a0\u00bb custom_padding=\u00a0\u00bb0px|||||\u00a0\u00bb border_width_all=\u00a0\u00bb16px\u00a0\u00bb border_color_all=\u00a0\u00bbRGBA(255,255,255,0)\u00a0\u00bb inline_fonts=\u00a0\u00bbAbel\u00a0\u00bb global_colors_info=\u00a0\u00bb{}\u00a0\u00bb theme_builder_area=\u00a0\u00bbpost_content\u00a0\u00bb]<\/p>\n<h1 class=\"wp-block-heading\"><\/h1>\n<h1 class=\"wp-block-heading\"><!-- divi:heading --><\/h1>\n<h2 class=\"wp-block-heading\"><strong>FORMATION ET TITRES<\/strong><\/h2>\n<h1 class=\"wp-block-heading\"><!-- \/divi:heading --> <!-- divi:paragraph --><\/h1>\n<p>Ancien Interne des Hopitaux<\/p>\n<p>Docteur en M\u00e9decine<\/p>\n<p><span style=\"font-family: Abel; font-weight: normal;\"><\/span><\/p>\n<h1 class=\"wp-block-heading\"><!-- \/divi:paragraph --> <!-- divi:shortcode --> <!-- \/divi:shortcode --> <!-- divi:heading --><\/h1>\n<h2 class=\"wp-block-heading\"><strong>SOCIETES SAVANTES<\/strong><\/h2>\n<h1 class=\"wp-block-heading\"><!-- \/divi:heading --> <!-- divi:paragraph --><\/h1>\n<p>Me<span style=\"font-family: Abel; font-weight: normal;\">mbre de la Soci\u00e9t\u00e9 d\u2019ORL et de Chirurgie Cervico-Faciale de Basse-Normandie<\/span><\/p>\n<h1 class=\"wp-block-heading\"><!-- \/divi:paragraph --> <!-- divi:shortcode --> <!-- \/divi:shortcode --> <!-- divi:heading --><\/h1>\n<p>&nbsp;<\/p>\n<h2 class=\"wp-block-heading\"><strong>DISCIPLINES<\/strong><\/h2>\n<h1 class=\"wp-block-heading\"><!-- \/divi:heading --> <!-- divi:paragraph --><\/h1>\n<p>Oto-Rhino-Laryngologie et Chirurgie Cervico-Faciale<\/p>\n<h1 class=\"wp-block-heading\"><!-- \/divi:paragraph --> <!-- divi:shortcode -->\u00a0 <!-- \/divi:shortcode --> <!-- divi:heading --><\/h1>\n<h2 class=\"wp-block-heading\"><strong>COORDONNEES<\/strong><\/h2>\n<h1 class=\"wp-block-heading\"><!-- \/divi:heading --> <!-- divi:paragraph --><\/h1>\n<p>Secr\u00e9tariat Service ORL\u00a0CHU de CAEN: 02.31.06.46.40<\/p>\n<h1 class=\"wp-block-heading\"><!-- \/divi:paragraph --> <!-- divi:paragraph --><\/h1>\n<p>Mail: <a href=\"mailto:chenneviere-a@chu-caen.fr\">esnouf-n@chu-caen.fr<\/a><\/p>\n<h1 class=\"wp-block-heading\"><!-- \/divi:paragraph --> <!-- divi:shortcode --> <!-- \/divi:shortcode --> <!-- divi:heading --><\/h1>\n<h2 class=\"wp-block-heading\"><strong><\/strong><\/h2>\n<h2 class=\"wp-block-heading\"><strong>PUBLICATIONS<\/strong><\/h2>\n<p>&nbsp;<\/p>\n<p>&nbsp;<\/p>\n<h1 class=\"wp-block-heading\"><!-- \/divi:paragraph --><\/h1>\n<h3><\/h3>\n<p>[\/et_pb_text][\/et_pb_column][\/et_pb_row][\/et_pb_section]<\/p>\n","protected":false},"excerpt":{"rendered":"<p>ORL et Chirurgie Cervico-Faciale FORMATION ET TITRES Ancien Interne des Hopitaux Docteur en M\u00e9decine SOCIETES SAVANTES Membre de la Soci\u00e9t\u00e9 d\u2019ORL et de Chirurgie Cervico-Faciale de Basse-Normandie &nbsp; DISCIPLINES Oto-Rhino-Laryngologie et Chirurgie Cervico-Faciale \u00a0 COORDONNEES Secr\u00e9tariat Service ORL\u00a0CHU de CAEN: 02.31.06.46.40 Mail: esnouf-n@chu-caen.fr PUBLICATIONS &nbsp; &nbsp;<\/p>\n","protected":false},"author":1,"featured_media":0,"parent":0,"menu_order":0,"comment_status":"closed","ping_status":"closed","template":"","meta":{"_et_pb_use_builder":"on","_et_pb_old_content":"<!-- wp:heading -->\n<h2 class=\"wp-block-heading\"><strong>FORMATION ET TITRES<\/strong><\/h2>\n<!-- \/wp:heading -->\n\n<!-- wp:paragraph -->\n<p>Interne des H\u00f4pitaux<\/p>\n<!-- \/wp:paragraph -->\n\n<!-- wp:shortcode -->\n[spacer size=\"20\"]\n<!-- \/wp:shortcode -->\n\n<!-- wp:heading -->\n<h2 class=\"wp-block-heading\"><strong>SOCIETES SAVANTES<\/strong><\/h2>\n<!-- \/wp:heading -->\n\n<!-- wp:paragraph -->\n<p>Membre de la Soci\u00e9t\u00e9 d\u2019ORL et de Chirurgie Cervico-Faciale de Basse-Normandie<\/p>\n<!-- \/wp:paragraph -->\n\n<!-- wp:shortcode -->\n[spacer size=\"20\"]\n<!-- \/wp:shortcode -->\n\n<!-- wp:heading -->\n<h2 class=\"wp-block-heading\"><strong>DISCIPLINES<\/strong><\/h2>\n<!-- \/wp:heading -->\n\n<!-- wp:paragraph -->\n<p>Oto-Rhino-Laryngologie et Chirurgie Cervico-Faciale<\/p>\n<!-- \/wp:paragraph -->\n\n<!-- wp:shortcode -->\n[spacer size=\"20\"]\n<!-- \/wp:shortcode -->\n\n<!-- wp:heading -->\n<h2 class=\"wp-block-heading\"><strong>COORDONNEES<\/strong><\/h2>\n<!-- \/wp:heading -->\n\n<!-- wp:paragraph -->\n<p>Secr\u00e9tariat Service ORL&nbsp;CHU de CAEN: 02.31.06.46.40<\/p>\n<!-- \/wp:paragraph -->\n\n<!-- wp:paragraph -->\n<p>Mail:<a href=\"mailto:esnouf-n@chu-caen.fr\"> esnouf-n@chu-caen.fr<\/a><\/p>\n<!-- \/wp:paragraph -->\n\n<!-- wp:shortcode -->\n[spacer size=\"20\"]\n<!-- \/wp:shortcode -->","_et_gb_content_width":"","ngg_post_thumbnail":0,"footnotes":""},"aioseo_notices":[],"_links":{"self":[{"href":"https:\/\/orl-chu-caen.fr\/index.php?rest_route=\/wp\/v2\/pages\/4612"}],"collection":[{"href":"https:\/\/orl-chu-caen.fr\/index.php?rest_route=\/wp\/v2\/pages"}],"about":[{"href":"https:\/\/orl-chu-caen.fr\/index.php?rest_route=\/wp\/v2\/types\/page"}],"author":[{"embeddable":true,"href":"https:\/\/orl-chu-caen.fr\/index.php?rest_route=\/wp\/v2\/users\/1"}],"replies":[{"embeddable":true,"href":"https:\/\/orl-chu-caen.fr\/index.php?rest_route=%2Fwp%2Fv2%2Fcomments&post=4612"}],"version-history":[{"count":4,"href":"https:\/\/orl-chu-caen.fr\/index.php?rest_route=\/wp\/v2\/pages\/4612\/revisions"}],"predecessor-version":[{"id":6357,"href":"https:\/\/orl-chu-caen.fr\/index.php?rest_route=\/wp\/v2\/pages\/4612\/revisions\/6357"}],"wp:attachment":[{"href":"https:\/\/orl-chu-caen.fr\/index.php?rest_route=%2Fwp%2Fv2%2Fmedia&parent=4612"}],"curies":[{"name":"wp","href":"https:\/\/api.w.org\/{rel}","templated":true}]}}