{"id":4604,"date":"2024-04-19T19:27:21","date_gmt":"2024-04-19T17:27:21","guid":{"rendered":"https:\/\/orl-chu-caen.fr\/?page_id=4604"},"modified":"2024-08-23T21:38:59","modified_gmt":"2024-08-23T19:38:59","slug":"dr-agnes-oliviero","status":"publish","type":"page","link":"https:\/\/orl-chu-caen.fr\/?page_id=4604","title":{"rendered":"Dr. Agn\u00e8s OLIVIERO"},"content":{"rendered":"[et_pb_section fb_built=\u00a0\u00bb1&Prime; _builder_version=\u00a0\u00bb4.24.2&Prime; _module_preset=\u00a0\u00bbdefault\u00a0\u00bb global_colors_info=\u00a0\u00bb{}\u00a0\u00bb][et_pb_row column_structure=\u00a0\u00bb2_5,3_5&Prime; _builder_version=\u00a0\u00bb4.24.2&Prime; _module_preset=\u00a0\u00bbdefault\u00a0\u00bb box_shadow_style=\u00a0\u00bbpreset1&Prime; global_colors_info=\u00a0\u00bb{}\u00a0\u00bb][et_pb_column type=\u00a0\u00bb2_5&Prime; _builder_version=\u00a0\u00bb4.24.2&Prime; _module_preset=\u00a0\u00bbdefault\u00a0\u00bb global_colors_info=\u00a0\u00bb{}\u00a0\u00bb][et_pb_team_member name=\u00a0\u00bbDr Agn\u00e8s OLIVIERO\u00a0\u00bb position=\u00a0\u00bbAssistante &#8211; Cheffe de Clinique\u00a0\u00bb image_url=\u00a0\u00bbhttps:\/\/orl-chu-caen.fr\/wp-content\/uploads\/2024\/07\/OLIVIERO-2.jpg\u00a0\u00bb _builder_version=\u00a0\u00bb4.24.2&Prime; _module_preset=\u00a0\u00bbdefault\u00a0\u00bb header_font=\u00a0\u00bbAbel||||||||\u00a0\u00bb header_font_size=\u00a0\u00bb25px\u00a0\u00bb width=\u00a0\u00bb83.1%\u00a0\u00bb border_width_all=\u00a0\u00bb15px\u00a0\u00bb border_color_all=\u00a0\u00bb#FFFFFF\u00a0\u00bb border_width_all_image=\u00a0\u00bb5px\u00a0\u00bb border_color_all_image=\u00a0\u00bb#d2d0bb\u00a0\u00bb global_colors_info=\u00a0\u00bb{}\u00a0\u00bb]<p>ORL et Chirurgie Cervico-Faciale<\/p>[\/et_pb_team_member][\/et_pb_column][et_pb_column type=\u00a0\u00bb3_5&Prime; _builder_version=\u00a0\u00bb4.24.2&Prime; _module_preset=\u00a0\u00bbdefault\u00a0\u00bb global_colors_info=\u00a0\u00bb{}\u00a0\u00bb][et_pb_text _builder_version=\u00a0\u00bb4.24.2&Prime; _module_preset=\u00a0\u00bbdefault\u00a0\u00bb text_font=\u00a0\u00bbAbel||||||||\u00a0\u00bb custom_padding=\u00a0\u00bb|||0px||\u00a0\u00bb hover_enabled=\u00a0\u00bb0&Prime; global_colors_info=\u00a0\u00bb{}\u00a0\u00bb border_width_all=\u00a0\u00bb15px\u00a0\u00bb border_color_all=\u00a0\u00bbRGBA(255,255,255,0)\u00a0\u00bb sticky_enabled=\u00a0\u00bb0&Prime;]<h2 class=\"wp-block-heading\"><strong>FORMATION ET TITRES<\/strong><\/h2>\n<h1 class=\"wp-block-heading\"><!-- \/wp:heading --> <!-- wp:paragraph --><\/h1>\n<p>Ancienne Interne des H\u00f4pitaux<\/p>\n<p>Docteur en M\u00e9decine<\/p>\n<p>Assistante-Cheffe de Clinique<!-- wp:shortcode --> <!-- \/wp:shortcode --> <!-- wp:heading --><\/p>\n<p>&nbsp;<\/p>\n<h2 class=\"wp-block-heading\"><strong>SOCIETES SAVANTES<\/strong><\/h2>\n<h1 class=\"wp-block-heading\"><!-- \/wp:heading --> <!-- wp:paragraph --><\/h1>\n<p>Membre de la Soci\u00e9t\u00e9 d\u2019ORL et de Chirurgie Cervico-Faciale de Basse-Normandie<\/p>\n<h1 class=\"wp-block-heading\"><!-- \/wp:paragraph --> <!-- wp:shortcode --> <!-- \/wp:shortcode --> <!-- wp:heading --><\/h1>\n<p>&nbsp;<\/p>\n<h2 class=\"wp-block-heading\"><strong>DISCIPLINES<\/strong><\/h2>\n<h1 class=\"wp-block-heading\"><!-- \/wp:heading --> <!-- wp:paragraph --><\/h1>\n<p>Oto-Rhino-Laryngologie et Chirurgie Cervico-Faciale<\/p>\n<h1 class=\"wp-block-heading\"><!-- \/wp:paragraph --> <!-- wp:shortcode -->\u00a0 <!-- \/wp:shortcode --> <!-- wp:heading --><\/h1>\n<h2 class=\"wp-block-heading\"><strong>COORDONNEES<\/strong><\/h2>\n<h1 class=\"wp-block-heading\"><!-- \/wp:heading --> <!-- wp:paragraph --><\/h1>\n<p>Secr\u00e9tariat Service ORL\u00a0CHU de CAEN: 02.31.06.46.40<\/p>\n<h1 class=\"wp-block-heading\"><!-- \/wp:paragraph --> <!-- wp:paragraph --><\/h1>\n<p>Mail: <a href=\"mailto:chenneviere-a@chu-caen.fr\">oliviero-a@chu-caen.fr<\/a><\/p>\n<h1 class=\"wp-block-heading\"><!-- \/wp:paragraph --> <!-- wp:shortcode --> <!-- \/wp:shortcode --> <!-- wp:heading --><\/h1>\n<h2 class=\"wp-block-heading\"><strong>COMMUNICATIONS ORALES<\/strong><\/h2>\n<h1 class=\"wp-block-heading\"><!-- \/wp:heading --> <!-- wp:paragraph --><\/h1>\n<p>Hitier M, Humbert M, Micault E, <strong>Chennevi\u00e8re A<\/strong>, Patron V.<\/p>\n<h1 class=\"wp-block-heading\"><!-- \/wp:paragraph --> <!-- wp:paragraph --><\/h1>\n<p>\u00ab\u00a0<strong>Abord micro-endoscopique de l\u2019apex p\u00e9treux<\/strong>\u00a0\u00bb Communication au 10<sup>\u00e8me<\/sup> Otoforum, Grenoble 20<\/p>[\/et_pb_text][\/et_pb_column][\/et_pb_row][\/et_pb_section]","protected":false},"excerpt":{"rendered":"<p>ORL et Chirurgie Cervico-FacialeFORMATION ET TITRES Ancienne Interne des H\u00f4pitaux Docteur en M\u00e9decine Assistante-Cheffe de Clinique &nbsp; SOCIETES SAVANTES Membre de la Soci\u00e9t\u00e9 d\u2019ORL et de Chirurgie Cervico-Faciale de Basse-Normandie &nbsp; DISCIPLINES Oto-Rhino-Laryngologie et Chirurgie Cervico-Faciale \u00a0 COORDONNEES Secr\u00e9tariat Service ORL\u00a0CHU de CAEN: 02.31.06.46.40 Mail: oliviero-a@chu-caen.fr COMMUNICATIONS ORALES Hitier M, Humbert M, Micault E, Chennevi\u00e8re [&hellip;]<\/p>\n","protected":false},"author":1,"featured_media":0,"parent":0,"menu_order":0,"comment_status":"closed","ping_status":"closed","template":"","meta":{"_et_pb_use_builder":"on","_et_pb_old_content":"<!-- wp:heading -->\n<h2 class=\"wp-block-heading\"><strong>FORMATION ET TITRES<\/strong><\/h2>\n<!-- \/wp:heading -->\n\n<!-- wp:paragraph -->\n<p>Interne des H\u00f4pitaux<\/p>\n<!-- \/wp:paragraph -->\n\n<!-- wp:shortcode -->\n[spacer size=\"20\"]\n<!-- \/wp:shortcode -->\n\n<!-- wp:heading -->\n<h2 class=\"wp-block-heading\"><strong>SOCIETES SAVANTES<\/strong><\/h2>\n<!-- \/wp:heading -->\n\n<!-- wp:paragraph -->\n<p>Membre de la Soci\u00e9t\u00e9 d\u2019ORL et de Chirurgie Cervico-Faciale de Basse-Normandie<\/p>\n<!-- \/wp:paragraph -->\n\n<!-- wp:shortcode -->\n[spacer size=\"20\"]\n<!-- \/wp:shortcode -->\n\n<!-- wp:heading -->\n<h2 class=\"wp-block-heading\"><strong>DISCIPLINES<\/strong><\/h2>\n<!-- \/wp:heading -->\n\n<!-- wp:paragraph -->\n<p>Oto-Rhino-Laryngologie et Chirurgie Cervico-Faciale<\/p>\n<!-- \/wp:paragraph -->\n\n<!-- wp:shortcode -->\n[spacer size=\"20\"]\n<!-- \/wp:shortcode -->\n\n<!-- wp:heading -->\n<h2 class=\"wp-block-heading\"><strong>COORDONNEES<\/strong><\/h2>\n<!-- \/wp:heading -->\n\n<!-- wp:paragraph -->\n<p>Secr\u00e9tariat Service ORL&nbsp;CHU de CAEN: 02.31.06.46.40<\/p>\n<!-- \/wp:paragraph -->\n\n<!-- wp:paragraph -->\n<p>Mail:<a href=\"mailto:oliviero-a@chu-caen.fr\"> oliviero-a@chu-caen.fr<\/a><\/p>\n<!-- \/wp:paragraph -->\n\n<!-- wp:shortcode -->\n[spacer size=\"20\"]\n<!-- \/wp:shortcode -->","_et_gb_content_width":"","ngg_post_thumbnail":0,"footnotes":""},"aioseo_notices":[],"_links":{"self":[{"href":"https:\/\/orl-chu-caen.fr\/index.php?rest_route=\/wp\/v2\/pages\/4604"}],"collection":[{"href":"https:\/\/orl-chu-caen.fr\/index.php?rest_route=\/wp\/v2\/pages"}],"about":[{"href":"https:\/\/orl-chu-caen.fr\/index.php?rest_route=\/wp\/v2\/types\/page"}],"author":[{"embeddable":true,"href":"https:\/\/orl-chu-caen.fr\/index.php?rest_route=\/wp\/v2\/users\/1"}],"replies":[{"embeddable":true,"href":"https:\/\/orl-chu-caen.fr\/index.php?rest_route=%2Fwp%2Fv2%2Fcomments&post=4604"}],"version-history":[{"count":14,"href":"https:\/\/orl-chu-caen.fr\/index.php?rest_route=\/wp\/v2\/pages\/4604\/revisions"}],"predecessor-version":[{"id":6275,"href":"https:\/\/orl-chu-caen.fr\/index.php?rest_route=\/wp\/v2\/pages\/4604\/revisions\/6275"}],"wp:attachment":[{"href":"https:\/\/orl-chu-caen.fr\/index.php?rest_route=%2Fwp%2Fv2%2Fmedia&parent=4604"}],"curies":[{"name":"wp","href":"https:\/\/api.w.org\/{rel}","templated":true}]}}