{"id":46,"date":"2014-07-20T15:32:38","date_gmt":"2014-07-20T15:32:38","guid":{"rendered":"http:\/\/orl-chu-caen.fr\/?page_id=46"},"modified":"2024-08-18T12:24:11","modified_gmt":"2024-08-18T10:24:11","slug":"bloc-operatoire","status":"publish","type":"page","link":"https:\/\/orl-chu-caen.fr\/?page_id=46","title":{"rendered":"BLOC OPERATOIRE"},"content":{"rendered":"<p>[et_pb_section fb_built=\u00a0\u00bb1&Prime; fullwidth=\u00a0\u00bbon\u00a0\u00bb _builder_version=\u00a0\u00bb4.24.2&Prime; _module_preset=\u00a0\u00bbdefault\u00a0\u00bb global_colors_info=\u00a0\u00bb{}\u00a0\u00bb][et_pb_fullwidth_header title=\u00a0\u00bbLE BLOC OPERATOIRE\u00a0\u00bb _builder_version=\u00a0\u00bb4.24.2&Prime; _module_preset=\u00a0\u00bbdefault\u00a0\u00bb title_font=\u00a0\u00bbAbel||||||||\u00a0\u00bb title_text_align=\u00a0\u00bbcenter\u00a0\u00bb title_font_size=\u00a0\u00bb64px\u00a0\u00bb background_color=\u00a0\u00bb#17547a\u00a0\u00bb global_colors_info=\u00a0\u00bb{}\u00a0\u00bb][\/et_pb_fullwidth_header][\/et_pb_section][et_pb_section fb_built=\u00a0\u00bb1&Prime; fullwidth=\u00a0\u00bbon\u00a0\u00bb _builder_version=\u00a0\u00bb4.24.2&Prime; _module_preset=\u00a0\u00bbdefault\u00a0\u00bb global_colors_info=\u00a0\u00bb{}\u00a0\u00bb][et_pb_fullwidth_image src=\u00a0\u00bbhttps:\/\/orl-chu-caen.fr\/wp-content\/uploads\/2014\/07\/BLOC.jpg\u00a0\u00bb title_text=\u00a0\u00bbBLOC\u00a0\u00bb _builder_version=\u00a0\u00bb4.24.2&Prime; _module_preset=\u00a0\u00bbdefault\u00a0\u00bb min_height=\u00a0\u00bb868px\u00a0\u00bb custom_margin=\u00a0\u00bb-37px||-330px|||\u00a0\u00bb custom_padding=\u00a0\u00bb||0px|||\u00a0\u00bb global_colors_info=\u00a0\u00bb{}\u00a0\u00bb][\/et_pb_fullwidth_image][\/et_pb_section][et_pb_section fb_built=\u00a0\u00bb1&Prime; admin_label=\u00a0\u00bbsection\u00a0\u00bb _builder_version=\u00a0\u00bb4.16&Prime; min_height=\u00a0\u00bb1014.7px\u00a0\u00bb custom_margin=\u00a0\u00bb-204px|||||\u00a0\u00bb custom_padding=\u00a0\u00bb||0px|||\u00a0\u00bb global_colors_info=\u00a0\u00bb{}\u00a0\u00bb][et_pb_row admin_label=\u00a0\u00bbrow\u00a0\u00bb _builder_version=\u00a0\u00bb4.24.2&Prime; background_size=\u00a0\u00bbinitial\u00a0\u00bb background_position=\u00a0\u00bbtop_left\u00a0\u00bb background_repeat=\u00a0\u00bbrepeat\u00a0\u00bb hover_enabled=\u00a0\u00bb0&Prime; global_colors_info=\u00a0\u00bb{}\u00a0\u00bb column_structure=\u00a0\u00bb3_5,2_5&Prime; min_height=\u00a0\u00bb525.2px\u00a0\u00bb box_shadow_style=\u00a0\u00bbpreset1&Prime; sticky_enabled=\u00a0\u00bb0&Prime;][et_pb_column type=\u00a0\u00bb3_5&Prime; _builder_version=\u00a0\u00bb4.16&Prime; custom_padding=\u00a0\u00bb|||\u00a0\u00bb global_colors_info=\u00a0\u00bb{}\u00a0\u00bb custom_padding__hover=\u00a0\u00bb|||\u00a0\u00bb][et_pb_text admin_label=\u00a0\u00bbText\u00a0\u00bb _builder_version=\u00a0\u00bb4.24.2&Prime; background_size=\u00a0\u00bbinitial\u00a0\u00bb background_position=\u00a0\u00bbtop_left\u00a0\u00bb background_repeat=\u00a0\u00bbrepeat\u00a0\u00bb hover_enabled=\u00a0\u00bb0&Prime; global_colors_info=\u00a0\u00bb{}\u00a0\u00bb border_width_all=\u00a0\u00bb23px\u00a0\u00bb border_color_all=\u00a0\u00bbRGBA(255,255,255,0)\u00a0\u00bb sticky_enabled=\u00a0\u00bb0&Prime;]<\/p>\n<h2 style=\"text-align: justify;\"><\/h2>\n<p>&nbsp;<\/p>\n<h2 style=\"text-align: justify;\">Bloc op\u00e9ratoire principal<\/h2>\n<p>&nbsp;<\/p>\n<p>\u00a0Il est situ\u00e9 au 14<sup>\u00e8me<\/sup> \u00e9tage de la tour\u00a0 C\u00f4te de Nacre.<\/p>\n<p style=\"text-align: justify;\">Il comporte 2 salles op\u00e9ratoires pour la prise en charge des interventions programm\u00e9es avec hospitalisation conventionnelle et ambulatoire (hors urgences).<\/p>\n<p style=\"text-align: justify;\">Il est \u00e9quip\u00e9 des technologies les plus r\u00e9centes:<\/p>\n<ul>\n<li style=\"text-align: justify;\">Microscope et endoscopes HD\/4K,<\/li>\n<li style=\"text-align: justify;\">Robot Da Vinci<\/li>\n<li style=\"text-align: justify;\">Chirurgie assist\u00e9e par ordinateur (Neuronavigation),<\/li>\n<li style=\"text-align: justify;\">Laser<\/li>\n<li style=\"text-align: justify;\">Coblation<\/li>\n<\/ul>\n<p style=\"text-align: justify;\"><span style=\"color: #ffffff;\">.<\/span><\/p>\n<p>[\/et_pb_text][\/et_pb_column][et_pb_column type=\u00a0\u00bb2_5&Prime; _builder_version=\u00a0\u00bb4.16&Prime; custom_padding=\u00a0\u00bb|||\u00a0\u00bb global_colors_info=\u00a0\u00bb{}\u00a0\u00bb custom_padding__hover=\u00a0\u00bb|||\u00a0\u00bb][et_pb_image src=\u00a0\u00bbhttps:\/\/orl-chu-caen.fr\/wp-content\/uploads\/2024\/08\/Chirurgie-BLOCCOPIE-1.jpg\u00a0\u00bb _builder_version=\u00a0\u00bb4.24.2&Prime; _module_preset=\u00a0\u00bbdefault\u00a0\u00bb title_text=\u00a0\u00bbChirurgie-BLOCCOPIE\u00a0\u00bb hover_enabled=\u00a0\u00bb0&Prime; sticky_enabled=\u00a0\u00bb0&Prime; border_width_right=\u00a0\u00bb17px\u00a0\u00bb border_color_right=\u00a0\u00bbRGBA(255,255,255,0)\u00a0\u00bb][\/et_pb_image][\/et_pb_column][\/et_pb_row][et_pb_row _builder_version=\u00a0\u00bb4.24.2&Prime; _module_preset=\u00a0\u00bbdefault\u00a0\u00bb][et_pb_column _builder_version=\u00a0\u00bb4.24.2&Prime; _module_preset=\u00a0\u00bbdefault\u00a0\u00bb type=\u00a0\u00bb4_4&Prime;][\/et_pb_column][\/et_pb_row][et_pb_row admin_label=\u00a0\u00bbrow\u00a0\u00bb _builder_version=\u00a0\u00bb4.24.2&Prime; background_size=\u00a0\u00bbinitial\u00a0\u00bb background_position=\u00a0\u00bbtop_left\u00a0\u00bb background_repeat=\u00a0\u00bbrepeat\u00a0\u00bb hover_enabled=\u00a0\u00bb0&Prime; global_colors_info=\u00a0\u00bb{}\u00a0\u00bb column_structure=\u00a0\u00bb2_3,1_3&Prime; custom_padding=\u00a0\u00bb0px|||||\u00a0\u00bb box_shadow_style=\u00a0\u00bbpreset1&Prime; sticky_enabled=\u00a0\u00bb0&Prime;][et_pb_column type=\u00a0\u00bb2_3&Prime; _builder_version=\u00a0\u00bb4.16&Prime; custom_padding=\u00a0\u00bb|||\u00a0\u00bb global_colors_info=\u00a0\u00bb{}\u00a0\u00bb custom_padding__hover=\u00a0\u00bb|||\u00a0\u00bb][et_pb_text admin_label=\u00a0\u00bbText\u00a0\u00bb _builder_version=\u00a0\u00bb4.24.2&Prime; background_size=\u00a0\u00bbinitial\u00a0\u00bb background_position=\u00a0\u00bbtop_left\u00a0\u00bb background_repeat=\u00a0\u00bbrepeat\u00a0\u00bb hover_enabled=\u00a0\u00bb0&Prime; global_colors_info=\u00a0\u00bb{}\u00a0\u00bb border_width_all=\u00a0\u00bb15px\u00a0\u00bb border_color_all=\u00a0\u00bbRGBA(255,255,255,0)\u00a0\u00bb sticky_enabled=\u00a0\u00bb0&Prime;]<\/p>\n<p style=\"text-align: justify;\"><span style=\"color: #ffffff;\">O.<\/span><\/p>\n<h2 style=\"text-align: justify;\">Bloc op\u00e9ratoire de chirurgie ORL p\u00e9diatrique<\/h2>\n<p style=\"text-align: justify;\">Le bloc se situe au FEH. Il est r\u00e9serv\u00e9 aux interventions n\u00e9cessitant une hospitalisation de plus d&rsquo;une journ\u00e9e:<\/p>\n<ul>\n<li style=\"text-align: justify;\">Amygdalectomies (intra ou extracapsulaires par coblation)<\/li>\n<li style=\"text-align: justify;\">Kystes cervicaux cong\u00e9nitaux<\/li>\n<li style=\"text-align: justify;\">Chirurgie laryng\u00e9e p\u00e9diatrique<\/li>\n<li style=\"text-align: justify;\">Otologie p\u00e9diatrique<\/li>\n<\/ul>\n<p style=\"text-align: justify;\">\n<p>[\/et_pb_text][\/et_pb_column][et_pb_column type=\u00a0\u00bb1_3&Prime; _builder_version=\u00a0\u00bb4.16&Prime; custom_padding=\u00a0\u00bb|||\u00a0\u00bb global_colors_info=\u00a0\u00bb{}\u00a0\u00bb custom_padding__hover=\u00a0\u00bb|||\u00a0\u00bb][et_pb_image src=\u00a0\u00bbhttps:\/\/orl-chu-caen.fr\/wp-content\/uploads\/2024\/08\/architecturestudio_CAN3_2-1400&#215;1050-1.jpg\u00a0\u00bb _builder_version=\u00a0\u00bb4.24.2&Prime; _module_preset=\u00a0\u00bbdefault\u00a0\u00bb title_text=\u00a0\u00bbarchitecturestudio_CAN3_2-1400&#215;1050&Prime; hover_enabled=\u00a0\u00bb0&Prime; sticky_enabled=\u00a0\u00bb0&Prime; border_width_all=\u00a0\u00bb11px\u00a0\u00bb border_color_all=\u00a0\u00bbRGBA(255,255,255,0)\u00a0\u00bb][\/et_pb_image][\/et_pb_column][\/et_pb_row][et_pb_row _builder_version=\u00a0\u00bb4.24.2&Prime; _module_preset=\u00a0\u00bbdefault\u00a0\u00bb][et_pb_column _builder_version=\u00a0\u00bb4.24.2&Prime; _module_preset=\u00a0\u00bbdefault\u00a0\u00bb type=\u00a0\u00bb4_4&Prime;][\/et_pb_column][\/et_pb_row][et_pb_row admin_label=\u00a0\u00bbrow\u00a0\u00bb _builder_version=\u00a0\u00bb4.24.2&Prime; background_size=\u00a0\u00bbinitial\u00a0\u00bb background_position=\u00a0\u00bbtop_left\u00a0\u00bb background_repeat=\u00a0\u00bbrepeat\u00a0\u00bb hover_enabled=\u00a0\u00bb0&Prime; global_colors_info=\u00a0\u00bb{}\u00a0\u00bb column_structure=\u00a0\u00bb2_3,1_3&Prime; custom_padding=\u00a0\u00bb34px|||||\u00a0\u00bb box_shadow_style=\u00a0\u00bbpreset1&Prime; sticky_enabled=\u00a0\u00bb0&Prime;][et_pb_column type=\u00a0\u00bb2_3&Prime; _builder_version=\u00a0\u00bb4.16&Prime; custom_padding=\u00a0\u00bb|||\u00a0\u00bb global_colors_info=\u00a0\u00bb{}\u00a0\u00bb custom_padding__hover=\u00a0\u00bb|||\u00a0\u00bb][et_pb_text admin_label=\u00a0\u00bbText\u00a0\u00bb _builder_version=\u00a0\u00bb4.24.2&Prime; background_size=\u00a0\u00bbinitial\u00a0\u00bb background_position=\u00a0\u00bbtop_left\u00a0\u00bb background_repeat=\u00a0\u00bbrepeat\u00a0\u00bb hover_enabled=\u00a0\u00bb0&Prime; global_colors_info=\u00a0\u00bb{}\u00a0\u00bb border_width_all=\u00a0\u00bb32px\u00a0\u00bb border_color_all=\u00a0\u00bbRGBA(255,255,255,0)\u00a0\u00bb sticky_enabled=\u00a0\u00bb0&Prime;]<\/p>\n<h2 style=\"text-align: justify;\">Bloc op\u00e9ratoire de la Clinique de la Mis\u00e9ricorde<\/h2>\n<p style=\"text-align: justify;\">Des interventions de chirurgie ambulatoire rhinologique,cervicales et p\u00e9diatriques sont trait\u00e9es dans un bloc op\u00e9ratoire situ\u00e9 \u00e0 la clinique de la Mis\u00e9ricorde dans le centre de ville de Caen.<\/p>\n<p style=\"text-align: justify;\">Il s&rsquo;agit principalement de la chirurgie des v\u00e9g\u00e9tations (ad\u00e9no\u00efdectomies), de la pose d\u2019a\u00e9rateurs trans-tympaniques, des oreilles d\u00e9coll\u00e9es (otoplastie), septoplasties, septorhinoplasties, m\u00e9atotomie moyenne, ethmo\u00efdectomie et tumeurs cutan\u00e9es.<\/p>\n<p>[\/et_pb_text][\/et_pb_column][et_pb_column type=\u00a0\u00bb1_3&Prime; _builder_version=\u00a0\u00bb4.16&Prime; custom_padding=\u00a0\u00bb|||\u00a0\u00bb global_colors_info=\u00a0\u00bb{}\u00a0\u00bb custom_padding__hover=\u00a0\u00bb|||\u00a0\u00bb][et_pb_image src=\u00a0\u00bbhttps:\/\/orl-chu-caen.fr\/wp-content\/uploads\/2024\/08\/Fondation-Misericorde-illu-1.png\u00a0\u00bb _builder_version=\u00a0\u00bb4.24.2&Prime; _module_preset=\u00a0\u00bbdefault\u00a0\u00bb title_text=\u00a0\u00bbFondation-Misericorde-illu\u00a0\u00bb hover_enabled=\u00a0\u00bb0&Prime; sticky_enabled=\u00a0\u00bb0&Prime;][\/et_pb_image][\/et_pb_column][\/et_pb_row][et_pb_row _builder_version=\u00a0\u00bb4.24.2&Prime; _module_preset=\u00a0\u00bbdefault\u00a0\u00bb][et_pb_column _builder_version=\u00a0\u00bb4.24.2&Prime; _module_preset=\u00a0\u00bbdefault\u00a0\u00bb type=\u00a0\u00bb4_4&Prime;][\/et_pb_column][\/et_pb_row][et_pb_row admin_label=\u00a0\u00bbrow\u00a0\u00bb _builder_version=\u00a0\u00bb4.24.2&Prime; background_size=\u00a0\u00bbinitial\u00a0\u00bb background_position=\u00a0\u00bbtop_left\u00a0\u00bb background_repeat=\u00a0\u00bbrepeat\u00a0\u00bb hover_enabled=\u00a0\u00bb0&Prime; global_colors_info=\u00a0\u00bb{}\u00a0\u00bb column_structure=\u00a0\u00bb2_3,1_3&Prime; box_shadow_style=\u00a0\u00bbpreset1&Prime; sticky_enabled=\u00a0\u00bb0&Prime;][et_pb_column type=\u00a0\u00bb2_3&Prime; _builder_version=\u00a0\u00bb4.16&Prime; custom_padding=\u00a0\u00bb|||\u00a0\u00bb global_colors_info=\u00a0\u00bb{}\u00a0\u00bb custom_padding__hover=\u00a0\u00bb|||\u00a0\u00bb][et_pb_text admin_label=\u00a0\u00bbText\u00a0\u00bb _builder_version=\u00a0\u00bb4.24.2&Prime; background_size=\u00a0\u00bbinitial\u00a0\u00bb background_position=\u00a0\u00bbtop_left\u00a0\u00bb background_repeat=\u00a0\u00bbrepeat\u00a0\u00bb hover_enabled=\u00a0\u00bb0&Prime; global_colors_info=\u00a0\u00bb{}\u00a0\u00bb border_color_right=\u00a0\u00bbRGBA(255,255,255,0)\u00a0\u00bb border_width_right=\u00a0\u00bb11px\u00a0\u00bb sticky_enabled=\u00a0\u00bb0&Prime; border_width_all=\u00a0\u00bb28px\u00a0\u00bb border_color_all=\u00a0\u00bbRGBA(255,255,255,0)\u00a0\u00bb]<\/p>\n<p style=\"text-align: justify;\"><span style=\"color: #ffffff;\">.<\/span><\/p>\n<h2 style=\"text-align: justify;\">Bloc op\u00e9ratoire des urgences<\/h2>\n<p style=\"text-align: justify;\">Les interventions r\u00e9alis\u00e9es en urgences sont r\u00e9alis\u00e9es au bloc des urgences (Bloc DATU) de la tour C\u00f4te de Nacre.<\/p>\n<p style=\"text-align: justify;\">Il s&rsquo;agit principalement de l&rsquo;extraction de corps \u00e9tranger laryng\u00e9s ou \u0153sophagiens, des urgences h\u00e9morragiques et infectieuses (drainage d&rsquo;abc\u00e8s).<\/p>\n<p style=\"text-align: justify;\"><span style=\"color: #ffffff;\">.<\/span><\/p>\n<p>[\/et_pb_text][\/et_pb_column][et_pb_column type=\u00a0\u00bb1_3&Prime; _builder_version=\u00a0\u00bb4.16&Prime; custom_padding=\u00a0\u00bb|||\u00a0\u00bb global_colors_info=\u00a0\u00bb{}\u00a0\u00bb custom_padding__hover=\u00a0\u00bb|||\u00a0\u00bb][et_pb_image src=\u00a0\u00bbhttps:\/\/orl-chu-caen.fr\/wp-content\/uploads\/2024\/08\/1200x680_30841-ckgfpciefr-whr.jpg\u00a0\u00bb _builder_version=\u00a0\u00bb4.24.2&Prime; _module_preset=\u00a0\u00bbdefault\u00a0\u00bb title_text=\u00a0\u00bb1200x680_30841-ckgfpciefr-whr\u00a0\u00bb hover_enabled=\u00a0\u00bb0&Prime; sticky_enabled=\u00a0\u00bb0&Prime; border_width_right=\u00a0\u00bb13px\u00a0\u00bb border_color_right=\u00a0\u00bbRGBA(255,255,255,0)\u00a0\u00bb][\/et_pb_image][\/et_pb_column][\/et_pb_row][et_pb_row _builder_version=\u00a0\u00bb4.24.2&Prime; _module_preset=\u00a0\u00bbdefault\u00a0\u00bb][et_pb_column _builder_version=\u00a0\u00bb4.24.2&Prime; _module_preset=\u00a0\u00bbdefault\u00a0\u00bb type=\u00a0\u00bb4_4&Prime;][\/et_pb_column][\/et_pb_row][et_pb_row admin_label=\u00a0\u00bbrow\u00a0\u00bb _builder_version=\u00a0\u00bb4.24.2&Prime; background_size=\u00a0\u00bbinitial\u00a0\u00bb background_position=\u00a0\u00bbtop_left\u00a0\u00bb background_repeat=\u00a0\u00bbrepeat\u00a0\u00bb hover_enabled=\u00a0\u00bb0&Prime; global_colors_info=\u00a0\u00bb{}\u00a0\u00bb box_shadow_style=\u00a0\u00bbpreset1&Prime; sticky_enabled=\u00a0\u00bb0&Prime; border_width_all=\u00a0\u00bb16px\u00a0\u00bb border_color_all=\u00a0\u00bbRGBA(255,255,255,0)\u00a0\u00bb][et_pb_column type=\u00a0\u00bb4_4&Prime; _builder_version=\u00a0\u00bb4.16&Prime; custom_padding=\u00a0\u00bb|||\u00a0\u00bb global_colors_info=\u00a0\u00bb{}\u00a0\u00bb custom_padding__hover=\u00a0\u00bb|||\u00a0\u00bb][et_pb_text admin_label=\u00a0\u00bbText\u00a0\u00bb _builder_version=\u00a0\u00bb4.16&Prime; background_size=\u00a0\u00bbinitial\u00a0\u00bb background_position=\u00a0\u00bbtop_left\u00a0\u00bb background_repeat=\u00a0\u00bbrepeat\u00a0\u00bb global_colors_info=\u00a0\u00bb{}\u00a0\u00bb]<\/p>\n<p style=\"text-align: justify;\">\n<h2 style=\"text-align: justify;\">Autres sites op\u00e9ratoires<\/h2>\n<p style=\"text-align: justify;\">D&rsquo;autres interventions sont r\u00e9alis\u00e9es en collaboration avec les \u00e9quipes d&rsquo;ORL du CLCC Fran\u00e7ois Baclesse et des Centres Hospitaliers de Falaise et Cherbourg.<\/p>\n<p>[\/et_pb_text][\/et_pb_column][\/et_pb_row][et_pb_row _builder_version=\u00a0\u00bb4.24.2&Prime; _module_preset=\u00a0\u00bbdefault\u00a0\u00bb][et_pb_column _builder_version=\u00a0\u00bb4.24.2&Prime; _module_preset=\u00a0\u00bbdefault\u00a0\u00bb type=\u00a0\u00bb4_4&Prime;][\/et_pb_column][\/et_pb_row][\/et_pb_section]<\/p>\n","protected":false},"excerpt":{"rendered":"<p>&nbsp; Bloc op\u00e9ratoire principal &nbsp; \u00a0Il est situ\u00e9 au 14\u00e8me \u00e9tage de la tour\u00a0 C\u00f4te de Nacre. Il comporte 2 salles op\u00e9ratoires pour la prise en charge des interventions programm\u00e9es avec hospitalisation conventionnelle et ambulatoire (hors urgences). Il est \u00e9quip\u00e9 des technologies les plus r\u00e9centes: Microscope et endoscopes HD\/4K, Robot Da Vinci Chirurgie assist\u00e9e par [&hellip;]<\/p>\n","protected":false},"author":1,"featured_media":0,"parent":30,"menu_order":2,"comment_status":"closed","ping_status":"open","template":"","meta":{"_et_pb_use_builder":"on","_et_pb_old_content":"<h2 style=\"text-align: justify;\">Bloc op\u00e9ratoire principal<\/h2>\r\n<p style=\"text-align: justify;\">Il est situ\u00e9 au 14<sup>\u00e8me<\/sup> \u00e9tage de la tour du CHU.<\/p>\r\n<p style=\"text-align: justify;\">Il comporte 2 salles op\u00e9ratoires pour la prise en charge des interventions programm\u00e9es non ambulatoires (hors urgences).<\/p>\r\n<p style=\"text-align: justify;\">Il est \u00e9quip\u00e9 des technologies les plus r\u00e9centes: Microscope et endoscopes HD, Chirurgie assist\u00e9e par ordinateur (Neuronavigation), Laser....<\/p>\r\n<p style=\"text-align: justify;\"><span style=\"color: #ffffff;\">.<\/span><\/p>\r\n\r\n<h2 style=\"text-align: justify;\">Bloc op\u00e9ratoire ambulatoire<\/h2>\r\n<p style=\"text-align: justify;\">Les interventions de chirurgie ambulatoires sont trait\u00e9es dans un bloc op\u00e9ratoire situ\u00e9 au FEH (H\u00f4pital Femme-Enfant-H\u00e9matologie).<\/p>\r\n<p style=\"text-align: justify;\">Il s'agit principalement de la chirurgie des v\u00e9g\u00e9tations (ad\u00e9no\u00efdectomies), de la pose d\u2019a\u00e9rateurs trans-tympaniques, des oreilles d\u00e9coll\u00e9es (otoplastie), des tumeurs cutan\u00e9es.<\/p>\r\n<p style=\"text-align: justify;\"><span style=\"color: #ffffff;\">.<\/span><\/p>\r\n\r\n<h2 style=\"text-align: justify;\">Bloc op\u00e9ratoire de chirurgie ORL p\u00e9diatrique<\/h2>\r\n<p style=\"text-align: justify;\">Le bloc se situe au FEH. Il est r\u00e9serv\u00e9 aux interventions n\u00e9cessitant une hospitalisation de plus d'une journ\u00e9e: amygdalectomies, kystes cervicaux cong\u00e9nitaux, chirurgie laryng\u00e9e p\u00e9diatrique, otologie p\u00e9diatrique.<\/p>\r\n<p style=\"text-align: justify;\"><span style=\"color: #ffffff;\">.<\/span><\/p>\r\n\r\n<h2 style=\"text-align: justify;\">Bloc op\u00e9ratoire des urgences<\/h2>\r\n<p style=\"text-align: justify;\">Les interventions r\u00e9alis\u00e9es en urgences sont r\u00e9alis\u00e9es au bloc des urgences (Bloc DATU).<\/p>\r\n<p style=\"text-align: justify;\">Il s'agit principalement de l'extraction de corps \u00e9tranger laryng\u00e9s ou \u0153sophagiens, des urgences h\u00e9morragiques et infectieuses (drainage d'abc\u00e8s).<\/p>\r\n<p style=\"text-align: justify;\"><span style=\"color: #ffffff;\">.<\/span><\/p>\r\n\r\n<h2 style=\"text-align: justify;\">Autres sites op\u00e9ratoires<\/h2>\r\n<p style=\"text-align: justify;\">D'autres interventions sont r\u00e9alis\u00e9es en collaboration avec les \u00e9quipes d'ORL du CLCC Fran\u00e7ois Baclesse et des Centres Hospitaliers de Falaise et Cherbourg.<\/p>","_et_gb_content_width":"","ngg_post_thumbnail":0,"footnotes":""},"aioseo_notices":[],"_links":{"self":[{"href":"https:\/\/orl-chu-caen.fr\/index.php?rest_route=\/wp\/v2\/pages\/46"}],"collection":[{"href":"https:\/\/orl-chu-caen.fr\/index.php?rest_route=\/wp\/v2\/pages"}],"about":[{"href":"https:\/\/orl-chu-caen.fr\/index.php?rest_route=\/wp\/v2\/types\/page"}],"author":[{"embeddable":true,"href":"https:\/\/orl-chu-caen.fr\/index.php?rest_route=\/wp\/v2\/users\/1"}],"replies":[{"embeddable":true,"href":"https:\/\/orl-chu-caen.fr\/index.php?rest_route=%2Fwp%2Fv2%2Fcomments&post=46"}],"version-history":[{"count":23,"href":"https:\/\/orl-chu-caen.fr\/index.php?rest_route=\/wp\/v2\/pages\/46\/revisions"}],"predecessor-version":[{"id":6201,"href":"https:\/\/orl-chu-caen.fr\/index.php?rest_route=\/wp\/v2\/pages\/46\/revisions\/6201"}],"up":[{"embeddable":true,"href":"https:\/\/orl-chu-caen.fr\/index.php?rest_route=\/wp\/v2\/pages\/30"}],"wp:attachment":[{"href":"https:\/\/orl-chu-caen.fr\/index.php?rest_route=%2Fwp%2Fv2%2Fmedia&parent=46"}],"curies":[{"name":"wp","href":"https:\/\/api.w.org\/{rel}","templated":true}]}}