{"id":4588,"date":"2024-07-27T17:29:29","date_gmt":"2024-07-27T15:29:29","guid":{"rendered":"https:\/\/orl-chu-caen.fr\/?page_id=4588"},"modified":"2024-08-23T21:34:18","modified_gmt":"2024-08-23T19:34:18","slug":"dr-maxime-humbert","status":"publish","type":"page","link":"https:\/\/orl-chu-caen.fr\/?page_id=4588","title":{"rendered":"Dr. Maxime HUMBERT"},"content":{"rendered":"<p>[et_pb_section fb_built=\u00a0\u00bb1&Prime; _builder_version=\u00a0\u00bb4.16&Prime; global_colors_info=\u00a0\u00bb{}\u00a0\u00bb][et_pb_row column_structure=\u00a0\u00bb2_5,3_5&Prime; _builder_version=\u00a0\u00bb4.24.2&Prime; _module_preset=\u00a0\u00bbdefault\u00a0\u00bb custom_padding=\u00a0\u00bb|0px||||\u00a0\u00bb box_shadow_style=\u00a0\u00bbpreset1&Prime; global_colors_info=\u00a0\u00bb{}\u00a0\u00bb][et_pb_column type=\u00a0\u00bb2_5&Prime; _builder_version=\u00a0\u00bb4.24.2&Prime; _module_preset=\u00a0\u00bbdefault\u00a0\u00bb global_colors_info=\u00a0\u00bb{}\u00a0\u00bb][et_pb_team_member name=\u00a0\u00bbDr Maxime HUMBERT\u00a0\u00bb position=\u00a0\u00bbPraticien Hospitalier\u00a0\u00bb image_url=\u00a0\u00bbhttps:\/\/orl-chu-caen.fr\/wp-content\/uploads\/2024\/07\/HUMBERT-1.jpg\u00a0\u00bb _builder_version=\u00a0\u00bb4.24.2&Prime; _module_preset=\u00a0\u00bbdefault\u00a0\u00bb header_font=\u00a0\u00bbAbel||||||||\u00a0\u00bb header_font_size=\u00a0\u00bb34px\u00a0\u00bb position_font=\u00a0\u00bbAbel||||||||\u00a0\u00bb position_font_size=\u00a0\u00bb21px\u00a0\u00bb background_color=\u00a0\u00bb#FFFFFF\u00a0\u00bb custom_padding=\u00a0\u00bb||3px|||\u00a0\u00bb border_width_all=\u00a0\u00bb13px\u00a0\u00bb border_color_all=\u00a0\u00bb#FFFFFF\u00a0\u00bb border_width_all_image=\u00a0\u00bb9px\u00a0\u00bb border_color_all_image=\u00a0\u00bb#d2d0bb\u00a0\u00bb global_colors_info=\u00a0\u00bb{}\u00a0\u00bb]<\/p>\n<h3><\/h3>\n<h3>Chirurgie carcinologique cervico-faciale, Rhinologie, Chirurgie de la Base du Cr\u00e2ne<\/h3>\n<p>[\/et_pb_team_member][\/et_pb_column][et_pb_column type=\u00a0\u00bb3_5&Prime; _builder_version=\u00a0\u00bb4.24.2&Prime; _module_preset=\u00a0\u00bbdefault\u00a0\u00bb global_colors_info=\u00a0\u00bb{}\u00a0\u00bb][et_pb_text _builder_version=\u00a0\u00bb4.24.2&Prime; _module_preset=\u00a0\u00bbdefault\u00a0\u00bb text_font=\u00a0\u00bbAbel||||||||\u00a0\u00bb text_font_size=\u00a0\u00bb6px\u00a0\u00bb text_line_height=\u00a0\u00bb1.3em\u00a0\u00bb width=\u00a0\u00bb100%\u00a0\u00bb custom_padding=\u00a0\u00bb14px|||||\u00a0\u00bb hover_enabled=\u00a0\u00bb0&Prime; inline_fonts=\u00a0\u00bbAbel\u00a0\u00bb global_colors_info=\u00a0\u00bb{}\u00a0\u00bb border_width_all=\u00a0\u00bb16px\u00a0\u00bb border_color_all=\u00a0\u00bbRGBA(255,255,255,0)\u00a0\u00bb sticky_enabled=\u00a0\u00bb0&Prime;]<\/p>\n<h1 class=\"wp-block-heading\"><span style=\"font-size: x-large;\">FORMATION ET TITRES<\/span><\/h1>\n<p><span style=\"font-size: large;\"><!-- \/divi:heading --><\/span><\/p>\n<p><span style=\"font-size: large;\"><!-- divi:paragraph --><\/span><\/p>\n<p><span style=\"font-size: large;\">Assistant-Chef de Clinique (C.C.A.)<\/span><\/p>\n<p><span style=\"font-size: large;\"><!-- \/divi:paragraph --><\/span><\/p>\n<p><span style=\"font-size: large;\"><!-- divi:paragraph --><\/span><\/p>\n<p><span style=\"font-size: large;\">Docteur en M\u00e9decine (M.D.)<\/span><\/p>\n<p><span style=\"font-size: large;\"><!-- \/divi:paragraph --><\/span><\/p>\n<p><span style=\"font-size: large;\"><!-- divi:paragraph --><\/span><\/p>\n<p><span style=\"font-size: large;\">D.E.S d\u2019Oto-rhino-laryngologie et de Chirurgie Cervico-Faciale<\/span><\/p>\n<p><span style=\"font-size: large;\"><!-- \/divi:paragraph --><\/span><\/p>\n<p><span style=\"font-size: large;\"><!-- divi:paragraph --><\/span><\/p>\n<p><span style=\"font-size: large;\">Ancien Interne des H\u00f4pitaux<\/span><\/p>\n<p><span style=\"font-size: large;\"><!-- \/divi:paragraph --><\/span><\/p>\n<p><span style=\"font-size: large;\"><!-- divi:paragraph --><\/span><\/p>\n<p><span style=\"font-size: large;\">Master 1 d&rsquo;anatomie et de radiologie<\/span><\/p>\n<p><span style=\"font-size: large;\"><!-- \/divi:paragraph --><\/span><\/p>\n<p><span style=\"font-size: large;\"><!-- divi:paragraph --><\/span><\/p>\n<p><span style=\"font-size: large;\">Master 2 de Science Chirurgicale<\/span><\/p>\n<p><span style=\"font-size: large;\"><!-- \/divi:paragraph --><\/span><\/p>\n<p><span style=\"font-size: large;\"><!-- divi:paragraph --><\/span><\/p>\n<p><span style=\"font-size: large;\">D.U Chirurgie r\u00e9paratrice r\u00e9paratrice des cancers cutan\u00e9s de la face<\/span><\/p>\n<p><span style=\"font-size: large;\"><!-- \/divi:paragraph --><\/span><\/p>\n<p><span style=\"font-size: large;\"><!-- divi:paragraph --><\/span><\/p>\n<p><span style=\"font-size: large;\">Formation d&rsquo;Education Th\u00e9rapeutique<\/span><\/p>\n<p><span style=\"font-size: large;\"><!-- \/divi:paragraph --><\/span><\/p>\n<p><span style=\"font-size: large;\"><!-- divi:paragraph --><\/span><\/p>\n<p><span style=\"font-size: large;\">Prix de Th\u00e8se de l&rsquo;Association Fran\u00e7aise de Rhinologie (AFR)<\/span><\/p>\n<p><span style=\"font-size: large;\"><!-- \/divi:paragraph --><\/span><\/p>\n<p><span style=\"font-size: large;\"><!-- divi:shortcode --><\/span><br \/><span style=\"font-size: large;\"><!-- \/divi:shortcode --><\/span><\/p>\n<p><span style=\"font-size: large;\"><!-- divi:heading --><\/span><\/p>\n<h1 class=\"wp-block-heading\"><span style=\"font-size: x-large;\">SOCIETES SAVANTES<\/span><\/h1>\n<p><span style=\"font-size: large;\"><!-- \/divi:heading --><\/span><\/p>\n<p><span style=\"font-size: large;\"><!-- divi:paragraph --><\/span><\/p>\n<p><span style=\"font-size: large;\">Membre de la Soci\u00e9t\u00e9 Fran\u00e7aise d\u2019ORL de Chirurgie Cervico-Faciale (<a href=\"http:\/\/www.sforl.org\/\">S.F.O.R.L<\/a>)<\/span><\/p>\n<p><span style=\"font-size: large;\"><!-- \/divi:paragraph --><\/span><\/p>\n<p><span style=\"font-size: large;\"><!-- divi:paragraph --><\/span><\/p>\n<p><span style=\"font-size: large;\">Membre de la Soci\u00e9t\u00e9 d\u2019ORL et de Chirurgie Cervico-Faciale de Basse-Normandie<\/span><\/p>\n<p><span style=\"font-size: large;\">\u00a0<\/span><\/p>\n<p><span style=\"font-size: large;\"><!-- \/divi:paragraph --><\/span><\/p>\n<p><span style=\"font-size: large;\"><!-- divi:heading --><\/span><\/p>\n<h1 class=\"wp-block-heading\"><span style=\"font-size: x-large;\">DISCIPLINES<\/span><\/h1>\n<p><span style=\"font-size: large;\"><!-- \/divi:heading --><\/span><\/p>\n<p><span style=\"font-size: large;\"><!-- divi:paragraph --><\/span><\/p>\n<p><span style=\"font-size: large;\">Oto-Rhino-Laryngologie et Chirurgie Cervico-Faciale<\/span><\/p>\n<p><span style=\"font-size: large;\"><!-- \/divi:paragraph --><\/span><\/p>\n<p><span style=\"font-size: large;\"><!-- divi:paragraph --><\/span><\/p>\n<p><span style=\"font-size: large;\">Chirurgie Reconstructrice des Tumeurs Cutan\u00e9es de la Face<\/span><\/p>\n<p><span style=\"font-size: large;\"><!-- \/divi:paragraph --><\/span><\/p>\n<p><span style=\"font-size: large;\"><!-- divi:paragraph --><\/span><\/p>\n<p><span style=\"font-size: large;\">Chirurgie Carcinologique et Cervico-Faciale<\/span><\/p>\n<p><span style=\"font-size: large;\"><!-- \/divi:paragraph --><\/span><\/p>\n<p><span style=\"font-size: large;\"><!-- divi:shortcode --><\/span><br \/><span style=\"font-size: large;\"><!-- \/divi:shortcode --><\/span><\/p>\n<p><span style=\"font-size: large;\"><!-- divi:heading --><\/span><\/p>\n<h1 class=\"wp-block-heading\"><span style=\"font-size: x-large;\">ENSEIGNEMENT<\/span><\/h1>\n<p><span style=\"font-size: large;\"><!-- \/divi:heading --><\/span><\/p>\n<p><span style=\"font-size: large;\"><!-- divi:paragraph --><\/span><\/p>\n<p><span style=\"font-size: large;\">Enseignant \u00e0 la Facult\u00e9 de M\u00e9decine de Caen<\/span><\/p>\n<p><span style=\"font-size: large;\"><!-- \/divi:paragraph --><\/span><\/p>\n<p><span style=\"font-size: large;\"><!-- divi:paragraph --><\/span><\/p>\n<p><span style=\"font-size: large;\">Enseignant au Laboratoire d&rsquo;Anatomie de la Facult\u00e9<\/span><\/p>\n<p><span style=\"font-size: large;\"><!-- \/divi:paragraph --><\/span><\/p>\n<p><span style=\"font-size: large;\"><!-- divi:paragraph --><\/span><\/p>\n<p><span style=\"font-size: large;\">Enseignant \u00e0 l&rsquo;Ecole d&rsquo;Orthophonie de l&rsquo;Universit\u00e9 de CAEN<\/span><\/p>\n<p><span style=\"font-size: large;\"><!-- \/divi:paragraph --><\/span><\/p>\n<p><span style=\"font-size: large;\"><!-- divi:shortcode --><\/span><br \/><span style=\"font-size: large;\"><!-- \/divi:shortcode --><\/span><\/p>\n<p><span style=\"font-size: large;\"><!-- divi:heading --><\/span><\/p>\n<h1 class=\"wp-block-heading\"><span style=\"font-size: x-large;\">COORDONNEES<\/span><\/h1>\n<p><span style=\"font-size: large;\"><!-- \/divi:heading --><\/span><\/p>\n<p><span style=\"font-size: large;\"><!-- divi:paragraph --><\/span><\/p>\n<p><span style=\"font-size: large;\">RPPS: 10101002763<\/span><\/p>\n<p><span style=\"font-size: large;\"><!-- \/divi:paragraph --><\/span><\/p>\n<p><span style=\"font-size: large;\"><!-- divi:paragraph --><\/span><\/p>\n<p><span style=\"font-size: large;\">Secr\u00e9tariat Service ORL\u00a0CHU de CAEN: 02.31.06.46.40<\/span><\/p>\n<p><span style=\"font-size: large;\"><\/span><\/p>\n<p><span style=\"font-size: large;\"><\/span><span style=\"font-size: large;\">Mail\u00a0: <a href=\"mailto:patron-v@chu-caen.fr\" target=\"_blank\" rel=\"noreferrer noopener\">humbert-m@chu-caen.fr<\/a><\/span><\/p>\n<p><span style=\"font-size: large;\"><!-- \/divi:paragraph --><\/span><\/p>\n<p><span style=\"font-size: large;\"><!-- divi:paragraph --><\/span><\/p>\n<p><span style=\"font-size: large;\"><!-- \/divi:paragraph --><\/span><\/p>\n<p><span style=\"font-size: large;\"><!-- divi:paragraph --><\/span><\/p>\n<p><span style=\"font-size: large;\"><!-- \/divi:paragraph --><\/span><\/p>\n<p><span style=\"font-size: large;\"><!-- divi:shortcode --><\/span><br \/><span style=\"font-size: large;\"><!-- \/divi:shortcode --><\/span><\/p>\n<p><span style=\"font-size: large;\"><!-- divi:heading --><\/span><\/p>\n<h1 class=\"wp-block-heading\"><span style=\"font-size: x-large;\">COMMUNICATIONS ORALES<\/span><\/h1>\n<p><span style=\"font-size: large;\">Anatomie du nerf Terminal chez l\u2019Homme.<\/span><\/p>\n<p><span style=\"font-size: large;\"><strong>Humbert M<\/strong>, Patron V, Moreau M, Hitier.SFORL Paris le<\/span><\/p>\n<p><span style=\"font-size: large;\">30.09.2019<\/span><\/p>\n<p><span style=\"font-size: large;\">\u00a0<\/span><\/p>\n<p><span style=\"font-size: large;\">Recherche et \u00e9ducation th\u00e9rapeutique en canc\u00e9rologie des VADS (l\u2019exemple PETAL2).<\/span><\/p>\n<p><span style=\"font-size: large;\"><strong>Humbert M<\/strong>, Heutte N, Abouzayd M,Roussel LM, Lasne-Cardon A, Babin E.<\/span><\/p>\n<p><span style=\"font-size: large;\">SFORL Paris, Septembre\u00a0 2019<\/span><\/p>\n<p><span style=\"font-size: large;\">\u00a0<\/span><\/p>\n<p><span style=\"font-size: large;\">Int\u00e9r\u00eat de la conservation des t\u00eates par la technique de Thiel fixation modifi\u00e9, dans l\u2019apprentissage de la chirurgie de la t\u00eate et du cou.<\/span><\/p>\n<p><span style=\"font-size: large;\"><strong>Humbert M<\/strong>, Patron V, Moreau M, Hitier M.<\/span><\/p>\n<p><span style=\"font-size: large;\">Congr\u00e8s des Histo-Morphologiste, Caen , Mars 2018<\/span><\/p>\n<p><span style=\"font-size: large;\">\u00a0<\/span><\/p>\n<p><span style=\"font-size: large;\">Free scapular free flap: a retrospective analysis of 130 reconstructions.<\/span><\/p>\n<p><span style=\"font-size: large;\"><strong>Humbert M<\/strong>, Blanchard D, Rame JP, De Raucourt D, Louis MY.<\/span><\/p>\n<p><span style=\"font-size: large;\">IFOS Paris, Juin 2017<\/span><\/p>\n<p><span style=\"font-size: large;\">\u00a0<\/span><\/p>\n<p><span style=\"font-size: large;\">Traitement micro\/endoscopique des l\u00e9sions de l\u2019apex p\u00e9treux<\/span><\/p>\n<p><span style=\"font-size: large;\"><strong>Humbert M<\/strong>, Hitier M, Patron V,<\/span><\/p>\n<p><span style=\"font-size: large;\">Soci\u00e9t\u00e9 d\u2019ORL et de CCF de Basse Normandie, Avril 2016<\/span><\/p>\n<p><span style=\"font-size: large;\">\u00a0<\/span><\/p>\n<p><span style=\"font-size: large;\"><strong>PARUTIONS<\/strong><\/span><\/p>\n<p><span style=\"font-size: large;\">Anatomie compar\u00e9e du r\u00e9flexe vestibulo-oculaire selon chaque r\u00e9cepteur.<\/span><\/p>\n<p><span style=\"font-size: large;\">Hitier M,<strong> Humbert M<\/strong>, Micault E, Patron V, Moreau S.<\/span><\/p>\n<p><span style=\"font-size: large;\">Morphologie V 100 \u2013 n\u00b0330, p28, Septembre 2016<\/span><\/p>\n<p><span style=\"font-size: large;\">\u00a0<\/span><\/p>\n<p><span style=\"font-size: large;\">How to perform microscopic\/endoscopic resection of large petrous apex lesions.<\/span><\/p>\n<p><span style=\"font-size: large;\">Patron V, <strong>Humbert M<\/strong>, Micault E, Emery E, Hitier.<\/span><\/p>\n<p><span style=\"font-size: large;\">Eur Ann Otorhinolaryngol Head Neck Dis 2018 Jun 19.<\/span><\/p>\n<p><span style=\"font-size: large;\">\u00a0<\/span><\/p>\n<p><span style=\"font-size: large;\">P\u00e9richondrite apr\u00e8s piercing.<\/span><\/p>\n<p><span style=\"font-size: large;\">Nguyen A X, <strong>Humbert M<\/strong>.<\/span><\/p>\n<p><span style=\"font-size: large;\">M\u00e9decine et Enfance. Volume 39, Num\u00e9ro 4, Avril 2019<\/span><\/p>\n<p>&nbsp;<\/p>\n<p><span style=\"font-size: x-large;\">\u00a0<\/span><\/p>\n<p><span style=\"font-size: large;\"><!-- \/divi:heading --><\/span><\/p>\n<p><span style=\"font-size: large;\"><!-- divi:paragraph --><\/span><\/p>\n<p>[\/et_pb_text][\/et_pb_column][\/et_pb_row][\/et_pb_section][et_pb_section fb_built=\u00a0\u00bb1&Prime; fullwidth=\u00a0\u00bbon\u00a0\u00bb _builder_version=\u00a0\u00bb4.24.2&Prime; _module_preset=\u00a0\u00bbdefault\u00a0\u00bb global_colors_info=\u00a0\u00bb{}\u00a0\u00bb][\/et_pb_section]<\/p>\n","protected":false},"excerpt":{"rendered":"<p>Chirurgie carcinologique cervico-faciale, Rhinologie, Chirurgie de la Base du Cr\u00e2neFORMATION ET TITRES Assistant-Chef de Clinique (C.C.A.) Docteur en M\u00e9decine (M.D.) D.E.S d\u2019Oto-rhino-laryngologie et de Chirurgie Cervico-Faciale Ancien Interne des H\u00f4pitaux Master 1 d&rsquo;anatomie et de radiologie Master 2 de Science Chirurgicale D.U Chirurgie r\u00e9paratrice r\u00e9paratrice des cancers cutan\u00e9s de la face Formation d&rsquo;Education Th\u00e9rapeutique Prix [&hellip;]<\/p>\n","protected":false},"author":1,"featured_media":0,"parent":0,"menu_order":0,"comment_status":"closed","ping_status":"closed","template":"","meta":{"_et_pb_use_builder":"on","_et_pb_old_content":"<!-- wp:heading -->\n<h2 class=\"wp-block-heading\">FORMATION ET TITRES<\/h2>\n<!-- \/wp:heading -->\n\n<!-- wp:paragraph -->\n<p>Assistant-Chef de Clinique (C.C.A.)<\/p>\n<!-- \/wp:paragraph -->\n\n<!-- wp:paragraph -->\n<p>Docteur en M\u00e9decine (M.D.)<\/p>\n<!-- \/wp:paragraph -->\n\n<!-- wp:paragraph -->\n<p>D.E.S d\u2019Oto-rhino-laryngologie et de Chirurgie Cervico-Faciale<\/p>\n<!-- \/wp:paragraph -->\n\n<!-- wp:paragraph -->\n<p>Ancien Interne des Hopitaux<\/p>\n<!-- \/wp:paragraph -->\n\n<!-- wp:paragraph -->\n<p>Master 1 d'anatomie et de radiologie<\/p>\n<!-- \/wp:paragraph -->\n\n<!-- wp:paragraph -->\n<p>Master 2 de Science Chirurgicale<\/p>\n<!-- \/wp:paragraph -->\n\n<!-- wp:paragraph -->\n<p>D.U Chirurgie r\u00e9paratrice r\u00e9paratrice des cancers cutan\u00e9s de la face<\/p>\n<!-- \/wp:paragraph -->\n\n<!-- wp:paragraph -->\n<p>Formation d'Education Th\u00e9rapeutique<\/p>\n<!-- \/wp:paragraph -->\n\n<!-- wp:paragraph -->\n<p>Prix de Th\u00e8se de l'Association Fran\u00e7aise de Rhinologie (AFR)<\/p>\n<!-- \/wp:paragraph -->\n\n<!-- wp:shortcode -->\n[spacer size=\"20\"]\n<!-- \/wp:shortcode -->\n\n<!-- wp:heading -->\n<h2 class=\"wp-block-heading\">SOCIETES SAVANTES<\/h2>\n<!-- \/wp:heading -->\n\n<!-- wp:paragraph -->\n<p>Membre de la Soci\u00e9t\u00e9 Fran\u00e7aise d\u2019ORL de Chirurgie Cervico-Faciale (<a href=\"http:\/\/www.sforl.org\/\">S.F.O.R.L<\/a>)<\/p>\n<!-- \/wp:paragraph -->\n\n<!-- wp:paragraph -->\n<p>Membre de la Soci\u00e9t\u00e9 d\u2019ORL et de Chirurgie Cervico-Faciale de Basse-Normandie<\/p>\n<!-- \/wp:paragraph -->\n\n<!-- wp:shortcode -->\n[spacer size=\"20\"]\n<!-- \/wp:shortcode -->\n\n<!-- wp:heading -->\n<h2 class=\"wp-block-heading\">DISCIPLINES<\/h2>\n<!-- \/wp:heading -->\n\n<!-- wp:paragraph -->\n<p>Oto-Rhino-Laryngologie et Chirurgie Cervico-Faciale<\/p>\n<!-- \/wp:paragraph -->\n\n<!-- wp:paragraph -->\n<p>Chirurgie Reconstructrice des Tumeurs Cutan\u00e9es de la Face<\/p>\n<!-- \/wp:paragraph -->\n\n<!-- wp:paragraph -->\n<p>Chirurgie Carcinologique et Cervico-Faciale<\/p>\n<!-- \/wp:paragraph -->\n\n<!-- wp:shortcode -->\n[spacer size=\"20\"]\n<!-- \/wp:shortcode -->\n\n<!-- wp:heading -->\n<h2 class=\"wp-block-heading\">ENSEIGNEMENT<\/h2>\n<!-- \/wp:heading -->\n\n<!-- wp:paragraph -->\n<p>Enseignant \u00e0 la Facult\u00e9 de M\u00e9decine de Caen<\/p>\n<!-- \/wp:paragraph -->\n\n<!-- wp:paragraph -->\n<p>Enseignant au Laboratoire d'Anatomie de la Facult\u00e9<\/p>\n<!-- \/wp:paragraph -->\n\n<!-- wp:paragraph -->\n<p>Enseignant \u00e0 l'Ecole d'Orthophonie de l'Universit\u00e9 de CAEN<\/p>\n<!-- \/wp:paragraph -->\n\n<!-- wp:shortcode -->\n[spacer size=\"20\"]\n<!-- \/wp:shortcode -->\n\n<!-- wp:heading -->\n<h2 class=\"wp-block-heading\">COORDONNEES<\/h2>\n<!-- \/wp:heading -->\n\n<!-- wp:paragraph -->\n<p>RPPS: 10101002763<\/p>\n<!-- \/wp:paragraph -->\n\n<!-- wp:paragraph -->\n<p>Secr\u00e9tariat Service ORL&nbsp;CHU de CAEN: 02.31.06.46.40<\/p>\n<!-- \/wp:paragraph -->\n\n<!-- wp:paragraph -->\n<p>Secr\u00e9tariat Service d\u2019Anatomie&nbsp;: 02.31.06.82.09 ou <a href=\"mailto:medecine.anatomie@unicaen.fr\">medecine.anatomie@unicaen.fr<\/a><\/p>\n<!-- \/wp:paragraph -->\n\n<!-- wp:paragraph -->\n<p>Mail&nbsp;: <a href=\"mailto:patron-v@chu-caen.fr\" target=\"_blank\" rel=\"noreferrer noopener\">humbert-m@chu-caen.fr<\/a><\/p>\n<!-- \/wp:paragraph -->\n\n<!-- wp:shortcode -->\n[spacer size=\"20\"]\n<!-- \/wp:shortcode -->\n\n<!-- wp:heading -->\n<h2 class=\"wp-block-heading\">COMMUNICATIONS ORALES<\/h2>\n<!-- \/wp:heading -->\n\n<!-- wp:paragraph -->\n<p>Anatomie du nerf Terminal chez l\u2019Homme.<\/p>\n<!-- \/wp:paragraph -->\n\n<!-- wp:paragraph -->\n<p><strong>Humbert M<\/strong>, Patron V, Moreau M, Hitier.<\/p>\n<!-- \/wp:paragraph -->\n\n<!-- wp:paragraph -->\n<p>SFORL Paris le 30.09.2019<\/p>\n<!-- \/wp:paragraph -->\n\n<!-- wp:paragraph -->\n<p>[spacer size=\"10\"]<br>Recherche et \u00e9ducation th\u00e9rapeutique en canc\u00e9rologie des VADS (l\u2019exemple PETAL2).<br><strong>Humbert M<\/strong>, Heutte N, Abouzayd M,Roussel LM, Lasne-Cardon A, Babin E.<\/p>\n<!-- \/wp:paragraph -->\n\n<!-- wp:paragraph -->\n<p>SFORL Paris, Septembre&nbsp; 2019<\/p>\n<!-- \/wp:paragraph -->\n\n<!-- wp:paragraph -->\n<p>[spacer size=\"10\"]<br>Int\u00e9r\u00eat de la conservation des t\u00eates par la technique de Thiel fixation modifi\u00e9, dans<br>l\u2019apprentissage de la chirurgie de la t\u00eate et du cou.<\/p>\n<!-- \/wp:paragraph -->\n\n<!-- wp:paragraph -->\n<p><strong>Humbert M<\/strong>, Patron V, Moreau M, Hitier M.<\/p>\n<!-- \/wp:paragraph -->\n\n<!-- wp:paragraph -->\n<p>Congr\u00e8s des Histo-Morphologiste, Caen , Mars 2018<\/p>\n<!-- \/wp:paragraph -->\n\n<!-- wp:paragraph -->\n<p>[spacer size=\"10\"]<br>Free scapular free flap: a retrospective analysis of 130 reconstructions.<\/p>\n<!-- \/wp:paragraph -->\n\n<!-- wp:paragraph -->\n<p><strong>Humbert M<\/strong>, Blanchard D, Rame JP, De Raucourt D, Louis MY.<\/p>\n<!-- \/wp:paragraph -->\n\n<!-- wp:paragraph -->\n<p>IFOS Paris, Juin 2017<\/p>\n<!-- \/wp:paragraph -->\n\n<!-- wp:paragraph -->\n<p>[spacer size=\"10\"]<br>Traitement micro\/endoscopique des l\u00e9sions de l\u2019apex p\u00e9treux,<\/p>\n<!-- \/wp:paragraph -->\n\n<!-- wp:paragraph -->\n<p><strong>Humbert M<\/strong>, Hitier M, Patron V,<\/p>\n<!-- \/wp:paragraph -->\n\n<!-- wp:paragraph -->\n<p>Soci\u00e9t\u00e9 d\u2019ORL et de CCF de Basse Normandie, Avril 2016<br>[spacer size=\"20\"]<\/p>\n<!-- \/wp:paragraph -->\n\n<!-- wp:heading -->\n<h2 class=\"wp-block-heading\">PARUTIONS<\/h2>\n<!-- \/wp:heading -->\n\n<!-- wp:paragraph -->\n<p>Anatomie compar\u00e9e du r\u00e9flexe vestibulo-oculaire selon chaque r\u00e9cepteur.<\/p>\n<!-- \/wp:paragraph -->\n\n<!-- wp:paragraph -->\n<p>Hitier M,<strong> Humbert M<\/strong>, Micault E, Patron V, Moreau S.<\/p>\n<!-- \/wp:paragraph -->\n\n<!-- wp:paragraph -->\n<p>Morphologie V 100 \u2013 n\u00b0330, p28, Septembre 2016<\/p>\n<!-- \/wp:paragraph -->\n\n<!-- wp:paragraph -->\n<p>[spacer size=\"10\"]<br>How to perform microscopic\/endoscopic resection of large petrous apex lesions.<\/p>\n<!-- \/wp:paragraph -->\n\n<!-- wp:paragraph -->\n<p>Patron V, <strong>Humbert M<\/strong>, Micault E, Emery E, Hitier.<\/p>\n<!-- \/wp:paragraph -->\n\n<!-- wp:paragraph -->\n<p>Eur Ann Otorhinolaryngol Head Neck Dis 2018 Jun 19.<\/p>\n<!-- \/wp:paragraph -->\n\n<!-- wp:paragraph -->\n<p>[spacer size=\"10\"]<br>P\u00e9richondrite apr\u00e8s piercing.<\/p>\n<!-- \/wp:paragraph -->\n\n<!-- wp:paragraph -->\n<p>Nguyen A X, <strong>Humbert M<\/strong>.<\/p>\n<!-- \/wp:paragraph -->\n\n<!-- wp:paragraph -->\n<p>M\u00e9decine et Enfance. Volume 39, Num\u00e9ro 4, Avril 2019<\/p>\n<!-- \/wp:paragraph -->","_et_gb_content_width":"","ngg_post_thumbnail":0,"footnotes":""},"aioseo_notices":[],"_links":{"self":[{"href":"https:\/\/orl-chu-caen.fr\/index.php?rest_route=\/wp\/v2\/pages\/4588"}],"collection":[{"href":"https:\/\/orl-chu-caen.fr\/index.php?rest_route=\/wp\/v2\/pages"}],"about":[{"href":"https:\/\/orl-chu-caen.fr\/index.php?rest_route=\/wp\/v2\/types\/page"}],"author":[{"embeddable":true,"href":"https:\/\/orl-chu-caen.fr\/index.php?rest_route=\/wp\/v2\/users\/1"}],"replies":[{"embeddable":true,"href":"https:\/\/orl-chu-caen.fr\/index.php?rest_route=%2Fwp%2Fv2%2Fcomments&post=4588"}],"version-history":[{"count":12,"href":"https:\/\/orl-chu-caen.fr\/index.php?rest_route=\/wp\/v2\/pages\/4588\/revisions"}],"predecessor-version":[{"id":6270,"href":"https:\/\/orl-chu-caen.fr\/index.php?rest_route=\/wp\/v2\/pages\/4588\/revisions\/6270"}],"wp:attachment":[{"href":"https:\/\/orl-chu-caen.fr\/index.php?rest_route=%2Fwp%2Fv2%2Fmedia&parent=4588"}],"curies":[{"name":"wp","href":"https:\/\/api.w.org\/{rel}","templated":true}]}}