{"id":4586,"date":"2024-07-27T18:20:29","date_gmt":"2024-07-27T16:20:29","guid":{"rendered":"https:\/\/orl-chu-caen.fr\/?page_id=4586"},"modified":"2024-08-23T21:38:04","modified_gmt":"2024-08-23T19:38:04","slug":"dr-laetitia-plisson","status":"publish","type":"page","link":"https:\/\/orl-chu-caen.fr\/?page_id=4586","title":{"rendered":"Dr. Laetitia PLISSON"},"content":{"rendered":"[et_pb_section fb_built=\u00a0\u00bb1&Prime; _builder_version=\u00a0\u00bb4.16&Prime; global_colors_info=\u00a0\u00bb{}\u00a0\u00bb][et_pb_row column_structure=\u00a0\u00bb2_5,3_5&Prime; _builder_version=\u00a0\u00bb4.24.2&Prime; background_size=\u00a0\u00bbinitial\u00a0\u00bb background_position=\u00a0\u00bbtop_left\u00a0\u00bb background_repeat=\u00a0\u00bbrepeat\u00a0\u00bb box_shadow_style=\u00a0\u00bbpreset1&Prime; global_colors_info=\u00a0\u00bb{}\u00a0\u00bb][et_pb_column type=\u00a0\u00bb2_5&Prime; _builder_version=\u00a0\u00bb4.16&Prime; custom_padding=\u00a0\u00bb|||\u00a0\u00bb global_colors_info=\u00a0\u00bb{}\u00a0\u00bb custom_padding__hover=\u00a0\u00bb|||\u00a0\u00bb][et_pb_team_member name=\u00a0\u00bbDr Laetitia PLISSON\u00a0\u00bb position=\u00a0\u00bbPraticien Hospitalier\u00a0\u00bb image_url=\u00a0\u00bbhttps:\/\/orl-chu-caen.fr\/wp-content\/uploads\/2024\/07\/PLISSON-1.jpg\u00a0\u00bb _builder_version=\u00a0\u00bb4.24.2&Prime; _module_preset=\u00a0\u00bbdefault\u00a0\u00bb header_font=\u00a0\u00bbAbel||||||||\u00a0\u00bb header_font_size=\u00a0\u00bb31px\u00a0\u00bb body_font_size=\u00a0\u00bb22px\u00a0\u00bb border_width_all=\u00a0\u00bb15px\u00a0\u00bb border_color_all=\u00a0\u00bb#FFFFFF\u00a0\u00bb border_width_all_image=\u00a0\u00bb5px\u00a0\u00bb border_color_all_image=\u00a0\u00bb#d2d0bb\u00a0\u00bb global_colors_info=\u00a0\u00bb{}\u00a0\u00bb]<p><span style=\"font-size: large;\">Phoniatrie, phonochirurgie, d\u00e9glutition, vertiges.<\/span><\/p>[\/et_pb_team_member][et_pb_text _builder_version=\u00a0\u00bb4.24.2&Prime; _module_preset=\u00a0\u00bbdefault\u00a0\u00bb global_colors_info=\u00a0\u00bb{}\u00a0\u00bb]<p><span style=\"font-size: large;\">\u00a0<\/span><\/p>\n<p>&nbsp;<\/p>[\/et_pb_text][et_pb_heading _builder_version=\u00a0\u00bb4.24.2&Prime; _module_preset=\u00a0\u00bbdefault\u00a0\u00bb global_colors_info=\u00a0\u00bb{}\u00a0\u00bb][\/et_pb_heading][\/et_pb_column][et_pb_column type=\u00a0\u00bb3_5&Prime; _builder_version=\u00a0\u00bb4.16&Prime; custom_padding=\u00a0\u00bb|||\u00a0\u00bb global_colors_info=\u00a0\u00bb{}\u00a0\u00bb custom_padding__hover=\u00a0\u00bb|||\u00a0\u00bb][et_pb_text _builder_version=\u00a0\u00bb4.24.2&Prime; text_font=\u00a0\u00bbAbel||||||||\u00a0\u00bb header_font=\u00a0\u00bb||||||||\u00a0\u00bb header_font_size=\u00a0\u00bb31px\u00a0\u00bb background_size=\u00a0\u00bbinitial\u00a0\u00bb background_position=\u00a0\u00bbtop_left\u00a0\u00bb background_repeat=\u00a0\u00bbrepeat\u00a0\u00bb hover_enabled=\u00a0\u00bb0&Prime; global_colors_info=\u00a0\u00bb{}\u00a0\u00bb border_width_all=\u00a0\u00bb16px\u00a0\u00bb border_color_all=\u00a0\u00bbRGBA(255,255,255,0)\u00a0\u00bb sticky_enabled=\u00a0\u00bb0&Prime;]<p><\/p>\n<h2 class=\"wp-block-heading\">FORMATION ET TITRES<\/h2>\n<p> <\/p>\n<p>Praticien Hospitalier (P.H.)<\/p>\n<p> <\/p>\n<p>Docteur en M\u00e9decine (M.D.)<\/p>\n<p> <\/p>\n<p>Master 2 de Science<\/p>\n<p> <\/p>\n<p>D.E.S d\u2019Oto-Rhino-Laryngologie et de Chirurgie Cervico-Faciale<\/p>\n<p> <\/p>\n<p>Ancien Interne des H\u00f4pitaux<\/p>\n<p> <\/p>\n<p>Ancien Chef de Clinique-Assistant (C.C.A.)<\/p>\n<p> <\/p>\n<p>D.I.U. de D\u00e9glutition<\/p>\n<p> <\/p>\n<h2 class=\"wp-block-heading\">SOCIETES SAVANTES<\/h2>\n<p> <\/p>\n<p>Membre de la Soci\u00e9t\u00e9 Fran\u00e7aise d\u2019ORL de de Chirurgie Cervico-Faciale.<\/p>\n<p> <\/p>\n<h2 class=\"wp-block-heading\">DISCIPLINES<\/h2>\n<p> <\/p>\n<p>Oto-Rhino-Laryngologie et Chirurgie Cervico-Faciale<\/p>\n<p> <\/p>\n<p>Pathologie de la Voix et de la D\u00e9glutition<\/p>\n<p> <\/p>\n<h2 class=\"wp-block-heading\">HORAIRES DE CONSULTATION<\/h2>\n<p> <\/p>\n<p>Mardi de 9h \u00e0 12h30 et de 14h \u00e0 16h30<\/p>\n<p> <\/p>\n<p>Vendredi de 14h \u00e0 16h30<\/p>\n<p> <\/p>\n<h2 class=\"wp-block-heading\">COORDONNEES<\/h2>\n<p> <\/p>\n<p>Secr\u00e9tariat: 02.31.06.46.40<\/p>\n<p> <\/p>\n<p>Mail\u00a0: <a href=\"mailto:patron-v@chu-caen.fr\">plisson-l@chu-caen.fr<\/a><\/p>\n<p> <\/p>\n<h2 class=\"wp-block-heading\">PARUTIONS<\/h2>\n<p> <\/p>\n<p><a href=\"https:\/\/www.ncbi.nlm.nih.gov\/pubmed\/29926431\">French Therapeutic Education Programme Aimed at Improving the Quality of Life of Laryngectomised Patients and their Close Relations: the Three Stages (Observational and Interventional Randomised) of the Study \u00ab\u00a0PETAL\u00a0\u00bb.<\/a><\/p>\n<p> <\/p>\n<p>Heutte N, Abouzayd M, <strong>Plisson L<\/strong>, Trocm\u00e9 M, Seillier M, Christophe V, Guittet L, Grandazzi G, Babin E.<\/p>\n<p> <\/p>\n<p>J Cancer Educ. 2018 Jun 20.<\/p>\n<p> <\/p>\n<p><a href=\"https:\/\/www.ncbi.nlm.nih.gov\/pubmed\/25663191\">Transoral robotic surgery (TORS) with the Medrobotics Flex&#x2122; System: first surgical application on humans.<\/a><\/p>\n<p> <\/p>\n<p>Remacle M, M N Prasad V, Lawson G, <strong>Plisson L<\/strong>, Bachy V, Van der Vorst S.<\/p>\n<p> <\/p>\n<p>Eur Arch Otorhinolaryngol. 2015 Jun;272(6):1451-5.<\/p>\n<p> <\/p>\n<p><a href=\"https:\/\/www.ncbi.nlm.nih.gov\/pubmed\/24291153\">Quality of life tools in head and neck oncology.<\/a><\/p>\n<p> <\/p>\n<p>Heutte N, <strong>Plisson L<\/strong>, Lange M, Prevost V, Babin E.<\/p>\n<p> <\/p>\n<p>Eur Ann Otorhinolaryngol Head Neck Dis. 2014 Feb;131(1):33-47.<\/p>\n<p> <\/p>\n<p><a href=\"https:\/\/www.ncbi.nlm.nih.gov\/pubmed\/24683822\">Laryngeal paraganglioma mimicking a laryngeal haemangioma.<\/a><\/p>\n<p> <\/p>\n<p><strong>Plisson L<\/strong>, Patron V, Luna AB, Babin E, Hitier M.<\/p>\n<p> <\/p>\n<p>Rev Laryngol Otol Rhinol (Bord). 2013;134(2):109-12.<\/p>\n<p><\/p>\n<p>&nbsp;<\/p>\n<p><!-- \/divi:paragraph --><\/p>[\/et_pb_text][\/et_pb_column][\/et_pb_row][\/et_pb_section]","protected":false},"excerpt":{"rendered":"<p>Phoniatrie, phonochirurgie, d\u00e9glutition, vertiges.\u00a0 &nbsp; FORMATION ET TITRES Praticien Hospitalier (P.H.) Docteur en M\u00e9decine (M.D.) Master 2 de Science D.E.S d\u2019Oto-Rhino-Laryngologie et de Chirurgie Cervico-Faciale Ancien Interne des H\u00f4pitaux Ancien Chef de Clinique-Assistant (C.C.A.) D.I.U. de D\u00e9glutition SOCIETES SAVANTES Membre de la Soci\u00e9t\u00e9 Fran\u00e7aise d\u2019ORL de de Chirurgie Cervico-Faciale. DISCIPLINES Oto-Rhino-Laryngologie et Chirurgie Cervico-Faciale Pathologie [&hellip;]<\/p>\n","protected":false},"author":1,"featured_media":0,"parent":0,"menu_order":0,"comment_status":"closed","ping_status":"closed","template":"","meta":{"_et_pb_use_builder":"on","_et_pb_old_content":"<!-- wp:heading -->\n<h2 class=\"wp-block-heading\">FORMATION ET TITRES<\/h2>\n<!-- \/wp:heading -->\n\n<!-- wp:paragraph -->\n<p>Praticien Hospitalier (P.H.)<\/p>\n<!-- \/wp:paragraph -->\n\n<!-- wp:paragraph -->\n<p>Docteur en M\u00e9decine (M.D.)<\/p>\n<!-- \/wp:paragraph -->\n\n<!-- wp:paragraph -->\n<p>Master 2 de Science<\/p>\n<!-- \/wp:paragraph -->\n\n<!-- wp:paragraph -->\n<p>D.E.S d\u2019Oto-Rhino-Laryngologie et de Chirurgie Cervico-Faciale<\/p>\n<!-- \/wp:paragraph -->\n\n<!-- wp:paragraph -->\n<p>Ancien Interne des H\u00f4pitaux<\/p>\n<!-- \/wp:paragraph -->\n\n<!-- wp:paragraph -->\n<p>Ancien Chef de Clinique-Assistant (C.C.A.)<\/p>\n<!-- \/wp:paragraph -->\n\n<!-- wp:paragraph -->\n<p>D.I.U. de D\u00e9glutition<\/p>\n<!-- \/wp:paragraph -->\n\n<!-- wp:heading -->\n<h2 class=\"wp-block-heading\">SOCIETES SAVANTES<\/h2>\n<!-- \/wp:heading -->\n\n<!-- wp:paragraph -->\n<p>Membre de la Soci\u00e9t\u00e9 Fran\u00e7aise d\u2019ORL de de Chirurgie Cervico-Faciale.<\/p>\n<!-- \/wp:paragraph -->\n\n<!-- wp:heading -->\n<h2 class=\"wp-block-heading\">DISCIPLINES<\/h2>\n<!-- \/wp:heading -->\n\n<!-- wp:paragraph -->\n<p>Oto-Rhino-Laryngologie et Chirurgie Cervico-Faciale<\/p>\n<!-- \/wp:paragraph -->\n\n<!-- wp:paragraph -->\n<p>Pathologie de la Voix et de la D\u00e9glutition<\/p>\n<!-- \/wp:paragraph -->\n\n<!-- wp:heading -->\n<h2 class=\"wp-block-heading\">HORAIRES DE CONSULTATION<\/h2>\n<!-- \/wp:heading -->\n\n<!-- wp:paragraph -->\n<p>Mardi de 9h \u00e0 12h30 et de 14h \u00e0 16h30<\/p>\n<!-- \/wp:paragraph -->\n\n<!-- wp:paragraph -->\n<p>Vendredi de 14h \u00e0 16h30<\/p>\n<!-- \/wp:paragraph -->\n\n<!-- wp:heading -->\n<h2 class=\"wp-block-heading\">COORDONNEES<\/h2>\n<!-- \/wp:heading -->\n\n<!-- wp:paragraph -->\n<p>Secr\u00e9tariat: 02.31.06.46.40<\/p>\n<!-- \/wp:paragraph -->\n\n<!-- wp:paragraph -->\n<p>Mail&nbsp;: <a href=\"mailto:patron-v@chu-caen.fr\">plisson-l@chu-caen.fr<\/a><\/p>\n<!-- \/wp:paragraph -->\n\n<!-- wp:heading -->\n<h2 class=\"wp-block-heading\">PARUTIONS<\/h2>\n<!-- \/wp:heading -->\n\n<!-- wp:paragraph -->\n<p><a href=\"https:\/\/www.ncbi.nlm.nih.gov\/pubmed\/29926431\">French Therapeutic Education Programme Aimed at Improving the Quality of Life of Laryngectomised Patients and their Close Relations: the Three Stages (Observational and Interventional Randomised) of the Study \"PETAL\".<\/a><\/p>\n<!-- \/wp:paragraph -->\n\n<!-- wp:paragraph -->\n<p>Heutte N, Abouzayd M, <strong>Plisson L<\/strong>, Trocm\u00e9 M, Seillier M, Christophe V, Guittet L, Grandazzi G, Babin E.<\/p>\n<!-- \/wp:paragraph -->\n\n<!-- wp:paragraph -->\n<p>J Cancer Educ. 2018 Jun 20.<\/p>\n<!-- \/wp:paragraph -->\n\n<!-- wp:paragraph -->\n<p><a href=\"https:\/\/www.ncbi.nlm.nih.gov\/pubmed\/25663191\">Transoral robotic surgery (TORS) with the Medrobotics Flex&#x2122; System: first surgical application on humans.<\/a><\/p>\n<!-- \/wp:paragraph -->\n\n<!-- wp:paragraph -->\n<p>Remacle M, M N Prasad V, Lawson G, <strong>Plisson L<\/strong>, Bachy V, Van der Vorst S.<\/p>\n<!-- \/wp:paragraph -->\n\n<!-- wp:paragraph -->\n<p>Eur Arch Otorhinolaryngol. 2015 Jun;272(6):1451-5.<\/p>\n<!-- \/wp:paragraph -->\n\n<!-- wp:paragraph -->\n<p><a href=\"https:\/\/www.ncbi.nlm.nih.gov\/pubmed\/24291153\">Quality of life tools in head and neck oncology.<\/a><\/p>\n<!-- \/wp:paragraph -->\n\n<!-- wp:paragraph -->\n<p>Heutte N, <strong>Plisson L<\/strong>, Lange M, Prevost V, Babin E.<\/p>\n<!-- \/wp:paragraph -->\n\n<!-- wp:paragraph -->\n<p>Eur Ann Otorhinolaryngol Head Neck Dis. 2014 Feb;131(1):33-47.<\/p>\n<!-- \/wp:paragraph -->\n\n<!-- wp:paragraph -->\n<p><a href=\"https:\/\/www.ncbi.nlm.nih.gov\/pubmed\/24683822\">Laryngeal paraganglioma mimicking a laryngeal haemangioma.<\/a><\/p>\n<!-- \/wp:paragraph -->\n\n<!-- wp:paragraph -->\n<p><strong>Plisson L<\/strong>, Patron V, Luna AB, Babin E, Hitier M.<\/p>\n<!-- \/wp:paragraph -->\n\n<!-- wp:paragraph -->\n<p>Rev Laryngol Otol Rhinol (Bord). 2013;134(2):109-12.<\/p>\n<!-- \/wp:paragraph -->","_et_gb_content_width":"","ngg_post_thumbnail":0,"footnotes":""},"aioseo_notices":[],"_links":{"self":[{"href":"https:\/\/orl-chu-caen.fr\/index.php?rest_route=\/wp\/v2\/pages\/4586"}],"collection":[{"href":"https:\/\/orl-chu-caen.fr\/index.php?rest_route=\/wp\/v2\/pages"}],"about":[{"href":"https:\/\/orl-chu-caen.fr\/index.php?rest_route=\/wp\/v2\/types\/page"}],"author":[{"embeddable":true,"href":"https:\/\/orl-chu-caen.fr\/index.php?rest_route=\/wp\/v2\/users\/1"}],"replies":[{"embeddable":true,"href":"https:\/\/orl-chu-caen.fr\/index.php?rest_route=%2Fwp%2Fv2%2Fcomments&post=4586"}],"version-history":[{"count":5,"href":"https:\/\/orl-chu-caen.fr\/index.php?rest_route=\/wp\/v2\/pages\/4586\/revisions"}],"predecessor-version":[{"id":6274,"href":"https:\/\/orl-chu-caen.fr\/index.php?rest_route=\/wp\/v2\/pages\/4586\/revisions\/6274"}],"wp:attachment":[{"href":"https:\/\/orl-chu-caen.fr\/index.php?rest_route=%2Fwp%2Fv2%2Fmedia&parent=4586"}],"curies":[{"name":"wp","href":"https:\/\/api.w.org\/{rel}","templated":true}]}}