{"id":4584,"date":"2024-07-27T18:13:26","date_gmt":"2024-07-27T16:13:26","guid":{"rendered":"https:\/\/orl-chu-caen.fr\/?page_id=4584"},"modified":"2024-08-23T21:35:26","modified_gmt":"2024-08-23T19:35:26","slug":"dr-marjorie-loaec","status":"publish","type":"page","link":"https:\/\/orl-chu-caen.fr\/?page_id=4584","title":{"rendered":"Dr. Marjorie LOAEC"},"content":{"rendered":"<p>[et_pb_section fb_built=\u00a0\u00bb1&Prime; _builder_version=\u00a0\u00bb4.16&Prime; global_colors_info=\u00a0\u00bb{}\u00a0\u00bb][et_pb_row column_structure=\u00a0\u00bb2_5,3_5&Prime; _builder_version=\u00a0\u00bb4.16&Prime; background_size=\u00a0\u00bbinitial\u00a0\u00bb background_position=\u00a0\u00bbtop_left\u00a0\u00bb background_repeat=\u00a0\u00bbrepeat\u00a0\u00bb global_colors_info=\u00a0\u00bb{}\u00a0\u00bb][et_pb_column type=\u00a0\u00bb2_5&Prime; _builder_version=\u00a0\u00bb4.16&Prime; custom_padding=\u00a0\u00bb|||\u00a0\u00bb global_colors_info=\u00a0\u00bb{}\u00a0\u00bb custom_padding__hover=\u00a0\u00bb|||\u00a0\u00bb][et_pb_team_member name=\u00a0\u00bbDr Marjorie LOAEC\u00a0\u00bb position=\u00a0\u00bbPraticien Hospitalier\u00a0\u00bb image_url=\u00a0\u00bbhttps:\/\/orl-chu-caen.fr\/wp-content\/uploads\/2024\/07\/loaec-1.jpg\u00a0\u00bb _builder_version=\u00a0\u00bb4.24.2&Prime; _module_preset=\u00a0\u00bbdefault\u00a0\u00bb border_width_all=\u00a0\u00bb15px\u00a0\u00bb border_color_all=\u00a0\u00bb#FFFFFF\u00a0\u00bb border_width_all_image=\u00a0\u00bb5px\u00a0\u00bb border_color_all_image=\u00a0\u00bb#d2d0bb\u00a0\u00bb global_colors_info=\u00a0\u00bb{}\u00a0\u00bb]<\/p>\n<p>Chirurgie carcinologique et thyro\u00efdienne, chirurgie dermatologique<\/p>\n<p>[\/et_pb_team_member][\/et_pb_column][et_pb_column type=\u00a0\u00bb3_5&Prime; _builder_version=\u00a0\u00bb4.16&Prime; custom_padding=\u00a0\u00bb|||\u00a0\u00bb global_colors_info=\u00a0\u00bb{}\u00a0\u00bb custom_padding__hover=\u00a0\u00bb|||\u00a0\u00bb][et_pb_text _builder_version=\u00a0\u00bb4.24.2&Prime; text_font=\u00a0\u00bbAbel||||||||\u00a0\u00bb background_size=\u00a0\u00bbinitial\u00a0\u00bb background_position=\u00a0\u00bbtop_left\u00a0\u00bb background_repeat=\u00a0\u00bbrepeat\u00a0\u00bb hover_enabled=\u00a0\u00bb0&Prime; global_colors_info=\u00a0\u00bb{}\u00a0\u00bb border_width_all=\u00a0\u00bb16px\u00a0\u00bb border_color_all=\u00a0\u00bbRGBA(255,255,255,0)\u00a0\u00bb sticky_enabled=\u00a0\u00bb0&Prime;]<\/p>\n<p><!-- divi:heading --><\/p>\n<h2 class=\"wp-block-heading\"><!-- divi:heading --><\/h2>\n<h2 class=\"wp-block-heading\">FORMATION ET TITRES<\/h2>\n<h2 class=\"wp-block-heading\"><!-- \/divi:heading --> <!-- divi:paragraph --><\/h2>\n<p>Praticien Hospitalier\u00a0 (P.H.)<\/p>\n<h2 class=\"wp-block-heading\"><!-- \/divi:paragraph --> <!-- divi:paragraph --><\/h2>\n<p>Docteur en M\u00e9decine (M.D.)<\/p>\n<h2 class=\"wp-block-heading\"><!-- \/divi:paragraph --> <!-- divi:paragraph --><\/h2>\n<p>D.E.S d\u2019Oto-Rhino-Laryngologie et de Chirurgie Cervico-Faciale<\/p>\n<h2 class=\"wp-block-heading\"><!-- \/divi:paragraph --> <!-- divi:paragraph --><\/h2>\n<p>Ancien Assistant-Chef de Clinique des H\u00f4pitaux<\/p>\n<h2 class=\"wp-block-heading\"><!-- \/divi:paragraph --> <!-- divi:paragraph --><\/h2>\n<p>Ancien Interne des H\u00f4pitaux<\/p>\n<h2 class=\"wp-block-heading\"><!-- \/divi:paragraph --> <!-- divi:paragraph --><\/h2>\n<p>D.U. de Microchirurgie<\/p>\n<p>&nbsp;<\/p>\n<h2 class=\"wp-block-heading\"><!-- \/divi:paragraph --> <!-- divi:heading --><\/h2>\n<h2 class=\"wp-block-heading\">SOCIETES SAVANTES<\/h2>\n<h2 class=\"wp-block-heading\"><!-- \/divi:heading --> <!-- divi:paragraph --><\/h2>\n<p>Membre de la Soci\u00e9t\u00e9 Fran\u00e7aise d\u2019ORL de de Chirurgie Cervico-Faciale.<\/p>\n<h2 class=\"wp-block-heading\"><!-- \/divi:paragraph --> <!-- divi:paragraph --><\/h2>\n<p>Membre de la Soci\u00e9t\u00e9 ORL de Basse-Normandie<\/p>\n<p>&nbsp;<\/p>\n<h2 class=\"wp-block-heading\"><!-- \/divi:paragraph --> <!-- divi:heading --><\/h2>\n<h2 class=\"wp-block-heading\">DISCIPLINES<\/h2>\n<h2 class=\"wp-block-heading\"><!-- \/divi:heading --> <!-- divi:paragraph --><\/h2>\n<p>Oto-Rhino-Laryngologie et Chirurgie Cervico-Faciale<\/p>\n<h2 class=\"wp-block-heading\"><!-- \/divi:paragraph --> <!-- divi:paragraph --><\/h2>\n<p>Chirurgie de la Thyro\u00efde et des Parathyro\u00efdes<\/p>\n<p>&nbsp;<\/p>\n<h2 class=\"wp-block-heading\"><!-- \/divi:paragraph --> <!-- divi:heading --><\/h2>\n<h2 class=\"wp-block-heading\">ACTIVITES COMPLEMENTAIRES<\/h2>\n<h2 class=\"wp-block-heading\"><!-- \/divi:heading --> <!-- divi:paragraph --><\/h2>\n<p>Praticien Hospitalier au CH de FALAISE<\/p>\n<p>&nbsp;<\/p>\n<h2 class=\"wp-block-heading\"><!-- \/divi:paragraph --> <!-- divi:heading --><\/h2>\n<h2 class=\"wp-block-heading\">HORAIRES DE CONSULTATION<\/h2>\n<h2 class=\"wp-block-heading\"><!-- \/divi:heading --> <!-- divi:paragraph --><\/h2>\n<p>Un mercredi\u00a0 et un jeudi sur 2 de 9h \u00e0 12h et de 14h \u00e0 16h30 (CHU de Caen)<br \/>Mardi et Vendredi de 9h \u00e0 12h30 et de 14h \u00e0 16h30 (CH de Falaise)<\/p>\n<p>&nbsp;<\/p>\n<h2 class=\"wp-block-heading\"><!-- \/divi:paragraph --> <!-- divi:heading --><\/h2>\n<h2 class=\"wp-block-heading\">COORDONNEES<\/h2>\n<h2 class=\"wp-block-heading\"><!-- \/divi:heading --> <!-- divi:paragraph --><\/h2>\n<p>RPPS: 10100285039<\/p>\n<h2 class=\"wp-block-heading\"><!-- \/divi:paragraph --> <!-- divi:paragraph --><\/h2>\n<p>Secr\u00e9tariat Service ORL\u00a0CHU de CAEN: 02.31.06.46.40<\/p>\n<h2 class=\"wp-block-heading\"><!-- \/divi:paragraph --> <!-- divi:paragraph --><\/h2>\n<p>Secr\u00e9tariat ORL du CH de FALAISE\u00a0: 02.31.40.40.18<\/p>\n<h2 class=\"wp-block-heading\"><!-- \/divi:paragraph --> <!-- divi:paragraph --><\/h2>\n<p>Mail\u00a0:<a href=\"mailto:loaec-m@chu-caen.fr\"> loaec-m@chu-caen.fr<\/a><\/p>\n<p>&nbsp;<\/p>\n<h2 class=\"wp-block-heading\"><!-- \/divi:paragraph --> <!-- divi:heading --><\/h2>\n<h2 class=\"wp-block-heading\">PARUTIONS<\/h2>\n<h2 class=\"wp-block-heading\"><!-- \/divi:heading --> <!-- divi:paragraph --><\/h2>\n<p>1: Loa\u00ebc M, Morini\u00e8re S, Hitier M, Ferrant O, Plauchu H, Babin E. Psychosocial<br \/>quality of life in hereditary haemorrhagic telangiectasia patients. Rhinology.<br \/>2011 Jun;49(2):164-7. doi: 10.4193\/Rhino10.090. PubMed PMID: 21743870.<\/p>\n<h2 class=\"wp-block-heading\"><!-- \/divi:paragraph --> <!-- divi:paragraph --><\/h2>\n<p>.<br \/>2: Robard L, Blanchard D, Babin E, Loaec M, Hitier M. [Esophageal foreign body:<br \/>dental plate]. Rev Laryngol Otol Rhinol (Bord). 2011;132(4-5):251-4. French.<br \/>PubMed PMID: 22908551.<\/p>\n<h2 class=\"wp-block-heading\"><!-- \/divi:paragraph --><\/h2>\n<p>&nbsp;<\/p>\n<p>&nbsp;<\/p>\n<p><!-- \/divi:paragraph --><\/p>\n<p>[\/et_pb_text][\/et_pb_column][\/et_pb_row][\/et_pb_section]<\/p>\n","protected":false},"excerpt":{"rendered":"<p>Chirurgie carcinologique et thyro\u00efdienne, chirurgie dermatologique FORMATION ET TITRES Praticien Hospitalier\u00a0 (P.H.) Docteur en M\u00e9decine (M.D.) D.E.S d\u2019Oto-Rhino-Laryngologie et de Chirurgie Cervico-Faciale Ancien Assistant-Chef de Clinique des H\u00f4pitaux Ancien Interne des H\u00f4pitaux D.U. de Microchirurgie &nbsp; SOCIETES SAVANTES Membre de la Soci\u00e9t\u00e9 Fran\u00e7aise d\u2019ORL de de Chirurgie Cervico-Faciale. Membre de la Soci\u00e9t\u00e9 ORL de Basse-Normandie [&hellip;]<\/p>\n","protected":false},"author":1,"featured_media":0,"parent":0,"menu_order":0,"comment_status":"closed","ping_status":"closed","template":"","meta":{"_et_pb_use_builder":"on","_et_pb_old_content":"<!-- wp:heading -->\n<h2 class=\"wp-block-heading\">FORMATION ET TITRES<\/h2>\n<!-- \/wp:heading -->\n\n<!-- wp:paragraph -->\n<p>Praticien Hospitalier&nbsp; (P.H.)<\/p>\n<!-- \/wp:paragraph -->\n\n<!-- wp:paragraph -->\n<p>Docteur en M\u00e9decine (M.D.)<\/p>\n<!-- \/wp:paragraph -->\n\n<!-- wp:paragraph -->\n<p>D.E.S d\u2019Oto-Rhino-Laryngologie et de Chirurgie Cervico-Faciale<\/p>\n<!-- \/wp:paragraph -->\n\n<!-- wp:paragraph -->\n<p>Ancien Assistant-Chef de Clinique des H\u00f4pitaux<\/p>\n<!-- \/wp:paragraph -->\n\n<!-- wp:paragraph -->\n<p>Ancien Interne des H\u00f4pitaux<\/p>\n<!-- \/wp:paragraph -->\n\n<!-- wp:paragraph -->\n<p>D.U. de Microchirurgie<\/p>\n<!-- \/wp:paragraph -->\n\n<!-- wp:heading -->\n<h2 class=\"wp-block-heading\">SOCIETES SAVANTES<\/h2>\n<!-- \/wp:heading -->\n\n<!-- wp:paragraph -->\n<p>Membre de la Soci\u00e9t\u00e9 Fran\u00e7aise d\u2019ORL de de Chirurgie Cervico-Faciale.<\/p>\n<!-- \/wp:paragraph -->\n\n<!-- wp:paragraph -->\n<p>Membre de la Soci\u00e9t\u00e9 ORL de Basse-Normandie<\/p>\n<!-- \/wp:paragraph -->\n\n<!-- wp:heading -->\n<h2 class=\"wp-block-heading\">DISCIPLINES<\/h2>\n<!-- \/wp:heading -->\n\n<!-- wp:paragraph -->\n<p>Oto-Rhino-Laryngologie et Chirurgie Cervico-Faciale<\/p>\n<!-- \/wp:paragraph -->\n\n<!-- wp:paragraph -->\n<p>Chirurgie de la Thyro\u00efde et des Parathyro\u00efdes<\/p>\n<!-- \/wp:paragraph -->\n\n<!-- wp:heading -->\n<h2 class=\"wp-block-heading\">ACTIVITES COMPLEMENTAIRES<\/h2>\n<!-- \/wp:heading -->\n\n<!-- wp:paragraph -->\n<p>Praticien Hospitalier au CH de FALAISE<\/p>\n<!-- \/wp:paragraph -->\n\n<!-- wp:heading -->\n<h2 class=\"wp-block-heading\">HORAIRES DE CONSULTATION<\/h2>\n<!-- \/wp:heading -->\n\n<!-- wp:paragraph -->\n<p>Un mercredi&nbsp; et un jeudi sur 2 de 9h \u00e0 12h et de 14h \u00e0 16h30 (CHU de Caen)<br>Mardi et Vendredi de 9h \u00e0 12h30 et de 14h \u00e0 16h30 (CH de Falaise)<\/p>\n<!-- \/wp:paragraph -->\n\n<!-- wp:heading -->\n<h2 class=\"wp-block-heading\">COORDONNEES<\/h2>\n<!-- \/wp:heading -->\n\n<!-- wp:paragraph -->\n<p>RPPS: 10100285039<\/p>\n<!-- \/wp:paragraph -->\n\n<!-- wp:paragraph -->\n<p>Secr\u00e9tariat Service ORL&nbsp;CHU de CAEN: 02.31.06.46.40<\/p>\n<!-- \/wp:paragraph -->\n\n<!-- wp:paragraph -->\n<p>Secr\u00e9tariat ORL du CH de FALAISE&nbsp;: 02.31.40.40.18<\/p>\n<!-- \/wp:paragraph -->\n\n<!-- wp:paragraph -->\n<p>Mail&nbsp;:<a href=\"mailto:loaec-m@chu-caen.fr\"> loaec-m@chu-caen.fr<\/a><\/p>\n<!-- \/wp:paragraph -->\n\n<!-- wp:heading -->\n<h2 class=\"wp-block-heading\">PARUTIONS<\/h2>\n<!-- \/wp:heading -->\n\n<!-- wp:paragraph -->\n<p>1: Loa\u00ebc M, Morini\u00e8re S, Hitier M, Ferrant O, Plauchu H, Babin E. Psychosocial<br>quality of life in hereditary haemorrhagic telangiectasia patients. Rhinology.<br>2011 Jun;49(2):164-7. doi: 10.4193\/Rhino10.090. PubMed PMID: 21743870.<\/p>\n<!-- \/wp:paragraph -->\n\n<!-- wp:paragraph -->\n<p>.<br>2: Robard L, Blanchard D, Babin E, Loaec M, Hitier M. [Esophageal foreign body:<br>dental plate]. Rev Laryngol Otol Rhinol (Bord). 2011;132(4-5):251-4. French.<br>PubMed PMID: 22908551.<\/p>\n<!-- \/wp:paragraph -->","_et_gb_content_width":"","ngg_post_thumbnail":0,"footnotes":""},"aioseo_notices":[],"_links":{"self":[{"href":"https:\/\/orl-chu-caen.fr\/index.php?rest_route=\/wp\/v2\/pages\/4584"}],"collection":[{"href":"https:\/\/orl-chu-caen.fr\/index.php?rest_route=\/wp\/v2\/pages"}],"about":[{"href":"https:\/\/orl-chu-caen.fr\/index.php?rest_route=\/wp\/v2\/types\/page"}],"author":[{"embeddable":true,"href":"https:\/\/orl-chu-caen.fr\/index.php?rest_route=\/wp\/v2\/users\/1"}],"replies":[{"embeddable":true,"href":"https:\/\/orl-chu-caen.fr\/index.php?rest_route=%2Fwp%2Fv2%2Fcomments&post=4584"}],"version-history":[{"count":7,"href":"https:\/\/orl-chu-caen.fr\/index.php?rest_route=\/wp\/v2\/pages\/4584\/revisions"}],"predecessor-version":[{"id":6271,"href":"https:\/\/orl-chu-caen.fr\/index.php?rest_route=\/wp\/v2\/pages\/4584\/revisions\/6271"}],"wp:attachment":[{"href":"https:\/\/orl-chu-caen.fr\/index.php?rest_route=%2Fwp%2Fv2%2Fmedia&parent=4584"}],"curies":[{"name":"wp","href":"https:\/\/api.w.org\/{rel}","templated":true}]}}