{"id":449,"date":"2014-08-02T16:22:59","date_gmt":"2014-08-02T14:22:59","guid":{"rendered":"http:\/\/orl-chu-caen.fr\/?page_id=449"},"modified":"2020-04-28T13:16:20","modified_gmt":"2020-04-28T11:16:20","slug":"le-soins","status":"publish","type":"page","link":"https:\/\/orl-chu-caen.fr\/?page_id=449","title":{"rendered":"PATHOLOGIES PRISES EN CHARGES"},"content":{"rendered":"<h4>Le service d&rsquo;ORL et de Chirurgie Cervico-Faciale du CHU de Caen prend en charges les pathologies suivantes dans des fili\u00e8res pilot\u00e9es par un m\u00e9decin sp\u00e9cialiste r\u00e9f\u00e9rent:<\/h4>\n<h3>&nbsp;<\/h3>\n<div class=\"node-desc\">\n<ul>\n<li>Pathologies de la sph\u00e8re ORL<\/li>\n<li><a href=\"https:\/\/orl-chu-caen.fr\/?page_id=2199\">Vertiges et troubles de l&rsquo;\u00e9quilibre li\u00e9s \u00e0 une pathologie de l&rsquo;oreille interne (maladie de Meni\u00e8re, vertiges paroxystiques b\u00e9nins, neurinome de l&rsquo;acoustique, acouph\u00e8ne&#8230;)<\/a><\/li>\n<li><a href=\"https:\/\/orl-chu-caen.fr\/?page_id=771\">Chirurgie Endoscopique et Microscopique de la Base du Cr\u00e2ne<\/a><\/li>\n<li><a href=\"https:\/\/orl-chu-caen.fr\/?page_id=2317\">Troubles de l&rsquo;audition<\/a><\/li>\n<li>Urgences m\u00e9dicales ou chirurgicales de la Face et du Cou<\/li>\n<li><a href=\"https:\/\/orl-chu-caen.fr\/?page_id=738\">Cancers des VADS, de la bouche et du larynx<\/a><\/li>\n<li><a href=\"https:\/\/orl-chu-caen.fr\/?page_id=738\">Pathologies des glandes salivaires<\/a><\/li>\n<li><a href=\"https:\/\/orl-chu-caen.fr\/?page_id=3018\">Pathologies des glandes thyro\u00efde et para-thyro\u00efdes<\/a><\/li>\n<li><a href=\"https:\/\/orl-chu-caen.fr\/?page_id=775\">Cancers cutan\u00e9s de la Face et du Cou<\/a><\/li>\n<li><a href=\"https:\/\/orl-chu-caen.fr\/?page_id=773\">Pathologies m\u00e9dicales et chirurgicales du nez et des sinus<\/a><\/li>\n<li><a href=\"https:\/\/orl-chu-caen.fr\/?page_id=471\">Tumeurs du Cou<\/a><\/li>\n<li><a href=\"https:\/\/orl-chu-caen.fr\/?page_id=2930\">Chirurgie esth\u00e9tique de la Face et du Cou (Rhinoplasties, Otoplasties)<\/a><\/li>\n<li><a href=\"https:\/\/orl-chu-caen.fr\/?page_id=775\">Chirurgie r\u00e9paratrice de la Face et du Cou<\/a><\/li>\n<li><a href=\"https:\/\/orl-chu-caen.fr\/?page_id=2676\">Pathologies fonctionnelles de la voix<\/a><\/li>\n<li><a href=\"https:\/\/orl-chu-caen.fr\/?page_id=2676\">Troubles de la d\u00e9glutition<\/a><\/li>\n<\/ul>\n<p>[heading style=\u00a0\u00bb2&Prime; size=\u00a0\u00bbMedium\u00a0\u00bb align=\u00a0\u00bbleft\u00a0\u00bb]<a href=\"https:\/\/orl-chu-caen.fr\/?page_id=729\">LES POLES D&rsquo;EXPERTISE<\/a>[\/heading]<\/p>\n<p>[heading style=\u00a0\u00bb2&Prime; size=\u00a0\u00bbMedium\u00a0\u00bb align=\u00a0\u00bbleft\u00a0\u00bb]<a href=\"https:\/\/orl-chu-caen.fr\/?page_id=522\">DOCUMENTS D&rsquo;INFORMATION<\/a>[\/heading]<\/p>\n<\/div>\n","protected":false},"excerpt":{"rendered":"<p>Le service d&rsquo;ORL et de Chirurgie Cervico-Faciale du CHU de Caen prend en charges les pathologies suivantes dans des fili\u00e8res pilot\u00e9es par un m\u00e9decin sp\u00e9cialiste r\u00e9f\u00e9rent: &nbsp; Pathologies de la sph\u00e8re ORL Vertiges et troubles de l&rsquo;\u00e9quilibre li\u00e9s \u00e0 une pathologie de l&rsquo;oreille interne (maladie de Meni\u00e8re, vertiges paroxystiques b\u00e9nins, neurinome de l&rsquo;acoustique, acouph\u00e8ne&#8230;) Chirurgie [&hellip;]<\/p>\n","protected":false},"author":1,"featured_media":0,"parent":0,"menu_order":0,"comment_status":"closed","ping_status":"open","template":"Template-Right-Sidebar.php","meta":{"_et_pb_use_builder":"","_et_pb_old_content":"","_et_gb_content_width":"","ngg_post_thumbnail":0,"footnotes":""},"aioseo_notices":[],"_links":{"self":[{"href":"https:\/\/orl-chu-caen.fr\/index.php?rest_route=\/wp\/v2\/pages\/449"}],"collection":[{"href":"https:\/\/orl-chu-caen.fr\/index.php?rest_route=\/wp\/v2\/pages"}],"about":[{"href":"https:\/\/orl-chu-caen.fr\/index.php?rest_route=\/wp\/v2\/types\/page"}],"author":[{"embeddable":true,"href":"https:\/\/orl-chu-caen.fr\/index.php?rest_route=\/wp\/v2\/users\/1"}],"replies":[{"embeddable":true,"href":"https:\/\/orl-chu-caen.fr\/index.php?rest_route=%2Fwp%2Fv2%2Fcomments&post=449"}],"version-history":[{"count":37,"href":"https:\/\/orl-chu-caen.fr\/index.php?rest_route=\/wp\/v2\/pages\/449\/revisions"}],"predecessor-version":[{"id":454,"href":"https:\/\/orl-chu-caen.fr\/index.php?rest_route=\/wp\/v2\/pages\/449\/revisions\/454"}],"wp:attachment":[{"href":"https:\/\/orl-chu-caen.fr\/index.php?rest_route=%2Fwp%2Fv2%2Fmedia&parent=449"}],"curies":[{"name":"wp","href":"https:\/\/api.w.org\/{rel}","templated":true}]}}