{"id":44,"date":"2014-07-20T15:29:43","date_gmt":"2014-07-20T15:29:43","guid":{"rendered":"http:\/\/orl-chu-caen.fr\/?page_id=44"},"modified":"2024-08-17T16:38:03","modified_gmt":"2024-08-17T14:38:03","slug":"la-consultation","status":"publish","type":"page","link":"https:\/\/orl-chu-caen.fr\/?page_id=44","title":{"rendered":"CONSULTATION"},"content":{"rendered":"<p>[et_pb_section fb_built=\u00a0\u00bb1&Prime; fullwidth=\u00a0\u00bbon\u00a0\u00bb _builder_version=\u00a0\u00bb4.24.2&Prime; _module_preset=\u00a0\u00bbdefault\u00a0\u00bb global_colors_info=\u00a0\u00bb{}\u00a0\u00bb][et_pb_fullwidth_header title=\u00a0\u00bbLA CONSULTATION ORL\u00a0\u00bb _builder_version=\u00a0\u00bb4.24.2&Prime; _module_preset=\u00a0\u00bbdefault\u00a0\u00bb title_font=\u00a0\u00bbAbel||||||||\u00a0\u00bb title_text_align=\u00a0\u00bbcenter\u00a0\u00bb title_font_size=\u00a0\u00bb66px\u00a0\u00bb title_line_height=\u00a0\u00bb1.3em\u00a0\u00bb background_color=\u00a0\u00bb#17547a\u00a0\u00bb min_height=\u00a0\u00bb256px\u00a0\u00bb custom_margin=\u00a0\u00bb||||false|false\u00a0\u00bb global_colors_info=\u00a0\u00bb{}\u00a0\u00bb][\/et_pb_fullwidth_header][\/et_pb_section][et_pb_section fb_built=\u00a0\u00bb1&Prime; fullwidth=\u00a0\u00bbon\u00a0\u00bb _builder_version=\u00a0\u00bb4.24.2&Prime; _module_preset=\u00a0\u00bbdefault\u00a0\u00bb global_colors_info=\u00a0\u00bb{}\u00a0\u00bb][et_pb_fullwidth_image src=\u00a0\u00bbhttps:\/\/orl-chu-caen.fr\/wp-content\/uploads\/2024\/07\/CS.png\u00a0\u00bb title_text=\u00a0\u00bbCS\u00a0\u00bb _builder_version=\u00a0\u00bb4.24.2&Prime; _module_preset=\u00a0\u00bbdefault\u00a0\u00bb min_height=\u00a0\u00bb560.1px\u00a0\u00bb global_colors_info=\u00a0\u00bb{}\u00a0\u00bb][\/et_pb_fullwidth_image][\/et_pb_section][et_pb_section fb_built=\u00a0\u00bb1&Prime; admin_label=\u00a0\u00bbsection\u00a0\u00bb _builder_version=\u00a0\u00bb4.16&Prime; global_colors_info=\u00a0\u00bb{}\u00a0\u00bb][et_pb_row _builder_version=\u00a0\u00bb4.24.2&Prime; _module_preset=\u00a0\u00bbdefault\u00a0\u00bb global_colors_info=\u00a0\u00bb{}\u00a0\u00bb][et_pb_column type=\u00a0\u00bb4_4&Prime; _builder_version=\u00a0\u00bb4.24.2&Prime; _module_preset=\u00a0\u00bbdefault\u00a0\u00bb global_colors_info=\u00a0\u00bb{}\u00a0\u00bb][et_pb_text _builder_version=\u00a0\u00bb4.24.2&Prime; _module_preset=\u00a0\u00bbdefault\u00a0\u00bb global_colors_info=\u00a0\u00bb{}\u00a0\u00bb]<\/p>\n<p><span style=\"font-size: large;\">Les consultations ont lieux dans deux localisations au sein de la Tour C\u00f4te de Nacre:<\/span><\/p>\n<p>[\/et_pb_text][\/et_pb_column][\/et_pb_row][et_pb_row column_structure=\u00a0\u00bb3_5,2_5&Prime; admin_label=\u00a0\u00bbrow\u00a0\u00bb _builder_version=\u00a0\u00bb4.24.2&Prime; background_size=\u00a0\u00bbinitial\u00a0\u00bb background_position=\u00a0\u00bbtop_left\u00a0\u00bb background_repeat=\u00a0\u00bbrepeat\u00a0\u00bb box_shadow_style=\u00a0\u00bbpreset1&Prime; global_colors_info=\u00a0\u00bb{}\u00a0\u00bb][et_pb_column type=\u00a0\u00bb3_5&Prime; _builder_version=\u00a0\u00bb4.16&Prime; custom_padding=\u00a0\u00bb|||\u00a0\u00bb global_colors_info=\u00a0\u00bb{}\u00a0\u00bb custom_padding__hover=\u00a0\u00bb|||\u00a0\u00bb][et_pb_text admin_label=\u00a0\u00bbText\u00a0\u00bb _builder_version=\u00a0\u00bb4.24.2&Prime; background_size=\u00a0\u00bbinitial\u00a0\u00bb background_position=\u00a0\u00bbtop_left\u00a0\u00bb background_repeat=\u00a0\u00bbrepeat\u00a0\u00bb border_width_all=\u00a0\u00bb5px\u00a0\u00bb border_color_all=\u00a0\u00bbRGBA(255,255,255,0)\u00a0\u00bb global_colors_info=\u00a0\u00bb{}\u00a0\u00bb]<\/p>\n<p><strong><span style=\"font-size: large;\"><\/span><span style=\"font-size: large;\">L\u2019unit\u00e9 de consultations externes (Unit\u00e9 14-40) qui se situe au 14\u00e8me \u00e9tage de la Tour.<\/span><\/strong><\/p>\n<p style=\"text-align: justify;\"><span style=\"color: #ffffff; font-size: large;\">.<\/span><\/p>\n<p style=\"text-align: justify;\"><span style=\"font-size: large;\">Elle prend en charge les consultations des patients ainsi que les explorations fonctionnelles ORL (audition, vertiges, exploration de la voix et de la d\u00e9glutition).<\/span><\/p>\n<p style=\"text-align: justify;\"><span style=\"color: #ffffff; font-size: large;\">.<\/span><\/p>\n<p style=\"text-align: justify;\"><span style=\"font-size: large;\">Avant de vous pr\u00e9senter en consultation au 14\u00e8me \u00e9tage, vous devez vous pr\u00e9senter au <strong>bureau des Entr\u00e9es\/Sorties<\/strong> situ\u00e9 au 1er \u00e9tage de la Tour.<\/span><\/p>\n<p style=\"text-align: justify;\"><span style=\"font-size: large;\"><\/span><\/p>\n<p style=\"text-align: justify;\"><span style=\"font-size: large;\">Liste des m\u00e9decins consultants:<\/span><\/p>\n<p style=\"text-align: justify;\"><span style=\"font-size: large;\"><\/span><\/p>\n<p style=\"text-align: justify;\"><a href=\"https:\/\/orl-chu-caen.fr\/?page_id=4592\"><span style=\"font-size: large;\">Pr Emmanuel BABIN<\/span><\/a><\/p>\n<p style=\"text-align: justify;\"><a href=\"https:\/\/orl-chu-caen.fr\/?page_id=4578\"><span style=\"font-size: large;\">Pr Martin HITIER<\/span><\/a><\/p>\n<p style=\"text-align: justify;\"><span style=\"font-size: large;\"><a href=\"https:\/\/orl-chu-caen.fr\/?page_id=4582\">Pr Sylvain MOREAU<\/a><br \/><\/span><\/p>\n<p style=\"text-align: justify;\"><span style=\"font-size: large;\"><a href=\"https:\/\/orl-chu-caen.fr\/?page_id=4614\">Dr Vianney BASTIT<\/a><br \/><\/span><\/p>\n<p style=\"text-align: justify;\"><span style=\"font-size: large;\"><a href=\"https:\/\/orl-chu-caen.fr\/?page_id=4590\">Dr J\u00e9rome BOIS<\/a><br \/><\/span><\/p>\n<p style=\"text-align: justify;\"><span style=\"font-size: large;\"><a href=\"https:\/\/orl-chu-caen.fr\/?page_id=4588\">Dr Maxime HUMBERT<\/a><br \/><\/span><\/p>\n<p style=\"text-align: justify;\"><a href=\"https:\/\/orl-chu-caen.fr\/?page_id=4584\"><span style=\"font-size: large;\">Dr Marjorie LOAEC<\/span><\/a><\/p>\n<p style=\"text-align: justify;\"><a href=\"https:\/\/orl-chu-caen.fr\/?page_id=4596\"><span style=\"font-size: large;\">Dr Emmanuel MICAULT<\/span><\/a><\/p>\n<p style=\"text-align: justify;\"><span style=\"font-size: large;\">Dr Carole PAQUOT-LEBRUN<\/span><\/p>\n<p style=\"text-align: justify;\"><a href=\"https:\/\/orl-chu-caen.fr\/?page_id=4580\"><span style=\"font-size: large;\">Dr Vincent PATRON<\/span><\/a><\/p>\n<p style=\"text-align: justify;\"><span style=\"font-size: large;\">Dr Mich\u00e8le PERHIRIN<\/span><\/p>\n<p style=\"text-align: justify;\"><a href=\"https:\/\/orl-chu-caen.fr\/?page_id=5083\"><span style=\"font-size: large;\">Dr Marion PERREARD<\/span><\/a><\/p>\n<p style=\"text-align: justify;\"><a href=\"https:\/\/orl-chu-caen.fr\/?page_id=4586\"><span style=\"font-size: large;\">Dr Laetitia PLISSON<\/span><\/a><\/p>\n<p style=\"text-align: justify;\"><a href=\"https:\/\/orl-chu-caen.fr\/?page_id=4604\"><span style=\"font-size: large;\">Dr Agn\u00e8s OLIVIERO<\/span><\/a><\/p>\n<p style=\"text-align: justify;\"><span style=\"font-size: large;\"><\/span><\/p>\n<p style=\"text-align: justify;\"><span style=\"font-size: large;\"><\/span><\/p>\n<p style=\"text-align: justify;\"><span style=\"font-size: large;\"><\/span><\/p>\n<p style=\"text-align: justify;\"><span style=\"font-size: large;\"><\/span><\/p>\n<p style=\"text-align: justify;\"><span style=\"font-size: large;\"><\/span><\/p>\n<p style=\"text-align: justify;\"><span style=\"font-size: large;\"><\/span><\/p>\n<p style=\"text-align: justify;\"><span style=\"font-size: large;\"><\/span><\/p>\n<p style=\"text-align: justify;\"><strong><span style=\"font-size: large;\">\u00a0<\/span><\/strong><\/p>\n<p style=\"text-align: justify;\"><span style=\"color: #ffffff;\">\u00a0<\/span><\/p>\n<p>[\/et_pb_text][\/et_pb_column][et_pb_column type=\u00a0\u00bb2_5&Prime; _builder_version=\u00a0\u00bb4.16&Prime; custom_padding=\u00a0\u00bb|||\u00a0\u00bb global_colors_info=\u00a0\u00bb{}\u00a0\u00bb custom_padding__hover=\u00a0\u00bb|||\u00a0\u00bb][et_pb_image src=\u00a0\u00bbhttps:\/\/orl-chu-caen.fr\/wp-content\/uploads\/2024\/08\/FEH.jpg\u00a0\u00bb title_text=\u00a0\u00bbFEH\u00a0\u00bb _builder_version=\u00a0\u00bb4.24.2&Prime; _module_preset=\u00a0\u00bbdefault\u00a0\u00bb width=\u00a0\u00bb96%\u00a0\u00bb custom_margin=\u00a0\u00bb||-122px|||\u00a0\u00bb border_width_all=\u00a0\u00bb9px\u00a0\u00bb border_color_all=\u00a0\u00bbRGBA(255,255,255,0)\u00a0\u00bb global_colors_info=\u00a0\u00bb{}\u00a0\u00bb][\/et_pb_image][et_pb_image src=\u00a0\u00bbhttps:\/\/orl-chu-caen.fr\/wp-content\/uploads\/2024\/04\/IMG_0764-scaled.jpg\u00a0\u00bb title_text=\u00a0\u00bbIMG_0764&Prime; _builder_version=\u00a0\u00bb4.24.2&Prime; _module_preset=\u00a0\u00bbdefault\u00a0\u00bb custom_padding=\u00a0\u00bb133px|||||\u00a0\u00bb border_width_all=\u00a0\u00bb9px\u00a0\u00bb border_color_all=\u00a0\u00bbRGBA(255,255,255,0)\u00a0\u00bb border_width_right=\u00a0\u00bb32px\u00a0\u00bb global_colors_info=\u00a0\u00bb{}\u00a0\u00bb][\/et_pb_image][\/et_pb_column][\/et_pb_row][et_pb_row _builder_version=\u00a0\u00bb4.24.2&Prime; _module_preset=\u00a0\u00bbdefault\u00a0\u00bb global_colors_info=\u00a0\u00bb{}\u00a0\u00bb][et_pb_column type=\u00a0\u00bb4_4&Prime; _builder_version=\u00a0\u00bb4.24.2&Prime; _module_preset=\u00a0\u00bbdefault\u00a0\u00bb global_colors_info=\u00a0\u00bb{}\u00a0\u00bb][\/et_pb_column][\/et_pb_row][et_pb_row column_structure=\u00a0\u00bb2_3,1_3&Prime; _builder_version=\u00a0\u00bb4.24.2&Prime; _module_preset=\u00a0\u00bbdefault\u00a0\u00bb box_shadow_style=\u00a0\u00bbpreset1&Prime; global_colors_info=\u00a0\u00bb{}\u00a0\u00bb][et_pb_column type=\u00a0\u00bb2_3&Prime; _builder_version=\u00a0\u00bb4.24.2&Prime; _module_preset=\u00a0\u00bbdefault\u00a0\u00bb global_colors_info=\u00a0\u00bb{}\u00a0\u00bb][et_pb_text _builder_version=\u00a0\u00bb4.24.2&Prime; _module_preset=\u00a0\u00bbdefault\u00a0\u00bb custom_margin=\u00a0\u00bb||-42px|||\u00a0\u00bb border_width_all=\u00a0\u00bb10px\u00a0\u00bb border_color_all=\u00a0\u00bbRGBA(255,255,255,0)\u00a0\u00bb global_colors_info=\u00a0\u00bb{}\u00a0\u00bb]<\/p>\n<p><strong><span style=\"font-size: large;\">\u00a0Les consultations d&rsquo;Oncologie Cervico-Faciale (Plateau C\u00f4te de Nacre) qui se situent au Rez de Chauss\u00e9e de la Tour (entr\u00e9e C\u00f4te de Nacre).<\/span><\/strong><\/p>\n<p><strong><span style=\"font-size: large;\"><\/span><\/strong><\/p>\n<p><strong><span style=\"font-size: large;\"><\/span><\/strong><\/p>\n<p><span style=\"font-size: large;\">Elle prend en charge les patients pr\u00e9sentant une pathologie cervicale, de la voix et de la d\u00e9glutition.<\/span><\/p>\n<p><span style=\"font-size: large;\"><\/span><\/p>\n<p><span style=\"font-size: large;\">Liste des m\u00e9decins consultant au Plateau C\u00f4te de N\u00e2cre:<br \/><\/span><\/p>\n<p><span style=\"font-size: large;\"><\/span><\/p>\n<p><span style=\"font-size: large;\"><\/span><\/p>\n<p><a href=\"https:\/\/orl-chu-caen.fr\/?page_id=4592\"><span style=\"font-size: large;\">Pr Emmanuel BABIN<\/span><\/a><\/p>\n<p><a href=\"https:\/\/orl-chu-caen.fr\/?page_id=4614\"><span style=\"font-size: large;\">Dr Vianney BASTIT<\/span><\/a><\/p>\n<p><span style=\"font-size: large;\"><\/span><\/p>\n<p>[\/et_pb_text][\/et_pb_column][et_pb_column type=\u00a0\u00bb1_3&Prime; _builder_version=\u00a0\u00bb4.24.2&Prime; _module_preset=\u00a0\u00bbdefault\u00a0\u00bb global_colors_info=\u00a0\u00bb{}\u00a0\u00bb][et_pb_image src=\u00a0\u00bbhttps:\/\/orl-chu-caen.fr\/wp-content\/uploads\/2024\/08\/hall-accueil-chu-caen2-960&#215;640-1.jpg\u00a0\u00bb title_text=\u00a0\u00bbhall-accueil-chu-caen2-960&#215;640&Prime; admin_label=\u00a0\u00bb\u00a9Maxence Gorr\u00e9gu\u00e8s \/ Libert\u00e9 Caen)\u00a0\u00bb _builder_version=\u00a0\u00bb4.24.2&Prime; _module_preset=\u00a0\u00bbdefault\u00a0\u00bb border_width_all=\u00a0\u00bb11px\u00a0\u00bb border_color_all=\u00a0\u00bbRGBA(255,255,255,0)\u00a0\u00bb global_colors_info=\u00a0\u00bb{}\u00a0\u00bb][\/et_pb_image][et_pb_text _builder_version=\u00a0\u00bb4.24.2&Prime; _module_preset=\u00a0\u00bbdefault\u00a0\u00bb global_colors_info=\u00a0\u00bb{}\u00a0\u00bb]<\/p>\n<p><span class=\"copyright\">\u00a9Maxence Gorr\u00e9gu\u00e8s \/ Libert\u00e9 Caen)<\/span><\/p>\n<p>[\/et_pb_text][et_pb_image src=\u00a0\u00bbhttps:\/\/orl-chu-caen.fr\/wp-content\/uploads\/2024\/08\/accueil-hall-chu-caen1-960&#215;640-1.jpg\u00a0\u00bb title_text=\u00a0\u00bbaccueil-hall-chu-caen1-960&#215;640&Prime; _builder_version=\u00a0\u00bb4.24.2&Prime; _module_preset=\u00a0\u00bbdefault\u00a0\u00bb border_width_all=\u00a0\u00bb14px\u00a0\u00bb border_color_all=\u00a0\u00bbRGBA(255,255,255,0)\u00a0\u00bb global_colors_info=\u00a0\u00bb{}\u00a0\u00bb][\/et_pb_image][\/et_pb_column][\/et_pb_row][\/et_pb_section][et_pb_section fb_built=\u00a0\u00bb1&Prime; _builder_version=\u00a0\u00bb4.24.2&Prime; _module_preset=\u00a0\u00bbdefault\u00a0\u00bb global_colors_info=\u00a0\u00bb{}\u00a0\u00bb][et_pb_row _builder_version=\u00a0\u00bb4.24.2&Prime; _module_preset=\u00a0\u00bbdefault\u00a0\u00bb global_colors_info=\u00a0\u00bb{}\u00a0\u00bb][et_pb_column type=\u00a0\u00bb4_4&Prime; _builder_version=\u00a0\u00bb4.24.2&Prime; _module_preset=\u00a0\u00bbdefault\u00a0\u00bb global_colors_info=\u00a0\u00bb{}\u00a0\u00bb][\/et_pb_column][\/et_pb_row][\/et_pb_section]<\/p>\n","protected":false},"excerpt":{"rendered":"<p>Les consultations ont lieux dans deux localisations au sein de la Tour C\u00f4te de Nacre:L\u2019unit\u00e9 de consultations externes (Unit\u00e9 14-40) qui se situe au 14\u00e8me \u00e9tage de la Tour. . Elle prend en charge les consultations des patients ainsi que les explorations fonctionnelles ORL (audition, vertiges, exploration de la voix et de la d\u00e9glutition). . [&hellip;]<\/p>\n","protected":false},"author":1,"featured_media":0,"parent":30,"menu_order":1,"comment_status":"closed","ping_status":"open","template":"","meta":{"_et_pb_use_builder":"on","_et_pb_old_content":"[heading style=\"1\" size=\"Medium\" align=\"left\"]L\u2019unit\u00e9 de consultations externes (Unit\u00e9 14-40)[\/heading]\r\n\r\n<span style=\"color: #ffffff;\">.<\/span>\r\n<p style=\"text-align: justify;\">Elle se situe au 14<sup>\u00e8me<\/sup> \u00e9tage. de la Tour.<\/p>\r\n<p style=\"text-align: justify;\"><span style=\"color: #ffffff;\">.<\/span><\/p>\r\n<p style=\"text-align: justify;\">Elle prend en charge les consultations des patients ainsi que les explorations fonctionnelles ORL (audition, vertiges, exploration de la voix et de la d\u00e9glutition).<\/p>\r\n<p style=\"text-align: justify;\"><span style=\"color: #ffffff;\">.<\/span><\/p>\r\n<p style=\"text-align: justify;\">Avant de vous pr\u00e9senter en consultation au 14<sup>\u00e8me<\/sup> \u00e9tage, vous devez vous pr\u00e9senter au <strong>bureau des Entr\u00e9es\/Sorties<\/strong> situ\u00e9 au 1<sup>er<\/sup> \u00e9tage de la Tour.<\/p>\r\n<p style=\"text-align: justify;\"><span style=\"color: #ffffff;\">\u00a0<\/span><\/p>\r\n<p style=\"text-align: justify;\">[heading style=\"2\" size=\"Medium\" align=\"left\"]<a href=\"http:\/\/orl-chu-caen.fr\/?page_id=835\">Recherchez un M\u00e9decin<\/a>[\/heading]<\/p>\r\n<p style=\"text-align: justify;\">[heading style=\"2\" size=\"Medium\" align=\"left\"]<a href=\"http:\/\/orl-chu-caen.fr\/?page_id=449\">Liste des Pathologies prises en charge<\/a>[\/heading]<\/p>","_et_gb_content_width":"","ngg_post_thumbnail":0,"footnotes":""},"aioseo_notices":[],"_links":{"self":[{"href":"https:\/\/orl-chu-caen.fr\/index.php?rest_route=\/wp\/v2\/pages\/44"}],"collection":[{"href":"https:\/\/orl-chu-caen.fr\/index.php?rest_route=\/wp\/v2\/pages"}],"about":[{"href":"https:\/\/orl-chu-caen.fr\/index.php?rest_route=\/wp\/v2\/types\/page"}],"author":[{"embeddable":true,"href":"https:\/\/orl-chu-caen.fr\/index.php?rest_route=\/wp\/v2\/users\/1"}],"replies":[{"embeddable":true,"href":"https:\/\/orl-chu-caen.fr\/index.php?rest_route=%2Fwp%2Fv2%2Fcomments&post=44"}],"version-history":[{"count":41,"href":"https:\/\/orl-chu-caen.fr\/index.php?rest_route=\/wp\/v2\/pages\/44\/revisions"}],"predecessor-version":[{"id":6179,"href":"https:\/\/orl-chu-caen.fr\/index.php?rest_route=\/wp\/v2\/pages\/44\/revisions\/6179"}],"up":[{"embeddable":true,"href":"https:\/\/orl-chu-caen.fr\/index.php?rest_route=\/wp\/v2\/pages\/30"}],"wp:attachment":[{"href":"https:\/\/orl-chu-caen.fr\/index.php?rest_route=%2Fwp%2Fv2%2Fmedia&parent=44"}],"curies":[{"name":"wp","href":"https:\/\/api.w.org\/{rel}","templated":true}]}}