{"id":4370,"date":"2024-01-23T16:45:31","date_gmt":"2024-01-23T14:45:31","guid":{"rendered":"http:\/\/orl-chu-caen.fr\/?page_id=4370"},"modified":"2024-01-23T16:45:31","modified_gmt":"2024-01-23T14:45:31","slug":"equipe-de-recherche-vertex-ur7480","status":"publish","type":"page","link":"https:\/\/orl-chu-caen.fr\/?page_id=4370","title":{"rendered":"\u00c9quipe de recherche VERTEX UR7480"},"content":{"rendered":"<p>Cr\u00e9\u00e9e en 2022 par le Dr St\u00e9phane Besnard, l&rsquo;\u00e9quipe de recherche \u00ab\u00a0Vertex\u00a0\u00bb est sp\u00e9cialis\u00e9e dans l&rsquo;\u00e9tude des vertiges, mais aussi de l&rsquo;adaptation aux environnement extr\u00eame. Elle est \u00e0 l&rsquo;origine de plusieurs \u00e9tudes fondamentales et cliniques sur le syst\u00e8me vestibulaire, les vertiges et l&rsquo;int\u00e9gration multisensoriel. Elle r\u00e9alise \u00e9galement des \u00e9tudes en environnement extr\u00eame : microgravit\u00e9, isolement temporel (Deeptime), environnement climatique extr\u00eame (Deepclimate).<\/p>\n<p>&nbsp;<\/p>\n<p><a href=\"https:\/\/www.unicaen.fr\/laboratoire\/ur-7480-vertige-extreme-vertex\/\">https:\/\/www.unicaen.fr\/laboratoire\/ur-7480-vertige-extreme-vertex\/<\/a><\/p>\n","protected":false},"excerpt":{"rendered":"<p>Cr\u00e9\u00e9e en 2022 par le Dr St\u00e9phane Besnard, l&rsquo;\u00e9quipe de recherche \u00ab\u00a0Vertex\u00a0\u00bb est sp\u00e9cialis\u00e9e dans l&rsquo;\u00e9tude des vertiges, mais aussi de l&rsquo;adaptation aux environnement extr\u00eame. Elle est \u00e0 l&rsquo;origine de plusieurs \u00e9tudes fondamentales et cliniques sur le syst\u00e8me vestibulaire, les vertiges et l&rsquo;int\u00e9gration multisensoriel. Elle r\u00e9alise \u00e9galement des \u00e9tudes en environnement extr\u00eame : microgravit\u00e9, isolement [&hellip;]<\/p>\n","protected":false},"author":1,"featured_media":0,"parent":0,"menu_order":0,"comment_status":"closed","ping_status":"closed","template":"","meta":{"_et_pb_use_builder":"","_et_pb_old_content":"","_et_gb_content_width":"","ngg_post_thumbnail":0,"footnotes":""},"aioseo_notices":[],"_links":{"self":[{"href":"https:\/\/orl-chu-caen.fr\/index.php?rest_route=\/wp\/v2\/pages\/4370"}],"collection":[{"href":"https:\/\/orl-chu-caen.fr\/index.php?rest_route=\/wp\/v2\/pages"}],"about":[{"href":"https:\/\/orl-chu-caen.fr\/index.php?rest_route=\/wp\/v2\/types\/page"}],"author":[{"embeddable":true,"href":"https:\/\/orl-chu-caen.fr\/index.php?rest_route=\/wp\/v2\/users\/1"}],"replies":[{"embeddable":true,"href":"https:\/\/orl-chu-caen.fr\/index.php?rest_route=%2Fwp%2Fv2%2Fcomments&post=4370"}],"version-history":[{"count":2,"href":"https:\/\/orl-chu-caen.fr\/index.php?rest_route=\/wp\/v2\/pages\/4370\/revisions"}],"predecessor-version":[{"id":4372,"href":"https:\/\/orl-chu-caen.fr\/index.php?rest_route=\/wp\/v2\/pages\/4370\/revisions\/4372"}],"wp:attachment":[{"href":"https:\/\/orl-chu-caen.fr\/index.php?rest_route=%2Fwp%2Fv2%2Fmedia&parent=4370"}],"curies":[{"name":"wp","href":"https:\/\/api.w.org\/{rel}","templated":true}]}}