{"id":4289,"date":"2023-10-26T22:15:44","date_gmt":"2023-10-26T20:15:44","guid":{"rendered":"http:\/\/orl-chu-caen.fr\/?page_id=4289"},"modified":"2024-08-17T09:52:22","modified_gmt":"2024-08-17T07:52:22","slug":"le-livret-du-tracheotomise","status":"publish","type":"page","link":"https:\/\/orl-chu-caen.fr\/?page_id=4289","title":{"rendered":"LE LIVRET DU TRACHEOTOMISE"},"content":{"rendered":"<p>[et_pb_section fb_built=\u00a0\u00bb1&Prime; admin_label=\u00a0\u00bbsection\u00a0\u00bb _builder_version=\u00a0\u00bb4.16&Prime; global_colors_info=\u00a0\u00bb{}\u00a0\u00bb][et_pb_row admin_label=\u00a0\u00bbrow\u00a0\u00bb _builder_version=\u00a0\u00bb4.16&Prime; background_size=\u00a0\u00bbinitial\u00a0\u00bb background_position=\u00a0\u00bbtop_left\u00a0\u00bb background_repeat=\u00a0\u00bbrepeat\u00a0\u00bb global_colors_info=\u00a0\u00bb{}\u00a0\u00bb][et_pb_column type=\u00a0\u00bb4_4&Prime; _builder_version=\u00a0\u00bb4.16&Prime; custom_padding=\u00a0\u00bb|||\u00a0\u00bb global_colors_info=\u00a0\u00bb{}\u00a0\u00bb custom_padding__hover=\u00a0\u00bb|||\u00a0\u00bb][et_pb_text admin_label=\u00a0\u00bbText\u00a0\u00bb _builder_version=\u00a0\u00bb4.16&Prime; background_size=\u00a0\u00bbinitial\u00a0\u00bb background_position=\u00a0\u00bbtop_left\u00a0\u00bb background_repeat=\u00a0\u00bbrepeat\u00a0\u00bb global_colors_info=\u00a0\u00bb{}\u00a0\u00bb]<\/p>\n<p><strong>Le livret du trach\u00e9otomis\u00e9<\/strong> a \u00e9t\u00e9 \u00e9crit par Laure Harpaill\u00e9 et Fiorine Sauty, Infirmi\u00e8res Diplom\u00e9es d&rsquo;\u00e9tat, sous la direction du <a href=\"https:\/\/orl-chu-caen.fr\/?page_id=4592\">Pr E.Babin <\/a>et du <a href=\"https:\/\/orl-chu-caen.fr\/?page_id=4596\">Dr E. Micault<\/a> du Service ORL-CCF du CHU de Caen.<\/p>\n<p style=\"text-align: justify;\">Il apporte un grand nombre d&rsquo;informations \u00e0 destination du patient trach\u00e9otomis\u00e9 et de ses proches: qu&rsquo;est ce qu&rsquo;une canule de trach\u00e9otomie , quels sont les diff\u00e9rents types de canules, comment vivre avec au quotidien, comment parler avec une trach\u00e9otomie&#8230;..<\/p>\n<p style=\"text-align: justify;\">\n<p style=\"text-align: justify;\">Toutes ces informations vous sont accessibles gratuitement en cliquant notre lien <a href=\"https:\/\/orl-chu-caen.fr\/wp-content\/uploads\/2023\/10\/livret-du-tracheotomise.pdf\">Le Livret du Trach\u00e9otomis\u00e9<\/a><\/p>\n<p style=\"text-align: justify;\">\n<p style=\"text-align: justify;\">L&rsquo;\u00e9quipe du service ORL du CHU de Caen reste \u00e0 votre disposition pour r\u00e9pondre \u00e0 toute question concernant vos interrogations sur la trach\u00e9otomie<\/p>\n<p style=\"text-align: justify;\">\n<p style=\"text-align: justify;\"><a href=\"https:\/\/orl-chu-caen.fr\/wp-content\/uploads\/2023\/10\/livret-du-tracheotomise.pdf\"><img loading=\"lazy\" decoding=\"async\" class=\"alignleft size-full wp-image-4296\" src=\"https:\/\/orl-chu-caen.fr\/wp-content\/uploads\/2023\/10\/Capture-d\u00e9cran-2023-10-26-221824.png\" alt=\"Capture d'\u00e9cran 2023-10-26 221824\" width=\"921\" height=\"875\" srcset=\"https:\/\/orl-chu-caen.fr\/wp-content\/uploads\/2023\/10\/Capture-d\u00e9cran-2023-10-26-221824.png 921w, https:\/\/orl-chu-caen.fr\/wp-content\/uploads\/2023\/10\/Capture-d\u00e9cran-2023-10-26-221824-300x285.png 300w, https:\/\/orl-chu-caen.fr\/wp-content\/uploads\/2023\/10\/Capture-d\u00e9cran-2023-10-26-221824-768x730.png 768w\" sizes=\"(max-width: 921px) 100vw, 921px\" \/><\/a><\/p>\n<p style=\"text-align: justify;\">\n<p>[\/et_pb_text][\/et_pb_column][\/et_pb_row][\/et_pb_section]<\/p>\n","protected":false},"excerpt":{"rendered":"<p>Le livret du trach\u00e9otomis\u00e9 a \u00e9t\u00e9 \u00e9crit par Laure Harpaill\u00e9 et Fiorine Sauty, Infirmi\u00e8res Diplom\u00e9es d&rsquo;\u00e9tat, sous la direction du Pr E.Babin et du Dr E. Micault du Service ORL-CCF du CHU de Caen. Il apporte un grand nombre d&rsquo;informations \u00e0 destination du patient trach\u00e9otomis\u00e9 et de ses proches: qu&rsquo;est ce qu&rsquo;une canule de trach\u00e9otomie [&hellip;]<\/p>\n","protected":false},"author":1,"featured_media":4293,"parent":0,"menu_order":0,"comment_status":"closed","ping_status":"closed","template":"","meta":{"_et_pb_use_builder":"on","_et_pb_old_content":"<strong>Le livret du trach\u00e9otomis\u00e9<\/strong> a \u00e9t\u00e9 \u00e9crit par Laure Harpaill\u00e9 et Fiorine Sauty, Infirmi\u00e8res Diplom\u00e9es d'\u00e9tat, sous la direction du <a href=\"http:\/\/orl-chu-caen.fr\/?staff=pr-emmanuel-babin\">Pr E.Babin <\/a>et du <a href=\"http:\/\/orl-chu-caen.fr\/?staff=dr-emmanuel-micault\">Dr E. Micault<\/a> du Service ORL-CCF du CHU de Caen.\r\n<p style=\"text-align: justify;\">Il apporte un grand nombre d'informations \u00e0 destination du patient trach\u00e9otomis\u00e9 et de ses proches: qu'est ce qu'une canule de trach\u00e9otomie , quels sont les diff\u00e9rents types de canules, comment vivre avec au quotidien, comment parler avec une trach\u00e9otomie.....<\/p>\r\n<p style=\"text-align: justify;\">[spacer size=\"20\"]<\/p>\r\n<p style=\"text-align: justify;\">Toutes ces informations vous sont accessibles gratuitement en cliquant notre lien <a href=\"http:\/\/orl-chu-caen.fr\/wp-content\/uploads\/2023\/10\/livret-du-tracheotomise.pdf\">Le Livret du Trach\u00e9otomis\u00e9<\/a><\/p>\r\n<p style=\"text-align: justify;\">[spacer size=\"20\"]<\/p>\r\n<p style=\"text-align: justify;\">L'\u00e9quipe du service ORL du CHU de Caen reste \u00e0 votre disposition pour r\u00e9pondre \u00e0 toute question concernant vos interrogations sur la trach\u00e9otomie<\/p>\r\n<p style=\"text-align: justify;\">&nbsp;<\/p>\r\n<p style=\"text-align: justify;\"><a href=\"http:\/\/orl-chu-caen.fr\/wp-content\/uploads\/2023\/10\/livret-du-tracheotomise.pdf\"><img class=\"alignleft size-full wp-image-4296\" src=\"http:\/\/orl-chu-caen.fr\/wp-content\/uploads\/2023\/10\/Capture-d\u00e9cran-2023-10-26-221824.png\" alt=\"Capture d'\u00e9cran 2023-10-26 221824\" width=\"921\" height=\"875\"><\/a><\/p>\r\n<p style=\"text-align: justify;\">&nbsp;<\/p>","_et_gb_content_width":"","ngg_post_thumbnail":0,"footnotes":""},"aioseo_notices":[],"_links":{"self":[{"href":"https:\/\/orl-chu-caen.fr\/index.php?rest_route=\/wp\/v2\/pages\/4289"}],"collection":[{"href":"https:\/\/orl-chu-caen.fr\/index.php?rest_route=\/wp\/v2\/pages"}],"about":[{"href":"https:\/\/orl-chu-caen.fr\/index.php?rest_route=\/wp\/v2\/types\/page"}],"author":[{"embeddable":true,"href":"https:\/\/orl-chu-caen.fr\/index.php?rest_route=\/wp\/v2\/users\/1"}],"replies":[{"embeddable":true,"href":"https:\/\/orl-chu-caen.fr\/index.php?rest_route=%2Fwp%2Fv2%2Fcomments&post=4289"}],"version-history":[{"count":6,"href":"https:\/\/orl-chu-caen.fr\/index.php?rest_route=\/wp\/v2\/pages\/4289\/revisions"}],"predecessor-version":[{"id":6128,"href":"https:\/\/orl-chu-caen.fr\/index.php?rest_route=\/wp\/v2\/pages\/4289\/revisions\/6128"}],"wp:featuredmedia":[{"embeddable":true,"href":"https:\/\/orl-chu-caen.fr\/index.php?rest_route=\/wp\/v2\/media\/4293"}],"wp:attachment":[{"href":"https:\/\/orl-chu-caen.fr\/index.php?rest_route=%2Fwp%2Fv2%2Fmedia&parent=4289"}],"curies":[{"name":"wp","href":"https:\/\/api.w.org\/{rel}","templated":true}]}}