{"id":3894,"date":"2022-05-24T22:18:26","date_gmt":"2022-05-24T20:18:26","guid":{"rendered":"http:\/\/orl-chu-caen.fr\/?page_id=3894"},"modified":"2022-06-18T06:41:41","modified_gmt":"2022-06-18T04:41:41","slug":"cours-de-chirurgie-endoscopique-endonasale","status":"publish","type":"page","link":"https:\/\/orl-chu-caen.fr\/?page_id=3894","title":{"rendered":"COURS DE CHIRURGIE ENDOSCOPIQUE ENDONASALE"},"content":{"rendered":"<p><img loading=\"lazy\" decoding=\"async\" class=\"alignleft size-full wp-image-3885\" src=\"https:\/\/orl-chu-caen.fr\/wp-content\/uploads\/2022\/05\/Image6.jpg\" alt=\"Image6\" width=\"1942\" height=\"2719\" srcset=\"https:\/\/orl-chu-caen.fr\/wp-content\/uploads\/2022\/05\/Image6.jpg 1942w, https:\/\/orl-chu-caen.fr\/wp-content\/uploads\/2022\/05\/Image6-214x300.jpg 214w, https:\/\/orl-chu-caen.fr\/wp-content\/uploads\/2022\/05\/Image6-768x1075.jpg 768w, https:\/\/orl-chu-caen.fr\/wp-content\/uploads\/2022\/05\/Image6-731x1024.jpg 731w\" sizes=\"(max-width: 1942px) 100vw, 1942px\" \/><\/p>\n<p><strong>&nbsp;[spacer size=\u00a0\u00bb20&Prime;]<\/strong><\/p>\n<p><strong>L&rsquo;\u00e9quipe du service ORL du CHU de CAEN<\/strong> organise un cours de dissection au Laboratoire d&rsquo;anatomie du CHU de CAEN le 22 et 23 septembre 2022.<\/p>\n<p>1 poste de travail pour deux participants.<\/p>\n<p><strong>Renseignements et inscriptions aupr\u00e8s de sante.formationcontinue@unicaen.fr<\/strong><\/p>\n<p>Places de dissections limit\u00e9es \u00e0 20 personnes.<\/p>\n<p>[spacer size=\u00a0\u00bb20&Prime;]<\/p>\n<p>Programme pr\u00e9liminaire<\/p>\n<p><strong>22 septembre<br \/>\n<\/strong><\/p>\n<p><strong>8H00-10H&nbsp;30&nbsp;: cours th\u00e9orique en salle de cours<\/strong><\/p>\n<p>Anatomie endoscopique endonasale<\/p>\n<p>Anatomie radiologique<\/p>\n<p>L\u2019installation<\/p>\n<p>Les r\u00e8gles de la chirurgie endoscopique endonasale<\/p>\n<p>Technique chirurgicale de la M\u00e9atotomie Moyenne<\/p>\n<p>Technique de ligature de l\u2019art\u00e8re sph\u00e9nopalatine<\/p>\n<p>Technique de ligature de l\u2019art\u00e8re ethmo\u00efdale ant\u00e9rieure<\/p>\n<p>Technique de l\u2019ethmo\u00efdectomie<\/p>\n<p>Technique de la Sph\u00e9noidotomie<\/p>\n<p><strong>10H30-12H30&nbsp;: dissection<\/strong><\/p>\n<p>M\u00e9atotomie Moyenne<\/p>\n<p>Ligature de l\u2019art\u00e8re sph\u00e9nopalatine<\/p>\n<p>Ligature de l\u2019art\u00e8re ethmo\u00efdale ant\u00e9rieure<\/p>\n<p><strong>13H30-17H30&nbsp;: dissection<\/strong><\/p>\n<p>Ethmo\u00efdectomie<\/p>\n<p>Sph\u00e9no\u00efdotomie<\/p>\n<p>[spacer size=\u00a0\u00bb20&Prime;]<\/p>\n<p><strong>23 septembre<br \/>\n<\/strong><\/p>\n<p><strong>8H00- 10H30&nbsp;: cours th\u00e9oriques<\/strong><\/p>\n<p>Technique de la Chirurgie du sinus frontal\/Draf<\/p>\n<p>Technique des Maxillectomies m\u00e9diales<\/p>\n<p>Technique Dacryocystorhinostomie<\/p>\n<p>Lev\u00e9e du lambeau nasoseptal<\/p>\n<p><strong>10H30-12H30&nbsp;: dissection<\/strong><\/p>\n<p>Technique de la Chirurgie du sinus frontal\/Draf<\/p>\n<p><strong>13H30-16H00&nbsp;: dissection<\/strong><\/p>\n<p>Maxillectomies m\u00e9diales<\/p>\n<p>Dacryocystorhinostomie endoscopique<\/p>\n<p>Lev\u00e9e du lambeau nasoseptal<\/p>\n","protected":false},"excerpt":{"rendered":"<p>&nbsp;[spacer size=\u00a0\u00bb20&Prime;] L&rsquo;\u00e9quipe du service ORL du CHU de CAEN organise un cours de dissection au Laboratoire d&rsquo;anatomie du CHU de CAEN le 22 et 23 septembre 2022. 1 poste de travail pour deux participants. Renseignements et inscriptions aupr\u00e8s de sante.formationcontinue@unicaen.fr Places de dissections limit\u00e9es \u00e0 20 personnes. [spacer size=\u00a0\u00bb20&Prime;] Programme pr\u00e9liminaire 22 septembre 8H00-10H&nbsp;30&nbsp;: [&hellip;]<\/p>\n","protected":false},"author":1,"featured_media":3885,"parent":0,"menu_order":0,"comment_status":"closed","ping_status":"closed","template":"","meta":{"_et_pb_use_builder":"","_et_pb_old_content":"","_et_gb_content_width":"","ngg_post_thumbnail":0,"footnotes":""},"aioseo_notices":[],"_links":{"self":[{"href":"https:\/\/orl-chu-caen.fr\/index.php?rest_route=\/wp\/v2\/pages\/3894"}],"collection":[{"href":"https:\/\/orl-chu-caen.fr\/index.php?rest_route=\/wp\/v2\/pages"}],"about":[{"href":"https:\/\/orl-chu-caen.fr\/index.php?rest_route=\/wp\/v2\/types\/page"}],"author":[{"embeddable":true,"href":"https:\/\/orl-chu-caen.fr\/index.php?rest_route=\/wp\/v2\/users\/1"}],"replies":[{"embeddable":true,"href":"https:\/\/orl-chu-caen.fr\/index.php?rest_route=%2Fwp%2Fv2%2Fcomments&post=3894"}],"version-history":[{"count":3,"href":"https:\/\/orl-chu-caen.fr\/index.php?rest_route=\/wp\/v2\/pages\/3894\/revisions"}],"predecessor-version":[{"id":3897,"href":"https:\/\/orl-chu-caen.fr\/index.php?rest_route=\/wp\/v2\/pages\/3894\/revisions\/3897"}],"wp:featuredmedia":[{"embeddable":true,"href":"https:\/\/orl-chu-caen.fr\/index.php?rest_route=\/wp\/v2\/media\/3885"}],"wp:attachment":[{"href":"https:\/\/orl-chu-caen.fr\/index.php?rest_route=%2Fwp%2Fv2%2Fmedia&parent=3894"}],"curies":[{"name":"wp","href":"https:\/\/api.w.org\/{rel}","templated":true}]}}