{"id":38,"date":"2014-07-20T15:12:35","date_gmt":"2014-07-20T15:12:35","guid":{"rendered":"http:\/\/orl-chu-caen.fr\/?page_id=38"},"modified":"2024-08-24T20:37:00","modified_gmt":"2024-08-24T18:37:00","slug":"la-recherche","status":"publish","type":"page","link":"https:\/\/orl-chu-caen.fr\/?page_id=38","title":{"rendered":"LA RECHERCHE"},"content":{"rendered":"<p>[et_pb_section fb_built=\u00a0\u00bb1&Prime; fullwidth=\u00a0\u00bbon\u00a0\u00bb _builder_version=\u00a0\u00bb4.24.2&Prime; _module_preset=\u00a0\u00bbdefault\u00a0\u00bb global_colors_info=\u00a0\u00bb{}\u00a0\u00bb][et_pb_fullwidth_header title=\u00a0\u00bbLA RECHERCHE\u00a0\u00bb _builder_version=\u00a0\u00bb4.24.2&Prime; _module_preset=\u00a0\u00bbdefault\u00a0\u00bb title_font=\u00a0\u00bbAbel||||||||\u00a0\u00bb title_text_align=\u00a0\u00bbcenter\u00a0\u00bb title_font_size=\u00a0\u00bb66px\u00a0\u00bb background_color=\u00a0\u00bb#17547a\u00a0\u00bb min_height=\u00a0\u00bb203px\u00a0\u00bb global_colors_info=\u00a0\u00bb{}\u00a0\u00bb][\/et_pb_fullwidth_header][et_pb_fullwidth_image src=\u00a0\u00bbhttps:\/\/orl-chu-caen.fr\/wp-content\/uploads\/2014\/08\/CORTI-SLIDE.jpg\u00a0\u00bb title_text=\u00a0\u00bbCORTI SLIDE\u00a0\u00bb _builder_version=\u00a0\u00bb4.24.2&Prime; _module_preset=\u00a0\u00bbdefault\u00a0\u00bb custom_padding=\u00a0\u00bb||0px|||\u00a0\u00bb global_colors_info=\u00a0\u00bb{}\u00a0\u00bb][\/et_pb_fullwidth_image][\/et_pb_section][et_pb_section fb_built=\u00a0\u00bb1&Prime; _builder_version=\u00a0\u00bb4.16&Prime; custom_padding=\u00a0\u00bb36px|||||\u00a0\u00bb global_colors_info=\u00a0\u00bb{}\u00a0\u00bb][et_pb_row _builder_version=\u00a0\u00bb4.16&Prime; background_size=\u00a0\u00bbinitial\u00a0\u00bb background_position=\u00a0\u00bbtop_left\u00a0\u00bb background_repeat=\u00a0\u00bbrepeat\u00a0\u00bb global_colors_info=\u00a0\u00bb{}\u00a0\u00bb][et_pb_column type=\u00a0\u00bb4_4&Prime; _builder_version=\u00a0\u00bb4.16&Prime; custom_padding=\u00a0\u00bb|||\u00a0\u00bb global_colors_info=\u00a0\u00bb{}\u00a0\u00bb custom_padding__hover=\u00a0\u00bb|||\u00a0\u00bb][et_pb_text _builder_version=\u00a0\u00bb4.16&Prime; background_size=\u00a0\u00bbinitial\u00a0\u00bb background_position=\u00a0\u00bbtop_left\u00a0\u00bb background_repeat=\u00a0\u00bbrepeat\u00a0\u00bb global_colors_info=\u00a0\u00bb{}\u00a0\u00bb]<\/p>\n<h2 style=\"text-align: justify;\">L&rsquo;ACTIVITE DE RECHERCHE<\/h2>\n<p style=\"text-align: justify;\">Le service d&rsquo;ORL travaille \u00e0 l&rsquo;\u00e9laboration de nouveaux protocoles de traitement et de nouvelles techniques chirurgicales. Il participe ainsi \u00e0 plusieurs \u00e9tudes visant \u00e0 am\u00e9liorer le diagnostic et la prise en charge et la qualit\u00e9 de vie en canc\u00e9rologie ORL, dans les pathologies ORL fr\u00e9quentes (phlegmon de l&rsquo;amygdale&#8230;) ou plus rares (maladie de Rendue Osler&#8230;)<br \/>Il intervient \u00e9galement dans la recherche clinique et fondamentale en liens avec les \u00e9quipes <a href=\"https:\/\/www.unicaen.fr\/laboratoire\/ur-7480-vertige-extreme-vertex\/\"><strong>INSERM\u00a0U1086 ANTICIPE \u00ab\u00a0Cancers et Pr\u00e9ventions\u00a0\u00bb<\/strong><\/a> et <strong><a href=\"https:\/\/www.unicaen.fr\/laboratoire\/ur-7480-vertige-extreme-vertex\/\">INSERM U 1075 \u00ab\u00a0COMETE\u00a0\u00bb <\/a><\/strong>qui travaillent sur l&rsquo;oreille interne et son retentissement sur le cerveau et l&rsquo;UR7480 <a href=\"https:\/\/www.unicaen.fr\/laboratoire\/ur-7480-vertige-extreme-vertex\/\">VERTEX<\/a> qui \u00e9tudie les vertiges et l&rsquo;adaptation aux environnements extr\u00eames.<\/p>\n<p style=\"text-align: justify;\">Le Service ORL collabore aussi \u00e9troitement avec le\u00a0<a href=\"https:\/\/www.unicaen.fr\/laboratoire\/ur-7480-vertige-extreme-vertex\/\"><strong>Laboratoire d&rsquo;Anatomie<\/strong> <\/a>de l&rsquo;Universit\u00e9 de Caen, d\u00e9partement avec lequel de nombreux projets de recherche, de th\u00e8ses de m\u00e9decines ont \u00e9t\u00e9 r\u00e9alis\u00e9s et publi\u00e9es dans des revues nationales et internationales.<\/p>\n<p style=\"text-align: justify;\"><span style=\"color: #ffffff;\">.<\/span><\/p>\n<p style=\"text-align: justify;\"><span style=\"color: #ffffff;\">.<\/span><\/p>\n<p style=\"text-align: justify;\"><a href=\"https:\/\/www.unicaen.fr\/laboratoire\/ur-7480-vertige-extreme-vertex\/\">INSERM U1075 \u00ab\u00a0COMETE<\/a><\/p>\n<p style=\"text-align: justify;\"><a href=\"https:\/\/www.unicaen.fr\/laboratoire\/ur-7480-vertige-extreme-vertex\/\">INSERM U1086 ANTICIPE \u00ab\u00a0Cancers et Pr\u00e9ventions\u00a0\u00bb<\/a><\/p>\n<p style=\"text-align: justify;\"><a href=\"https:\/\/www.unicaen.fr\/laboratoire\/ur-7480-vertige-extreme-vertex\/\">UR 7840 VERTEX<\/a><\/p>\n<p style=\"text-align: justify;\"><a href=\"https:\/\/www.unicaen.fr\/laboratoire\/ur-7480-vertige-extreme-vertex\/\">Laboratoire d&rsquo;Anatomie<\/a><\/p>\n<p style=\"text-align: justify;\">\n<p>[\/et_pb_text][\/et_pb_column][\/et_pb_row][\/et_pb_section][et_pb_section fb_built=\u00a0\u00bb1&Prime; fullwidth=\u00a0\u00bbon\u00a0\u00bb _builder_version=\u00a0\u00bb4.24.2&Prime; _module_preset=\u00a0\u00bbdefault\u00a0\u00bb global_colors_info=\u00a0\u00bb{}\u00a0\u00bb][\/et_pb_section]<\/p>\n","protected":false},"excerpt":{"rendered":"<p>L&rsquo;ACTIVITE DE RECHERCHE Le service d&rsquo;ORL travaille \u00e0 l&rsquo;\u00e9laboration de nouveaux protocoles de traitement et de nouvelles techniques chirurgicales. Il participe ainsi \u00e0 plusieurs \u00e9tudes visant \u00e0 am\u00e9liorer le diagnostic et la prise en charge et la qualit\u00e9 de vie en canc\u00e9rologie ORL, dans les pathologies ORL fr\u00e9quentes (phlegmon de l&rsquo;amygdale&#8230;) ou plus rares (maladie [&hellip;]<\/p>\n","protected":false},"author":1,"featured_media":0,"parent":0,"menu_order":3,"comment_status":"closed","ping_status":"closed","template":"","meta":{"_et_pb_use_builder":"on","_et_pb_old_content":"[ngg_images source=\"galleries\" container_ids=\"10\" sortorder=\"57,53,55,52,54,56\" display_type=\"photocrati-nextgen_basic_slideshow\" gallery_width=\"14000\" gallery_height=\"400\" cycle_effect=\"fade\" cycle_interval=\"3\" show_thumbnail_link=\"0\" thumbnail_link_text=\"[Montrer sous forme de vignettes]\" order_by=\"sortorder\" order_direction=\"ASC\" returns=\"included\" maximum_entity_count=\"500\"][divider top=\"0\"]\n\n[spacer size=\"20\"]\n<h2 style=\"text-align: justify;\">L'ACTIVITE DE RECHERCHE<\/h2>\n<p style=\"text-align: justify;\">Le service d'ORL travaille \u00e0 l'\u00e9laboration de nouveaux protocoles de traitement et de nouvelles techniques chirurgicales. Il participe ainsi \u00e0 plusieurs \u00e9tudes visant \u00e0 am\u00e9liorer le diagnostic et la prise en charge et la qualit\u00e9 de vie en canc\u00e9rologie ORL, dans les pathologies ORL fr\u00e9quentes (phlegmon de l'amygdale...) ou plus rares (maladie de Rendue Osler...)\nIl intervient \u00e9galement dans la recherche clinique et fondamentale en liens avec les \u00e9quipes <a href=\"https:\/\/anticipe.eu\/\"><strong>INSERM&nbsp;U1086 ANTICIPE \"Cancers et Pr\u00e9ventions\"<\/strong><\/a> et <strong><a href=\"http:\/\/ufrmedecine.unicaen.fr\/recherche\/umr-s-1075-mobilites-orientation-attention-et-chronobiologie-comete-\/\">INSERM U 1075 \"COMETE\" <\/a><\/strong>qui travaillent sur l'oreille interne et son retentissement sur le cerveau et l'UR7480 <a href=\"https:\/\/www.unicaen.fr\/laboratoire\/ur-7480-vertige-extreme-vertex\/\">VERTEX<\/a> qui \u00e9tudie les vertiges et l'adaptation aux environnements extr\u00eames.<\/p>\n<p style=\"text-align: justify;\">Le Service ORL collabore aussi \u00e9troitement avec le&nbsp;<a href=\"http:\/\/orl-chu-caen.fr\/?page_id=69\"><strong>Laboratoire d'Anatomie<\/strong> <\/a>de l'Universit\u00e9 de Caen, d\u00e9partement avec lequel de nombreux projets de recherche, de th\u00e8ses de m\u00e9decines ont \u00e9t\u00e9 r\u00e9alis\u00e9s et publi\u00e9es dans des revues nationales et internationales.<\/p>\n<p style=\"text-align: justify;\"><span style=\"color: #ffffff;\">.<\/span><\/p>\n<p style=\"text-align: justify;\"><span style=\"color: #ffffff;\">.<\/span><\/p>\n<p style=\"text-align: justify;\">[heading style=\"1\" size=\"Medium\" align=\"left\"]<a href=\"http:\/\/orl-chu-caen.fr\/?page_id=71\">INSERM U1075 \"COMETE<\/a>\"[\/heading]<\/p>\n<p style=\"text-align: justify;\">[heading style=\"1\" size=\"Medium\" align=\"left\"]<a href=\"http:\/\/orl-chu-caen.fr\/?page_id=73\">INSERM U1086 ANTICIPE \"Cancers et Pr\u00e9ventions\"<\/a>[\/heading]<\/p>\n<p style=\"text-align: justify;\">[heading style=\"1\" size=\"Medium\" align=\"left\"]<a href=\"http:\/\/orl-chu-caen.fr\/?page_id=69\">Laboratoire d'Anatomie<\/a>[\/heading]<\/p>\n<p style=\"text-align: justify;\">&nbsp;<\/p>","_et_gb_content_width":"","ngg_post_thumbnail":0,"footnotes":""},"aioseo_notices":[],"_links":{"self":[{"href":"https:\/\/orl-chu-caen.fr\/index.php?rest_route=\/wp\/v2\/pages\/38"}],"collection":[{"href":"https:\/\/orl-chu-caen.fr\/index.php?rest_route=\/wp\/v2\/pages"}],"about":[{"href":"https:\/\/orl-chu-caen.fr\/index.php?rest_route=\/wp\/v2\/types\/page"}],"author":[{"embeddable":true,"href":"https:\/\/orl-chu-caen.fr\/index.php?rest_route=\/wp\/v2\/users\/1"}],"replies":[{"embeddable":true,"href":"https:\/\/orl-chu-caen.fr\/index.php?rest_route=%2Fwp%2Fv2%2Fcomments&post=38"}],"version-history":[{"count":27,"href":"https:\/\/orl-chu-caen.fr\/index.php?rest_route=\/wp\/v2\/pages\/38\/revisions"}],"predecessor-version":[{"id":6300,"href":"https:\/\/orl-chu-caen.fr\/index.php?rest_route=\/wp\/v2\/pages\/38\/revisions\/6300"}],"wp:attachment":[{"href":"https:\/\/orl-chu-caen.fr\/index.php?rest_route=%2Fwp%2Fv2%2Fmedia&parent=38"}],"curies":[{"name":"wp","href":"https:\/\/api.w.org\/{rel}","templated":true}]}}