{"id":365,"date":"2014-08-02T09:46:21","date_gmt":"2014-08-02T07:46:21","guid":{"rendered":"http:\/\/orl-chu-caen.fr\/?page_id=365"},"modified":"2024-08-25T16:37:06","modified_gmt":"2024-08-25T14:37:06","slug":"drainage-endoscopique-des-abces-cerebraux-frontaux","status":"publish","type":"page","link":"https:\/\/orl-chu-caen.fr\/?page_id=365","title":{"rendered":"TECHNIQUES CHIRURGICALES INNOVANTES"},"content":{"rendered":"<p>[et_pb_section fb_built=\u00a0\u00bb1&Prime; fullwidth=\u00a0\u00bbon\u00a0\u00bb _builder_version=\u00a0\u00bb4.24.2&Prime; _module_preset=\u00a0\u00bbdefault\u00a0\u00bb global_colors_info=\u00a0\u00bb{}\u00a0\u00bb][et_pb_fullwidth_header title=\u00a0\u00bbTECHNIQUES CHIRURGICALES INNOVANTES\u00a0\u00bb _builder_version=\u00a0\u00bb4.24.2&Prime; _module_preset=\u00a0\u00bbdefault\u00a0\u00bb title_font=\u00a0\u00bbAbel||||||||\u00a0\u00bb title_text_align=\u00a0\u00bbcenter\u00a0\u00bb title_font_size=\u00a0\u00bb55px\u00a0\u00bb content_font=\u00a0\u00bbAbel||||||||\u00a0\u00bb content_text_align=\u00a0\u00bbcenter\u00a0\u00bb content_font_size=\u00a0\u00bb32px\u00a0\u00bb background_color=\u00a0\u00bb#17547a\u00a0\u00bb global_colors_info=\u00a0\u00bb{}\u00a0\u00bb]<\/p>\n<p>Service d&rsquo;ORL et de Chirurgie Cervico-Faciale du CHU de Caen<\/p>\n<p>[\/et_pb_fullwidth_header][\/et_pb_section][et_pb_section fb_built=\u00a0\u00bb1&Prime; _builder_version=\u00a0\u00bb4.16&Prime; global_colors_info=\u00a0\u00bb{}\u00a0\u00bb][et_pb_row _builder_version=\u00a0\u00bb4.16&Prime; background_size=\u00a0\u00bbinitial\u00a0\u00bb background_position=\u00a0\u00bbtop_left\u00a0\u00bb background_repeat=\u00a0\u00bbrepeat\u00a0\u00bb global_colors_info=\u00a0\u00bb{}\u00a0\u00bb][et_pb_column type=\u00a0\u00bb4_4&Prime; _builder_version=\u00a0\u00bb4.16&Prime; custom_padding=\u00a0\u00bb|||\u00a0\u00bb global_colors_info=\u00a0\u00bb{}\u00a0\u00bb custom_padding__hover=\u00a0\u00bb|||\u00a0\u00bb][et_pb_text _builder_version=\u00a0\u00bb4.16&Prime; background_size=\u00a0\u00bbinitial\u00a0\u00bb background_position=\u00a0\u00bbtop_left\u00a0\u00bb background_repeat=\u00a0\u00bbrepeat\u00a0\u00bb global_colors_info=\u00a0\u00bb{}\u00a0\u00bb]<\/p>\n<p>&nbsp;<\/p>\n<h2>DRAINAGE ENDOSCOPIQUE DES ABCES CEREBRAUX FRONTAUX<\/h2>\n<p>&nbsp;<\/p>\n<p style=\"text-align: justify;\">La chirurgie endoscopique des sinus s&rsquo;est \u00e9norm\u00e9ment d\u00e9velopp\u00e9e depuis 30 ans. Actuellement elle permet le traitement de l\u00e9sions qui jusque la n\u00e9c\u00e9ssitaient la r\u00e9alisation de voies d&rsquo;abord neurochirurgicales lourdes.<\/p>\n<p style=\"text-align: justify;\">Nous avons d\u00e9velopp\u00e9 en association avec\u00a0nos coll\u00e8gues\u00a0neurochirurgiens une voie d&rsquo;abord endonasale exclusive permettant le drainage d&rsquo;abc\u00e8s c\u00e9r\u00e9braux par les fosses nasales. Plusieurs patients on d&rsquo;ores et d\u00e9j\u00e0 \u00e9t\u00e9 trait\u00e9s par cette nouvelle technique\u00a0avec succ\u00e8s.<\/p>\n<p style=\"text-align: justify;\">\n<p style=\"text-align: justify;\">\n<p style=\"text-align: justify;\"><a href=\"https:\/\/orl-chu-caen.fr\/wp-content\/uploads\/2014\/08\/ABCES-CEREBRAUX-REVUE.pdf\">DRAINAGE D&rsquo;ABCES CEREBRAUX PAR VOIE ENDONASALE<\/a><\/p>\n<p style=\"text-align: justify;\">\n<p style=\"text-align: justify;\"><span style=\"color: #ffffff;\">.<\/span><\/p>\n<h2>TRAITEMENT ENDOVASCULAIRE DES VERTIGES D&rsquo;ORIGINE VEINEUSE<\/h2>\n<p>&nbsp;<\/p>\n<p style=\"text-align: justify;\">Les vertiges sont une pathologie fr\u00e9quente et invalidante dont les causes sont multiples.<\/p>\n<p style=\"text-align: justify;\">Certains vertiges peuvent \u00eatres caus\u00e9s par une anomalie veineuse de la veine jugulaire interne. Leur particularit\u00e9 est d&rsquo;augmenter aux efforts, \u00e0 la toux et de diminuer par la compression de la veine jugulaire.<\/p>\n<p style=\"text-align: justify;\">Le service d&rsquo;ORL a d\u00e9velopp\u00e9 avec l&rsquo;\u00e9quipe de Neuroradiologie interventionnelle du CHU de Caen une nouvelle technique mini-invasive de traitement de ces vertiges qui consiste \u00e0 emboliser la malformation veineuse en cause en passant uniquement par les veines.<\/p>\n<p>&nbsp;<\/p>\n<p><a href=\"https:\/\/orl-chu-caen.fr\/wp-content\/uploads\/2014\/08\/SURG-INNOV-2013-Hitier_-NEW-TREATMENT-GOLF.pdf\">TRAITEMENT ENDOVASCULAIRE DES VERTIGES D ORIGINE VEINEUSE<\/a><\/p>\n<p style=\"text-align: justify;\"><span style=\"color: #ffffff;\">.<\/span><\/p>\n<h2>TRAITEMENT ENDOSCOPIQUE DES BRECHES ET MENINGOCELES DU SINUS FRONTAL<\/h2>\n<p>&nbsp;<\/p>\n<p style=\"text-align: justify;\">Chez certains patients, la barri\u00e8re osseuse et m\u00e9ning\u00e9e qui prot\u00e8ge le cerveaux des fosses nasales n&rsquo;est plus \u00e9tanche. Le cerveaux n&rsquo;est plus prot\u00e9g\u00e9 des infections et le risque de m\u00e9ningite ou d&rsquo;abc\u00e8s c\u00e9r\u00e9bral est important.<\/p>\n<p>Pour les \u00e9viter le service ORL du CHU de Caen a acquis l&rsquo;expertise dans la r\u00e9paration par voie endonasale de ces pathologies. Les br\u00e8ches ou les hernies c\u00e9r\u00e9brales sont referm\u00e9es en passant par les narines du patient, sans n\u00e9cessit\u00e9 de cicatrice faciale.<\/p>\n<p>&nbsp;<\/p>\n<p><a href=\"https:\/\/orl-chu-caen.fr\/wp-content\/uploads\/2020\/02\/patron2015.pdf\">TRAITEMENT ENDOSCOPIQUE DES BRECHES DU SINUS FRONTAL<\/a><\/p>\n<p>&nbsp;<\/p>\n<h2>TRAITEMENT MICRO\/ENDOSCOPIQUE DES TUMEURS DE L&rsquo;APEX PETREUX<\/h2>\n<p>&nbsp;<\/p>\n<p style=\"text-align: justify;\">L&rsquo;apex p\u00e9treux est la partie la plus profonde et ant\u00e9rieure de l&rsquo;os temporal. C&rsquo;est une r\u00e9gion difficile d&rsquo;acc\u00e8s, que ce soit par voie lat\u00e9rale (otologique, par l&rsquo;oreille) ou ant\u00e9rieure (rhinologique, par le nez). Les l\u00e9sions qui y si\u00e8gent sont responsable de compression nerveuse des nerfs cr\u00e2niens et menacent la carotide interne.<\/p>\n<p>Pour permettre un meilleur acc\u00e8s \u00e0 ces l\u00e9sions, le service ORL utilise le microscope chirurgical par voie otologique en association \u00e0 l&rsquo;endoscope. Cette op\u00e9ration \u00e0 2 chirurgien, appel\u00e9e \u00e0 \u00ab\u00a04 mains\u00a0\u00bb a permis l&rsquo;ex\u00e9r\u00e8se compl\u00e8te de plusieurs type des l\u00e9sions de l&rsquo;apex p\u00e9treux (cholest\u00e9atome, chondrome,&#8230;) en pr\u00e9servant compl\u00e8tement le nerf facial.<\/p>\n<p>&nbsp;<\/p>\n<p><a href=\"https:\/\/orl-chu-caen.fr\/wp-content\/uploads\/2014\/08\/Patron-Hitier-2017-Combined-microscopic_endoscopic-management-of-petrous-apex-lesions-Europ-Archives.pdf\">TRAITEMENT MICRO\/ENDOSCOPIQUE DES TUMEURS DE L&rsquo;APEX PETREUX<\/a><\/p>\n<p>&nbsp;<\/p>\n<p>[\/et_pb_text][\/et_pb_column][\/et_pb_row][\/et_pb_section]<\/p>\n","protected":false},"excerpt":{"rendered":"<p>Service d&rsquo;ORL et de Chirurgie Cervico-Faciale du CHU de Caen&nbsp; DRAINAGE ENDOSCOPIQUE DES ABCES CEREBRAUX FRONTAUX &nbsp; La chirurgie endoscopique des sinus s&rsquo;est \u00e9norm\u00e9ment d\u00e9velopp\u00e9e depuis 30 ans. Actuellement elle permet le traitement de l\u00e9sions qui jusque la n\u00e9c\u00e9ssitaient la r\u00e9alisation de voies d&rsquo;abord neurochirurgicales lourdes. Nous avons d\u00e9velopp\u00e9 en association avec\u00a0nos coll\u00e8gues\u00a0neurochirurgiens une voie [&hellip;]<\/p>\n","protected":false},"author":1,"featured_media":0,"parent":0,"menu_order":0,"comment_status":"closed","ping_status":"open","template":"","meta":{"_et_pb_use_builder":"on","_et_pb_old_content":"[ngg_images source=\"galleries\" container_ids=\"3\" display_type=\"photocrati-nextgen_basic_slideshow\" gallery_width=\"1400\" gallery_height=\"400\" cycle_effect=\"scrollUp\" cycle_interval=\"4\" show_thumbnail_link=\"0\" thumbnail_link_text=\"[Montrer sous forme de vignettes]\" order_by=\"sortorder\" order_direction=\"ASC\" returns=\"included\" maximum_entity_count=\"500\"][spacer size=\"20\"]\r\n\r\n[divider top=\"0\"]\r\n<h2>DRAINAGE ENDOSCOPIQUE DES ABCES CEREBRAUX FRONTAUX<\/h2>\r\n<p style=\"text-align: justify;\">La chirurgie endoscopique des sinus s'est \u00e9norm\u00e9ment d\u00e9velopp\u00e9e depuis 30 ans. Actuellement elle permet le traitement de l\u00e9sions qui jusque la n\u00e9c\u00e9ssitaient la r\u00e9alisation de voies d'abord neurochirurgicales lourdes.<\/p>\r\n<p style=\"text-align: justify;\">Nous avons d\u00e9velopp\u00e9 en association avec&nbsp;nos coll\u00e8gues&nbsp;neurochirurgiens une voie d'abord endonasale exclusive permettant le drainage d'abc\u00e8s c\u00e9r\u00e9braux par les fosses nasales. Plusieurs patients on d'ores et d\u00e9j\u00e0 \u00e9t\u00e9 trait\u00e9s par cette nouvelle technique&nbsp;avec succ\u00e8s.<\/p>\r\n<p style=\"text-align: justify;\"><span style=\"color: #ffffff;\">.<\/span><\/p>\r\n<p style=\"text-align: justify;\">[icon_button url=\"http:\/\/orl-chu-caen.fr\/wp-content\/uploads\/2014\/08\/ABCES-CEREBRAUX-REVUE.pdf\" style=\"case\" size=\"Medium\" backgroundcolor=\"#193f54\" textcolor=\"White\" Text=\"Acc\u00e8s \u00e0 l'article\"]<\/p>\r\n<p style=\"text-align: justify;\"><span style=\"color: #ffffff;\">.<\/span><\/p>\r\n\r\n<h2>TRAITEMENT ENDOVASCULAIRE DES VERTIGES D ORIGINE VEINEUSE<\/h2>\r\n<p style=\"text-align: justify;\">Les vertiges sont une pathologie fr\u00e9quente et invalidante dont les causes sont multiples.<\/p>\r\n<p style=\"text-align: justify;\">Certains vertiges peuvent \u00eatres caus\u00e9s par une anomalie veineuse de la veine jugulaire interne. Leur particularit\u00e9 est d'augmenter aux efforts, \u00e0 la toux et de diminuer par la compression de la veine jugulaire.<\/p>\r\n<p style=\"text-align: justify;\">Le service d'ORL a d\u00e9velopp\u00e9 avec l'\u00e9quipe de Neuroradiologie interventionnelle du CHU de Caen une nouvelle technique mini-invasive de traitement de ces vertiges qui consiste \u00e0 emboliser la malformation veineuse en cause en passant uniquement par les veines.<\/p>\r\n&nbsp;\r\n\r\n[icon_button url=\"http:\/\/orl-chu-caen.fr\/wp-content\/uploads\/2014\/08\/SURG-INNOV-2013-Hitier_-NEW-TREATMENT-GOLF.pdf\" style=\"case\" size=\"Medium\" backgroundcolor=\"#193f54\" textcolor=\"White\" Text=\"Acc\u00e8s \u00e0 l'article\"]\r\n<p style=\"text-align: justify;\"><span style=\"color: #ffffff;\">.<\/span><\/p>\r\n\r\n<h2>TRAITEMENT ENDOSCOPIQUE DES BRECHES ET MENINGOCELES DU SINUS FRONTAL<\/h2>\r\n<p style=\"text-align: justify;\">Chez certains patients, la barri\u00e8re osseuse et m\u00e9ning\u00e9e qui prot\u00e8ge le cerveaux des fosses nasales n'est plus \u00e9tanche. Le cerveaux n'est plus prot\u00e9g\u00e9 des infections et le risque de m\u00e9ningite ou d'abc\u00e8s c\u00e9r\u00e9bral est important.<\/p>\r\nPour les \u00e9viter le service ORL du CHU de Caen a acquis l'expertise dans la r\u00e9paration par voie endonasale de ces pathologies. Les br\u00e8ches ou les hernies c\u00e9r\u00e9brales sont referm\u00e9es en passant par les narines du patient, sans n\u00e9cessit\u00e9 de cicatrice faciale.\r\n\r\n<span style=\"color: #ffffff;\">.<\/span>\r\n\r\n[icon_button url=\"http:\/\/orl-chu-caen.fr\/wp-content\/uploads\/2018\/02\/1-s2.0-S1879729615001301-main.pdf\" style=\"case\" size=\"Medium\" backgroundcolor=\"#193f54\" textcolor=\"White\" Text=\"Acc\u00e8s \u00e0 l'article\"]\r\n\r\n&nbsp;\r\n<h2>TRAITEMENT MICRO\/ENDOSCOPIQUE DES TUMEURS DE L APEX PETREUX<\/h2>\r\n<p style=\"text-align: justify;\">L'apex p\u00e9treux est la partie la plus profonde et ant\u00e9rieure de l'os temporal. C'est une r\u00e9gion difficile d'acc\u00e8s, que ce soit par voie lat\u00e9rale (otologique, par l'oreille) ou ant\u00e9rieure (rhinologique, par le nez). Les l\u00e9sions qui y si\u00e8gent sont responsable de compression nerveuse des nerfs cr\u00e2niens et menacent la carotide interne.<\/p>\r\nPour permettre un meilleur acc\u00e8s \u00e0 ces l\u00e9sions, le service ORL utilise le microscope chirurgical par voie otologique en association \u00e0 l'endoscope. Cette op\u00e9ration \u00e0 2 chirurgien, appel\u00e9e \u00e0 \"4 mains\" a permis l'ex\u00e9r\u00e8se compl\u00e8te de plusieurs type des l\u00e9sions de l'apex p\u00e9treux (cholest\u00e9atome, chondrome,...) en pr\u00e9servant compl\u00e8tement le nerf facial.\r\n\r\n<span style=\"color: #ffffff;\">.<\/span>\r\n\r\n[icon_button url=\"http:\/\/orl-chu-caen.fr\/wp-content\/uploads\/2014\/08\/Patron-Hitier-2017-Combined-microscopic_endoscopic-management-of-petrous-apex-lesions-Europ-Archives.pdf\" style=\"case\" size=\"Medium\" backgroundcolor=\"#193f54\" textcolor=\"White\" Text=\"Acc\u00e8s \u00e0 l'article\"]\r\n\r\n&nbsp;","_et_gb_content_width":"","ngg_post_thumbnail":0,"footnotes":""},"aioseo_notices":[],"_links":{"self":[{"href":"https:\/\/orl-chu-caen.fr\/index.php?rest_route=\/wp\/v2\/pages\/365"}],"collection":[{"href":"https:\/\/orl-chu-caen.fr\/index.php?rest_route=\/wp\/v2\/pages"}],"about":[{"href":"https:\/\/orl-chu-caen.fr\/index.php?rest_route=\/wp\/v2\/types\/page"}],"author":[{"embeddable":true,"href":"https:\/\/orl-chu-caen.fr\/index.php?rest_route=\/wp\/v2\/users\/1"}],"replies":[{"embeddable":true,"href":"https:\/\/orl-chu-caen.fr\/index.php?rest_route=%2Fwp%2Fv2%2Fcomments&post=365"}],"version-history":[{"count":42,"href":"https:\/\/orl-chu-caen.fr\/index.php?rest_route=\/wp\/v2\/pages\/365\/revisions"}],"predecessor-version":[{"id":6341,"href":"https:\/\/orl-chu-caen.fr\/index.php?rest_route=\/wp\/v2\/pages\/365\/revisions\/6341"}],"wp:attachment":[{"href":"https:\/\/orl-chu-caen.fr\/index.php?rest_route=%2Fwp%2Fv2%2Fmedia&parent=365"}],"curies":[{"name":"wp","href":"https:\/\/api.w.org\/{rel}","templated":true}]}}