{"id":3499,"date":"2021-07-26T23:41:13","date_gmt":"2021-07-26T21:41:13","guid":{"rendered":"http:\/\/orl-chu-caen.fr\/?page_id=3499"},"modified":"2024-08-17T09:12:09","modified_gmt":"2024-08-17T07:12:09","slug":"livre-chirurgie-endoscopique-endonasale-aux-editions-elsevier-masson","status":"publish","type":"page","link":"https:\/\/orl-chu-caen.fr\/?page_id=3499","title":{"rendered":"Livre \u00a0\u00bb Chirurgie Endoscopique Endonasale\u00a0\u00bb aux \u00e9ditions Elsevier-Masson"},"content":{"rendered":"<p>[et_pb_section fb_built=\u00a0\u00bb1&Prime; fullwidth=\u00a0\u00bbon\u00a0\u00bb _builder_version=\u00a0\u00bb4.24.2&Prime; _module_preset=\u00a0\u00bbdefault\u00a0\u00bb global_colors_info=\u00a0\u00bb{}\u00a0\u00bb][et_pb_fullwidth_header _builder_version=\u00a0\u00bb4.24.2&Prime; _module_preset=\u00a0\u00bbdefault\u00a0\u00bb title_font=\u00a0\u00bbAdamina||||||||\u00a0\u00bb title_text_align=\u00a0\u00bbcenter\u00a0\u00bb title_text_color=\u00a0\u00bb#d2d0bb\u00a0\u00bb title_font_size=\u00a0\u00bb64px\u00a0\u00bb background_color=\u00a0\u00bb#6d8097&Prime; custom_padding=\u00a0\u00bb0px|||||\u00a0\u00bb global_colors_info=\u00a0\u00bb{}\u00a0\u00bb][\/et_pb_fullwidth_header][et_pb_fullwidth_header title=\u00a0\u00bbLivre %22Chirurgie Endoscopique Endonasale%22&Prime; _builder_version=\u00a0\u00bb4.24.2&Prime; _module_preset=\u00a0\u00bbdefault\u00a0\u00bb title_font=\u00a0\u00bbAdamina||||||||\u00a0\u00bb title_text_align=\u00a0\u00bbcenter\u00a0\u00bb title_text_color=\u00a0\u00bb#d2d0bb\u00a0\u00bb title_font_size=\u00a0\u00bb64px\u00a0\u00bb background_color=\u00a0\u00bb#6d8097&Prime; global_colors_info=\u00a0\u00bb{}\u00a0\u00bb][\/et_pb_fullwidth_header][et_pb_fullwidth_header _builder_version=\u00a0\u00bb4.24.2&Prime; _module_preset=\u00a0\u00bbdefault\u00a0\u00bb title_font=\u00a0\u00bbAdamina||||||||\u00a0\u00bb title_text_align=\u00a0\u00bbcenter\u00a0\u00bb title_text_color=\u00a0\u00bb#d2d0bb\u00a0\u00bb title_font_size=\u00a0\u00bb64px\u00a0\u00bb background_color=\u00a0\u00bb#6d8097&Prime; custom_margin=\u00a0\u00bb||-77px|||\u00a0\u00bb global_colors_info=\u00a0\u00bb{}\u00a0\u00bb][\/et_pb_fullwidth_header][\/et_pb_section][et_pb_section fb_built=\u00a0\u00bb1&Prime; admin_label=\u00a0\u00bbAbout\u00a0\u00bb _builder_version=\u00a0\u00bb4.19.5&Prime; _module_preset=\u00a0\u00bbdefault\u00a0\u00bb background_color=\u00a0\u00bbgcid-9464c34f-f9ff-43eb-9668-c958662e33fc\u00a0\u00bb custom_padding=\u00a0\u00bb84px|||||\u00a0\u00bb locked=\u00a0\u00bboff\u00a0\u00bb collapsed=\u00a0\u00bbon\u00a0\u00bb global_colors_info=\u00a0\u00bb{%22gcid-9464c34f-f9ff-43eb-9668-c958662e33fc%22:%91%22background_color%22%93}\u00a0\u00bb][et_pb_row column_structure=\u00a0\u00bb1_2,1_2&Prime; make_equal=\u00a0\u00bbon\u00a0\u00bb _builder_version=\u00a0\u00bb4.19.5&Prime; _module_preset=\u00a0\u00bbdefault\u00a0\u00bb global_colors_info=\u00a0\u00bb{}\u00a0\u00bb][et_pb_column type=\u00a0\u00bb1_2&Prime; _builder_version=\u00a0\u00bb4.19.5&Prime; _module_preset=\u00a0\u00bbdefault\u00a0\u00bb global_colors_info=\u00a0\u00bb{}\u00a0\u00bb][et_pb_image src=\u00a0\u00bbhttps:\/\/orl-chu-caen.fr\/wp-content\/uploads\/2024\/02\/health-clinic-1.png\u00a0\u00bb title_text=\u00a0\u00bbhealth-clinic-1&Prime; _builder_version=\u00a0\u00bb4.19.5&Prime; _module_preset=\u00a0\u00bbdefault\u00a0\u00bb max_height=\u00a0\u00bb12px\u00a0\u00bb locked=\u00a0\u00bboff\u00a0\u00bb global_colors_info=\u00a0\u00bb{}\u00a0\u00bb][\/et_pb_image][et_pb_text _builder_version=\u00a0\u00bb4.19.5&Prime; _module_preset=\u00a0\u00bbd954f2a4-228d-497b-ba49-b6c5f47deb11&Prime; custom_margin=\u00a0\u00bb||10px||false|false\u00a0\u00bb global_colors_info=\u00a0\u00bb{}\u00a0\u00bb]<\/p>\n<h2>\u00a0\u00ab\u00a0Transmettre l&rsquo;Art de la Chirurgie Endoscopique des Sinus\u00a0\u00bb<\/h2>\n<p>[\/et_pb_text][et_pb_text _builder_version=\u00a0\u00bb4.24.2&Prime; _module_preset=\u00a0\u00bbdab7b382-b231-4189-94f0-fbf0b189a612&Prime; border_width_all=\u00a0\u00bb18px\u00a0\u00bb border_color_all=\u00a0\u00bbRGBA(255,255,255,0)\u00a0\u00bb global_colors_info=\u00a0\u00bb{}\u00a0\u00bb]<\/p>\n<p style=\"text-align: justify;\">Le service d\u2019 ORL du CHU de Caen a publi\u00e9 aux \u00e9ditions Elsevier-Masson \u00ab Chirurgie Endoscopique Endonasale \u00bb.<\/p>\n<p style=\"text-align: justify;\">Cet ouvrage permet de se familiariser avec l\u2019ensemble des techniques actuelles en chirurgie endoscopique des sinus et des fosses nasales \u00e0 travers 23 chapitres didactiques.<\/p>\n<p style=\"text-align: justify;\">\n<p style=\"text-align: justify;\">Ce livre a \u00e9t\u00e9 construit de fa\u00e7on \u00e0 permettre une lecture simple, gr\u00e2ce \u00e0 une iconographie tr\u00e8s riche illustrant imm\u00e9diatement le texte.<\/p>\n<p>[\/et_pb_text][\/et_pb_column][et_pb_column type=\u00a0\u00bb1_2&Prime; _builder_version=\u00a0\u00bb4.19.5&Prime; _module_preset=\u00a0\u00bbdefault\u00a0\u00bb global_colors_info=\u00a0\u00bb{}\u00a0\u00bb][et_pb_image src=\u00a0\u00bbhttps:\/\/orl-chu-caen.fr\/wp-content\/uploads\/2024\/08\/chir-endoscopique-couverture.jpg\u00a0\u00bb title_text=\u00a0\u00bbchir endoscopique couverture\u00a0\u00bb _builder_version=\u00a0\u00bb4.24.2&Prime; _module_preset=\u00a0\u00bbdefault\u00a0\u00bb min_height=\u00a0\u00bb885.8px\u00a0\u00bb custom_margin=\u00a0\u00bb||-1px|||\u00a0\u00bb custom_padding=\u00a0\u00bb|0px|0px|||\u00a0\u00bb border_radii=\u00a0\u00bbon|10px|10px|10px|10px\u00a0\u00bb border_width_all=\u00a0\u00bb20px\u00a0\u00bb border_color_all=\u00a0\u00bbRGBA(255,255,255,0)\u00a0\u00bb global_colors_info=\u00a0\u00bb{}\u00a0\u00bb][\/et_pb_image][et_pb_image src=\u00a0\u00bbhttps:\/\/orl-chu-caen.fr\/wp-content\/uploads\/2024\/04\/health-clinic-2.png\u00a0\u00bb title_text=\u00a0\u00bbhealth-clinic-2&Prime; _builder_version=\u00a0\u00bb4.19.5&Prime; _module_preset=\u00a0\u00bbdefault\u00a0\u00bb positioning=\u00a0\u00bbabsolute\u00a0\u00bb position_origin_a=\u00a0\u00bbtop_right\u00a0\u00bb vertical_offset=\u00a0\u00bb-8%\u00a0\u00bb horizontal_offset=\u00a0\u00bb-8%\u00a0\u00bb width=\u00a0\u00bb30%\u00a0\u00bb global_colors_info=\u00a0\u00bb{}\u00a0\u00bb][\/et_pb_image][\/et_pb_column][\/et_pb_row][et_pb_row column_structure=\u00a0\u00bb1_2,1_2&Prime; make_equal=\u00a0\u00bbon\u00a0\u00bb _builder_version=\u00a0\u00bb4.19.5&Prime; _module_preset=\u00a0\u00bbdefault\u00a0\u00bb global_colors_info=\u00a0\u00bb{}\u00a0\u00bb][et_pb_column type=\u00a0\u00bb1_2&Prime; _builder_version=\u00a0\u00bb4.19.5&Prime; _module_preset=\u00a0\u00bbdefault\u00a0\u00bb global_colors_info=\u00a0\u00bb{}\u00a0\u00bb][et_pb_image src=\u00a0\u00bbhttps:\/\/orl-chu-caen.fr\/wp-content\/uploads\/2021\/08\/Image.jpg\u00a0\u00bb title_text=\u00a0\u00bbImage\u00a0\u00bb _builder_version=\u00a0\u00bb4.24.2&Prime; _module_preset=\u00a0\u00bbdefault\u00a0\u00bb border_radii=\u00a0\u00bbon|10px|10px|10px|10px\u00a0\u00bb global_colors_info=\u00a0\u00bb{}\u00a0\u00bb][\/et_pb_image][\/et_pb_column][et_pb_column type=\u00a0\u00bb1_2&Prime; _builder_version=\u00a0\u00bb4.19.5&Prime; _module_preset=\u00a0\u00bbdefault\u00a0\u00bb global_colors_info=\u00a0\u00bb{}\u00a0\u00bb][et_pb_text _builder_version=\u00a0\u00bb4.19.5&Prime; _module_preset=\u00a0\u00bbdab7b382-b231-4189-94f0-fbf0b189a612&Prime; locked=\u00a0\u00bboff\u00a0\u00bb global_colors_info=\u00a0\u00bb{}\u00a0\u00bb]<\/p>\n<p>Celui-ci d\u00e9taille pas \u00e0 pas l\u2019ensemble des gestes \u00e0 r\u00e9aliser pour mener \u00e0 bien des chirurgies aussi diverses que la m\u00e9atotomie moyenne, l\u2019ethmo\u00efdectomie, la septoplastie endoscopique, les techniques de sinusotomies frontales Draf I, II et III, les DCR endoscopiques ou encore les diff\u00e9rentes techniques de fermeture de br\u00e8che m\u00e9ning\u00e9es\u2026.etc.<\/p>\n<p>[\/et_pb_text][\/et_pb_column][\/et_pb_row][et_pb_row column_structure=\u00a0\u00bb1_2,1_2&Prime; make_equal=\u00a0\u00bbon\u00a0\u00bb _builder_version=\u00a0\u00bb4.19.5&Prime; _module_preset=\u00a0\u00bbdefault\u00a0\u00bb global_colors_info=\u00a0\u00bb{}\u00a0\u00bb][et_pb_column type=\u00a0\u00bb1_2&Prime; _builder_version=\u00a0\u00bb4.19.5&Prime; _module_preset=\u00a0\u00bbdefault\u00a0\u00bb global_colors_info=\u00a0\u00bb{}\u00a0\u00bb][et_pb_text _builder_version=\u00a0\u00bb4.24.2&Prime; _module_preset=\u00a0\u00bbdab7b382-b231-4189-94f0-fbf0b189a612&Prime; locked=\u00a0\u00bboff\u00a0\u00bb global_colors_info=\u00a0\u00bb{}\u00a0\u00bb]<\/p>\n<p>45 vid\u00e9os op\u00e9ratoires originales et comment\u00e9es par les auteurs compl\u00e8tent l\u2019ouvrage et permettent au lecteur de visualiser l\u2019ensemble des interventions d\u00e9crites dans celui-ci.<\/p>\n<p>[\/et_pb_text][\/et_pb_column][et_pb_column type=\u00a0\u00bb1_2&Prime; _builder_version=\u00a0\u00bb4.19.5&Prime; _module_preset=\u00a0\u00bbdefault\u00a0\u00bb global_colors_info=\u00a0\u00bb{}\u00a0\u00bb][et_pb_image src=\u00a0\u00bbhttps:\/\/orl-chu-caen.fr\/wp-content\/uploads\/2024\/08\/livre-2.jpg\u00a0\u00bb title_text=\u00a0\u00bblivre 2&Prime; _builder_version=\u00a0\u00bb4.24.2&Prime; _module_preset=\u00a0\u00bbdefault\u00a0\u00bb global_colors_info=\u00a0\u00bb{}\u00a0\u00bb][\/et_pb_image][\/et_pb_column][\/et_pb_row][\/et_pb_section][et_pb_section fb_built=\u00a0\u00bb1&Prime; admin_label=\u00a0\u00bbCall to Action\u00a0\u00bb _builder_version=\u00a0\u00bb4.19.5&Prime; _module_preset=\u00a0\u00bbdefault\u00a0\u00bb background_color=\u00a0\u00bbgcid-4dccef5c-a04c-4e7c-abbe-b1e880c58010&Prime; background_image=\u00a0\u00bbhttps:\/\/orl-chu-caen.fr\/wp-content\/uploads\/2024\/02\/health-clinic-25.jpg\u00a0\u00bb background_blend=\u00a0\u00bboverlay\u00a0\u00bb custom_padding=\u00a0\u00bb10vw||10vw||true|false\u00a0\u00bb saved_tabs=\u00a0\u00bball\u00a0\u00bb collapsed=\u00a0\u00bbon\u00a0\u00bb global_colors_info=\u00a0\u00bb{%22gcid-4dccef5c-a04c-4e7c-abbe-b1e880c58010%22:%91%22background_color%22%93}\u00a0\u00bb][et_pb_row _builder_version=\u00a0\u00bb4.19.5&Prime; _module_preset=\u00a0\u00bbdefault\u00a0\u00bb max_width=\u00a0\u00bb800px\u00a0\u00bb global_colors_info=\u00a0\u00bb{}\u00a0\u00bb][et_pb_column type=\u00a0\u00bb4_4&Prime; _builder_version=\u00a0\u00bb4.19.5&Prime; _module_preset=\u00a0\u00bbdefault\u00a0\u00bb global_colors_info=\u00a0\u00bb{}\u00a0\u00bb][et_pb_icon font_icon=\u00a0\u00bb&#xf21e;||fa||900&Prime; icon_color=\u00a0\u00bb#CA5500&Prime; icon_width=\u00a0\u00bb24px\u00a0\u00bb _builder_version=\u00a0\u00bb4.19.5&Prime; _module_preset=\u00a0\u00bbdefault\u00a0\u00bb global_colors_info=\u00a0\u00bb{}\u00a0\u00bb][\/et_pb_icon][et_pb_divider color=\u00a0\u00bbgcid-0b738e94-8a5e-4e5c-8969-81d151b757fa\u00a0\u00bb _builder_version=\u00a0\u00bb4.19.5&Prime; _module_preset=\u00a0\u00bbdefault\u00a0\u00bb max_width=\u00a0\u00bb165px\u00a0\u00bb module_alignment=\u00a0\u00bbcenter\u00a0\u00bb global_colors_info=\u00a0\u00bb{%22gcid-0b738e94-8a5e-4e5c-8969-81d151b757fa%22:%91%22color%22%93}\u00a0\u00bb][\/et_pb_divider][et_pb_text _builder_version=\u00a0\u00bb4.24.2&Prime; _module_preset=\u00a0\u00bbd954f2a4-228d-497b-ba49-b6c5f47deb11&Prime; text_text_color=\u00a0\u00bb#6d8097&Prime; header_text_color=\u00a0\u00bb#6d8097&Prime; header_2_text_color=\u00a0\u00bbgcid-f743be1f-46bf-4685-bc55-7e8b347eb98d\u00a0\u00bb text_orientation=\u00a0\u00bbcenter\u00a0\u00bb global_colors_info=\u00a0\u00bb{%22gcid-f743be1f-46bf-4685-bc55-7e8b347eb98d%22:%91%22header_2_text_color%22%93}\u00a0\u00bb]<\/p>\n<h2><span style=\"color: #6d8097;\">D\u00e9couvrir le Livre<\/span><\/h2>\n<p>[\/et_pb_text][et_pb_button button_url=\u00a0\u00bbhttps:\/\/www.elsevier.com\/fr-fr\/connect\/chirurgie-endoscopique-endonasale\u00a0\u00bb button_text=\u00a0\u00bbSite d&rsquo;Elsevier Masson\u00a0\u00bb button_alignment=\u00a0\u00bbcenter\u00a0\u00bb _builder_version=\u00a0\u00bb4.24.2&Prime; _module_preset=\u00a0\u00bb1dd1bcd3-c99d-4f47-8a68-2e9df366e71a\u00a0\u00bb global_colors_info=\u00a0\u00bb{}\u00a0\u00bb][\/et_pb_button][\/et_pb_column][\/et_pb_row][\/et_pb_section][et_pb_section fb_built=\u00a0\u00bb1&Prime; admin_label=\u00a0\u00bbFeatures\u00a0\u00bb _builder_version=\u00a0\u00bb4.19.5&Prime; _module_preset=\u00a0\u00bbdefault\u00a0\u00bb background_color=\u00a0\u00bbgcid-9464c34f-f9ff-43eb-9668-c958662e33fc\u00a0\u00bb collapsed=\u00a0\u00bbon\u00a0\u00bb global_colors_info=\u00a0\u00bb{%22gcid-9464c34f-f9ff-43eb-9668-c958662e33fc%22:%91%22background_color%22%93}\u00a0\u00bb][et_pb_row _builder_version=\u00a0\u00bb4.19.5&Prime; _module_preset=\u00a0\u00bbdefault\u00a0\u00bb max_width=\u00a0\u00bb700px\u00a0\u00bb locked=\u00a0\u00bboff\u00a0\u00bb global_colors_info=\u00a0\u00bb{}\u00a0\u00bb][et_pb_column type=\u00a0\u00bb4_4&Prime; _builder_version=\u00a0\u00bb4.19.5&Prime; _module_preset=\u00a0\u00bbdefault\u00a0\u00bb global_colors_info=\u00a0\u00bb{}\u00a0\u00bb][et_pb_image src=\u00a0\u00bbhttps:\/\/orl-chu-caen.fr\/wp-content\/uploads\/2024\/02\/health-clinic-1.png\u00a0\u00bb title_text=\u00a0\u00bbhealth-clinic-1&Prime; align=\u00a0\u00bbcenter\u00a0\u00bb _builder_version=\u00a0\u00bb4.19.5&Prime; _module_preset=\u00a0\u00bbdefault\u00a0\u00bb max_height=\u00a0\u00bb12px\u00a0\u00bb global_colors_info=\u00a0\u00bb{}\u00a0\u00bb][\/et_pb_image][et_pb_text _builder_version=\u00a0\u00bb4.19.5&Prime; _module_preset=\u00a0\u00bbd954f2a4-228d-497b-ba49-b6c5f47deb11&Prime; text_orientation=\u00a0\u00bbcenter\u00a0\u00bb custom_margin=\u00a0\u00bb||10px||false|false\u00a0\u00bb global_colors_info=\u00a0\u00bb{}\u00a0\u00bb]<\/p>\n<h2>Pr\u00e9sentation du livre par les Auteurs<\/h2>\n<p>[\/et_pb_text][\/et_pb_column][\/et_pb_row][et_pb_row column_structure=\u00a0\u00bb1_2,1_2&Prime; _builder_version=\u00a0\u00bb4.19.5&Prime; _module_preset=\u00a0\u00bbdefault\u00a0\u00bb global_colors_info=\u00a0\u00bb{}\u00a0\u00bb][et_pb_column type=\u00a0\u00bb1_2&Prime; _builder_version=\u00a0\u00bb4.19.5&Prime; _module_preset=\u00a0\u00bbdefault\u00a0\u00bb global_colors_info=\u00a0\u00bb{}\u00a0\u00bb][et_pb_video src=\u00a0\u00bbhttps:\/\/orl-chu-caen.fr\/wp-content\/uploads\/2021\/07\/Teaser-Livre-Chirurgie-Endoscopique-Endonasale.mp4&Prime; _builder_version=\u00a0\u00bb4.24.2&Prime; _module_preset=\u00a0\u00bbdefault\u00a0\u00bb global_colors_info=\u00a0\u00bb{}\u00a0\u00bb][\/et_pb_video][\/et_pb_column][et_pb_column type=\u00a0\u00bb1_2&Prime; _builder_version=\u00a0\u00bb4.19.5&Prime; _module_preset=\u00a0\u00bbdefault\u00a0\u00bb global_colors_info=\u00a0\u00bb{}\u00a0\u00bb][et_pb_blurb title=\u00a0\u00bb13 chapitres didactiques\u00a0\u00bb use_icon=\u00a0\u00bbon\u00a0\u00bb font_icon=\u00a0\u00bb&#x4e;||divi||400&Prime; _builder_version=\u00a0\u00bb4.19.5&Prime; _module_preset=\u00a0\u00bbf8ad3baa-f672-4da1-9689-bc6d19ec6d92&Prime; locked=\u00a0\u00bboff\u00a0\u00bb global_colors_info=\u00a0\u00bb{}\u00a0\u00bb][\/et_pb_blurb][et_pb_blurb title=\u00a0\u00bbPr\u00e8s de 1000 photographies op\u00e9ratoires\u00a0\u00bb use_icon=\u00a0\u00bbon\u00a0\u00bb font_icon=\u00a0\u00bb&#x4e;||divi||400&Prime; _builder_version=\u00a0\u00bb4.24.2&Prime; _module_preset=\u00a0\u00bbf8ad3baa-f672-4da1-9689-bc6d19ec6d92&Prime; locked=\u00a0\u00bboff\u00a0\u00bb global_colors_info=\u00a0\u00bb{}\u00a0\u00bb][\/et_pb_blurb][et_pb_blurb title=\u00a0\u00bb45 Vid\u00e9os op\u00e9ratoires comment\u00e9es\u00a0\u00bb use_icon=\u00a0\u00bbon\u00a0\u00bb font_icon=\u00a0\u00bb&#x4e;||divi||400&Prime; _builder_version=\u00a0\u00bb4.24.2&Prime; _module_preset=\u00a0\u00bbf8ad3baa-f672-4da1-9689-bc6d19ec6d92&Prime; locked=\u00a0\u00bboff\u00a0\u00bb global_colors_info=\u00a0\u00bb{}\u00a0\u00bb][\/et_pb_blurb][\/et_pb_column][\/et_pb_row][\/et_pb_section][et_pb_section fb_built=\u00a0\u00bb1&Prime; fullwidth=\u00a0\u00bbon\u00a0\u00bb _builder_version=\u00a0\u00bb4.24.2&Prime; _module_preset=\u00a0\u00bbdefault\u00a0\u00bb global_colors_info=\u00a0\u00bb{}\u00a0\u00bb][et_pb_fullwidth_header title=\u00a0\u00bbVoir la biographie des auteurs\u00a0\u00bb _builder_version=\u00a0\u00bb4.24.2&Prime; _module_preset=\u00a0\u00bbdefault\u00a0\u00bb title_text_color=\u00a0\u00bb#000000&Prime; background_color=\u00a0\u00bb#f5ede7&Prime; hover_enabled=\u00a0\u00bb0&Prime; global_colors_info=\u00a0\u00bb{}\u00a0\u00bb title_font=\u00a0\u00bbAdamina||||||||\u00a0\u00bb sticky_enabled=\u00a0\u00bb0&Prime;]<\/p>\n<p>&nbsp;<\/p>\n<p><a href=\"https:\/\/orl-chu-caen.fr\/?page_id=4578\">Pr. Martin HITIER<\/a><\/p>\n<p><a href=\"https:\/\/orl-chu-caen.fr\/?page_id=4580\">Dr. Vincent PATRON<\/a><\/p>\n<p><a href=\"https:\/\/orl-chu-caen.fr\/?page_id=4590\">Dr. J\u00e9rome BOIS<\/a><\/p>\n<p><a href=\"https:\/\/orl-chu-caen.fr\/?page_id=4588\">Dr. Maxime HUMBERT<\/a><\/p>\n<p><a href=\"https:\/\/orl-chu-caen.fr\/?page_id=4596\">Dr. Emmanuel MICAULT<\/a><\/p>\n<p>[\/et_pb_fullwidth_header][\/et_pb_section]<\/p>\n","protected":false},"excerpt":{"rendered":"<p>\u00a0\u00ab\u00a0Transmettre l&rsquo;Art de la Chirurgie Endoscopique des Sinus\u00a0\u00bbLe service d\u2019 ORL du CHU de Caen a publi\u00e9 aux \u00e9ditions Elsevier-Masson \u00ab Chirurgie Endoscopique Endonasale \u00bb. Cet ouvrage permet de se familiariser avec l\u2019ensemble des techniques actuelles en chirurgie endoscopique des sinus et des fosses nasales \u00e0 travers 23 chapitres didactiques. Ce livre a \u00e9t\u00e9 construit [&hellip;]<\/p>\n","protected":false},"author":1,"featured_media":3531,"parent":0,"menu_order":0,"comment_status":"closed","ping_status":"closed","template":"","meta":{"_et_pb_use_builder":"on","_et_pb_old_content":"<p style=\"text-align: justify;\"><img class=\"wp-image-3614 aligncenter\" src=\"http:\/\/orl-chu-caen.fr\/wp-content\/uploads\/2021\/07\/Image-LIVRE-3D-2.png\" width=\"226\" height=\"469\"><\/p>\n<p style=\"text-align: justify;\">[heading style=\"1\" size=\"Big\" align=\"left\"]Chirurgie Endoscopique Endonasale[\/heading]Le service d' ORL du CHU de Caen publie aux \u00e9ditions Elsevier-Masson \"Chirurgie Endoscopique Endonasale\".<\/p>\n<p style=\"text-align: justify;\">&nbsp;<\/p>\n<p style=\"text-align: justify;\">Cet ouvrage permet de se familiariser avec l'ensemble des techniques actuelles en chirurgie endoscopique des sinus et des fosses nasales \u00e0 travers 23 chapitres didactiques.<\/p>\n<p style=\"text-align: justify;\">&nbsp;<\/p>\n<p style=\"text-align: justify;\">Ce livre a \u00e9t\u00e9 construit de fa\u00e7on \u00e0 permettre une lecture simple, gr\u00e2ce \u00e0 une iconographie tr\u00e8s riche illustrant imm\u00e9diatement le texte.<\/p>\n<img class=\"wp-image-3601 aligncenter\" src=\"http:\/\/orl-chu-caen.fr\/wp-content\/uploads\/2021\/08\/Image.jpg\" alt=\"Image\" width=\"319\" height=\"351\">\n<p style=\"text-align: justify;\">Celui-ci d\u00e9taille pas \u00e0 pas l'ensemble des gestes \u00e0 r\u00e9aliser pour mener \u00e0 bien des chirurgies aussi diverses que la m\u00e9atotomie moyenne, l'ethmo\u00efdectomie, la septoplastie endoscopique, les techniques de sinusotomies frontales Draf I, II et III, les DCR endoscopiques ou encore les diff\u00e9rentes techniques de fermeture de br\u00e8che m\u00e9ning\u00e9es....etc.<\/p>\n&nbsp;\n\n[ngg_images source=\"galleries\" container_ids=\"17\" exclusions=\"185,186,187\" display_type=\"photocrati-nextgen_basic_thumbnails\" override_thumbnail_settings=\"0\" thumbnail_width=\"120\" thumbnail_height=\"90\" thumbnail_crop=\"1\" images_per_page=\"20\" number_of_columns=\"0\" ajax_pagination=\"0\" show_all_in_lightbox=\"0\" use_imagebrowser_effect=\"0\" show_slideshow_link=\"1\" slideshow_link_text=\"  \" template=\"default\" order_by=\"sortorder\" order_direction=\"ASC\" returns=\"included\" maximum_entity_count=\"500\"]&nbsp;\n<p style=\"text-align: justify;\">45 vid\u00e9os op\u00e9ratoires originales et comment\u00e9es par les auteurs compl\u00e8tent l'ouvrage et permettent au lecteur de visualiser l'ensemble des interventions&nbsp; d\u00e9crites dans celui-ci.<\/p>\n[video width=\"1280\" height=\"720\" mp4=\"http:\/\/orl-chu-caen.fr\/wp-content\/uploads\/2021\/07\/Teaser-Livre-Chirurgie-Endoscopique-Endonasale.mp4\"][\/video]\n<p style=\"text-align: justify;\">&nbsp;<\/p>\n<p style=\"text-align: justify;\">&nbsp;<\/p>\n\n<h4 style=\"text-align: justify;\">Voir la biographie des auteurs:<\/h4>\n&nbsp;\n\n<a href=\"https:\/\/orl-chu-caen.fr\/?page_id=4578\">Pr. Martin HITIER<\/a>\n\n<a href=\"https:\/\/orl-chu-caen.fr\/?page_id=4580\">Dr. Vincent PATRON<\/a>\n\n<a href=\"https:\/\/orl-chu-caen.fr\/?page_id=4590\">Dr. J\u00e9rome BOIS<\/a>\n\n<a href=\"https:\/\/orl-chu-caen.fr\/?page_id=4588\">Dr. Maxime HUMBERT<\/a>\n\n<a href=\"https:\/\/orl-chu-caen.fr\/?page_id=4596\">Dr. Emmanuel MICAULT<\/a>\n\n<span style=\"color: #ffffff;\">livre chirurgie des sinus<\/span>\n\n<span style=\"color: #ffffff;\">livre chirurgie du nez et des sinus<\/span>\n\n<span style=\"color: #ffffff;\">livre chirurgie des fosses nasales<\/span>","_et_gb_content_width":"","ngg_post_thumbnail":0,"footnotes":""},"aioseo_notices":[],"_links":{"self":[{"href":"https:\/\/orl-chu-caen.fr\/index.php?rest_route=\/wp\/v2\/pages\/3499"}],"collection":[{"href":"https:\/\/orl-chu-caen.fr\/index.php?rest_route=\/wp\/v2\/pages"}],"about":[{"href":"https:\/\/orl-chu-caen.fr\/index.php?rest_route=\/wp\/v2\/types\/page"}],"author":[{"embeddable":true,"href":"https:\/\/orl-chu-caen.fr\/index.php?rest_route=\/wp\/v2\/users\/1"}],"replies":[{"embeddable":true,"href":"https:\/\/orl-chu-caen.fr\/index.php?rest_route=%2Fwp%2Fv2%2Fcomments&post=3499"}],"version-history":[{"count":52,"href":"https:\/\/orl-chu-caen.fr\/index.php?rest_route=\/wp\/v2\/pages\/3499\/revisions"}],"predecessor-version":[{"id":6114,"href":"https:\/\/orl-chu-caen.fr\/index.php?rest_route=\/wp\/v2\/pages\/3499\/revisions\/6114"}],"wp:featuredmedia":[{"embeddable":true,"href":"https:\/\/orl-chu-caen.fr\/index.php?rest_route=\/wp\/v2\/media\/3531"}],"wp:attachment":[{"href":"https:\/\/orl-chu-caen.fr\/index.php?rest_route=%2Fwp%2Fv2%2Fmedia&parent=3499"}],"curies":[{"name":"wp","href":"https:\/\/api.w.org\/{rel}","templated":true}]}}