{"id":3435,"date":"2021-05-21T12:54:01","date_gmt":"2021-05-21T10:54:01","guid":{"rendered":"http:\/\/orl-chu-caen.fr\/?page_id=3435"},"modified":"2022-03-16T14:48:43","modified_gmt":"2022-03-16T12:48:43","slug":"livre-technique-chirurgicale-endonasale","status":"publish","type":"page","link":"https:\/\/orl-chu-caen.fr\/?page_id=3435","title":{"rendered":"Livre Chirurgie Endoscopique Endonasale: Les Mod\u00e8les 3D"},"content":{"rendered":"<p style=\"text-align: justify;\">Le service d&rsquo;ORL du CHU de Caen, sous la direction du <a href=\"https:\/\/orl-chu-caen.fr\/?staff=dr-vincent-patron\">Dr.Patron <\/a>et du <a href=\"https:\/\/orl-chu-caen.fr\/?staff=dr-martin-hitier\">Pr. Hitier<\/a>, a r\u00e9dig\u00e9&nbsp; <strong>\u00ab\u00a0Chirurgie endoscopique endonasale\u00a0\u00bb<\/strong> un ouvrage de technique chirurgicale des pathologies des fosses nasales et des sinus, publi\u00e9 aux \u00e9ditions Elsevier-Masson.<\/p>\n<p>&nbsp;<\/p>\n<p><img loading=\"lazy\" decoding=\"async\" class=\"aligncenter wp-image-3614\" src=\"https:\/\/orl-chu-caen.fr\/wp-content\/uploads\/2021\/07\/Image-LIVRE-3D-2.png\" alt=\"Image LIVRE 3D 2\" width=\"300\" height=\"622\" srcset=\"https:\/\/orl-chu-caen.fr\/wp-content\/uploads\/2021\/07\/Image-LIVRE-3D-2.png 952w, https:\/\/orl-chu-caen.fr\/wp-content\/uploads\/2021\/07\/Image-LIVRE-3D-2-145x300.png 145w, https:\/\/orl-chu-caen.fr\/wp-content\/uploads\/2021\/07\/Image-LIVRE-3D-2-768x1592.png 768w, https:\/\/orl-chu-caen.fr\/wp-content\/uploads\/2021\/07\/Image-LIVRE-3D-2-494x1024.png 494w\" sizes=\"(max-width: 300px) 100vw, 300px\" \/><\/p>\n<p>&nbsp;<\/p>\n<p>[spacer size=\u00a0\u00bb20&Prime;]<\/p>\n<div style=\"width: 1080px;\" class=\"wp-video\"><!--[if lt IE 9]><script>document.createElement('video');<\/script><![endif]-->\n<video class=\"wp-video-shortcode\" id=\"video-3435-1\" width=\"1080\" height=\"608\" preload=\"metadata\" controls=\"controls\"><source type=\"video\/mp4\" src=\"https:\/\/orl-chu-caen.fr\/wp-content\/uploads\/2021\/07\/Teaser-Livre-Chirurgie-Endoscopique-Endonasale.mp4?_=1\" \/><a href=\"https:\/\/orl-chu-caen.fr\/wp-content\/uploads\/2021\/07\/Teaser-Livre-Chirurgie-Endoscopique-Endonasale.mp4\">https:\/\/orl-chu-caen.fr\/wp-content\/uploads\/2021\/07\/Teaser-Livre-Chirurgie-Endoscopique-Endonasale.mp4<\/a><\/video><\/div>\n<p>[spacer size=\u00a0\u00bb20&Prime;]<\/p>\n<p>&nbsp;<\/p>\n<p style=\"text-align: justify;\">Les <a href=\"https:\/\/orl-chu-caen.fr\/?staff=dr-emmanuel-micault\">Dr. Micault<\/a> et <a href=\"https:\/\/orl-chu-caen.fr\/?staff=dr-vincent-patron\">Dr. Patron<\/a> ont d\u00e9velopp\u00e9 des mod\u00e8les 3D p\u00e9dagogiques pr\u00e9- et post-op\u00e9ratoires pour visualiser en 3 dimensions l&rsquo;anatomie et la chirurgie.<\/p>\n<p style=\"text-align: justify;\">Ces mod\u00e8les en lien avec les techniques chirurgicales d\u00e9crites dans le livre seront t\u00e9l\u00e9chargeables gratuitement pour les imprimer en 3D chez vous ou en ligne sur les sites suivants (<a href=\"https:\/\/www.sculpteo.com\/fr\/\">https:\/\/www.sculpteo.com\/fr\/<\/a> ; <a href=\"https:\/\/i.materialise.com\/fr\">https:\/\/i.materialise.com\/fr<\/a> ).<\/p>\n<p>&nbsp;<\/p>\n<p style=\"text-align: center;\">[heading style=\u00a0\u00bb1&Prime; size=\u00a0\u00bbMedium\u00a0\u00bb align=\u00a0\u00bbleft\u00a0\u00bb]SINUSOTOMIE FRONTALE DE TYPE DRAF III[\/heading]<\/p>\n<p style=\"text-align: left;\">Le premier mod\u00e8le concerne la sinusotomie frontale de DRAF III.<\/p>\n<p style=\"text-align: left;\">La zone de r\u00e9section a \u00e9t\u00e9 mod\u00e9lis\u00e9e depuis les imageries post-op\u00e9ratoires.<\/p>\n<p style=\"text-align: left;\">[spacer size=\u00a0\u00bb20&Prime;]<\/p>\n<p style=\"text-align: left;\"><span style=\"color: #808080;\"><em>Si le mod\u00e8le ne s&rsquo;affiche pas correctement, faites clic droit et \u00ab\u00a0ouvrir dans un nouvel onglet\u00a0\u00bb \u00e0 partir de l&rsquo;adresse affich\u00e9e.<\/em><\/span><\/p>\n<p style=\"text-align: left;\">[spacer size=\u00a0\u00bb20&Prime;]<\/p>\n<p><iframe class=\"wp-embedded-content\" sandbox=\"allow-scripts\" security=\"restricted\" title=\"Draf III post op obj\" width=\"1080\" height=\"607\" src=\"https:\/\/sketchfab.com\/models\/6c839105551c4b72951ac6419d707eb5\/embed#?secret=qm4wIVfvC1\" data-secret=\"qm4wIVfvC1\" frameborder=\"0\"><\/iframe><\/p>\n<p style=\"text-align: left;\">&nbsp; [spacer size=\u00a0\u00bb20&Prime;]<\/p>\n<p style=\"text-align: left;\">&nbsp;Les STL comportant trois parties (le cr\u00e2ne, la zone de r\u00e9section type Draf III et le volet des OPN\/orbites) sont t\u00e9l\u00e9chargeables sur <a href=\"https:\/\/drive.google.com\/file\/d\/1vx_ojQ69RAGcFCNFVrXB_PzNkzjKAAhQ\/view?usp=sharing\">ce lien<\/a>.<\/p>\n<p style=\"text-align: left;\">[spacer size=\u00a0\u00bb20&Prime;]<\/p>\n<p style=\"text-align: left;\"><img loading=\"lazy\" decoding=\"async\" class=\"alignleft wp-image-3622\" src=\"https:\/\/orl-chu-caen.fr\/wp-content\/uploads\/2021\/05\/draf-3-post-op-resection.png\" alt=\"draf 3 post op resection\" width=\"514\" height=\"503\" srcset=\"https:\/\/orl-chu-caen.fr\/wp-content\/uploads\/2021\/05\/draf-3-post-op-resection.png 759w, https:\/\/orl-chu-caen.fr\/wp-content\/uploads\/2021\/05\/draf-3-post-op-resection-300x294.png 300w\" sizes=\"(max-width: 514px) 100vw, 514px\" \/><\/p>\n<p style=\"text-align: center;\">&nbsp;<\/p>\n<p style=\"text-align: left;\">&nbsp;<\/p>\n<p style=\"text-align: left;\">&nbsp;<\/p>\n<p style=\"text-align: center;\">&nbsp;<\/p>\n<p style=\"text-align: left;\">&nbsp;<\/p>\n<p style=\"text-align: left;\">&nbsp;<\/p>\n<p style=\"text-align: left;\">&nbsp;<\/p>\n<p style=\"text-align: left;\">&nbsp;<\/p>\n<p style=\"text-align: left;\">&nbsp;<\/p>\n<p style=\"text-align: left;\">&nbsp;<\/p>\n<p style=\"text-align: left;\">&nbsp;<\/p>\n<p style=\"text-align: left;\">&nbsp;<\/p>\n<p style=\"text-align: left;\">&nbsp;<\/p>\n<p style=\"text-align: left;\">&nbsp;<\/p>\n<p style=\"text-align: left;\">[spacer size=\u00a0\u00bb20&Prime;]<\/p>\n<p style=\"text-align: left;\">Profitez bien de cette nouvelle exp\u00e9rience et n&rsquo;h\u00e9sitez pas \u00e0 nous laisser vos suggestions \u00e0: <a href=\"mailto:micault-e@chu-caen.fr\">micault-e@chu-caen.fr<\/a><\/p>\n<p style=\"text-align: left;\">&nbsp;<\/p>\n","protected":false},"excerpt":{"rendered":"<p>Le service d&rsquo;ORL du CHU de Caen, sous la direction du Dr.Patron et du Pr. Hitier, a r\u00e9dig\u00e9&nbsp; \u00ab\u00a0Chirurgie endoscopique endonasale\u00a0\u00bb un ouvrage de technique chirurgicale des pathologies des fosses nasales et des sinus, publi\u00e9 aux \u00e9ditions Elsevier-Masson. &nbsp; &nbsp; [spacer size=\u00a0\u00bb20&Prime;] [spacer size=\u00a0\u00bb20&Prime;] &nbsp; Les Dr. Micault et Dr. Patron ont d\u00e9velopp\u00e9 des mod\u00e8les [&hellip;]<\/p>\n","protected":false},"author":1,"featured_media":0,"parent":32,"menu_order":0,"comment_status":"closed","ping_status":"closed","template":"Template-Full-width.php","meta":{"_et_pb_use_builder":"","_et_pb_old_content":"","_et_gb_content_width":"","ngg_post_thumbnail":0,"footnotes":""},"aioseo_notices":[],"_links":{"self":[{"href":"https:\/\/orl-chu-caen.fr\/index.php?rest_route=\/wp\/v2\/pages\/3435"}],"collection":[{"href":"https:\/\/orl-chu-caen.fr\/index.php?rest_route=\/wp\/v2\/pages"}],"about":[{"href":"https:\/\/orl-chu-caen.fr\/index.php?rest_route=\/wp\/v2\/types\/page"}],"author":[{"embeddable":true,"href":"https:\/\/orl-chu-caen.fr\/index.php?rest_route=\/wp\/v2\/users\/1"}],"replies":[{"embeddable":true,"href":"https:\/\/orl-chu-caen.fr\/index.php?rest_route=%2Fwp%2Fv2%2Fcomments&post=3435"}],"version-history":[{"count":38,"href":"https:\/\/orl-chu-caen.fr\/index.php?rest_route=\/wp\/v2\/pages\/3435\/revisions"}],"predecessor-version":[{"id":3853,"href":"https:\/\/orl-chu-caen.fr\/index.php?rest_route=\/wp\/v2\/pages\/3435\/revisions\/3853"}],"up":[{"embeddable":true,"href":"https:\/\/orl-chu-caen.fr\/index.php?rest_route=\/wp\/v2\/pages\/32"}],"wp:attachment":[{"href":"https:\/\/orl-chu-caen.fr\/index.php?rest_route=%2Fwp%2Fv2%2Fmedia&parent=3435"}],"curies":[{"name":"wp","href":"https:\/\/api.w.org\/{rel}","templated":true}]}}