{"id":3040,"date":"2019-03-07T23:23:03","date_gmt":"2019-03-07T21:23:03","guid":{"rendered":"http:\/\/orl-chu-caen.fr\/?page_id=3040"},"modified":"2019-03-07T23:57:56","modified_gmt":"2019-03-07T21:57:56","slug":"le-guide-du-laryngectomise","status":"publish","type":"page","link":"https:\/\/orl-chu-caen.fr\/?page_id=3040","title":{"rendered":"LE GUIDE DU LARYNGECTOMISE"},"content":{"rendered":"<p>Le guide du laryngectomis\u00e9 a \u00e9t\u00e9 \u00e9crit par le Dr I. Brook, un m\u00e9decin am\u00e9ricain lui m\u00eame laryngectomis\u00e9.<\/p>\n<p style=\"text-align: justify;\">Il apporte un grand nombre d&rsquo;informations \u00e0 destination du patient laryngectomis\u00e9 et de ses proches: qu&rsquo;est ce qu&rsquo;une laryngectomie, quel est son suivi m\u00e9dical, comment vivre avec au quotidien, comment parler avec une laryngectomie&#8230;&#8230;<\/p>\n<p style=\"text-align: justify;\">[spacer size=\u00a0\u00bb20&Prime;]<\/p>\n<p style=\"text-align: justify;\">Toutes ces informations vous sont accessibles gratuitement en cliquant notre lien <a href=\"https:\/\/orl-chu-caen.fr\/wp-content\/uploads\/2019\/03\/Laryngec_Guide_French.Final11.pdf\" rel=\"attachment wp-att-3042\">Le Guide du Laryngectomis\u00e9&nbsp; <\/a>ou \u00e0 partir de ce lien <a href=\"http:\/\/bit.ly\/2T7Ozd8\">http:\/\/bit.ly\/2T7Ozd8 <\/a><\/p>\n<p style=\"text-align: justify;\">[spacer size=\u00a0\u00bb20&Prime;]<\/p>\n<p style=\"text-align: justify;\">Il est aussi disponible en version imprim\u00e9e sur le <a href=\"https:\/\/www.amazon.fr\/dp\/1796517062\">site d&rsquo;Amazon<\/a><\/p>\n<p style=\"text-align: justify;\">[spacer size=\u00a0\u00bb20&Prime;]<\/p>\n<p style=\"text-align: justify;\">L&rsquo;\u00e9quipe du service ORL du CHU de Caen reste \u00e0 votre disposition pour r\u00e9pondre \u00e0 toute question concernant vos interrogations sur la laryngectomie.<\/p>\n<p>&nbsp;<\/p>\n","protected":false},"excerpt":{"rendered":"<p>Le guide du laryngectomis\u00e9 a \u00e9t\u00e9 \u00e9crit par le Dr I. Brook, un m\u00e9decin am\u00e9ricain lui m\u00eame laryngectomis\u00e9. Il apporte un grand nombre d&rsquo;informations \u00e0 destination du patient laryngectomis\u00e9 et de ses proches: qu&rsquo;est ce qu&rsquo;une laryngectomie, quel est son suivi m\u00e9dical, comment vivre avec au quotidien, comment parler avec une laryngectomie&#8230;&#8230; [spacer size=\u00a0\u00bb20&Prime;] Toutes [&hellip;]<\/p>\n","protected":false},"author":1,"featured_media":0,"parent":0,"menu_order":0,"comment_status":"closed","ping_status":"closed","template":"","meta":{"_et_pb_use_builder":"","_et_pb_old_content":"","_et_gb_content_width":"","ngg_post_thumbnail":0,"footnotes":""},"aioseo_notices":[],"_links":{"self":[{"href":"https:\/\/orl-chu-caen.fr\/index.php?rest_route=\/wp\/v2\/pages\/3040"}],"collection":[{"href":"https:\/\/orl-chu-caen.fr\/index.php?rest_route=\/wp\/v2\/pages"}],"about":[{"href":"https:\/\/orl-chu-caen.fr\/index.php?rest_route=\/wp\/v2\/types\/page"}],"author":[{"embeddable":true,"href":"https:\/\/orl-chu-caen.fr\/index.php?rest_route=\/wp\/v2\/users\/1"}],"replies":[{"embeddable":true,"href":"https:\/\/orl-chu-caen.fr\/index.php?rest_route=%2Fwp%2Fv2%2Fcomments&post=3040"}],"version-history":[{"count":14,"href":"https:\/\/orl-chu-caen.fr\/index.php?rest_route=\/wp\/v2\/pages\/3040\/revisions"}],"predecessor-version":[{"id":3059,"href":"https:\/\/orl-chu-caen.fr\/index.php?rest_route=\/wp\/v2\/pages\/3040\/revisions\/3059"}],"wp:attachment":[{"href":"https:\/\/orl-chu-caen.fr\/index.php?rest_route=%2Fwp%2Fv2%2Fmedia&parent=3040"}],"curies":[{"name":"wp","href":"https:\/\/api.w.org\/{rel}","templated":true}]}}