{"id":2600,"date":"2017-12-24T16:14:40","date_gmt":"2017-12-24T14:14:40","guid":{"rendered":"http:\/\/orl-chu-caen.fr\/?page_id=2600"},"modified":"2024-07-27T23:53:48","modified_gmt":"2024-07-27T21:53:48","slug":"urgences-orl","status":"publish","type":"page","link":"https:\/\/orl-chu-caen.fr\/?page_id=2600","title":{"rendered":"URGENCES ORL"},"content":{"rendered":"<p>[et_pb_section fb_built=\u00a0\u00bb1&Prime; fullwidth=\u00a0\u00bbon\u00a0\u00bb theme_builder_area=\u00a0\u00bbpost_content\u00a0\u00bb _builder_version=\u00a0\u00bb4.24.2&Prime; _module_preset=\u00a0\u00bbdefault\u00a0\u00bb][et_pb_fullwidth_header title=\u00a0\u00bbLES URGENCES ORL\u00a0\u00bb _builder_version=\u00a0\u00bb4.24.2&Prime; _module_preset=\u00a0\u00bbdefault\u00a0\u00bb theme_builder_area=\u00a0\u00bbpost_content\u00a0\u00bb background_color=\u00a0\u00bb#17547a\u00a0\u00bb hover_enabled=\u00a0\u00bb0&Prime; sticky_enabled=\u00a0\u00bb0&Prime; title_font=\u00a0\u00bbAbel||||||||\u00a0\u00bb title_text_align=\u00a0\u00bbcenter\u00a0\u00bb title_font_size=\u00a0\u00bb52px\u00a0\u00bb][\/et_pb_fullwidth_header][\/et_pb_section][et_pb_section fb_built=\u00a0\u00bb1&Prime; admin_label=\u00a0\u00bbsection\u00a0\u00bb _builder_version=\u00a0\u00bb4.16&Prime; global_colors_info=\u00a0\u00bb{}\u00a0\u00bb][et_pb_row admin_label=\u00a0\u00bbrow\u00a0\u00bb _builder_version=\u00a0\u00bb4.16&Prime; background_size=\u00a0\u00bbinitial\u00a0\u00bb background_position=\u00a0\u00bbtop_left\u00a0\u00bb background_repeat=\u00a0\u00bbrepeat\u00a0\u00bb global_colors_info=\u00a0\u00bb{}\u00a0\u00bb][et_pb_column type=\u00a0\u00bb4_4&Prime; _builder_version=\u00a0\u00bb4.16&Prime; custom_padding=\u00a0\u00bb|||\u00a0\u00bb global_colors_info=\u00a0\u00bb{}\u00a0\u00bb custom_padding__hover=\u00a0\u00bb|||\u00a0\u00bb][et_pb_text admin_label=\u00a0\u00bbText\u00a0\u00bb _builder_version=\u00a0\u00bb4.16&Prime; background_size=\u00a0\u00bbinitial\u00a0\u00bb background_position=\u00a0\u00bbtop_left\u00a0\u00bb background_repeat=\u00a0\u00bbrepeat\u00a0\u00bb global_colors_info=\u00a0\u00bb{}\u00a0\u00bb]<\/p>\n<h4>La Soci\u00e9t\u00e9 Fran\u00e7aise d&rsquo;ORL (SFORL) a \u00e9dit\u00e9 des fiches pour vous aider ainsi que votre entourage en cas de situation d&rsquo;urgence concernant une pathologie ORL<\/h4>\n<h4>Vous trouverez toutes les indications sur ce<a href=\"https:\/\/www.orlfrance.org\/urgences-orl\/\"> lien cliquable<\/a><\/h4>\n<p><a href=\"https:\/\/www.orlfrance.org\/urgences-orl\/\" rel=\"attachment wp-att-2601\"><img loading=\"lazy\" decoding=\"async\" class=\"aligncenter wp-image-2601\" src=\"https:\/\/orl-chu-caen.fr\/wp-content\/uploads\/2017\/12\/orl-france.png\" alt=\"orl france\" width=\"1028\" height=\"474\" srcset=\"https:\/\/orl-chu-caen.fr\/wp-content\/uploads\/2017\/12\/orl-france.png 1843w, https:\/\/orl-chu-caen.fr\/wp-content\/uploads\/2017\/12\/orl-france-300x139.png 300w, https:\/\/orl-chu-caen.fr\/wp-content\/uploads\/2017\/12\/orl-france-768x355.png 768w, https:\/\/orl-chu-caen.fr\/wp-content\/uploads\/2017\/12\/orl-france-1024x473.png 1024w\" sizes=\"(max-width: 1028px) 100vw, 1028px\" \/><\/a>[\/et_pb_text][\/et_pb_column][\/et_pb_row][\/et_pb_section]<\/p>\n","protected":false},"excerpt":{"rendered":"<p>La Soci\u00e9t\u00e9 Fran\u00e7aise d&rsquo;ORL (SFORL) a \u00e9dit\u00e9 des fiches pour vous aider ainsi que votre entourage en cas de situation d&rsquo;urgence concernant une pathologie ORL Vous trouverez toutes les indications sur ce lien cliquable<\/p>\n","protected":false},"author":1,"featured_media":2601,"parent":0,"menu_order":0,"comment_status":"closed","ping_status":"closed","template":"","meta":{"_et_pb_use_builder":"on","_et_pb_old_content":"<h4>La Soci\u00e9t\u00e9 Fran\u00e7aise d'ORL (SFORL) a \u00e9dit\u00e9 des fiches pour vous aider ainsi que votre entourage en cas de situation d'urgence concernant une pathologie ORL<\/h4>\r\n<h4>Vous trouverez toutes les indications sur ce<a href=\"https:\/\/www.orlfrance.org\/urgences-orl\/\"> lien cliquable<\/a><\/h4>\r\n<a href=\"https:\/\/www.orlfrance.org\/urgences-orl\/\" rel=\"attachment wp-att-2601\"><img class=\"aligncenter wp-image-2601\" src=\"http:\/\/orl-chu-caen.fr\/wp-content\/uploads\/2017\/12\/orl-france.png\" alt=\"orl france\" width=\"1028\" height=\"474\"><\/a>","_et_gb_content_width":"","ngg_post_thumbnail":0,"footnotes":""},"aioseo_notices":[],"_links":{"self":[{"href":"https:\/\/orl-chu-caen.fr\/index.php?rest_route=\/wp\/v2\/pages\/2600"}],"collection":[{"href":"https:\/\/orl-chu-caen.fr\/index.php?rest_route=\/wp\/v2\/pages"}],"about":[{"href":"https:\/\/orl-chu-caen.fr\/index.php?rest_route=\/wp\/v2\/types\/page"}],"author":[{"embeddable":true,"href":"https:\/\/orl-chu-caen.fr\/index.php?rest_route=\/wp\/v2\/users\/1"}],"replies":[{"embeddable":true,"href":"https:\/\/orl-chu-caen.fr\/index.php?rest_route=%2Fwp%2Fv2%2Fcomments&post=2600"}],"version-history":[{"count":5,"href":"https:\/\/orl-chu-caen.fr\/index.php?rest_route=\/wp\/v2\/pages\/2600\/revisions"}],"predecessor-version":[{"id":5414,"href":"https:\/\/orl-chu-caen.fr\/index.php?rest_route=\/wp\/v2\/pages\/2600\/revisions\/5414"}],"wp:featuredmedia":[{"embeddable":true,"href":"https:\/\/orl-chu-caen.fr\/index.php?rest_route=\/wp\/v2\/media\/2601"}],"wp:attachment":[{"href":"https:\/\/orl-chu-caen.fr\/index.php?rest_route=%2Fwp%2Fv2%2Fmedia&parent=2600"}],"curies":[{"name":"wp","href":"https:\/\/api.w.org\/{rel}","templated":true}]}}