{"id":2199,"date":"2017-05-06T22:41:12","date_gmt":"2017-05-06T20:41:12","guid":{"rendered":"http:\/\/orl-chu-caen.fr\/?page_id=2199"},"modified":"2019-11-17T23:19:18","modified_gmt":"2019-11-17T21:19:18","slug":"tumeurs-benignes-de-la-base-du-crane","status":"publish","type":"page","link":"https:\/\/orl-chu-caen.fr\/?page_id=2199","title":{"rendered":"TUMEURS BENIGNES DE LA BASE DU CRANE"},"content":{"rendered":"<p><span id=\"result_box\" class=\"\" lang=\"fr\"><span class=\"\">Les tumeurs b\u00e9nignes situ\u00e9es dans la r\u00e9gion de base du cr\u00e2ne peuvent causer des probl\u00e8mes importants.<\/span> Elles peuvent \u00eatre \u00e9galement difficiles \u00e0 diagnostiquer et \u00e0 traiter.<\/span><\/p>\n<p><span id=\"result_box\" class=\"\" lang=\"fr\">[spacer size=\u00a0\u00bb20&Prime;]<\/span><\/p>\n<p><span class=\"\">Les sp\u00e9cialistes de la chirurgie de la base de cr\u00e2ne du CHU de Caen sont qualifi\u00e9s pour d\u00e9terminer le type de tumeur, son emplacement pr\u00e9cis et la meilleure m\u00e9thode de traitement pour pr\u00e9server votre fonction.<\/span><\/p>\n<p><span class=\"\">Les tumeurs b\u00e9nignes de la base du cr\u00e2ne incluent:<\/span><\/p>\n<h3>&nbsp;<span id=\"result_box\" class=\"\" lang=\"fr\">[spacer size=\u00a0\u00bb20&Prime;]<\/span><\/h3>\n<ul>\n<li>\n<h4>Neurinomes de l&rsquo;acoustique<\/h4>\n<\/li>\n<li>\n<h4>M\u00e9ningiomes<\/h4>\n<\/li>\n<li>\n<h4>Paragangliomes du corpuscule carotidien<\/h4>\n<\/li>\n<li>\n<h4>Paragangliomes du glomus vaval<\/h4>\n<\/li>\n<li>\n<h4>Paragangliomes du glomus jugulaire<\/h4>\n<\/li>\n<li>\n<h4>Fibromes nasopharyng\u00e9s<\/h4>\n<\/li>\n<li>\n<h4>Schwannomes du trijumeau<\/h4>\n<\/li>\n<li>\n<h4>Schwannomes du vague<\/h4>\n<\/li>\n<li>\n<h4>Schwannome du formamen jugulaire<\/h4>\n<\/li>\n<\/ul>\n<h3>&nbsp;<\/h3>\n<h3>Les neurinomes de l\u2019acoustique<\/h3>\n<p>Ce sont des tumeurs b\u00e9nignes \u00e0 croissance lente d\u00e9velopp\u00e9es au d\u00e9pens du nerf vestibulaire reliant l\u2019oreille au cerveau. Aussi appel\u00e9 schwannomes vestibulaires, ces tumeurs peuvent cro\u00eetre et endommager le tronc c\u00e9r\u00e9bral et les nerfs cr\u00e2niens adjacents lors de &nbsp;leur d\u00e9veloppement. Les sympt\u00f4mes comprennent des troubles de l&rsquo;\u00e9quilibre ou des instabilit\u00e9s, une perte auditive et\/ou des bourdonnements (acouph\u00e8nes) dans l&rsquo;oreille affect\u00e9e.<\/p>\n<p>Le traitement comprend la surveillance radiologique, la chirurgie ou la radioth\u00e9rapie st\u00e9r\u00e9otaxique. La chirurgie est r\u00e9alis\u00e9e par les <a href=\"https:\/\/orl-chu-caen.fr\/?page_id=771\">membres de l\u2019\u00e9quipe du service ORL sp\u00e9cialis\u00e9s dans cette chirurgie<\/a>. Ensemble, ils d\u00e9cident de la meilleure fa\u00e7on d&rsquo;aborder et enlever la tumeur tout en pr\u00e9servant la fonction nerveuse du visage. Un surveillance de la&nbsp; de la fonction du nerf faciale (monitoring) est effectu\u00e9e pendant toute la dur\u00e9e de la chirurgie.<\/p>\n<p>Une autre option de traitement r\u00e9side dans la &nbsp;radiochirurgie st\u00e9r\u00e9otaxique, un type de radioth\u00e9rapie qui peut concentrer les rayons X \u00e0 haute puissance sur la tumeur.<\/p>\n<p>&nbsp;<\/p>\n<div id=\"attachment_2258\" style=\"width: 956px\" class=\"wp-caption aligncenter\"><a href=\"https:\/\/orl-chu-caen.fr\/?attachment_id=2258\" rel=\"attachment wp-att-2258\"><img loading=\"lazy\" decoding=\"async\" aria-describedby=\"caption-attachment-2258\" class=\"wp-image-2258\" src=\"https:\/\/orl-chu-caen.fr\/wp-content\/uploads\/2017\/05\/neurinome-jackler.png\" alt=\"neurinome jackler\" width=\"946\" height=\"300\" srcset=\"https:\/\/orl-chu-caen.fr\/wp-content\/uploads\/2017\/05\/neurinome-jackler.png 1151w, https:\/\/orl-chu-caen.fr\/wp-content\/uploads\/2017\/05\/neurinome-jackler-300x95.png 300w, https:\/\/orl-chu-caen.fr\/wp-content\/uploads\/2017\/05\/neurinome-jackler-768x244.png 768w, https:\/\/orl-chu-caen.fr\/wp-content\/uploads\/2017\/05\/neurinome-jackler-1024x325.png 1024w\" sizes=\"(max-width: 946px) 100vw, 946px\" \/><\/a><p id=\"caption-attachment-2258\" class=\"wp-caption-text\">Diff\u00e9rents stades du neurinome (d&rsquo;apr\u00e8s Jackler, ATLAS OF SKULL BASE SURGERY &amp; NEUROTOLOGY. Thieme. \u00a92009)<\/p><\/div>\n<p>&nbsp;<\/p>\n<div id=\"attachment_2381\" style=\"width: 353px\" class=\"wp-caption aligncenter\"><a href=\"https:\/\/orl-chu-caen.fr\/?attachment_id=2381\" rel=\"attachment wp-att-2381\"><img loading=\"lazy\" decoding=\"async\" aria-describedby=\"caption-attachment-2381\" class=\" wp-image-2381\" src=\"https:\/\/orl-chu-caen.fr\/wp-content\/uploads\/2017\/05\/NEURINOME-2gif.gif\" alt=\"IRM d 'un neurinome de l'acoustique droit\" width=\"343\" height=\"360\"><\/a><p id=\"caption-attachment-2381\" class=\"wp-caption-text\">IRM d &lsquo;un neurinome de l&rsquo;acoustique droit<\/p><\/div>\n<a href='https:\/\/www.youtube.com\/watch?v=2ogV6SqyTc4' class='small-button small#193f54'>Voir une vid\u00e9o de l&rsquo;intervention<\/a>\n<p><span id=\"result_box\" class=\"\" lang=\"fr\">[spacer size=\u00a0\u00bb20&Prime;]<\/span><\/p>\n<h3>Les m\u00e9ningiomes<\/h3>\n<p>Ces tumeurs se d\u00e9veloppent \u00e0 partir des m\u00e9ninges, les membranes qui entourent le cerveau et la colonne vert\u00e9brale. Ces tumeurs sont g\u00e9n\u00e9ralement b\u00e9nignes. Les sympt\u00f4mes varient selon l&rsquo;endroit o\u00f9 se trouve la tumeur et de sa taille (oreille, nez). Il peut affecter la vision et l&rsquo;ou\u00efe ou causer des probl\u00e8mes de m\u00e9moire.<\/p>\n<div id=\"attachment_2422\" style=\"width: 388px\" class=\"wp-caption aligncenter\"><a href=\"https:\/\/orl-chu-caen.fr\/?attachment_id=2422\" rel=\"attachment wp-att-2422\"><img loading=\"lazy\" decoding=\"async\" aria-describedby=\"caption-attachment-2422\" class=\" wp-image-2422\" src=\"https:\/\/orl-chu-caen.fr\/wp-content\/uploads\/2017\/05\/meningiome-apc.jpg\" alt=\"M\u00e9ningiome de l'angle pontoc\u00e9r\u00e9belleux gauche\" width=\"378\" height=\"448\" srcset=\"https:\/\/orl-chu-caen.fr\/wp-content\/uploads\/2017\/05\/meningiome-apc.jpg 501w, https:\/\/orl-chu-caen.fr\/wp-content\/uploads\/2017\/05\/meningiome-apc-253x300.jpg 253w\" sizes=\"(max-width: 378px) 100vw, 378px\" \/><\/a><p id=\"caption-attachment-2422\" class=\"wp-caption-text\">M\u00e9ningiome de l&rsquo;angle pontoc\u00e9r\u00e9belleux gauche<\/p><\/div>\n<p>Le traitement d&rsquo;un m\u00e9ningiome comprend la surveillance radiologique de la tumeur, une intervention chirurgicale souvent en association avec l\u2019\u00e9quipe de neurochirurgie pour son ex\u00e9r\u00e8se, ou la radiochirurgie st\u00e9r\u00e9otaxique. Si la tumeur est \u00e0 l&rsquo;origine de sympt\u00f4mes, tels que des vertiges ou une perte auditive, ou s\u2019il grandi lors du suivi radiologique, une ex\u00e9r\u00e8se est r\u00e9alis\u00e9e.<\/p>\n<p>Certains patients ont \u00e9galement besoin de radiochirurgie comme traitement primaire ou d&rsquo;appoint.<\/p>\n<p><span id=\"result_box\" class=\"\" lang=\"fr\">[spacer size=\u00a0\u00bb20&Prime;]<\/span><\/p>\n<a href='https:\/\/www.youtube.com\/watch?v=U5gMJk4z4UM&#038;t=16s' class='small-button small#193f54'>Voir une vid\u00e9o de l&rsquo;intervention<\/a>\n<p><span id=\"result_box\" class=\"\" lang=\"fr\">[spacer size=\u00a0\u00bb20&Prime;]<\/span><\/p>\n<h3>Les paragangliomes<\/h3>\n<p>Ce sont des tumeurs rares qui se forment pr\u00e8s de l&rsquo;art\u00e8re carotide, la veine jugulaire ou le long des voies nerveuses de la t\u00eate et du cou. Certains paragangliomes s\u00e9cr\u00e8tent des cat\u00e9cholamines &#8211; des hormones produites habituellement par les glandes surr\u00e9nales &#8211; appel\u00e9e adr\u00e9naline et noradr\u00e9naline. La lib\u00e9ration de ces cat\u00e9cholamines dans le sang peut provoquer des sympt\u00f4mes tels que hypertension art\u00e9rielle, maux de t\u00eate, transpiration, rythme cardiaque rapide ou irr\u00e9gulier, p\u00e2leur et tremblements.<br \/>\nLes paragngliommes peuvent \u00eatre de deux types&nbsp;: sporadiques, ou familliaux. Dans ce dernier cas ils touchent plusieurs personnes de la m\u00eame famille, surviennent chez des patients plus jeunes et sont souvent multiples.<br \/>\nLe traitement consiste habituellement en l\u2019ex\u00e9r\u00e8se compl\u00e8te de la tumeur par le chirurgien ORL.<\/p>\n<div id=\"attachment_2260\" style=\"width: 512px\" class=\"wp-caption aligncenter\"><a href=\"https:\/\/orl-chu-caen.fr\/?attachment_id=2260\" rel=\"attachment wp-att-2260\"><img loading=\"lazy\" decoding=\"async\" aria-describedby=\"caption-attachment-2260\" class=\" wp-image-2260\" src=\"https:\/\/orl-chu-caen.fr\/wp-content\/uploads\/2017\/05\/paragangliomme.png\" alt=\"Localisation d'un paragnagliome du foramen jugulaire (d'apr\u00e8s JacklerFrom ATLAS OF SKULL BASE SURGERY &amp; NEUROTOLOGY. Thieme. \u00a92009 )\" width=\"502\" height=\"404\" srcset=\"https:\/\/orl-chu-caen.fr\/wp-content\/uploads\/2017\/05\/paragangliomme.png 703w, https:\/\/orl-chu-caen.fr\/wp-content\/uploads\/2017\/05\/paragangliomme-300x241.png 300w\" sizes=\"(max-width: 502px) 100vw, 502px\" \/><\/a><p id=\"caption-attachment-2260\" class=\"wp-caption-text\">Localisation d&rsquo;un paragangliome du foramen jugulaire (d&rsquo;apr\u00e8s Jackler, ATLAS OF SKULL BASE SURGERY &amp; NEUROTOLOGY. Thieme. \u00a92009 )<\/p><\/div>\n<p><span id=\"result_box\" class=\"\" lang=\"fr\">[spacer size=\u00a0\u00bb20&Prime;]<\/span><\/p>\n<p>Plusieurs forment cliniques existent&nbsp;:<\/p>\n<p><strong>Les tumeurs du corpuscule carotidien<\/strong>, qui sont une entit\u00e9 rare et \u00e0 croissance lente . La symptomatologie est celle d\u2019une masse cervicale pulsatile. Les tumeurs du corps carotidien peuvent \u00eatre trait\u00e9s par chirurgie le plus souvent ou la radioth\u00e9rapie, mais moins souvent.<\/p>\n<p><strong>Les tumeurs du Glomus vagal<\/strong> sont des excroissances qui proviennent dans les corps glomiques pr\u00e8s du nerf vague (ou X), le plus long des nerfs cr\u00e2niens. Les sympt\u00f4mes comprennent la paralysie des cordes vocales, des acouph\u00e8ne pulsatiles ou des troubles de la d\u00e9glutition.<br \/>\nEn r\u00e8gle g\u00e9n\u00e9rale, la chirurgie par un ORL est recommand\u00e9 et permet d&rsquo;enlever la tumeur. Si la tumeur se prolonge dans le cerveau, neurochirurgien aide \u00e0 la r\u00e9section de la tumeur.<br \/>\n<strong>Les tumeurs Glomus jugulaire<\/strong> sont rares. Il s\u2019agit de tumeurs \u00e0 croissance lente qui commencent dans l&rsquo;os temporal (os de l&rsquo;oreille) et se propagent \u00e0 travers l&rsquo;oreille. Les sympt\u00f4mes les plus courants sont des acouph\u00e8nes pulsatiles ou une perte auditive. La tumeur peut se propager par la suite vers le cerveau, le nerf facial et l&rsquo;oreille interne, affectant l&rsquo;audition et de l&rsquo;\u00e9quilibre.<\/p>\n<div id=\"attachment_2383\" style=\"width: 411px\" class=\"wp-caption aligncenter\"><a href=\"https:\/\/orl-chu-caen.fr\/?attachment_id=2383\" rel=\"attachment wp-att-2383\"><img loading=\"lazy\" decoding=\"async\" aria-describedby=\"caption-attachment-2383\" class=\" wp-image-2383\" src=\"https:\/\/orl-chu-caen.fr\/wp-content\/uploads\/2017\/05\/paragangliome-oreillegif.gif\" alt=\"Scanner d'un paragangliome jugulaire gauche\" width=\"401\" height=\"401\"><\/a><p id=\"caption-attachment-2383\" class=\"wp-caption-text\">Scanner d&rsquo;un paragangliome jugulaire gauche<\/p><\/div>\n<p>Ces tumeurs sont trait\u00e9es chirurgicalement par les membres de l\u2019\u00e9quipe ORL ou par radiochirurgie st\u00e9r\u00e9otaxique si elles sont tr\u00e8s petites.<\/p>\n<p><span id=\"result_box\" class=\"\" lang=\"fr\">[spacer size=\u00a0\u00bb20&Prime;]<\/span><\/p>\n<h3>Les Fibromes nasopharyng\u00e9s<\/h3>\n<p>Ce sont des tumeurs non canc\u00e9reuses de la cavit\u00e9 nasale qui affecte presque exclusivement les adolescents de sexe masculin. Il peut \u00e9galement \u00eatre appel\u00e9 angiofibrome juv\u00e9nile du nasopharynx.<\/p>\n<p>Le traitement de ces l\u00e9sions est chirurgical. La chirurgie est g\u00e9n\u00e9ralement effectu\u00e9e par voie endoscopique (chirurgie endoscopique endonasale) par <a href=\"https:\/\/orl-chu-caen.fr\/?page_id=771\">les membres de l\u2019\u00e9quipe ORL<\/a> .<\/p>\n<div id=\"attachment_2420\" style=\"width: 382px\" class=\"wp-caption aligncenter\"><a href=\"https:\/\/orl-chu-caen.fr\/?attachment_id=2420\" rel=\"attachment wp-att-2420\"><img loading=\"lazy\" decoding=\"async\" aria-describedby=\"caption-attachment-2420\" class=\" wp-image-2420\" src=\"https:\/\/orl-chu-caen.fr\/wp-content\/uploads\/2017\/05\/fibrome.jpg\" alt=\"Fibrome nasopharyng\u00e9 gauche\" width=\"372\" height=\"380\" srcset=\"https:\/\/orl-chu-caen.fr\/wp-content\/uploads\/2017\/05\/fibrome.jpg 581w, https:\/\/orl-chu-caen.fr\/wp-content\/uploads\/2017\/05\/fibrome-293x300.jpg 293w\" sizes=\"(max-width: 372px) 100vw, 372px\" \/><\/a><p id=\"caption-attachment-2420\" class=\"wp-caption-text\">Fibrome nasopharyng\u00e9 gauche<\/p><\/div>\n<p>Lorsque l\u2019ex\u00e9r\u00e8se chirurgicale est impossible, ce qui est extr\u00eamement rare, la radioth\u00e9rapie est recommand\u00e9e. Des m\u00e9dicaments sont parfois utilis\u00e9s pour r\u00e9duire la taille de la tumeur.<\/p>\n<p><span id=\"result_box\" class=\"\" lang=\"fr\">[spacer size=\u00a0\u00bb20&Prime;]<\/span><\/p>\n<h3>Les schwannomes du trijumeau<\/h3>\n<p>Ce sont des tumeurs rares. Il s\u2019agit de tumeurs non canc\u00e9reuses du nerf qui fournit la sensibilit\u00e9 sur le visage (nerf trijumeau ou Vi\u00e8me nerf cr\u00e2nien). Ces tumeurs ont tendance \u00e0 cro\u00eetre lentement et provoquer un engourdissement du visage.<\/p>\n<p>La chirurgie est le traitement le plus courant, bien que certains peuvent \u00eatre trait\u00e9s avec radiochirurgie st\u00e9r\u00e9otaxique ou observation.<\/p>\n<div id=\"attachment_2416\" style=\"width: 400px\" class=\"wp-caption aligncenter\"><a href=\"https:\/\/orl-chu-caen.fr\/?attachment_id=2416\" rel=\"attachment wp-att-2416\"><img loading=\"lazy\" decoding=\"async\" aria-describedby=\"caption-attachment-2416\" class=\"wp-image-2416\" src=\"https:\/\/orl-chu-caen.fr\/wp-content\/uploads\/2017\/05\/schwanome-v.jpg\" alt=\"schwanome v\" width=\"390\" height=\"390\" srcset=\"https:\/\/orl-chu-caen.fr\/wp-content\/uploads\/2017\/05\/schwanome-v.jpg 594w, https:\/\/orl-chu-caen.fr\/wp-content\/uploads\/2017\/05\/schwanome-v-150x150.jpg 150w, https:\/\/orl-chu-caen.fr\/wp-content\/uploads\/2017\/05\/schwanome-v-300x300.jpg 300w\" sizes=\"(max-width: 390px) 100vw, 390px\" \/><\/a><p id=\"caption-attachment-2416\" class=\"wp-caption-text\">Schwannome du trijumeau gauche<\/p><\/div>\n<div id=\"attachment_2417\" style=\"width: 404px\" class=\"wp-caption aligncenter\"><a href=\"https:\/\/orl-chu-caen.fr\/?attachment_id=2417\" rel=\"attachment wp-att-2417\"><img loading=\"lazy\" decoding=\"async\" aria-describedby=\"caption-attachment-2417\" class=\" wp-image-2417\" src=\"https:\/\/orl-chu-caen.fr\/wp-content\/uploads\/2017\/05\/fit-axial-schwannom.jpg\" alt=\"Schannome du trijumeau gauche\" width=\"394\" height=\"277\" srcset=\"https:\/\/orl-chu-caen.fr\/wp-content\/uploads\/2017\/05\/fit-axial-schwannom.jpg 843w, https:\/\/orl-chu-caen.fr\/wp-content\/uploads\/2017\/05\/fit-axial-schwannom-300x211.jpg 300w, https:\/\/orl-chu-caen.fr\/wp-content\/uploads\/2017\/05\/fit-axial-schwannom-768x541.jpg 768w\" sizes=\"(max-width: 394px) 100vw, 394px\" \/><\/a><p id=\"caption-attachment-2417\" class=\"wp-caption-text\">Scwhannome du trijumeau gauche<\/p><\/div>\n<p><span id=\"result_box\" class=\"\" lang=\"fr\">[spacer size=\u00a0\u00bb20&Prime;]<\/span><\/p>\n<h3>Les schwannomes du vague<\/h3>\n<p>Ce sont des tumeurs du nerf vague (Xi\u00e8me nerf cr\u00e2nien), qui contr\u00f4le la corde vocale, entre autres fonctions.<\/p>\n<p>Ces tumeurs sont le plus souvent trait\u00e9s par chirurgie par l\u2019ORL, bien que certains patients plus \u00e2g\u00e9s avec une bonne fonction des cordes vocales peuvent \u00eatre observ\u00e9es et donc ne pas \u00eatre op\u00e9r\u00e9s. Chez certains patients, certaines de ces tumeurs peuvent \u00eatre trait\u00e9es par radiochirurgie st\u00e9r\u00e9otaxique.<\/p>\n<p><span id=\"result_box\" class=\"\" lang=\"fr\">[spacer size=\u00a0\u00bb20&Prime;]<\/span><\/p>\n<a href='https:\/\/www.youtube.com\/watch?v=tEKI-mPwZNE&#038;t=46s' class='small-button small#193f54'>Voir une vid\u00e9o de l&rsquo;intervention<\/a>\n<p><span id=\"result_box\" class=\"\" lang=\"fr\">&nbsp;<\/span><\/p>\n<p><span id=\"result_box\" class=\"\" lang=\"fr\">[spacer size=\u00a0\u00bb20&Prime;]<\/span><\/p>\n<h3>Les schwannomes du foramen jugulaire<\/h3>\n<p>Ce sont des tumeurs intracr\u00e2niennes rares impliquant le foramen jugulaire, qui est une grande ouverture de la&nbsp; base du cr\u00e2ne laissant passer les nerfs cr\u00e2niens inf\u00e9rieurs et les grandes structures vasculaires (IX, X et XIi\u00e8me nerfs cr\u00e2niens et veine jugulaire). Ce type de tumeur est g\u00e9n\u00e9ralement \u00e0 croissance lente.<\/p>\n<p>La chirurgie est souvent le traitement de choix.<\/p>\n<p>&nbsp;<\/p>\n","protected":false},"excerpt":{"rendered":"<p>Les tumeurs b\u00e9nignes situ\u00e9es dans la r\u00e9gion de base du cr\u00e2ne peuvent causer des probl\u00e8mes importants. Elles peuvent \u00eatre \u00e9galement difficiles \u00e0 diagnostiquer et \u00e0 traiter. [spacer size=\u00a0\u00bb20&Prime;] Les sp\u00e9cialistes de la chirurgie de la base de cr\u00e2ne du CHU de Caen sont qualifi\u00e9s pour d\u00e9terminer le type de tumeur, son emplacement pr\u00e9cis et la [&hellip;]<\/p>\n","protected":false},"author":1,"featured_media":0,"parent":0,"menu_order":0,"comment_status":"closed","ping_status":"closed","template":"","meta":{"_et_pb_use_builder":"","_et_pb_old_content":"","_et_gb_content_width":"","ngg_post_thumbnail":0,"footnotes":""},"aioseo_notices":[],"_links":{"self":[{"href":"https:\/\/orl-chu-caen.fr\/index.php?rest_route=\/wp\/v2\/pages\/2199"}],"collection":[{"href":"https:\/\/orl-chu-caen.fr\/index.php?rest_route=\/wp\/v2\/pages"}],"about":[{"href":"https:\/\/orl-chu-caen.fr\/index.php?rest_route=\/wp\/v2\/types\/page"}],"author":[{"embeddable":true,"href":"https:\/\/orl-chu-caen.fr\/index.php?rest_route=\/wp\/v2\/users\/1"}],"replies":[{"embeddable":true,"href":"https:\/\/orl-chu-caen.fr\/index.php?rest_route=%2Fwp%2Fv2%2Fcomments&post=2199"}],"version-history":[{"count":31,"href":"https:\/\/orl-chu-caen.fr\/index.php?rest_route=\/wp\/v2\/pages\/2199\/revisions"}],"predecessor-version":[{"id":3118,"href":"https:\/\/orl-chu-caen.fr\/index.php?rest_route=\/wp\/v2\/pages\/2199\/revisions\/3118"}],"wp:attachment":[{"href":"https:\/\/orl-chu-caen.fr\/index.php?rest_route=%2Fwp%2Fv2%2Fmedia&parent=2199"}],"curies":[{"name":"wp","href":"https:\/\/api.w.org\/{rel}","templated":true}]}}