{"id":1373,"date":"2014-12-27T20:00:33","date_gmt":"2014-12-27T18:00:33","guid":{"rendered":"http:\/\/orl-chu-caen.fr\/?page_id=1373"},"modified":"2024-07-27T23:52:21","modified_gmt":"2024-07-27T21:52:21","slug":"videos-en-ligne","status":"publish","type":"page","link":"https:\/\/orl-chu-caen.fr\/?page_id=1373","title":{"rendered":"VIDEOS EN LIGNE"},"content":{"rendered":"<p>[et_pb_section fb_built=\u00a0\u00bb1&Prime; fullwidth=\u00a0\u00bbon\u00a0\u00bb theme_builder_area=\u00a0\u00bbpost_content\u00a0\u00bb _builder_version=\u00a0\u00bb4.24.2&Prime; _module_preset=\u00a0\u00bbdefault\u00a0\u00bb][et_pb_fullwidth_header title=\u00a0\u00bbVIDEOS EN LIGNE\u00a0\u00bb _builder_version=\u00a0\u00bb4.24.2&Prime; _module_preset=\u00a0\u00bbdefault\u00a0\u00bb theme_builder_area=\u00a0\u00bbpost_content\u00a0\u00bb background_color=\u00a0\u00bb#17547a\u00a0\u00bb hover_enabled=\u00a0\u00bb0&Prime; sticky_enabled=\u00a0\u00bb0&Prime; title_text_align=\u00a0\u00bbcenter\u00a0\u00bb title_font=\u00a0\u00bbAbel||||||||\u00a0\u00bb title_font_size=\u00a0\u00bb51px\u00a0\u00bb][\/et_pb_fullwidth_header][\/et_pb_section][et_pb_section fb_built=\u00a0\u00bb1&Prime; admin_label=\u00a0\u00bbsection\u00a0\u00bb _builder_version=\u00a0\u00bb4.16&Prime; global_colors_info=\u00a0\u00bb{}\u00a0\u00bb][et_pb_row admin_label=\u00a0\u00bbrow\u00a0\u00bb _builder_version=\u00a0\u00bb4.16&Prime; background_size=\u00a0\u00bbinitial\u00a0\u00bb background_position=\u00a0\u00bbtop_left\u00a0\u00bb background_repeat=\u00a0\u00bbrepeat\u00a0\u00bb global_colors_info=\u00a0\u00bb{}\u00a0\u00bb][et_pb_column type=\u00a0\u00bb4_4&Prime; _builder_version=\u00a0\u00bb4.16&Prime; custom_padding=\u00a0\u00bb|||\u00a0\u00bb global_colors_info=\u00a0\u00bb{}\u00a0\u00bb custom_padding__hover=\u00a0\u00bb|||\u00a0\u00bb][et_pb_text admin_label=\u00a0\u00bbText\u00a0\u00bb _builder_version=\u00a0\u00bb4.16&Prime; background_size=\u00a0\u00bbinitial\u00a0\u00bb background_position=\u00a0\u00bbtop_left\u00a0\u00bb background_repeat=\u00a0\u00bbrepeat\u00a0\u00bb global_colors_info=\u00a0\u00bb{}\u00a0\u00bb]Vous pouvez trouver sur le site You Tube des vid\u00e9os montrant certaines techniques chirurgicales r\u00e9alis\u00e9es dans le service.<\/p>\n<p>Cliquez sur l &lsquo;image pour acc\u00e9der au site.<\/p>\n<p><a href=\"https:\/\/www.youtube.com\/channel\/UCsBRW2wwZRO0VMhQJunB9nA\"><img loading=\"lazy\" decoding=\"async\" class=\"aligncenter size-full wp-image-1374\" src=\"https:\/\/orl-chu-caen.fr\/wp-content\/uploads\/2014\/12\/video-en-lign.png\" alt=\"video en lign\" width=\"1597\" height=\"765\" srcset=\"https:\/\/orl-chu-caen.fr\/wp-content\/uploads\/2014\/12\/video-en-lign.png 1597w, https:\/\/orl-chu-caen.fr\/wp-content\/uploads\/2014\/12\/video-en-lign-300x143.png 300w, https:\/\/orl-chu-caen.fr\/wp-content\/uploads\/2014\/12\/video-en-lign-1024x490.png 1024w\" sizes=\"(max-width: 1597px) 100vw, 1597px\" \/><\/a>[\/et_pb_text][\/et_pb_column][\/et_pb_row][\/et_pb_section]<\/p>\n","protected":false},"excerpt":{"rendered":"<p>Vous pouvez trouver sur le site You Tube des vid\u00e9os montrant certaines techniques chirurgicales r\u00e9alis\u00e9es dans le service. Cliquez sur l &lsquo;image pour acc\u00e9der au site.<\/p>\n","protected":false},"author":1,"featured_media":0,"parent":118,"menu_order":0,"comment_status":"closed","ping_status":"open","template":"","meta":{"_et_pb_use_builder":"on","_et_pb_old_content":"Vous pouvez trouver sur le site You Tube des vid\u00e9os montrant certaines techniques chirurgicales r\u00e9alis\u00e9es dans le service.\r\n\r\nCliquez sur l 'image pour acc\u00e9der au site.\r\n\r\n<a href=\"https:\/\/www.youtube.com\/channel\/UCsBRW2wwZRO0VMhQJunB9nA\"><img class=\"aligncenter size-full wp-image-1374\" src=\"http:\/\/orl-chu-caen.fr\/wp-content\/uploads\/2014\/12\/video-en-lign.png\" alt=\"video en lign\" width=\"1597\" height=\"765\" \/><\/a>","_et_gb_content_width":"","ngg_post_thumbnail":0,"footnotes":""},"aioseo_notices":[],"_links":{"self":[{"href":"https:\/\/orl-chu-caen.fr\/index.php?rest_route=\/wp\/v2\/pages\/1373"}],"collection":[{"href":"https:\/\/orl-chu-caen.fr\/index.php?rest_route=\/wp\/v2\/pages"}],"about":[{"href":"https:\/\/orl-chu-caen.fr\/index.php?rest_route=\/wp\/v2\/types\/page"}],"author":[{"embeddable":true,"href":"https:\/\/orl-chu-caen.fr\/index.php?rest_route=\/wp\/v2\/users\/1"}],"replies":[{"embeddable":true,"href":"https:\/\/orl-chu-caen.fr\/index.php?rest_route=%2Fwp%2Fv2%2Fcomments&post=1373"}],"version-history":[{"count":4,"href":"https:\/\/orl-chu-caen.fr\/index.php?rest_route=\/wp\/v2\/pages\/1373\/revisions"}],"predecessor-version":[{"id":5411,"href":"https:\/\/orl-chu-caen.fr\/index.php?rest_route=\/wp\/v2\/pages\/1373\/revisions\/5411"}],"up":[{"embeddable":true,"href":"https:\/\/orl-chu-caen.fr\/index.php?rest_route=\/wp\/v2\/pages\/118"}],"wp:attachment":[{"href":"https:\/\/orl-chu-caen.fr\/index.php?rest_route=%2Fwp%2Fv2%2Fmedia&parent=1373"}],"curies":[{"name":"wp","href":"https:\/\/api.w.org\/{rel}","templated":true}]}}