{"id":1230,"date":"2014-08-18T13:40:19","date_gmt":"2014-08-18T11:40:19","guid":{"rendered":"http:\/\/orl-chu-caen.fr\/?page_id=1230"},"modified":"2014-08-18T13:45:22","modified_gmt":"2014-08-18T11:45:22","slug":"conseil-de-lordre-des-medecins","status":"publish","type":"page","link":"https:\/\/orl-chu-caen.fr\/?page_id=1230","title":{"rendered":"Conseil de l&rsquo;Ordre des M\u00e9decins"},"content":{"rendered":"<p>&nbsp;<\/p>\n<p><a href=\"http:\/\/www.conseil-national.medecin.fr\/\">Liens vers l&rsquo;Annuaire des M\u00e9decins inscrits au Conseil de l&rsquo;Orde<\/a><\/p>\n<p><a href=\"http:\/\/www.conseil-national.medecin.fr\/e-sante\/e-sante-1138\">Liens vers la page e-sant\u00e9 du Conseil de l&rsquo;Ordre<\/a><\/p>\n<p><a href=\"https:\/\/orl-chu-caen.fr\/wp-content\/uploads\/2014\/08\/charte_extrait_a_publier_sur_le_site_pro.pdf\">Liens vers la Charte applicable aux sites m\u00e9decins<\/a><\/p>\n<p><span style=\"color: #ffffff;\">.<\/span><\/p>\n<h3 align=\"left\"><span style=\"font-size: large;\">Charte applicable aux sites professionnels de m\u00e9decins <\/span><\/h3>\n<h5>Texte d\u2019information \u00e0 afficher sur le site professionnel<\/h5>\n<p style=\"text-align: justify;\" align=\"left\">\u00a0<em>\u00ab Le Conseil national de l\u2019Ordre des m\u00e9decins invite les internautes \u00e0 faire preuve d\u2019esprit critique sur toutes les publications en ligne. La confiance que nos concitoyens accordent aux informations \u00e9manant du corps m\u00e9dical doit donc \u00eatre soutenue avec une attention particuli\u00e8re. C\u2019est la raison pour laquelle <strong>le CNOM a demand\u00e9 \u00e0 tous les m\u00e9decins qui publient leur propre site professionnel d\u2019afficher les points qui suivent : <\/strong><\/em><\/p>\n<p style=\"text-align: justify;\">\u00a0<\/p>\n<p style=\"text-align: justify;\">1. L\u2019internaute doit pouvoir s\u2019assurer que le site publiant des informations en sant\u00e9 est celui d\u2019un m\u00e9decin, s\u2019il se pr\u00e9sente comme tel. Le site professionnel du m\u00e9decin doit faire appara\u00eetre, dans la page d\u2019accueil, un lien avec la rubrique Annuaire du site web du CNOM et un lien vers la page d\u00e9di\u00e9e sur le site public du CNOM qui affiche les publications et recommandations ordinales relatives \u00e0 la d\u00e9ontologie m\u00e9dicale sur le web.<\/p>\n<p style=\"text-align: justify;\">\u00a0<\/p>\n<p style=\"text-align: justify;\">2. Le site professionnel du m\u00e9decin doit fournir des informations pratiques sur l\u2019adresse, la sp\u00e9cialit\u00e9, les titres reconnus, le mode d\u2019exercice, les \u00e9tablissements de sant\u00e9 dans lesquels il intervient, les acc\u00e8s, la situation vis-\u00e0-vis des organismes de protection sociale.<\/p>\n<p style=\"text-align: justify;\">\u00a0<\/p>\n<p style=\"text-align: justify;\">3. Quand des informations en sant\u00e9 sont publi\u00e9es sur ce site, les explications doivent \u00eatre de nature purement informative sur les maladies, la pr\u00e9vention, les traitements, les techniques pratiqu\u00e9es. Le m\u00e9decin doit pr\u00e9senter de fa\u00e7on objective les avantages et les \u00e9ventuels inconv\u00e9nients des actes, prescriptions, interventions. Il doit le faire de fa\u00e7on simple et p\u00e9dagogique, et indiquer, le cas \u00e9ch\u00e9ant, ses sources et r\u00e9f\u00e9rences. Ces informations publiques peuvent venir compl\u00e9ter utilement celles qui auront \u00e9t\u00e9 pr\u00e9alablement donn\u00e9es \u00e0 un patient lors d\u2019une consultation. Dans ce cas, elles ne peuvent pas avoir vocation \u00e0 les remplacer. Les dates de publication et\/ou de mise \u00e0 jour doivent \u00eatre mentionn\u00e9es.<\/p>\n<p style=\"text-align: justify;\">\u00a0<\/p>\n<p style=\"text-align: justify;\">4. Lorsque le m\u00e9decin n\u2019est pas \u00e0 m\u00eame d\u2019assurer lui-m\u00eame des mises \u00e0 jour r\u00e9guli\u00e8res sur son site professionnel, le CNOM recommande que les informations soient alors pr\u00e9f\u00e9rentiellement d\u00e9livr\u00e9es par la cr\u00e9ation de liens vers des sites d\u2019informations du grand public qui n\u2019ont aucun int\u00e9r\u00eat de nature marchande.<\/p>\n<p style=\"text-align: justify;\">\u00a0<\/p>\n<p style=\"text-align: justify;\">5. Lorsque le site publie, \u00e0 titre d\u2019illustration des propos, des images ou des photographies, aucune identification des personnes ne doit \u00eatre possible. Ces documents ne doivent pas avoir une pr\u00e9sentation qui serait de nature \u00e0 laisser croire que le r\u00e9sultat escompt\u00e9 sera obtenu, ce qui serait une tromperie, quel que soit le domaine m\u00e9dical ou chirurgical concern\u00e9.<\/p>\n<p style=\"text-align: justify;\">\u00a0<\/p>\n<p style=\"text-align: justify;\">6. Le site ne doit pas faire de publicit\u00e9, ni directe ni indirecte, pour le m\u00e9decin<\/p>\n<p style=\"text-align: justify;\"><span style=\"font-size: medium;\">1ou pour les organismes auxquels il pr\u00eaterait son concours2.<\/span><\/p>\n<p style=\"text-align: justify;\">7. Le site professionnel du m\u00e9decin doit respecter strictement la confidentialit\u00e9 des donn\u00e9es personnelles recueillies.<\/p>\n<p style=\"text-align: justify;\"><span style=\"font-size: medium;\"><em>Le m\u00e9decin doit d\u00e9clarer sur ce site ses liens d\u2019int\u00e9r\u00eats avec toute firme en relation avec le domaine de la sant\u00e9 et du soin. Le cas \u00e9ch\u00e9ant, il pr\u00e9cise le financement du site et celui de sa maintenance. <\/em><\/span><\/p>\n<p style=\"text-align: justify;\">1<span style=\"font-size: medium;\">Art. R.4127-19 du Code de la sant\u00e9 publique<\/span><\/p>\n<p style=\"text-align: justify;\">2<span style=\"font-size: medium;\">Art. R. 4127-20 du Code de la sant\u00e9 publique <\/span><\/p>\n","protected":false},"excerpt":{"rendered":"<p>&nbsp; Liens vers l&rsquo;Annuaire des M\u00e9decins inscrits au Conseil de l&rsquo;Orde Liens vers la page e-sant\u00e9 du Conseil de l&rsquo;Ordre Liens vers la Charte applicable aux sites m\u00e9decins . Charte applicable aux sites professionnels de m\u00e9decins Texte d\u2019information \u00e0 afficher sur le site professionnel \u00a0\u00ab Le Conseil national de l\u2019Ordre des m\u00e9decins invite les internautes [&hellip;]<\/p>\n","protected":false},"author":1,"featured_media":0,"parent":0,"menu_order":0,"comment_status":"closed","ping_status":"open","template":"","meta":{"_et_pb_use_builder":"","_et_pb_old_content":"","_et_gb_content_width":"","ngg_post_thumbnail":0,"footnotes":""},"aioseo_notices":[],"_links":{"self":[{"href":"https:\/\/orl-chu-caen.fr\/index.php?rest_route=\/wp\/v2\/pages\/1230"}],"collection":[{"href":"https:\/\/orl-chu-caen.fr\/index.php?rest_route=\/wp\/v2\/pages"}],"about":[{"href":"https:\/\/orl-chu-caen.fr\/index.php?rest_route=\/wp\/v2\/types\/page"}],"author":[{"embeddable":true,"href":"https:\/\/orl-chu-caen.fr\/index.php?rest_route=\/wp\/v2\/users\/1"}],"replies":[{"embeddable":true,"href":"https:\/\/orl-chu-caen.fr\/index.php?rest_route=%2Fwp%2Fv2%2Fcomments&post=1230"}],"version-history":[{"count":5,"href":"https:\/\/orl-chu-caen.fr\/index.php?rest_route=\/wp\/v2\/pages\/1230\/revisions"}],"predecessor-version":[{"id":1238,"href":"https:\/\/orl-chu-caen.fr\/index.php?rest_route=\/wp\/v2\/pages\/1230\/revisions\/1238"}],"wp:attachment":[{"href":"https:\/\/orl-chu-caen.fr\/index.php?rest_route=%2Fwp%2Fv2%2Fmedia&parent=1230"}],"curies":[{"name":"wp","href":"https:\/\/api.w.org\/{rel}","templated":true}]}}