{"id":118,"date":"2014-07-22T23:38:14","date_gmt":"2014-07-22T21:38:14","guid":{"rendered":"http:\/\/orl-chu-caen.fr\/?page_id=118"},"modified":"2024-08-16T08:49:34","modified_gmt":"2024-08-16T06:49:34","slug":"la-formation","status":"publish","type":"page","link":"https:\/\/orl-chu-caen.fr\/?page_id=118","title":{"rendered":"LA FORMATION"},"content":{"rendered":"<p>[et_pb_section fb_built=\u00a0\u00bb1&Prime; fullwidth=\u00a0\u00bbon\u00a0\u00bb _builder_version=\u00a0\u00bb4.24.2&Prime; _module_preset=\u00a0\u00bbdefault\u00a0\u00bb global_colors_info=\u00a0\u00bb{}\u00a0\u00bb][et_pb_fullwidth_header title=\u00a0\u00bbLA FORMATION UNIVERSITAIRE\u00a0\u00bb _builder_version=\u00a0\u00bb4.24.2&Prime; _module_preset=\u00a0\u00bbdefault\u00a0\u00bb title_font=\u00a0\u00bbAbel||||||||\u00a0\u00bb title_text_align=\u00a0\u00bbcenter\u00a0\u00bb title_font_size=\u00a0\u00bb52px\u00a0\u00bb background_color=\u00a0\u00bb#17547a\u00a0\u00bb global_colors_info=\u00a0\u00bb{}\u00a0\u00bb][\/et_pb_fullwidth_header][\/et_pb_section][et_pb_section fb_built=\u00a0\u00bb1&Prime; admin_label=\u00a0\u00bbsection\u00a0\u00bb _builder_version=\u00a0\u00bb4.16&Prime; global_colors_info=\u00a0\u00bb{}\u00a0\u00bb][et_pb_row admin_label=\u00a0\u00bbrow\u00a0\u00bb _builder_version=\u00a0\u00bb4.16&Prime; background_size=\u00a0\u00bbinitial\u00a0\u00bb background_position=\u00a0\u00bbtop_left\u00a0\u00bb background_repeat=\u00a0\u00bbrepeat\u00a0\u00bb global_colors_info=\u00a0\u00bb{}\u00a0\u00bb][et_pb_column type=\u00a0\u00bb4_4&Prime; _builder_version=\u00a0\u00bb4.16&Prime; custom_padding=\u00a0\u00bb|||\u00a0\u00bb global_colors_info=\u00a0\u00bb{}\u00a0\u00bb custom_padding__hover=\u00a0\u00bb|||\u00a0\u00bb][et_pb_text admin_label=\u00a0\u00bbText\u00a0\u00bb _builder_version=\u00a0\u00bb4.16&Prime; background_size=\u00a0\u00bbinitial\u00a0\u00bb background_position=\u00a0\u00bbtop_left\u00a0\u00bb background_repeat=\u00a0\u00bbrepeat\u00a0\u00bb global_colors_info=\u00a0\u00bb{}\u00a0\u00bb]<\/p>\n<p style=\"text-align: justify;\">Le Service d\u2019ORL et de Chirurgie Cervico-Faciale participe \u00e0 la formation m\u00e9dicale dispens\u00e9e par la Facult\u00e9 de M\u00e9decine de Caen. Les membres de l\u2019\u00c9quipe contribuent \u00e0 l\u2019enseignement des \u00e9tudiants en m\u00e9decine, en \u00e9cole d\u2019Orthophonie, en \u00c9cole de Sage-Femme (Ma\u00efeutique), en \u00e9cole d\u2019audioproth\u00e8se, en facult\u00e9 d\u2019odontologie, ainsi qu\u2019\u00e0 la formation des Internes de Sp\u00e9cialit\u00e9 ORL et \u00e0 la Formation Continue de leurs coll\u00e8gues m\u00e9decins.<\/p>\n<p style=\"text-align: justify;\"><span style=\"color: #ffffff;\">.<\/span><\/p>\n<h2 style=\"text-align: justify;\">Formation M\u00e9dicale et Param\u00e9dicale initiale<\/h2>\n<p>&nbsp;<\/p>\n<p style=\"text-align: justify;\">Les enseignants du Service ORL et les internes participent \u00e0 la formation m\u00e9dicale et param\u00e9dicale des \u00e9tudiants de l\u2019Universit\u00e9 de Caen-Basse-Normandie.<\/p>\n<ul>\n<li>Cours d\u2019ORL et cours d\u2019Anatomie dispens\u00e9s aux \u00c9tudiants en M\u00e9decine.<\/li>\n<\/ul>\n<ul>\n<li>Cours d\u2019anatomie et de clinique ORL aux \u00e9tudiants de l\u2019\u00e9cole d\u2019orthophonie de Caen.<\/li>\n<\/ul>\n<ul>\n<li>Cours d\u2019anatomie ORL aux \u00e9tudiants en Ma\u00efeutique du CHU de Caen (Sages-Femmes).<\/li>\n<\/ul>\n<ul>\n<li>Cours d\u2019ORL aux \u00e9l\u00e8ves infirmi\u00e8res et infirmi\u00e8re du CHU de Caen.<\/li>\n<\/ul>\n<p style=\"text-align: justify;\">Ils participent aussi \u00e0 la formation des:<\/p>\n<ul>\n<li>Etudiant de l\u2019\u00e9cole d\u2019audioproth\u00e9siste de Foug\u00e8re.<\/li>\n<\/ul>\n<p style=\"text-align: justify;\"><span style=\"color: #ffffff;\">.<\/span><\/p>\n<h2 style=\"text-align: justify;\">Formation des Internes<\/h2>\n<p>&nbsp;<\/p>\n<p style=\"text-align: justify;\">Le service assure la formation des internes de sp\u00e9cialit\u00e9 tout au long de leur cursus de 5 ans. Il offre une formation m\u00e9dico-chirurgicale compl\u00e8te sur tous les champs de la sp\u00e9cialit\u00e9 : Otologie, Chirurgie Cervico-Faciale et Carcinologique des Voies A\u00e9ro-Digestives Sup\u00e9rieures, Rhinologie et Chirurgie des Sinus. Notre service est autoris\u00e9 \u00e0 accueillir trois nouveaux internes chaque ann\u00e9e. <a title=\"En savoir plus\" href=\"https:\/\/orl-chu-caen.fr\/?page_id=509\">En savoir plus<\/a><\/p>\n<p style=\"text-align: justify;\"><span style=\"color: #ffffff;\">.<\/span><\/p>\n<h2 style=\"text-align: justify;\">Formation Post-Internat<\/h2>\n<p>&nbsp;<\/p>\n<p style=\"text-align: justify;\">Le Service d\u2019ORL du CHU de Caen offre la possibilit\u00e9 d\u2019une formation compl\u00e9mentaire de 2 ann\u00e9es apr\u00e8s l\u2019obtention du dipl\u00f4me de docteur en M\u00e9decine (Assistanat). Cette formation permet au m\u00e9decin d\u2019approfondir ses connaissances et sa pratique chirurgicale soit dans l\u2019ensemble de la sp\u00e9cialit\u00e9, soit de se sursp\u00e9cialiser dans une des 3 disciplines ORL (Otologie, Chirurgie Cervico-Faciale, Rhinologie).<br \/>En parall\u00e8le de sa formation, l\u2019assistant prodigue des cours d\u2019ORL et d\u2019Anatomie aux internes et \u00e9tudiants en m\u00e9decine de l\u2019universit\u00e9 de Caen (Chef de Clinique) pendant la dur\u00e9e de son assistanat.<br \/>2 postes d\u2019Assistant-Chef de Clinique sont propos\u00e9s tous les deux ans.<\/p>\n<p style=\"text-align: justify;\"><span style=\"color: #ffffff;\">.<\/span><\/p>\n<h2 style=\"text-align: justify;\">Dipl\u00f4me Universitaire<\/h2>\n<p style=\"text-align: justify;\">Les membres du service d\u2019ORL participent au Dipl\u00f4me Universitaire de Microchirurgie et au dipl\u00f4me Universitaire de Reconstruction T\u00eate et Cou organis\u00e9s avec le <a href=\"https:\/\/orl-chu-caen.fr\/?page_id=69\">D\u00e9partement d\u2019Anatomie<\/a> de l\u2019Universit\u00e9 de Caen.<\/p>\n<p style=\"text-align: justify;\"><span style=\"color: #ffffff;\">.<\/span><\/p>\n<h2 style=\"text-align: justify;\">Formation M\u00e9dicale Continue<\/h2>\n<p>&nbsp;<\/p>\n<p style=\"text-align: justify;\">Le Service d\u2019ORL et de Chirurgie Cervico-Faciale a un r\u00f4le tr\u00e8s actif dans la Formation M\u00e9dicale Continue r\u00e9gionale et nationale. Ses membres donnent des conf\u00e9rences chaque ann\u00e9e lors du Congr\u00e8s National de la Soci\u00e9t\u00e9 Fran\u00e7aise d\u2019ORL (SFORL) et lors des deux r\u00e9unions de la Soci\u00e9t\u00e9 ORL de Basse-Normandie.<br \/>De plus, les m\u00e9decins du Service participent \u00e0 la formation de nombreux coll\u00e8gues d\u2019autres sp\u00e9cialit\u00e9s lors de leurs cours ou journ\u00e9es de formations.<\/p>\n<p style=\"text-align: justify;\">Enfin nos m\u00e9decins contribuent \u00e0 la formation du personnel infirmier du service, aux \u00e9tudiants en m\u00e9decines en stage dans le service \u00e0 travers un programme annuel de cours.<\/p>\n<p>&nbsp;<\/p>\n<p>[\/et_pb_text][\/et_pb_column][\/et_pb_row][\/et_pb_section]<\/p>\n","protected":false},"excerpt":{"rendered":"<p>Le Service d\u2019ORL et de Chirurgie Cervico-Faciale participe \u00e0 la formation m\u00e9dicale dispens\u00e9e par la Facult\u00e9 de M\u00e9decine de Caen. Les membres de l\u2019\u00c9quipe contribuent \u00e0 l\u2019enseignement des \u00e9tudiants en m\u00e9decine, en \u00e9cole d\u2019Orthophonie, en \u00c9cole de Sage-Femme (Ma\u00efeutique), en \u00e9cole d\u2019audioproth\u00e8se, en facult\u00e9 d\u2019odontologie, ainsi qu\u2019\u00e0 la formation des Internes de Sp\u00e9cialit\u00e9 ORL et [&hellip;]<\/p>\n","protected":false},"author":1,"featured_media":0,"parent":0,"menu_order":4,"comment_status":"closed","ping_status":"open","template":"","meta":{"_et_pb_use_builder":"on","_et_pb_old_content":"<h1 style=\"text-align: justify;\">Formation au sein du Service d'ORL<\/h1>\r\n<p style=\"text-align: justify;\">Le Service d\u2019ORL et de Chirurgie Cervico-Faciale participe \u00e0 la formation m\u00e9dicale dispens\u00e9e par la Facult\u00e9 de M\u00e9decine de Caen. Les membres de l\u2019Equipe contribuent \u00e0 l\u2019enseignement des \u00e9tudiants en m\u00e9decine, en \u00e9cole d\u2019Orthophonie, en Ecole de Sage-Femme (Ma\u00efeutique), en \u00e9cole d\u2019audioproth\u00e8se, en facult\u00e9 d\u2019odontologie, ainsi qu\u2019\u00e0 la formation des Internes de Sp\u00e9cialit\u00e9 ORL et \u00e0 la Formation Continue de leurs coll\u00e8gues m\u00e9decins.<\/p>\r\n<p style=\"text-align: justify;\"><span style=\"color: #ffffff;\">.<\/span><\/p>\r\n\r\n<h2 style=\"text-align: justify;\">Formation M\u00e9dicale et Param\u00e9dicale initiale<\/h2>\r\n<p style=\"text-align: justify;\">Les enseignants du Service ORL et les internes participent \u00e0 la formation m\u00e9dicale et param\u00e9dicale des \u00e9tudiants de l\u2019Universit\u00e9 de Caen-Basse-Normandie.<\/p>\r\n\r\n<ul>\r\n \t<li>Cours d\u2019ORL et cours d\u2019Anatomie dispens\u00e9s aux Etudiants en M\u00e9decine.<\/li>\r\n<\/ul>\r\n<ul>\r\n \t<li>Cours d\u2019anatomie et de clinique ORL aux \u00e9tudiants de l\u2019\u00e9cole d\u2019orthophonie de Caen.<\/li>\r\n<\/ul>\r\n<ul>\r\n \t<li>Cours d\u2019anatomie ORL aux \u00e9tudiants en Ma\u00efeutique du CHU de Caen (Sages-Femmes).<\/li>\r\n<\/ul>\r\n<ul>\r\n \t<li>Cours d\u2019ORL aux \u00e9l\u00e8ves infirmi\u00e8res et infirmi\u00e8re du CHU de Caen.<\/li>\r\n<\/ul>\r\n<p style=\"text-align: justify;\">Ils participent aussi \u00e0 la formation des:<\/p>\r\n\r\n<ul>\r\n \t<li>Etudiant de l\u2019\u00e9cole d\u2019audioproth\u00e9siste de Foug\u00e8re.<\/li>\r\n<\/ul>\r\n<p style=\"text-align: justify;\"><span style=\"color: #ffffff;\">.<\/span><\/p>\r\n\r\n<h2 style=\"text-align: justify;\">Formation des Internes<\/h2>\r\n<p style=\"text-align: justify;\">Le service assure la formation des internes de sp\u00e9cialit\u00e9 tout au long de leur cursus de 5 ans. Il offre une formation m\u00e9dico-chirurgicale compl\u00e8te sur tous les champs de la sp\u00e9cialit\u00e9 : Otologie, Chirurgie Cervico-Faciale et Carcinologique des Voies A\u00e9ro-Digestives Sup\u00e9rieures, Rhinologie et Chirurgie des Sinus. Notre service est autoris\u00e9 \u00e0 accueillir trois nouveaux internes chaque ann\u00e9e. <a title=\"En savoir plus\" href=\"http:\/\/orl-chu-caen.fr\/?page_id=509\">En savoir plus<\/a><\/p>\r\n<p style=\"text-align: justify;\"><span style=\"color: #ffffff;\">.<\/span><\/p>\r\n\r\n<h2 style=\"text-align: justify;\">Formation Post-Internat<\/h2>\r\n<p style=\"text-align: justify;\">Le Service d\u2019ORL du CHU de Caen offre la possibilit\u00e9 d\u2019une formation compl\u00e9mentaire de 2 ann\u00e9es apr\u00e8s l\u2019obtention du dipl\u00f4me de docteur en M\u00e9decine (Assistanat). Cette formation permet au m\u00e9decin d\u2019approfondir ses connaissances et sa pratique chirurgicale soit dans l\u2019ensemble de la sp\u00e9cialit\u00e9, soit de se sursp\u00e9cialiser dans une des 3 disciplines ORL (Otologie, Chirurgie Cervico-Faciale, Rhinologie).\r\nEn parall\u00e8le de sa formation, l\u2019assistant prodigue des cours d\u2019ORL et d\u2019Anatomie aux internes et \u00e9tudiants en m\u00e9decine de l\u2019universit\u00e9 de Caen (Chef de Clinique) pendant la dur\u00e9e de son assistanat.\r\n2 postes d\u2019Assistant-Chef de Clinique sont propos\u00e9s tous les deux ans.<\/p>\r\n<p style=\"text-align: justify;\"><span style=\"color: #ffffff;\">.<\/span><\/p>\r\n\r\n<h2 style=\"text-align: justify;\">Dipl\u00f4me Universitaire<\/h2>\r\n<p style=\"text-align: justify;\">Les membres du service d\u2019ORL participent au Dipl\u00f4me Universitaire de Microchirurgie organis\u00e9 par le <a href=\"http:\/\/orl-chu-caen.fr\/?page_id=69\">D\u00e9partement d\u2019Anatomie<\/a> de l\u2019Universit\u00e9 de Caen.<\/p>\r\n<p style=\"text-align: justify;\"><span style=\"color: #ffffff;\">.<\/span><\/p>\r\n\r\n<h2 style=\"text-align: justify;\">Formation M\u00e9dicale Continue<\/h2>\r\n<p style=\"text-align: justify;\">Le Service d\u2019ORL et de Chirurgie Cervico-Faciale a un r\u00f4le tr\u00e8s actif dans la Formation M\u00e9dicale Continue r\u00e9gionale et nationale. Ses membres donnent des conf\u00e9rences chaque ann\u00e9e lors du Congr\u00e8s National de la Soci\u00e9t\u00e9 Fran\u00e7aise d\u2019ORL (SFORL) et lors des deux r\u00e9unions de la Soci\u00e9t\u00e9 ORL de Basse-Normandie.\r\nDe plus, les m\u00e9decins du Service participent \u00e0 la formation de nombreux coll\u00e8gues d\u2019autres sp\u00e9cialit\u00e9s lors de leurs cours ou journ\u00e9es de formations.<\/p>\r\n<p style=\"text-align: justify;\">Enfin nos m\u00e9decins contribuent \u00e0 la formation du personnel infirmier du service, aux \u00e9tudiants en m\u00e9decines en stage dans le service \u00e0 travers un programme annuel de cours.<\/p>\r\n&nbsp;","_et_gb_content_width":"","ngg_post_thumbnail":0,"footnotes":""},"aioseo_notices":[],"_links":{"self":[{"href":"https:\/\/orl-chu-caen.fr\/index.php?rest_route=\/wp\/v2\/pages\/118"}],"collection":[{"href":"https:\/\/orl-chu-caen.fr\/index.php?rest_route=\/wp\/v2\/pages"}],"about":[{"href":"https:\/\/orl-chu-caen.fr\/index.php?rest_route=\/wp\/v2\/types\/page"}],"author":[{"embeddable":true,"href":"https:\/\/orl-chu-caen.fr\/index.php?rest_route=\/wp\/v2\/users\/1"}],"replies":[{"embeddable":true,"href":"https:\/\/orl-chu-caen.fr\/index.php?rest_route=%2Fwp%2Fv2%2Fcomments&post=118"}],"version-history":[{"count":22,"href":"https:\/\/orl-chu-caen.fr\/index.php?rest_route=\/wp\/v2\/pages\/118\/revisions"}],"predecessor-version":[{"id":6060,"href":"https:\/\/orl-chu-caen.fr\/index.php?rest_route=\/wp\/v2\/pages\/118\/revisions\/6060"}],"wp:attachment":[{"href":"https:\/\/orl-chu-caen.fr\/index.php?rest_route=%2Fwp%2Fv2%2Fmedia&parent=118"}],"curies":[{"name":"wp","href":"https:\/\/api.w.org\/{rel}","templated":true}]}}